{"id":890,"date":"2018-10-04T12:19:59","date_gmt":"2018-10-04T12:19:59","guid":{"rendered":"https:\/\/www.lammi.fi\/harkko\/?page_id=890"},"modified":"2025-12-29T17:59:03","modified_gmt":"2025-12-29T14:59:03","slug":"tuoteselosteet","status":"publish","type":"page","link":"https:\/\/www.lammi.fi\/harkko\/ohjeet-ja-dokumentit\/tuoteselosteet\/","title":{"rendered":"Tuoteselosteet"},"content":{"rendered":"<h1>Tuoteselosteet \u2013 aina turvallinen valinta<\/h1>\n<p>Valmistamamme betonituotteet ovat turvallisia ja korkealaatuisia. Tuotteemme on CE-merkitty, niille on my\u00f6nnetty tuotesertifikaatit ja ne kuuluvat Rakennustietos\u00e4\u00e4ti\u00f6 RTS:n sis\u00e4ilmastoluokituksen parhaaseen M1-p\u00e4\u00e4st\u00f6luokkaan. Tuomme sivuillamme asianmukaisesti esiin k\u00e4ytt\u00f6turvallisuustiedotteet (KTT) ja kuulumme Pakkausalan Ymp\u00e4rist\u00f6rekisteri PYR:iin.\u00a0Tuotantomme laadunvalvonta on jatkuvaa ja se on Inspecta Sertifiointi Oy:n alaista.<\/p>\n<p><img decoding=\"async\" class=\"alignleft size-full wp-image-5118\" src=\"https:\/\/www.lammi.fi\/harkko\/wp-content\/uploads\/sites\/3\/2025\/12\/Nayttokuva-2025-12-29-165034.png\" alt=\"harkko_alasivu_tyoohjeet_tuoteselosteet\" width=\"552\" height=\"87\" srcset=\"https:\/\/www.lammi.fi\/harkko\/wp-content\/uploads\/sites\/3\/2025\/12\/Nayttokuva-2025-12-29-165034.png 552w, https:\/\/www.lammi.fi\/harkko\/wp-content\/uploads\/sites\/3\/2025\/12\/Nayttokuva-2025-12-29-165034-300x47.png 300w, https:\/\/www.lammi.fi\/harkko\/wp-content\/uploads\/sites\/3\/2025\/12\/Nayttokuva-2025-12-29-165034-260x41.png 260w\" sizes=\"(max-width: 552px) 85vw, 552px\" \/><\/p>\n<p>&nbsp;<\/p>\n<p>&nbsp;<\/p>\n","protected":false},"excerpt":{"rendered":"<p>Tuoteselosteet \u2013 aina turvallinen valinta Valmistamamme betonituotteet ovat turvallisia ja korkealaatuisia. Tuotteemme on CE-merkitty, niille on my\u00f6nnetty tuotesertifikaatit ja ne kuuluvat Rakennustietos\u00e4\u00e4ti\u00f6 RTS:n sis\u00e4ilmastoluokituksen parhaaseen M1-p\u00e4\u00e4st\u00f6luokkaan. Tuomme sivuillamme asianmukaisesti esiin k\u00e4ytt\u00f6turvallisuustiedotteet (KTT) ja kuulumme Pakkausalan Ymp\u00e4rist\u00f6rekisteri PYR:iin.\u00a0Tuotantomme laadunvalvonta on jatkuvaa ja se on Inspecta Sertifiointi Oy:n alaista. &nbsp; &nbsp;<\/p>\n","protected":false},"author":5,"featured_media":0,"parent":21,"menu_order":0,"comment_status":"closed","ping_status":"closed","template":"","meta":{"_acf_changed":false,"_improvement_type_select":"improve_an_existing","_thumb_yes_seoaic":false,"_frame_yes_seoaic":false,"seoaic_generate_description":"","seoaic_improve_instructions_prompt":"","seoaic_rollback_content_improvement":"","seoaic_idea_thumbnail_generator":"","thumbnail_generated":false,"thumbnail_generate_prompt":"","seoaic_article_description":"","_glsr_average":0,"_glsr_ranking":0,"_glsr_reviews":0,"footnotes":""},"class_list":["post-890","page","type-page","status-publish","hentry"],"acf":[],"yoast_head":"<!-- This site is optimized with the Yoast SEO plugin v27.1.1 - https:\/\/yoast.com\/product\/yoast-seo-wordpress\/ -->\n<title>Tuoteselosteet - Lammi Harkko<\/title>\n<meta name=\"description\" content=\"Valmistamamme betonituotteet ovat turvallisia ja korkealaatuisia. Katso kaikki tuoteselosteet sivuiltamme.\" \/>\n<link rel=\"canonical\" href=\"https:\/\/www.lammi.fi\/harkko\/ohjeet-ja-dokumentit\/tuoteselosteet\/\" \/>\n<meta property=\"og:locale\" content=\"fi_FI\" \/>\n<meta property=\"og:type\" content=\"article\" \/>\n<meta property=\"og:title\" content=\"Tuoteselosteet - Lammi Harkko\" \/>\n<meta property=\"og:description\" content=\"Valmistamamme betonituotteet ovat turvallisia ja korkealaatuisia. Katso kaikki tuoteselosteet sivuiltamme.\" \/>\n<meta property=\"og:url\" content=\"https:\/\/www.lammi.fi\/harkko\/ohjeet-ja-dokumentit\/tuoteselosteet\/\" \/>\n<meta property=\"og:site_name\" content=\"Lammi Harkko\" \/>\n<meta property=\"article:modified_time\" content=\"2025-12-29T14:59:03+00:00\" \/>\n<meta property=\"og:image\" content=\"https:\/\/www.lammi.fi\/harkko\/wp-content\/uploads\/sites\/3\/2025\/12\/Nayttokuva-2025-12-29-165034.png\" \/>\n\t<meta property=\"og:image:width\" content=\"552\" \/>\n\t<meta property=\"og:image:height\" content=\"87\" \/>\n\t<meta property=\"og:image:type\" content=\"image\/png\" \/>\n<meta name=\"twitter:card\" content=\"summary_large_image\" \/>\n<meta name=\"twitter:label1\" content=\"Arvioitu lukuaika\" \/>\n\t<meta name=\"twitter:data1\" content=\"1 minuutti\" \/>\n<script type=\"application\/ld+json\" class=\"yoast-schema-graph\">{\"@context\":\"https:\/\/schema.org\",\"@graph\":[{\"@type\":\"WebPage\",\"@id\":\"https:\/\/www.lammi.fi\/harkko\/ohjeet-ja-dokumentit\/tuoteselosteet\/\",\"url\":\"https:\/\/www.lammi.fi\/harkko\/ohjeet-ja-dokumentit\/tuoteselosteet\/\",\"name\":\"Tuoteselosteet - Lammi Harkko\",\"isPartOf\":{\"@id\":\"https:\/\/www.lammi.fi\/harkko\/#website\"},\"primaryImageOfPage\":{\"@id\":\"https:\/\/www.lammi.fi\/harkko\/ohjeet-ja-dokumentit\/tuoteselosteet\/#primaryimage\"},\"image\":{\"@id\":\"https:\/\/www.lammi.fi\/harkko\/ohjeet-ja-dokumentit\/tuoteselosteet\/#primaryimage\"},\"thumbnailUrl\":\"https:\/\/www.lammi.fi\/harkko\/wp-content\/uploads\/sites\/3\/2025\/12\/Nayttokuva-2025-12-29-165034.png\",\"datePublished\":\"2018-10-04T12:19:59+00:00\",\"dateModified\":\"2025-12-29T14:59:03+00:00\",\"description\":\"Valmistamamme betonituotteet ovat turvallisia ja korkealaatuisia. Katso kaikki tuoteselosteet sivuiltamme.\",\"breadcrumb\":{\"@id\":\"https:\/\/www.lammi.fi\/harkko\/ohjeet-ja-dokumentit\/tuoteselosteet\/#breadcrumb\"},\"inLanguage\":\"fi\",\"potentialAction\":[{\"@type\":\"ReadAction\",\"target\":[\"https:\/\/www.lammi.fi\/harkko\/ohjeet-ja-dokumentit\/tuoteselosteet\/\"]}]},{\"@type\":\"ImageObject\",\"inLanguage\":\"fi\",\"@id\":\"https:\/\/www.lammi.fi\/harkko\/ohjeet-ja-dokumentit\/tuoteselosteet\/#primaryimage\",\"url\":\"https:\/\/www.lammi.fi\/harkko\/wp-content\/uploads\/sites\/3\/2025\/12\/Nayttokuva-2025-12-29-165034.png\",\"contentUrl\":\"https:\/\/www.lammi.fi\/harkko\/wp-content\/uploads\/sites\/3\/2025\/12\/Nayttokuva-2025-12-29-165034.png\",\"width\":552,\"height\":87},{\"@type\":\"BreadcrumbList\",\"@id\":\"https:\/\/www.lammi.fi\/harkko\/ohjeet-ja-dokumentit\/tuoteselosteet\/#breadcrumb\",\"itemListElement\":[{\"@type\":\"ListItem\",\"position\":1,\"name\":\"Lammi.fi\",\"item\":\"https:\/\/www.lammi.fi\"},{\"@type\":\"ListItem\",\"position\":2,\"name\":\"Lammi Harkko\",\"item\":\"https:\/\/www.lammi.fi\/harkko\/\"},{\"@type\":\"ListItem\",\"position\":3,\"name\":\"Ohjeet ja dokumentit\",\"item\":\"https:\/\/www.lammi.fi\/harkko\/ohjeet-ja-dokumentit\/\"},{\"@type\":\"ListItem\",\"position\":4,\"name\":\"Tuoteselosteet\"}]},{\"@type\":\"WebSite\",\"@id\":\"https:\/\/www.lammi.fi\/harkko\/#website\",\"url\":\"https:\/\/www.lammi.fi\/harkko\/\",\"name\":\"Lammi Harkko\",\"description\":\"\",\"publisher\":{\"@id\":\"https:\/\/www.lammi.fi\/harkko\/#organization\"},\"potentialAction\":[{\"@type\":\"SearchAction\",\"target\":{\"@type\":\"EntryPoint\",\"urlTemplate\":\"https:\/\/www.lammi.fi\/harkko\/?s={search_term_string}\"},\"query-input\":{\"@type\":\"PropertyValueSpecification\",\"valueRequired\":true,\"valueName\":\"search_term_string\"}}],\"inLanguage\":\"fi\"},{\"@type\":\"Organization\",\"@id\":\"https:\/\/www.lammi.fi\/harkko\/#organization\",\"name\":\"Lammi Harkko\",\"url\":\"https:\/\/www.lammi.fi\/harkko\/\",\"logo\":{\"@type\":\"ImageObject\",\"inLanguage\":\"fi\",\"@id\":\"https:\/\/www.lammi.fi\/harkko\/#\/schema\/logo\/image\/\",\"url\":\"https:\/\/www.lammi.fi\/harkko\/wp-content\/uploads\/sites\/3\/2018\/06\/cropped-lammi_logo.png\",\"contentUrl\":\"https:\/\/www.lammi.fi\/harkko\/wp-content\/uploads\/sites\/3\/2018\/06\/cropped-lammi_logo.png\",\"width\":240,\"height\":122,\"caption\":\"Lammi Harkko\"},\"image\":{\"@id\":\"https:\/\/www.lammi.fi\/harkko\/#\/schema\/logo\/image\/\"}}]}<\/script>\n<!-- \/ Yoast SEO plugin. -->","yoast_head_json":{"title":"Tuoteselosteet - Lammi Harkko","description":"Valmistamamme betonituotteet ovat turvallisia ja korkealaatuisia. Katso kaikki tuoteselosteet sivuiltamme.","canonical":"https:\/\/www.lammi.fi\/harkko\/ohjeet-ja-dokumentit\/tuoteselosteet\/","og_locale":"fi_FI","og_type":"article","og_title":"Tuoteselosteet - Lammi Harkko","og_description":"Valmistamamme betonituotteet ovat turvallisia ja korkealaatuisia. Katso kaikki tuoteselosteet sivuiltamme.","og_url":"https:\/\/www.lammi.fi\/harkko\/ohjeet-ja-dokumentit\/tuoteselosteet\/","og_site_name":"Lammi Harkko","article_modified_time":"2025-12-29T14:59:03+00:00","og_image":[{"width":552,"height":87,"url":"https:\/\/www.lammi.fi\/harkko\/wp-content\/uploads\/sites\/3\/2025\/12\/Nayttokuva-2025-12-29-165034.png","type":"image\/png"}],"twitter_card":"summary_large_image","twitter_misc":{"Arvioitu lukuaika":"1 minuutti"},"schema":{"@context":"https:\/\/schema.org","@graph":[{"@type":"WebPage","@id":"https:\/\/www.lammi.fi\/harkko\/ohjeet-ja-dokumentit\/tuoteselosteet\/","url":"https:\/\/www.lammi.fi\/harkko\/ohjeet-ja-dokumentit\/tuoteselosteet\/","name":"Tuoteselosteet - Lammi Harkko","isPartOf":{"@id":"https:\/\/www.lammi.fi\/harkko\/#website"},"primaryImageOfPage":{"@id":"https:\/\/www.lammi.fi\/harkko\/ohjeet-ja-dokumentit\/tuoteselosteet\/#primaryimage"},"image":{"@id":"https:\/\/www.lammi.fi\/harkko\/ohjeet-ja-dokumentit\/tuoteselosteet\/#primaryimage"},"thumbnailUrl":"https:\/\/www.lammi.fi\/harkko\/wp-content\/uploads\/sites\/3\/2025\/12\/Nayttokuva-2025-12-29-165034.png","datePublished":"2018-10-04T12:19:59+00:00","dateModified":"2025-12-29T14:59:03+00:00","description":"Valmistamamme betonituotteet ovat turvallisia ja korkealaatuisia. Katso kaikki tuoteselosteet sivuiltamme.","breadcrumb":{"@id":"https:\/\/www.lammi.fi\/harkko\/ohjeet-ja-dokumentit\/tuoteselosteet\/#breadcrumb"},"inLanguage":"fi","potentialAction":[{"@type":"ReadAction","target":["https:\/\/www.lammi.fi\/harkko\/ohjeet-ja-dokumentit\/tuoteselosteet\/"]}]},{"@type":"ImageObject","inLanguage":"fi","@id":"https:\/\/www.lammi.fi\/harkko\/ohjeet-ja-dokumentit\/tuoteselosteet\/#primaryimage","url":"https:\/\/www.lammi.fi\/harkko\/wp-content\/uploads\/sites\/3\/2025\/12\/Nayttokuva-2025-12-29-165034.png","contentUrl":"https:\/\/www.lammi.fi\/harkko\/wp-content\/uploads\/sites\/3\/2025\/12\/Nayttokuva-2025-12-29-165034.png","width":552,"height":87},{"@type":"BreadcrumbList","@id":"https:\/\/www.lammi.fi\/harkko\/ohjeet-ja-dokumentit\/tuoteselosteet\/#breadcrumb","itemListElement":[{"@type":"ListItem","position":1,"name":"Lammi.fi","item":"https:\/\/www.lammi.fi"},{"@type":"ListItem","position":2,"name":"Lammi Harkko","item":"https:\/\/www.lammi.fi\/harkko\/"},{"@type":"ListItem","position":3,"name":"Ohjeet ja dokumentit","item":"https:\/\/www.lammi.fi\/harkko\/ohjeet-ja-dokumentit\/"},{"@type":"ListItem","position":4,"name":"Tuoteselosteet"}]},{"@type":"WebSite","@id":"https:\/\/www.lammi.fi\/harkko\/#website","url":"https:\/\/www.lammi.fi\/harkko\/","name":"Lammi Harkko","description":"","publisher":{"@id":"https:\/\/www.lammi.fi\/harkko\/#organization"},"potentialAction":[{"@type":"SearchAction","target":{"@type":"EntryPoint","urlTemplate":"https:\/\/www.lammi.fi\/harkko\/?s={search_term_string}"},"query-input":{"@type":"PropertyValueSpecification","valueRequired":true,"valueName":"search_term_string"}}],"inLanguage":"fi"},{"@type":"Organization","@id":"https:\/\/www.lammi.fi\/harkko\/#organization","name":"Lammi Harkko","url":"https:\/\/www.lammi.fi\/harkko\/","logo":{"@type":"ImageObject","inLanguage":"fi","@id":"https:\/\/www.lammi.fi\/harkko\/#\/schema\/logo\/image\/","url":"https:\/\/www.lammi.fi\/harkko\/wp-content\/uploads\/sites\/3\/2018\/06\/cropped-lammi_logo.png","contentUrl":"https:\/\/www.lammi.fi\/harkko\/wp-content\/uploads\/sites\/3\/2018\/06\/cropped-lammi_logo.png","width":240,"height":122,"caption":"Lammi Harkko"},"image":{"@id":"https:\/\/www.lammi.fi\/harkko\/#\/schema\/logo\/image\/"}}]}},"_links":{"self":[{"href":"https:\/\/www.lammi.fi\/harkko\/wp-json\/wp\/v2\/pages\/890","targetHints":{"allow":["GET"]}}],"collection":[{"href":"https:\/\/www.lammi.fi\/harkko\/wp-json\/wp\/v2\/pages"}],"about":[{"href":"https:\/\/www.lammi.fi\/harkko\/wp-json\/wp\/v2\/types\/page"}],"author":[{"embeddable":true,"href":"https:\/\/www.lammi.fi\/harkko\/wp-json\/wp\/v2\/users\/5"}],"replies":[{"embeddable":true,"href":"https:\/\/www.lammi.fi\/harkko\/wp-json\/wp\/v2\/comments?post=890"}],"version-history":[{"count":11,"href":"https:\/\/www.lammi.fi\/harkko\/wp-json\/wp\/v2\/pages\/890\/revisions"}],"predecessor-version":[{"id":5122,"href":"https:\/\/www.lammi.fi\/harkko\/wp-json\/wp\/v2\/pages\/890\/revisions\/5122"}],"up":[{"embeddable":true,"href":"https:\/\/www.lammi.fi\/harkko\/wp-json\/wp\/v2\/pages\/21"}],"wp:attachment":[{"href":"https:\/\/www.lammi.fi\/harkko\/wp-json\/wp\/v2\/media?parent=890"}],"curies":[{"name":"wp","href":"https:\/\/api.w.org\/{rel}","templated":true}]}}