{"id":868,"date":"2018-10-03T11:11:37","date_gmt":"2018-10-03T11:11:37","guid":{"rendered":"https:\/\/www.lammi.fi\/harkko\/?page_id=868"},"modified":"2025-12-29T18:14:23","modified_gmt":"2025-12-29T15:14:23","slug":"kk400","status":"publish","type":"page","link":"https:\/\/www.lammi.fi\/harkko\/tuotteet\/lampokivet\/kk400\/","title":{"rendered":"KK400"},"content":{"rendered":"<h1>Harkkorakentamisen uusi innovaatio<\/h1>\n<h2><img decoding=\"async\" class=\"alignnone size-large wp-image-869\" style=\"font-size: 16px\" src=\"https:\/\/www.lammi.fi\/harkko\/wp-content\/uploads\/sites\/3\/2018\/10\/harkko_tuoteperhe_kuorikivet_kk400-1024x576.jpg\" alt=\"\" width=\"840\" height=\"473\" srcset=\"https:\/\/www.lammi.fi\/harkko\/wp-content\/uploads\/sites\/3\/2018\/10\/harkko_tuoteperhe_kuorikivet_kk400-1024x576.jpg 1024w, https:\/\/www.lammi.fi\/harkko\/wp-content\/uploads\/sites\/3\/2018\/10\/harkko_tuoteperhe_kuorikivet_kk400-300x169.jpg 300w, https:\/\/www.lammi.fi\/harkko\/wp-content\/uploads\/sites\/3\/2018\/10\/harkko_tuoteperhe_kuorikivet_kk400-768x432.jpg 768w, https:\/\/www.lammi.fi\/harkko\/wp-content\/uploads\/sites\/3\/2018\/10\/harkko_tuoteperhe_kuorikivet_kk400-1200x675.jpg 1200w, https:\/\/www.lammi.fi\/harkko\/wp-content\/uploads\/sites\/3\/2018\/10\/harkko_tuoteperhe_kuorikivet_kk400-280x157.jpg 280w, https:\/\/www.lammi.fi\/harkko\/wp-content\/uploads\/sites\/3\/2018\/10\/harkko_tuoteperhe_kuorikivet_kk400-560x314.jpg 560w, https:\/\/www.lammi.fi\/harkko\/wp-content\/uploads\/sites\/3\/2018\/10\/harkko_tuoteperhe_kuorikivet_kk400-600x338.jpg 600w, https:\/\/www.lammi.fi\/harkko\/wp-content\/uploads\/sites\/3\/2018\/10\/harkko_tuoteperhe_kuorikivet_kk400.jpg 1560w\" sizes=\"(max-width: 709px) 85vw, (max-width: 909px) 67vw, (max-width: 1362px) 62vw, 840px\" \/><\/h2>\n<p>Pitk\u00e4n tuotekehityksen tulos on t\u00e4\u00e4ll\u00e4! Lammi Kuorikivi on harkkorakentamisen uusi innovaatio, joka on suunniteltu vastaamaan ammattilaisten tarpeisiin ja toiveisiin.<\/p>\n<p>Uusi valueristeharkko syntyi halusta parantaa rappaus-alustan ja pinnan hallintaa sek\u00e4 ominaisuuksia. Valmis lopputuotteemme tuo harkkorakentamiseen mielenkiintoisen vaihtoehdon yksinkertaistamalla ja nopeuttamalla rakentamista sek\u00e4 lis\u00e4\u00e4m\u00e4ll\u00e4 rakenteen ja rappauspinnan lujuutta ja k\u00e4ytt\u00f6ik\u00e4\u00e4.<\/p>\n<h2>Lammi-laatua uusissa kuorissa<\/h2>\n<p>Lammi Kuorikiven erinomaisuus piilee sen innovatiivisessa ulkokuorirakenteessa. Ulkokuorena ja rappausalustana toimii 200&#215;200 mm ruutuihin jaettu 25 mm paksu, mallisuojattu betonikuori.\u00a0 Kuoressa on loistava iskunkest\u00e4vyys ja se on valmis rapattavaksi heti valun j\u00e4lkeen.<\/p>\n<p>Kuorikiven kantavana sis\u00e4kuorena toimii 200 mm betonikuori ja eristeen\u00e4 grafiitti-EPS. Aukkojen ylitykset tehd\u00e4\u00e4n Lammin patentoimalla liittoprofiililla.<\/p>\n<h2>Rakentamisen vaivattomuutta ja huippuominaisuuksia<\/h2>\n<p>\u2022 Voidaan rapata heti valun j\u00e4lkeen<br \/>\n\u2022 Hyv\u00e4 julkisivun iskunkest\u00e4vyys<br \/>\n\u2022 Erinomainen kantavuus &amp; palonkesto<br \/>\n\u2022 Hyv\u00e4 \u00e4\u00e4nen erist\u00e4vyys<br \/>\n\u2022 Helppo &amp; nopea valaa<\/p>\n<h3>Katso Rakennuspalvelu Dynamon kokemukset Lammi Kuorikivest\u00e4<\/h3>\n<div class=\"oembed oembed-youtube\">\n<div class='consent-placeholder'              data-category='cookie_cat_marketing'              onClick='CookieConsent.renew()'>             <img src='https:\/\/i.ytimg.com\/vi\/7QOSOHt1Taw\/hqdefault.jpg'>            <\/p>\n<div class='text-and-button'>\n<p class='consent-text'>Et ole hyv\u00e4ksynyt markkinoinnin ev\u00e4steit\u00e4 n\u00e4hd\u00e4ksesi videon.<\/p>\n<div class='wp-block-button'>                 <button class='wp-block-button__link harkko'>Muuta ev\u00e4steasetuksia<\/button>            <\/div>\n<\/p><\/div>\n<\/p><\/div>\n<p><iframe title=\"Lammi Kuorikivi- harkkorakentamisen uusi innovaatio.\" width=\"840\" height=\"473\" src=\"\" data-consent-src=\"https:\/\/www.youtube.com\/embed\/7QOSOHt1Taw?feature=oembed\" data-category-consent=\"cookie_cat_marketing\" frameborder=\"0\" allow=\"accelerometer; autoplay; clipboard-write; encrypted-media; gyroscope; picture-in-picture; web-share\" referrerpolicy=\"strict-origin-when-cross-origin\" allowfullscreen><\/iframe><\/div>\n<p>&nbsp;<\/p>\n<h2>Lataa esite<\/h2>\n<p><a href=\"https:\/\/www.lammi.fi\/harkko\/wp-content\/uploads\/sites\/3\/2018\/10\/Lammi_KK400-esite_kansiaukeama.jpg\" data-rel=\"lightbox-image-0\" data-rl_title=\"\" data-rl_caption=\"\" title=\"\"><img decoding=\"async\" class=\"alignnone wp-image-1059\" src=\"https:\/\/www.lammi.fi\/harkko\/wp-content\/uploads\/sites\/3\/2018\/10\/Lammi_KK400-esite_kansiaukeama-1024x516.jpg\" alt=\"\" width=\"456\" height=\"230\" srcset=\"https:\/\/www.lammi.fi\/harkko\/wp-content\/uploads\/sites\/3\/2018\/10\/Lammi_KK400-esite_kansiaukeama-1024x516.jpg 1024w, https:\/\/www.lammi.fi\/harkko\/wp-content\/uploads\/sites\/3\/2018\/10\/Lammi_KK400-esite_kansiaukeama-300x151.jpg 300w, https:\/\/www.lammi.fi\/harkko\/wp-content\/uploads\/sites\/3\/2018\/10\/Lammi_KK400-esite_kansiaukeama-768x387.jpg 768w, https:\/\/www.lammi.fi\/harkko\/wp-content\/uploads\/sites\/3\/2018\/10\/Lammi_KK400-esite_kansiaukeama-1200x605.jpg 1200w, https:\/\/www.lammi.fi\/harkko\/wp-content\/uploads\/sites\/3\/2018\/10\/Lammi_KK400-esite_kansiaukeama-600x302.jpg 600w, https:\/\/www.lammi.fi\/harkko\/wp-content\/uploads\/sites\/3\/2018\/10\/Lammi_KK400-esite_kansiaukeama.jpg 1464w\" sizes=\"(max-width: 456px) 85vw, 456px\" \/><\/a><\/p>\n<p>Lue lis\u00e4\u00e4 Kuorikivest\u00e4 ja tutustu koko KK400-tuotesarjaan.<\/p>\n<p>Lataa <a href=\"https:\/\/www.lammi.fi\/harkko\/wp-content\/uploads\/sites\/3\/2019\/01\/Lammi_KK400-esite.pdf\" target=\"_blank\" rel=\"noopener\">PDF-esite \u00bb<\/a><\/p>\n<h2>J\u00e4t\u00e4 tarjouspyynt\u00f6<\/h2>\n<p>Miten voimme olla avuksi? <a href=\"https:\/\/www.lammi.fi\/harkko\/yhteystiedot\/jata-tarjouspyynto\/\">J\u00e4t\u00e4 tarjouspyynt\u00f6<\/a> ja palaamme pian asiaan!<\/p>\n","protected":false},"excerpt":{"rendered":"<p>Harkkorakentamisen uusi innovaatio Pitk\u00e4n tuotekehityksen tulos on t\u00e4\u00e4ll\u00e4! Lammi Kuorikivi on harkkorakentamisen uusi innovaatio, joka on suunniteltu vastaamaan ammattilaisten tarpeisiin ja toiveisiin. Uusi valueristeharkko syntyi halusta parantaa rappaus-alustan ja pinnan hallintaa sek\u00e4 ominaisuuksia. Valmis lopputuotteemme tuo harkkorakentamiseen mielenkiintoisen vaihtoehdon yksinkertaistamalla ja nopeuttamalla rakentamista sek\u00e4 lis\u00e4\u00e4m\u00e4ll\u00e4 rakenteen ja rappauspinnan lujuutta ja k\u00e4ytt\u00f6ik\u00e4\u00e4. Lammi-laatua uusissa kuorissa Lammi &hellip; <a href=\"https:\/\/www.lammi.fi\/harkko\/tuotteet\/lampokivet\/kk400\/\" class=\"more-link\">Lue lis\u00e4\u00e4<span class=\"screen-reader-text\"> &#8221;KK400&#8221;<\/span><\/a><\/p>\n","protected":false},"author":5,"featured_media":0,"parent":12,"menu_order":0,"comment_status":"closed","ping_status":"closed","template":"","meta":{"_acf_changed":false,"_improvement_type_select":"improve_an_existing","_thumb_yes_seoaic":false,"_frame_yes_seoaic":false,"seoaic_generate_description":"","seoaic_improve_instructions_prompt":"","seoaic_rollback_content_improvement":"","seoaic_idea_thumbnail_generator":"","thumbnail_generated":false,"thumbnail_generate_prompt":"","seoaic_article_description":"","_glsr_average":4.8,"_glsr_ranking":3.9333333333333,"_glsr_reviews":5,"footnotes":""},"class_list":["post-868","page","type-page","status-publish","hentry"],"acf":[],"yoast_head":"<!-- This site is optimized with the Yoast SEO plugin v27.4 - https:\/\/yoast.com\/product\/yoast-seo-wordpress\/ -->\n<title>Lammi Harkko - KK400<\/title>\n<meta name=\"description\" content=\"Harkkorakentamisen uusi innovaatio on pitk\u00e4n tuotekehityksen tulos. Lammi Kuorikivi\u00ae on suunniteltu vastaamaan ammattilaisten tarpeisiin ja toiveisiin.\" \/>\n<link rel=\"canonical\" href=\"https:\/\/www.lammi.fi\/harkko\/tuotteet\/lampokivet\/kk400\/\" \/>\n<meta property=\"og:locale\" content=\"fi_FI\" \/>\n<meta property=\"og:type\" content=\"article\" \/>\n<meta property=\"og:title\" content=\"Lammi Harkko - KK400\" \/>\n<meta property=\"og:description\" content=\"Harkkorakentamisen uusi innovaatio on pitk\u00e4n tuotekehityksen tulos. Lammi Kuorikivi\u00ae on suunniteltu vastaamaan ammattilaisten tarpeisiin ja toiveisiin.\" \/>\n<meta property=\"og:url\" content=\"https:\/\/www.lammi.fi\/harkko\/tuotteet\/lampokivet\/kk400\/\" \/>\n<meta property=\"og:site_name\" content=\"Lammi Harkko\" \/>\n<meta property=\"article:modified_time\" content=\"2025-12-29T15:14:23+00:00\" \/>\n<meta property=\"og:image\" content=\"https:\/\/www.lammi.fi\/harkko\/wp-content\/uploads\/sites\/3\/2018\/10\/harkko_tuoteperhe_kuorikivet_kk400.jpg\" \/>\n\t<meta property=\"og:image:width\" content=\"1560\" \/>\n\t<meta property=\"og:image:height\" content=\"878\" \/>\n\t<meta property=\"og:image:type\" content=\"image\/jpeg\" \/>\n<meta name=\"twitter:card\" content=\"summary_large_image\" \/>\n<meta name=\"twitter:label1\" content=\"Arvioitu lukuaika\" \/>\n\t<meta name=\"twitter:data1\" content=\"2 minuuttia\" \/>\n<script type=\"application\/ld+json\" class=\"yoast-schema-graph\">{\"@context\":\"https:\\\/\\\/schema.org\",\"@graph\":[{\"@type\":\"WebPage\",\"@id\":\"https:\\\/\\\/www.lammi.fi\\\/harkko\\\/tuotteet\\\/lampokivet\\\/kk400\\\/\",\"url\":\"https:\\\/\\\/www.lammi.fi\\\/harkko\\\/tuotteet\\\/lampokivet\\\/kk400\\\/\",\"name\":\"Lammi Harkko - KK400\",\"isPartOf\":{\"@id\":\"https:\\\/\\\/www.lammi.fi\\\/harkko\\\/#website\"},\"primaryImageOfPage\":{\"@id\":\"https:\\\/\\\/www.lammi.fi\\\/harkko\\\/tuotteet\\\/lampokivet\\\/kk400\\\/#primaryimage\"},\"image\":{\"@id\":\"https:\\\/\\\/www.lammi.fi\\\/harkko\\\/tuotteet\\\/lampokivet\\\/kk400\\\/#primaryimage\"},\"thumbnailUrl\":\"https:\\\/\\\/www.lammi.fi\\\/harkko\\\/wp-content\\\/uploads\\\/sites\\\/3\\\/2018\\\/10\\\/harkko_tuoteperhe_kuorikivet_kk400-1024x576.jpg\",\"datePublished\":\"2018-10-03T11:11:37+00:00\",\"dateModified\":\"2025-12-29T15:14:23+00:00\",\"description\":\"Harkkorakentamisen uusi innovaatio on pitk\u00e4n tuotekehityksen tulos. Lammi Kuorikivi\u00ae on suunniteltu vastaamaan ammattilaisten tarpeisiin ja toiveisiin.\",\"breadcrumb\":{\"@id\":\"https:\\\/\\\/www.lammi.fi\\\/harkko\\\/tuotteet\\\/lampokivet\\\/kk400\\\/#breadcrumb\"},\"inLanguage\":\"fi\",\"potentialAction\":[{\"@type\":\"ReadAction\",\"target\":[\"https:\\\/\\\/www.lammi.fi\\\/harkko\\\/tuotteet\\\/lampokivet\\\/kk400\\\/\"]}]},{\"@type\":\"ImageObject\",\"inLanguage\":\"fi\",\"@id\":\"https:\\\/\\\/www.lammi.fi\\\/harkko\\\/tuotteet\\\/lampokivet\\\/kk400\\\/#primaryimage\",\"url\":\"https:\\\/\\\/www.lammi.fi\\\/harkko\\\/wp-content\\\/uploads\\\/sites\\\/3\\\/2018\\\/10\\\/harkko_tuoteperhe_kuorikivet_kk400.jpg\",\"contentUrl\":\"https:\\\/\\\/www.lammi.fi\\\/harkko\\\/wp-content\\\/uploads\\\/sites\\\/3\\\/2018\\\/10\\\/harkko_tuoteperhe_kuorikivet_kk400.jpg\",\"width\":1560,\"height\":878},{\"@type\":\"BreadcrumbList\",\"@id\":\"https:\\\/\\\/www.lammi.fi\\\/harkko\\\/tuotteet\\\/lampokivet\\\/kk400\\\/#breadcrumb\",\"itemListElement\":[{\"@type\":\"ListItem\",\"position\":1,\"name\":\"Lammi.fi\",\"item\":\"https:\\\/\\\/www.lammi.fi\"},{\"@type\":\"ListItem\",\"position\":2,\"name\":\"Lammi Harkko\",\"item\":\"https:\\\/\\\/www.lammi.fi\\\/harkko\\\/\"},{\"@type\":\"ListItem\",\"position\":3,\"name\":\"Tuotteet\",\"item\":\"https:\\\/\\\/www.lammi.fi\\\/harkko\\\/tuotteet\\\/\"},{\"@type\":\"ListItem\",\"position\":4,\"name\":\"L\u00e4mp\u00f6kivet\",\"item\":\"https:\\\/\\\/www.lammi.fi\\\/harkko\\\/tuotteet\\\/lampokivet\\\/\"},{\"@type\":\"ListItem\",\"position\":5,\"name\":\"KK400\"}]},{\"@type\":\"WebSite\",\"@id\":\"https:\\\/\\\/www.lammi.fi\\\/harkko\\\/#website\",\"url\":\"https:\\\/\\\/www.lammi.fi\\\/harkko\\\/\",\"name\":\"Lammi Harkko\",\"description\":\"\",\"publisher\":{\"@id\":\"https:\\\/\\\/www.lammi.fi\\\/harkko\\\/#organization\"},\"potentialAction\":[{\"@type\":\"SearchAction\",\"target\":{\"@type\":\"EntryPoint\",\"urlTemplate\":\"https:\\\/\\\/www.lammi.fi\\\/harkko\\\/?s={search_term_string}\"},\"query-input\":{\"@type\":\"PropertyValueSpecification\",\"valueRequired\":true,\"valueName\":\"search_term_string\"}}],\"inLanguage\":\"fi\"},{\"@type\":\"Organization\",\"@id\":\"https:\\\/\\\/www.lammi.fi\\\/harkko\\\/#organization\",\"name\":\"Lammi Harkko\",\"url\":\"https:\\\/\\\/www.lammi.fi\\\/harkko\\\/\",\"logo\":{\"@type\":\"ImageObject\",\"inLanguage\":\"fi\",\"@id\":\"https:\\\/\\\/www.lammi.fi\\\/harkko\\\/#\\\/schema\\\/logo\\\/image\\\/\",\"url\":\"https:\\\/\\\/www.lammi.fi\\\/harkko\\\/wp-content\\\/uploads\\\/sites\\\/3\\\/2018\\\/06\\\/cropped-lammi_logo.png\",\"contentUrl\":\"https:\\\/\\\/www.lammi.fi\\\/harkko\\\/wp-content\\\/uploads\\\/sites\\\/3\\\/2018\\\/06\\\/cropped-lammi_logo.png\",\"width\":240,\"height\":122,\"caption\":\"Lammi Harkko\"},\"image\":{\"@id\":\"https:\\\/\\\/www.lammi.fi\\\/harkko\\\/#\\\/schema\\\/logo\\\/image\\\/\"}}]}<\/script>\n<!-- \/ Yoast SEO plugin. -->","yoast_head_json":{"title":"Lammi Harkko - KK400","description":"Harkkorakentamisen uusi innovaatio on pitk\u00e4n tuotekehityksen tulos. Lammi Kuorikivi\u00ae on suunniteltu vastaamaan ammattilaisten tarpeisiin ja toiveisiin.","canonical":"https:\/\/www.lammi.fi\/harkko\/tuotteet\/lampokivet\/kk400\/","og_locale":"fi_FI","og_type":"article","og_title":"Lammi Harkko - KK400","og_description":"Harkkorakentamisen uusi innovaatio on pitk\u00e4n tuotekehityksen tulos. Lammi Kuorikivi\u00ae on suunniteltu vastaamaan ammattilaisten tarpeisiin ja toiveisiin.","og_url":"https:\/\/www.lammi.fi\/harkko\/tuotteet\/lampokivet\/kk400\/","og_site_name":"Lammi Harkko","article_modified_time":"2025-12-29T15:14:23+00:00","og_image":[{"width":1560,"height":878,"url":"https:\/\/www.lammi.fi\/harkko\/wp-content\/uploads\/sites\/3\/2018\/10\/harkko_tuoteperhe_kuorikivet_kk400.jpg","type":"image\/jpeg"}],"twitter_card":"summary_large_image","twitter_misc":{"Arvioitu lukuaika":"2 minuuttia"},"schema":{"@context":"https:\/\/schema.org","@graph":[{"@type":"WebPage","@id":"https:\/\/www.lammi.fi\/harkko\/tuotteet\/lampokivet\/kk400\/","url":"https:\/\/www.lammi.fi\/harkko\/tuotteet\/lampokivet\/kk400\/","name":"Lammi Harkko - KK400","isPartOf":{"@id":"https:\/\/www.lammi.fi\/harkko\/#website"},"primaryImageOfPage":{"@id":"https:\/\/www.lammi.fi\/harkko\/tuotteet\/lampokivet\/kk400\/#primaryimage"},"image":{"@id":"https:\/\/www.lammi.fi\/harkko\/tuotteet\/lampokivet\/kk400\/#primaryimage"},"thumbnailUrl":"https:\/\/www.lammi.fi\/harkko\/wp-content\/uploads\/sites\/3\/2018\/10\/harkko_tuoteperhe_kuorikivet_kk400-1024x576.jpg","datePublished":"2018-10-03T11:11:37+00:00","dateModified":"2025-12-29T15:14:23+00:00","description":"Harkkorakentamisen uusi innovaatio on pitk\u00e4n tuotekehityksen tulos. Lammi Kuorikivi\u00ae on suunniteltu vastaamaan ammattilaisten tarpeisiin ja toiveisiin.","breadcrumb":{"@id":"https:\/\/www.lammi.fi\/harkko\/tuotteet\/lampokivet\/kk400\/#breadcrumb"},"inLanguage":"fi","potentialAction":[{"@type":"ReadAction","target":["https:\/\/www.lammi.fi\/harkko\/tuotteet\/lampokivet\/kk400\/"]}]},{"@type":"ImageObject","inLanguage":"fi","@id":"https:\/\/www.lammi.fi\/harkko\/tuotteet\/lampokivet\/kk400\/#primaryimage","url":"https:\/\/www.lammi.fi\/harkko\/wp-content\/uploads\/sites\/3\/2018\/10\/harkko_tuoteperhe_kuorikivet_kk400.jpg","contentUrl":"https:\/\/www.lammi.fi\/harkko\/wp-content\/uploads\/sites\/3\/2018\/10\/harkko_tuoteperhe_kuorikivet_kk400.jpg","width":1560,"height":878},{"@type":"BreadcrumbList","@id":"https:\/\/www.lammi.fi\/harkko\/tuotteet\/lampokivet\/kk400\/#breadcrumb","itemListElement":[{"@type":"ListItem","position":1,"name":"Lammi.fi","item":"https:\/\/www.lammi.fi"},{"@type":"ListItem","position":2,"name":"Lammi Harkko","item":"https:\/\/www.lammi.fi\/harkko\/"},{"@type":"ListItem","position":3,"name":"Tuotteet","item":"https:\/\/www.lammi.fi\/harkko\/tuotteet\/"},{"@type":"ListItem","position":4,"name":"L\u00e4mp\u00f6kivet","item":"https:\/\/www.lammi.fi\/harkko\/tuotteet\/lampokivet\/"},{"@type":"ListItem","position":5,"name":"KK400"}]},{"@type":"WebSite","@id":"https:\/\/www.lammi.fi\/harkko\/#website","url":"https:\/\/www.lammi.fi\/harkko\/","name":"Lammi Harkko","description":"","publisher":{"@id":"https:\/\/www.lammi.fi\/harkko\/#organization"},"potentialAction":[{"@type":"SearchAction","target":{"@type":"EntryPoint","urlTemplate":"https:\/\/www.lammi.fi\/harkko\/?s={search_term_string}"},"query-input":{"@type":"PropertyValueSpecification","valueRequired":true,"valueName":"search_term_string"}}],"inLanguage":"fi"},{"@type":"Organization","@id":"https:\/\/www.lammi.fi\/harkko\/#organization","name":"Lammi Harkko","url":"https:\/\/www.lammi.fi\/harkko\/","logo":{"@type":"ImageObject","inLanguage":"fi","@id":"https:\/\/www.lammi.fi\/harkko\/#\/schema\/logo\/image\/","url":"https:\/\/www.lammi.fi\/harkko\/wp-content\/uploads\/sites\/3\/2018\/06\/cropped-lammi_logo.png","contentUrl":"https:\/\/www.lammi.fi\/harkko\/wp-content\/uploads\/sites\/3\/2018\/06\/cropped-lammi_logo.png","width":240,"height":122,"caption":"Lammi Harkko"},"image":{"@id":"https:\/\/www.lammi.fi\/harkko\/#\/schema\/logo\/image\/"}}]}},"_links":{"self":[{"href":"https:\/\/www.lammi.fi\/harkko\/wp-json\/wp\/v2\/pages\/868","targetHints":{"allow":["GET"]}}],"collection":[{"href":"https:\/\/www.lammi.fi\/harkko\/wp-json\/wp\/v2\/pages"}],"about":[{"href":"https:\/\/www.lammi.fi\/harkko\/wp-json\/wp\/v2\/types\/page"}],"author":[{"embeddable":true,"href":"https:\/\/www.lammi.fi\/harkko\/wp-json\/wp\/v2\/users\/5"}],"replies":[{"embeddable":true,"href":"https:\/\/www.lammi.fi\/harkko\/wp-json\/wp\/v2\/comments?post=868"}],"version-history":[{"count":17,"href":"https:\/\/www.lammi.fi\/harkko\/wp-json\/wp\/v2\/pages\/868\/revisions"}],"predecessor-version":[{"id":5125,"href":"https:\/\/www.lammi.fi\/harkko\/wp-json\/wp\/v2\/pages\/868\/revisions\/5125"}],"up":[{"embeddable":true,"href":"https:\/\/www.lammi.fi\/harkko\/wp-json\/wp\/v2\/pages\/12"}],"wp:attachment":[{"href":"https:\/\/www.lammi.fi\/harkko\/wp-json\/wp\/v2\/media?parent=868"}],"curies":[{"name":"wp","href":"https:\/\/api.w.org\/{rel}","templated":true}]}}