{"id":577,"date":"2018-09-17T10:51:35","date_gmt":"2018-09-17T10:51:35","guid":{"rendered":"https:\/\/www.lammi.fi\/harkko\/?page_id=577"},"modified":"2025-09-08T11:13:18","modified_gmt":"2025-09-08T08:13:18","slug":"hissikuilut","status":"publish","type":"page","link":"https:\/\/www.lammi.fi\/harkko\/kayttokohteet\/hissikuilut\/","title":{"rendered":"Hissikuilut"},"content":{"rendered":"<h1>Mittatarkka muottiharkko hissikuiluun<\/h1>\n<p><img decoding=\"async\" class=\"alignnone wp-image-818 size-large\" title=\"Hissikuilu saneerauskohteeseen\" src=\"https:\/\/www.lammi.fi\/harkko\/wp-content\/uploads\/sites\/3\/2018\/09\/harkko_alasivu_kayttokohteet_hissi-1024x562.jpg\" alt=\"Hissikuilu saneerauskohteeseen. Lammin Betoni Oy.\" width=\"840\" height=\"461\" srcset=\"https:\/\/www.lammi.fi\/harkko\/wp-content\/uploads\/sites\/3\/2018\/09\/harkko_alasivu_kayttokohteet_hissi-1024x562.jpg 1024w, https:\/\/www.lammi.fi\/harkko\/wp-content\/uploads\/sites\/3\/2018\/09\/harkko_alasivu_kayttokohteet_hissi-300x165.jpg 300w, https:\/\/www.lammi.fi\/harkko\/wp-content\/uploads\/sites\/3\/2018\/09\/harkko_alasivu_kayttokohteet_hissi-768x421.jpg 768w, https:\/\/www.lammi.fi\/harkko\/wp-content\/uploads\/sites\/3\/2018\/09\/harkko_alasivu_kayttokohteet_hissi-1200x659.jpg 1200w, https:\/\/www.lammi.fi\/harkko\/wp-content\/uploads\/sites\/3\/2018\/09\/harkko_alasivu_kayttokohteet_hissi-600x329.jpg 600w, https:\/\/www.lammi.fi\/harkko\/wp-content\/uploads\/sites\/3\/2018\/09\/harkko_alasivu_kayttokohteet_hissi.jpg 1600w\" sizes=\"(max-width: 709px) 85vw, (max-width: 909px) 67vw, (max-width: 1362px) 62vw, 840px\" \/><\/p>\n<p>Hissien p\u00e4\u00e4k\u00e4ytt\u00f6alue on ollut uudisrakennuksissa, mutta nyky\u00e4\u00e4n hissej\u00e4 k\u00e4ytet\u00e4\u00e4n yh\u00e4 enemm\u00e4n my\u00f6s korjausrakentamisessa. Monissa kerrostaloyhti\u00f6ist\u00e4 ei ole hissi\u00e4 viel\u00e4 lainkaan ja ik\u00e4\u00e4ntyv\u00e4n v\u00e4est\u00f6n kasvavan tarpeen vuoksi hissien j\u00e4lkiasennukset yleistyv\u00e4t. Hissin rakentaminen vanhaan taloon lis\u00e4\u00e4 tutkitusti asuntojen myyntiarvoa. My\u00f6s yhteiskunta on her\u00e4nnyt vanhojen asuintalojen hissitt\u00f6myyteen ja tukee jopa 35 % hissirakentamisen korjauskustannuksista (lue lis\u00e4\u00e4 <a href=\"https:\/\/www.ara.fi\/fi\/yhteisot-ja-yhtiot\/avustukset-yhteisoille-ja-yhtioille\/hissiavustus\" target=\"_blank\" rel=\"noopener\">Ara:n sivuilta<\/a>).<\/p>\n<h2>Kohteeseen sopiva hissityyppi<\/h2>\n<p>Vanhoihin kerrostaloihin voidaan rakentaa hissi joko porrask\u00e4yt\u00e4v\u00e4\u00e4n, rakennuksen ulkopuolelle tai huoneistotiloihin. Korjausrakennuskohteissa\u00a0hissit ovat p\u00e4\u00e4s\u00e4\u00e4nt\u00f6isesti hydraulisia, jolloin hissin konehuone voidaan sijoittaa joko porrashuoneeseen tai sen l\u00e4hettyville. Markkinoilla on nykyisin my\u00f6s erityisesti j\u00e4lkiasennusta varten kehiteltyj\u00e4 konehuoneettomia hissiratkaisuja.<\/p>\n<p>Vanhaan taloon hissi\u00e4 suunniteltaessa on t\u00e4rke\u00e4\u00e4 panostaa suunnitteluun ja hankkeen huolelliseen valmisteluun. Hissihanke vaatii aina yhti\u00f6kokouksen p\u00e4\u00e4t\u00f6ksen ja rakennusluvan. Rakennusluvan yhteydess\u00e4 on selvitett\u00e4v\u00e4 my\u00f6s paloturvallisuutta koskevien m\u00e4\u00e4r\u00e4ysten ja ohjeiden toteutuminen.<\/p>\n<h2>Hissikuilun sijoitus ja toteutus<\/h2>\n<p>Kun vanhaan taloon l\u00e4hdet\u00e4\u00e4n suunnittelemaan ja toteuttamaan hissi\u00e4, on kohteeseen valittava sopiva hissikuilu. Se voidaan sijoittaa vanhan porraskuilun yhteyteen, mik\u00e4li porraskuilu on riitt\u00e4v\u00e4n iso ja samalla uusitaan portaat. Hissikuilu voidaan sijoittaa my\u00f6s huoneistotiloihin tai kokonaan rakennuksen ulkopuolelle.\u00a0Kuilun sijoittaminen riippuu hissin mitoista ja talossa olevien rakenneosien liittymisest\u00e4 hissikuiluun.<\/p>\n<p>Hissikuilut voidaan toteuttaa joko erillisist\u00e4 betonisista sein\u00e4elementeist\u00e4 tai valamalla hissikuilu paikanp\u00e4\u00e4ll\u00e4. Mik\u00e4li hissikuilu sijoitetaan talon sis\u00e4puolelle, tehd\u00e4\u00e4n se l\u00e4hes aina paikalleen valamalla. T\u00e4ll\u00f6in elementtej\u00e4 ei pystyt\u00e4 yleens\u00e4 k\u00e4ytt\u00e4m\u00e4\u00e4n, koska niiden asentaminen yl\u00e4kautta on mahdotonta sein\u00e4- tai kattorakenteita avaamatta. Paikalla valamalla tehty hissikuiluremontti on usein taloyhti\u00f6lle pienit\u00f6isin vaihtoehto.<\/p>\n<h2>Kustannustehokkaasti muottiharkoilla<\/h2>\n<p>Hissikuilujen mittamaailma riippuu siis hissivalmistajasta, k\u00e4ytett\u00e4viss\u00e4 olevasta tilasta ja hissin sijoittamisesta. Mik\u00e4li p\u00e4\u00e4dyt\u00e4\u00e4n toteuttamaan hissikulu paikalla valamalla, on kuilu helpoin ja usein kustannustehokkain toteuttaa valu-, eli muottiharkoilla. Muottiharkkoja ei muurata, vaan ne ladotaan p\u00e4\u00e4llekk\u00e4in. Koska harkot ovat onttoja, pystyt\u00e4\u00e4n niihin ladonnan yhteydess\u00e4 asentamaan aina riitt\u00e4v\u00e4 betoniraudoitus. Tarjoamme jokaiseen muottiharkkotyyppiin my\u00f6s kulma- ja p\u00e4\u00e4tyharkot, joita hissikuiluissa menee usein paljon. Muottiharkoilla ty\u00f6 on nopea toteuttaa ja hissikuilu on helppo liitt\u00e4\u00e4 vanhoihin rakenteisiin. Muottiharkkoja ei tarvise erikseen purkaa, vaan harkot yhdess\u00e4 betonivalun kanssa muodostavat valmiin rakenteen.<\/p>\n<h2>Kohteeseen kuin kohteeseen<\/h2>\n<p>Lammin Betonin valikoimasta l\u00f6ytyy talon sis\u00e4puolisiin hissikuiluihin nelj\u00e4 eri harkkoperhett\u00e4 aina 150 mm leve\u00e4st\u00e4 valuharkosta 300 mm leve\u00e4\u00e4n valuharkkoon. Mik\u00e4li hissikuilu toteutetaan talon ulkopuolisena, meilt\u00e4 l\u00f6ytyy kolme eri eristeharkkotyyppi\u00e4 350 mm leve\u00e4st\u00e4 aina passiivirakentamiseen soveltuvaan 500 mm leve\u00e4\u00e4n eristeharkkoon.<\/p>\n<h2>Harkkorakentamisen edut hissikuiluissa<\/h2>\n<ul>\n<li>Soveltuu erinomaisesti saneerauskohteisiin, harkkolavoja voidaan liikutella ilman nosturia esim. pumppuk\u00e4rryill\u00e4<\/li>\n<li>Sek\u00e4 kylmiin (valueristeharkot) ett\u00e4 l\u00e4mpimiin tiloihin (erist\u00e4m\u00e4tt\u00f6m\u00e4t valuharkot)<\/li>\n<li>Ei purkuj\u00e4tett\u00e4, koska harkot toimivat itsess\u00e4\u00e4n muottij\u00e4rjestelm\u00e4n\u00e4<\/li>\n<li>Paikallavalu-\/elementtirakenteeseen verrattava lujuus, \u00e4\u00e4nenerist\u00e4vyys ja paloturvallisuus<\/li>\n<li>Voidaan raudoittaa ja liitt\u00e4\u00e4 olemassa oleviin rakenteisiin<\/li>\n<li>Nopea ja joustava toteutustapa ty\u00f6maalla<\/li>\n<li>Varastotuote: lyhyet tilausajat, nopea toimitusaikataulu<\/li>\n<li>Valmis j\u00e4rjestelm\u00e4: perus-, kulma- ja p\u00e4\u00e4tyharkot sek\u00e4 aukonylitysj\u00e4rjestelm\u00e4<\/li>\n<li>Muottiharkkoja l\u00f6ytyy eri leveyksin\u00e4<\/li>\n<li>Lopputuloksena suora ja saumaton rakenne<\/li>\n<li>Huokoinen sein\u00e4rakenne on erinomainen pinnoitusalusta<\/li>\n<\/ul>\n<p><strong><a href=\"https:\/\/www.lammi.fi\/harkko\/tuotteet\/muottiharkot\/\">Lue lis\u00e4\u00e4 talon sis\u00e4puolella k\u00e4ytett\u00e4vist\u00e4 muottiharkoista\u00a0\u00bb<\/a><\/strong><\/p>\n<p><strong><a href=\"https:\/\/www.lammi.fi\/harkko\/tuotteet\/lampokivet\/\">Tutustu talon ulkopuoliseen hissikuiluun soveltuvista eristeharkoista \u00bb<\/a><\/strong><\/p>\n<p><a class=\"button\" style=\"background: #9c9d9a;text-decoration: none;color: #fff;max-width: 600px;margin: 2em auto 1em\" role=\"button\" href=\"https:\/\/www.lammi.fi\/harkko\/yhteystiedot\/jata-tarjouspyynto\/\">J\u00e4t\u00e4 meille tarjouspyynt\u00f6 taloyhti\u00f6si hissikulun harkoista \u00bb<\/a><\/p>\n","protected":false},"excerpt":{"rendered":"<p>Mittatarkka muottiharkko hissikuiluun Hissien p\u00e4\u00e4k\u00e4ytt\u00f6alue on ollut uudisrakennuksissa, mutta nyky\u00e4\u00e4n hissej\u00e4 k\u00e4ytet\u00e4\u00e4n yh\u00e4 enemm\u00e4n my\u00f6s korjausrakentamisessa. Monissa kerrostaloyhti\u00f6ist\u00e4 ei ole hissi\u00e4 viel\u00e4 lainkaan ja ik\u00e4\u00e4ntyv\u00e4n v\u00e4est\u00f6n kasvavan tarpeen vuoksi hissien j\u00e4lkiasennukset yleistyv\u00e4t. Hissin rakentaminen vanhaan taloon lis\u00e4\u00e4 tutkitusti asuntojen myyntiarvoa. My\u00f6s yhteiskunta on her\u00e4nnyt vanhojen asuintalojen hissitt\u00f6myyteen ja tukee jopa 35 % hissirakentamisen korjauskustannuksista (lue &hellip; <a href=\"https:\/\/www.lammi.fi\/harkko\/kayttokohteet\/hissikuilut\/\" class=\"more-link\">Lue lis\u00e4\u00e4<span class=\"screen-reader-text\"> &#8221;Hissikuilut&#8221;<\/span><\/a><\/p>\n","protected":false},"author":5,"featured_media":0,"parent":19,"menu_order":0,"comment_status":"closed","ping_status":"closed","template":"","meta":{"_acf_changed":false,"_improvement_type_select":"improve_an_existing","_thumb_yes_seoaic":false,"_frame_yes_seoaic":false,"seoaic_generate_description":"","seoaic_improve_instructions_prompt":"","seoaic_rollback_content_improvement":"","seoaic_idea_thumbnail_generator":"","thumbnail_generated":false,"thumbnail_generate_prompt":"","seoaic_article_description":"","_glsr_average":0,"_glsr_ranking":0,"_glsr_reviews":0,"footnotes":""},"class_list":["post-577","page","type-page","status-publish","hentry"],"acf":[],"yoast_head":"<!-- This site is optimized with the Yoast SEO plugin v27.4 - https:\/\/yoast.com\/product\/yoast-seo-wordpress\/ -->\n<title>Lammi Harkko - Hissikuilut<\/title>\n<meta name=\"description\" content=\"Hissikuilu saneerauskohteeseen. Hissien p\u00e4\u00e4k\u00e4ytt\u00f6alue on ollut uudisrakennuksissa, mutta nyky\u00e4\u00e4n my\u00f6s yh\u00e4 enemm\u00e4n korjausrakentamisessa.\" \/>\n<link rel=\"canonical\" href=\"https:\/\/www.lammi.fi\/harkko\/kayttokohteet\/hissikuilut\/\" \/>\n<meta property=\"og:locale\" content=\"fi_FI\" \/>\n<meta property=\"og:type\" content=\"article\" \/>\n<meta property=\"og:title\" content=\"Lammi Harkko - Hissikuilut\" \/>\n<meta property=\"og:description\" content=\"Hissikuilu saneerauskohteeseen. Hissien p\u00e4\u00e4k\u00e4ytt\u00f6alue on ollut uudisrakennuksissa, mutta nyky\u00e4\u00e4n my\u00f6s yh\u00e4 enemm\u00e4n korjausrakentamisessa.\" \/>\n<meta property=\"og:url\" content=\"https:\/\/www.lammi.fi\/harkko\/kayttokohteet\/hissikuilut\/\" \/>\n<meta property=\"og:site_name\" content=\"Lammi Harkko\" \/>\n<meta property=\"article:modified_time\" content=\"2025-09-08T08:13:18+00:00\" \/>\n<meta property=\"og:image\" content=\"https:\/\/www.lammi.fi\/harkko\/wp-content\/uploads\/sites\/3\/2018\/09\/harkko_alasivu_kayttokohteet_hissi.jpg\" \/>\n\t<meta property=\"og:image:width\" content=\"1600\" \/>\n\t<meta property=\"og:image:height\" content=\"878\" \/>\n\t<meta property=\"og:image:type\" content=\"image\/jpeg\" \/>\n<meta name=\"twitter:card\" content=\"summary_large_image\" \/>\n<meta name=\"twitter:label1\" content=\"Arvioitu lukuaika\" \/>\n\t<meta name=\"twitter:data1\" content=\"3 minuuttia\" \/>\n<script type=\"application\/ld+json\" class=\"yoast-schema-graph\">{\"@context\":\"https:\\\/\\\/schema.org\",\"@graph\":[{\"@type\":\"WebPage\",\"@id\":\"https:\\\/\\\/www.lammi.fi\\\/harkko\\\/kayttokohteet\\\/hissikuilut\\\/\",\"url\":\"https:\\\/\\\/www.lammi.fi\\\/harkko\\\/kayttokohteet\\\/hissikuilut\\\/\",\"name\":\"Lammi Harkko - Hissikuilut\",\"isPartOf\":{\"@id\":\"https:\\\/\\\/www.lammi.fi\\\/harkko\\\/#website\"},\"primaryImageOfPage\":{\"@id\":\"https:\\\/\\\/www.lammi.fi\\\/harkko\\\/kayttokohteet\\\/hissikuilut\\\/#primaryimage\"},\"image\":{\"@id\":\"https:\\\/\\\/www.lammi.fi\\\/harkko\\\/kayttokohteet\\\/hissikuilut\\\/#primaryimage\"},\"thumbnailUrl\":\"https:\\\/\\\/www.lammi.fi\\\/harkko\\\/wp-content\\\/uploads\\\/sites\\\/3\\\/2018\\\/09\\\/harkko_alasivu_kayttokohteet_hissi-1024x562.jpg\",\"datePublished\":\"2018-09-17T10:51:35+00:00\",\"dateModified\":\"2025-09-08T08:13:18+00:00\",\"description\":\"Hissikuilu saneerauskohteeseen. Hissien p\u00e4\u00e4k\u00e4ytt\u00f6alue on ollut uudisrakennuksissa, mutta nyky\u00e4\u00e4n my\u00f6s yh\u00e4 enemm\u00e4n korjausrakentamisessa.\",\"breadcrumb\":{\"@id\":\"https:\\\/\\\/www.lammi.fi\\\/harkko\\\/kayttokohteet\\\/hissikuilut\\\/#breadcrumb\"},\"inLanguage\":\"fi\",\"potentialAction\":[{\"@type\":\"ReadAction\",\"target\":[\"https:\\\/\\\/www.lammi.fi\\\/harkko\\\/kayttokohteet\\\/hissikuilut\\\/\"]}]},{\"@type\":\"ImageObject\",\"inLanguage\":\"fi\",\"@id\":\"https:\\\/\\\/www.lammi.fi\\\/harkko\\\/kayttokohteet\\\/hissikuilut\\\/#primaryimage\",\"url\":\"https:\\\/\\\/www.lammi.fi\\\/harkko\\\/wp-content\\\/uploads\\\/sites\\\/3\\\/2018\\\/09\\\/harkko_alasivu_kayttokohteet_hissi.jpg\",\"contentUrl\":\"https:\\\/\\\/www.lammi.fi\\\/harkko\\\/wp-content\\\/uploads\\\/sites\\\/3\\\/2018\\\/09\\\/harkko_alasivu_kayttokohteet_hissi.jpg\",\"width\":1600,\"height\":878},{\"@type\":\"BreadcrumbList\",\"@id\":\"https:\\\/\\\/www.lammi.fi\\\/harkko\\\/kayttokohteet\\\/hissikuilut\\\/#breadcrumb\",\"itemListElement\":[{\"@type\":\"ListItem\",\"position\":1,\"name\":\"Lammi.fi\",\"item\":\"https:\\\/\\\/www.lammi.fi\"},{\"@type\":\"ListItem\",\"position\":2,\"name\":\"Lammi Harkko\",\"item\":\"https:\\\/\\\/www.lammi.fi\\\/harkko\\\/\"},{\"@type\":\"ListItem\",\"position\":3,\"name\":\"K\u00e4ytt\u00f6kohteet\",\"item\":\"https:\\\/\\\/www.lammi.fi\\\/harkko\\\/kayttokohteet\\\/\"},{\"@type\":\"ListItem\",\"position\":4,\"name\":\"Hissikuilut\"}]},{\"@type\":\"WebSite\",\"@id\":\"https:\\\/\\\/www.lammi.fi\\\/harkko\\\/#website\",\"url\":\"https:\\\/\\\/www.lammi.fi\\\/harkko\\\/\",\"name\":\"Lammi Harkko\",\"description\":\"\",\"publisher\":{\"@id\":\"https:\\\/\\\/www.lammi.fi\\\/harkko\\\/#organization\"},\"potentialAction\":[{\"@type\":\"SearchAction\",\"target\":{\"@type\":\"EntryPoint\",\"urlTemplate\":\"https:\\\/\\\/www.lammi.fi\\\/harkko\\\/?s={search_term_string}\"},\"query-input\":{\"@type\":\"PropertyValueSpecification\",\"valueRequired\":true,\"valueName\":\"search_term_string\"}}],\"inLanguage\":\"fi\"},{\"@type\":\"Organization\",\"@id\":\"https:\\\/\\\/www.lammi.fi\\\/harkko\\\/#organization\",\"name\":\"Lammi Harkko\",\"url\":\"https:\\\/\\\/www.lammi.fi\\\/harkko\\\/\",\"logo\":{\"@type\":\"ImageObject\",\"inLanguage\":\"fi\",\"@id\":\"https:\\\/\\\/www.lammi.fi\\\/harkko\\\/#\\\/schema\\\/logo\\\/image\\\/\",\"url\":\"https:\\\/\\\/www.lammi.fi\\\/harkko\\\/wp-content\\\/uploads\\\/sites\\\/3\\\/2018\\\/06\\\/cropped-lammi_logo.png\",\"contentUrl\":\"https:\\\/\\\/www.lammi.fi\\\/harkko\\\/wp-content\\\/uploads\\\/sites\\\/3\\\/2018\\\/06\\\/cropped-lammi_logo.png\",\"width\":240,\"height\":122,\"caption\":\"Lammi Harkko\"},\"image\":{\"@id\":\"https:\\\/\\\/www.lammi.fi\\\/harkko\\\/#\\\/schema\\\/logo\\\/image\\\/\"}}]}<\/script>\n<!-- \/ Yoast SEO plugin. -->","yoast_head_json":{"title":"Lammi Harkko - Hissikuilut","description":"Hissikuilu saneerauskohteeseen. Hissien p\u00e4\u00e4k\u00e4ytt\u00f6alue on ollut uudisrakennuksissa, mutta nyky\u00e4\u00e4n my\u00f6s yh\u00e4 enemm\u00e4n korjausrakentamisessa.","canonical":"https:\/\/www.lammi.fi\/harkko\/kayttokohteet\/hissikuilut\/","og_locale":"fi_FI","og_type":"article","og_title":"Lammi Harkko - Hissikuilut","og_description":"Hissikuilu saneerauskohteeseen. Hissien p\u00e4\u00e4k\u00e4ytt\u00f6alue on ollut uudisrakennuksissa, mutta nyky\u00e4\u00e4n my\u00f6s yh\u00e4 enemm\u00e4n korjausrakentamisessa.","og_url":"https:\/\/www.lammi.fi\/harkko\/kayttokohteet\/hissikuilut\/","og_site_name":"Lammi Harkko","article_modified_time":"2025-09-08T08:13:18+00:00","og_image":[{"width":1600,"height":878,"url":"https:\/\/www.lammi.fi\/harkko\/wp-content\/uploads\/sites\/3\/2018\/09\/harkko_alasivu_kayttokohteet_hissi.jpg","type":"image\/jpeg"}],"twitter_card":"summary_large_image","twitter_misc":{"Arvioitu lukuaika":"3 minuuttia"},"schema":{"@context":"https:\/\/schema.org","@graph":[{"@type":"WebPage","@id":"https:\/\/www.lammi.fi\/harkko\/kayttokohteet\/hissikuilut\/","url":"https:\/\/www.lammi.fi\/harkko\/kayttokohteet\/hissikuilut\/","name":"Lammi Harkko - Hissikuilut","isPartOf":{"@id":"https:\/\/www.lammi.fi\/harkko\/#website"},"primaryImageOfPage":{"@id":"https:\/\/www.lammi.fi\/harkko\/kayttokohteet\/hissikuilut\/#primaryimage"},"image":{"@id":"https:\/\/www.lammi.fi\/harkko\/kayttokohteet\/hissikuilut\/#primaryimage"},"thumbnailUrl":"https:\/\/www.lammi.fi\/harkko\/wp-content\/uploads\/sites\/3\/2018\/09\/harkko_alasivu_kayttokohteet_hissi-1024x562.jpg","datePublished":"2018-09-17T10:51:35+00:00","dateModified":"2025-09-08T08:13:18+00:00","description":"Hissikuilu saneerauskohteeseen. Hissien p\u00e4\u00e4k\u00e4ytt\u00f6alue on ollut uudisrakennuksissa, mutta nyky\u00e4\u00e4n my\u00f6s yh\u00e4 enemm\u00e4n korjausrakentamisessa.","breadcrumb":{"@id":"https:\/\/www.lammi.fi\/harkko\/kayttokohteet\/hissikuilut\/#breadcrumb"},"inLanguage":"fi","potentialAction":[{"@type":"ReadAction","target":["https:\/\/www.lammi.fi\/harkko\/kayttokohteet\/hissikuilut\/"]}]},{"@type":"ImageObject","inLanguage":"fi","@id":"https:\/\/www.lammi.fi\/harkko\/kayttokohteet\/hissikuilut\/#primaryimage","url":"https:\/\/www.lammi.fi\/harkko\/wp-content\/uploads\/sites\/3\/2018\/09\/harkko_alasivu_kayttokohteet_hissi.jpg","contentUrl":"https:\/\/www.lammi.fi\/harkko\/wp-content\/uploads\/sites\/3\/2018\/09\/harkko_alasivu_kayttokohteet_hissi.jpg","width":1600,"height":878},{"@type":"BreadcrumbList","@id":"https:\/\/www.lammi.fi\/harkko\/kayttokohteet\/hissikuilut\/#breadcrumb","itemListElement":[{"@type":"ListItem","position":1,"name":"Lammi.fi","item":"https:\/\/www.lammi.fi"},{"@type":"ListItem","position":2,"name":"Lammi Harkko","item":"https:\/\/www.lammi.fi\/harkko\/"},{"@type":"ListItem","position":3,"name":"K\u00e4ytt\u00f6kohteet","item":"https:\/\/www.lammi.fi\/harkko\/kayttokohteet\/"},{"@type":"ListItem","position":4,"name":"Hissikuilut"}]},{"@type":"WebSite","@id":"https:\/\/www.lammi.fi\/harkko\/#website","url":"https:\/\/www.lammi.fi\/harkko\/","name":"Lammi Harkko","description":"","publisher":{"@id":"https:\/\/www.lammi.fi\/harkko\/#organization"},"potentialAction":[{"@type":"SearchAction","target":{"@type":"EntryPoint","urlTemplate":"https:\/\/www.lammi.fi\/harkko\/?s={search_term_string}"},"query-input":{"@type":"PropertyValueSpecification","valueRequired":true,"valueName":"search_term_string"}}],"inLanguage":"fi"},{"@type":"Organization","@id":"https:\/\/www.lammi.fi\/harkko\/#organization","name":"Lammi Harkko","url":"https:\/\/www.lammi.fi\/harkko\/","logo":{"@type":"ImageObject","inLanguage":"fi","@id":"https:\/\/www.lammi.fi\/harkko\/#\/schema\/logo\/image\/","url":"https:\/\/www.lammi.fi\/harkko\/wp-content\/uploads\/sites\/3\/2018\/06\/cropped-lammi_logo.png","contentUrl":"https:\/\/www.lammi.fi\/harkko\/wp-content\/uploads\/sites\/3\/2018\/06\/cropped-lammi_logo.png","width":240,"height":122,"caption":"Lammi Harkko"},"image":{"@id":"https:\/\/www.lammi.fi\/harkko\/#\/schema\/logo\/image\/"}}]}},"_links":{"self":[{"href":"https:\/\/www.lammi.fi\/harkko\/wp-json\/wp\/v2\/pages\/577","targetHints":{"allow":["GET"]}}],"collection":[{"href":"https:\/\/www.lammi.fi\/harkko\/wp-json\/wp\/v2\/pages"}],"about":[{"href":"https:\/\/www.lammi.fi\/harkko\/wp-json\/wp\/v2\/types\/page"}],"author":[{"embeddable":true,"href":"https:\/\/www.lammi.fi\/harkko\/wp-json\/wp\/v2\/users\/5"}],"replies":[{"embeddable":true,"href":"https:\/\/www.lammi.fi\/harkko\/wp-json\/wp\/v2\/comments?post=577"}],"version-history":[{"count":16,"href":"https:\/\/www.lammi.fi\/harkko\/wp-json\/wp\/v2\/pages\/577\/revisions"}],"predecessor-version":[{"id":4912,"href":"https:\/\/www.lammi.fi\/harkko\/wp-json\/wp\/v2\/pages\/577\/revisions\/4912"}],"up":[{"embeddable":true,"href":"https:\/\/www.lammi.fi\/harkko\/wp-json\/wp\/v2\/pages\/19"}],"wp:attachment":[{"href":"https:\/\/www.lammi.fi\/harkko\/wp-json\/wp\/v2\/media?parent=577"}],"curies":[{"name":"wp","href":"https:\/\/api.w.org\/{rel}","templated":true}]}}