{"id":575,"date":"2018-09-17T10:50:27","date_gmt":"2018-09-17T10:50:27","guid":{"rendered":"https:\/\/www.lammi.fi\/harkko\/?page_id=575"},"modified":"2023-04-04T10:03:04","modified_gmt":"2023-04-04T07:03:04","slug":"maatalous","status":"publish","type":"page","link":"https:\/\/www.lammi.fi\/harkko\/kayttokohteet\/maatalous\/","title":{"rendered":"Maatalous"},"content":{"rendered":"<h1>Harkot maatalousrakentamisessa<\/h1>\n<p><img decoding=\"async\" class=\"alignnone wp-image-820 size-large\" src=\"https:\/\/www.lammi.fi\/harkko\/wp-content\/uploads\/sites\/3\/2018\/09\/harkko_alasivu_kayttokohteet_maatalous-1024x562.jpg\" alt=\"Maatalousrakentaminen\" width=\"840\" height=\"461\" srcset=\"https:\/\/www.lammi.fi\/harkko\/wp-content\/uploads\/sites\/3\/2018\/09\/harkko_alasivu_kayttokohteet_maatalous-1024x562.jpg 1024w, https:\/\/www.lammi.fi\/harkko\/wp-content\/uploads\/sites\/3\/2018\/09\/harkko_alasivu_kayttokohteet_maatalous-300x165.jpg 300w, https:\/\/www.lammi.fi\/harkko\/wp-content\/uploads\/sites\/3\/2018\/09\/harkko_alasivu_kayttokohteet_maatalous-768x421.jpg 768w, https:\/\/www.lammi.fi\/harkko\/wp-content\/uploads\/sites\/3\/2018\/09\/harkko_alasivu_kayttokohteet_maatalous-1200x659.jpg 1200w, https:\/\/www.lammi.fi\/harkko\/wp-content\/uploads\/sites\/3\/2018\/09\/harkko_alasivu_kayttokohteet_maatalous-600x329.jpg 600w, https:\/\/www.lammi.fi\/harkko\/wp-content\/uploads\/sites\/3\/2018\/09\/harkko_alasivu_kayttokohteet_maatalous.jpg 1600w\" sizes=\"(max-width: 709px) 85vw, (max-width: 909px) 67vw, (max-width: 1362px) 62vw, 840px\" \/><\/p>\n<p>Betoniharkkoja on k\u00e4ytetty koko harkkorakentamisen historian ajan maataloudessa. Harkkojen k\u00e4ytt\u00f6\u00e4 puoltaa k\u00e4sitelt\u00e4vyyden lis\u00e4ksi niiden soveltuvuus monimuotoisiin kohteisiin. Betonin lujuus ja kyky siet\u00e4\u00e4 vaativia olosuhteita ovat mahdollistaneet harkkojen k\u00e4yt\u00f6n kosteissa ja sy\u00f6vytt\u00e4viss\u00e4kin olosuhteissa samaan aikaan suurten kuormitusten alaisena.<\/p>\n<h2>Kest\u00e4vyytt\u00e4 kuormia vastaan<\/h2>\n<p>Valtaosa kuivureiden korkeista sokkeleista valmistetaan valuharkoilla. Valettu harkkorakenne kest\u00e4\u00e4 suurten pystysuuntaisten kuormien lis\u00e4ksi my\u00f6s suuria vaakasuuntaisia kuormia. Vaakasuuntaisia kuormia syntyy esimerkiksi kaatosuppilon etusein\u00e4\u00e4n, jossa maanpainetta aiheutuu sokkelin korkeuden lis\u00e4ksi ajoneuvon hy\u00f6tykuormasta. My\u00f6s muut suurta painetta kest\u00e4v\u00e4t rakenteet kuten laakasiilot tai hakevarastot onnistuvat valettavilla kivill\u00e4.<\/p>\n<h2>Maatalouden monimuotoiset k\u00e4ytt\u00f6kohteet<\/h2>\n<p>Perustukset, ulkorakennukset, konehallit ja l\u00e4mp\u00f6keskukset nousevat valuharkoista nopeammin ja k\u00e4tev\u00e4mmin elementteihin verrattuna. Py\u00f6re\u00e4t ja kaarevat muodot erilaisissa varastoissa ja siiloissa ovat vaativia kohteita puulla muotitettavaksi. Erilaiset navetoiden ja sikaloiden kanavarakenteet, kantavat sein\u00e4t ja v\u00e4lisein\u00e4t ulkoseini\u00e4 unohtamatta valmistuvat my\u00f6s valettavilla kivill\u00e4. My\u00f6s tallit ja maneesit ovat suosittuja k\u00e4ytt\u00f6kohteita.<\/p>\n<p><strong>Lue lis\u00e4\u00e4\u00a0<a href=\"https:\/\/www.lammi.fi\/harkko\/tuotteet\/\">rakennuskivist\u00e4mme\u00a0\u00bb<\/a><\/strong><\/p>\n","protected":false},"excerpt":{"rendered":"<p>Harkot maatalousrakentamisessa Betoniharkkoja on k\u00e4ytetty koko harkkorakentamisen historian ajan maataloudessa. Harkkojen k\u00e4ytt\u00f6\u00e4 puoltaa k\u00e4sitelt\u00e4vyyden lis\u00e4ksi niiden soveltuvuus monimuotoisiin kohteisiin. Betonin lujuus ja kyky siet\u00e4\u00e4 vaativia olosuhteita ovat mahdollistaneet harkkojen k\u00e4yt\u00f6n kosteissa ja sy\u00f6vytt\u00e4viss\u00e4kin olosuhteissa samaan aikaan suurten kuormitusten alaisena. Kest\u00e4vyytt\u00e4 kuormia vastaan Valtaosa kuivureiden korkeista sokkeleista valmistetaan valuharkoilla. Valettu harkkorakenne kest\u00e4\u00e4 suurten pystysuuntaisten kuormien lis\u00e4ksi &hellip; <a href=\"https:\/\/www.lammi.fi\/harkko\/kayttokohteet\/maatalous\/\" class=\"more-link\">Lue lis\u00e4\u00e4<span class=\"screen-reader-text\"> &#8221;Maatalous&#8221;<\/span><\/a><\/p>\n","protected":false},"author":5,"featured_media":0,"parent":19,"menu_order":0,"comment_status":"closed","ping_status":"closed","template":"","meta":{"_acf_changed":false,"_improvement_type_select":"improve_an_existing","_thumb_yes_seoaic":false,"_frame_yes_seoaic":false,"seoaic_generate_description":"","seoaic_improve_instructions_prompt":"","seoaic_rollback_content_improvement":"","seoaic_idea_thumbnail_generator":"","thumbnail_generated":false,"thumbnail_generate_prompt":"","seoaic_article_description":"","_glsr_average":0,"_glsr_ranking":0,"_glsr_reviews":0,"footnotes":""},"class_list":["post-575","page","type-page","status-publish","hentry"],"acf":[],"yoast_head":"<!-- This site is optimized with the Yoast SEO plugin v27.4 - https:\/\/yoast.com\/product\/yoast-seo-wordpress\/ -->\n<title>Lammi Harkko - Maatalousrakentaminen<\/title>\n<meta name=\"description\" content=\"Harkot maatalousrakentamisessa \u2013 Harkkojen k\u00e4ytt\u00f6\u00e4 puoltaa k\u00e4sitelt\u00e4vyyden lis\u00e4ksi niiden soveltuvuus monimuotoisiin kohteisiin.\" \/>\n<link rel=\"canonical\" href=\"https:\/\/www.lammi.fi\/harkko\/kayttokohteet\/maatalous\/\" \/>\n<meta property=\"og:locale\" content=\"fi_FI\" \/>\n<meta property=\"og:type\" content=\"article\" \/>\n<meta property=\"og:title\" content=\"Lammi Harkko - Maatalousrakentaminen\" \/>\n<meta property=\"og:description\" content=\"Harkot maatalousrakentamisessa \u2013 Harkkojen k\u00e4ytt\u00f6\u00e4 puoltaa k\u00e4sitelt\u00e4vyyden lis\u00e4ksi niiden soveltuvuus monimuotoisiin kohteisiin.\" \/>\n<meta property=\"og:url\" content=\"https:\/\/www.lammi.fi\/harkko\/kayttokohteet\/maatalous\/\" \/>\n<meta property=\"og:site_name\" content=\"Lammi Harkko\" \/>\n<meta property=\"article:modified_time\" content=\"2023-04-04T07:03:04+00:00\" \/>\n<meta property=\"og:image\" content=\"https:\/\/www.lammi.fi\/harkko\/wp-content\/uploads\/sites\/3\/2018\/09\/harkko_alasivu_kayttokohteet_maatalous-1024x562.jpg\" \/>\n<meta name=\"twitter:card\" content=\"summary_large_image\" \/>\n<meta name=\"twitter:label1\" content=\"Arvioitu lukuaika\" \/>\n\t<meta name=\"twitter:data1\" content=\"2 minuuttia\" \/>\n<script type=\"application\/ld+json\" class=\"yoast-schema-graph\">{\"@context\":\"https:\\\/\\\/schema.org\",\"@graph\":[{\"@type\":\"WebPage\",\"@id\":\"https:\\\/\\\/www.lammi.fi\\\/harkko\\\/kayttokohteet\\\/maatalous\\\/\",\"url\":\"https:\\\/\\\/www.lammi.fi\\\/harkko\\\/kayttokohteet\\\/maatalous\\\/\",\"name\":\"Lammi Harkko - Maatalousrakentaminen\",\"isPartOf\":{\"@id\":\"https:\\\/\\\/www.lammi.fi\\\/harkko\\\/#website\"},\"primaryImageOfPage\":{\"@id\":\"https:\\\/\\\/www.lammi.fi\\\/harkko\\\/kayttokohteet\\\/maatalous\\\/#primaryimage\"},\"image\":{\"@id\":\"https:\\\/\\\/www.lammi.fi\\\/harkko\\\/kayttokohteet\\\/maatalous\\\/#primaryimage\"},\"thumbnailUrl\":\"https:\\\/\\\/www.lammi.fi\\\/harkko\\\/wp-content\\\/uploads\\\/sites\\\/3\\\/2018\\\/09\\\/harkko_alasivu_kayttokohteet_maatalous-1024x562.jpg\",\"datePublished\":\"2018-09-17T10:50:27+00:00\",\"dateModified\":\"2023-04-04T07:03:04+00:00\",\"description\":\"Harkot maatalousrakentamisessa \u2013 Harkkojen k\u00e4ytt\u00f6\u00e4 puoltaa k\u00e4sitelt\u00e4vyyden lis\u00e4ksi niiden soveltuvuus monimuotoisiin kohteisiin.\",\"breadcrumb\":{\"@id\":\"https:\\\/\\\/www.lammi.fi\\\/harkko\\\/kayttokohteet\\\/maatalous\\\/#breadcrumb\"},\"inLanguage\":\"fi\",\"potentialAction\":[{\"@type\":\"ReadAction\",\"target\":[\"https:\\\/\\\/www.lammi.fi\\\/harkko\\\/kayttokohteet\\\/maatalous\\\/\"]}]},{\"@type\":\"ImageObject\",\"inLanguage\":\"fi\",\"@id\":\"https:\\\/\\\/www.lammi.fi\\\/harkko\\\/kayttokohteet\\\/maatalous\\\/#primaryimage\",\"url\":\"https:\\\/\\\/www.lammi.fi\\\/harkko\\\/wp-content\\\/uploads\\\/sites\\\/3\\\/2018\\\/09\\\/harkko_alasivu_kayttokohteet_maatalous.jpg\",\"contentUrl\":\"https:\\\/\\\/www.lammi.fi\\\/harkko\\\/wp-content\\\/uploads\\\/sites\\\/3\\\/2018\\\/09\\\/harkko_alasivu_kayttokohteet_maatalous.jpg\",\"width\":1600,\"height\":878},{\"@type\":\"BreadcrumbList\",\"@id\":\"https:\\\/\\\/www.lammi.fi\\\/harkko\\\/kayttokohteet\\\/maatalous\\\/#breadcrumb\",\"itemListElement\":[{\"@type\":\"ListItem\",\"position\":1,\"name\":\"Lammi.fi\",\"item\":\"https:\\\/\\\/www.lammi.fi\"},{\"@type\":\"ListItem\",\"position\":2,\"name\":\"Lammi Harkko\",\"item\":\"https:\\\/\\\/www.lammi.fi\\\/harkko\\\/\"},{\"@type\":\"ListItem\",\"position\":3,\"name\":\"K\u00e4ytt\u00f6kohteet\",\"item\":\"https:\\\/\\\/www.lammi.fi\\\/harkko\\\/kayttokohteet\\\/\"},{\"@type\":\"ListItem\",\"position\":4,\"name\":\"Maatalous\"}]},{\"@type\":\"WebSite\",\"@id\":\"https:\\\/\\\/www.lammi.fi\\\/harkko\\\/#website\",\"url\":\"https:\\\/\\\/www.lammi.fi\\\/harkko\\\/\",\"name\":\"Lammi Harkko\",\"description\":\"\",\"publisher\":{\"@id\":\"https:\\\/\\\/www.lammi.fi\\\/harkko\\\/#organization\"},\"potentialAction\":[{\"@type\":\"SearchAction\",\"target\":{\"@type\":\"EntryPoint\",\"urlTemplate\":\"https:\\\/\\\/www.lammi.fi\\\/harkko\\\/?s={search_term_string}\"},\"query-input\":{\"@type\":\"PropertyValueSpecification\",\"valueRequired\":true,\"valueName\":\"search_term_string\"}}],\"inLanguage\":\"fi\"},{\"@type\":\"Organization\",\"@id\":\"https:\\\/\\\/www.lammi.fi\\\/harkko\\\/#organization\",\"name\":\"Lammi Harkko\",\"url\":\"https:\\\/\\\/www.lammi.fi\\\/harkko\\\/\",\"logo\":{\"@type\":\"ImageObject\",\"inLanguage\":\"fi\",\"@id\":\"https:\\\/\\\/www.lammi.fi\\\/harkko\\\/#\\\/schema\\\/logo\\\/image\\\/\",\"url\":\"https:\\\/\\\/www.lammi.fi\\\/harkko\\\/wp-content\\\/uploads\\\/sites\\\/3\\\/2018\\\/06\\\/cropped-lammi_logo.png\",\"contentUrl\":\"https:\\\/\\\/www.lammi.fi\\\/harkko\\\/wp-content\\\/uploads\\\/sites\\\/3\\\/2018\\\/06\\\/cropped-lammi_logo.png\",\"width\":240,\"height\":122,\"caption\":\"Lammi Harkko\"},\"image\":{\"@id\":\"https:\\\/\\\/www.lammi.fi\\\/harkko\\\/#\\\/schema\\\/logo\\\/image\\\/\"}}]}<\/script>\n<!-- \/ Yoast SEO plugin. -->","yoast_head_json":{"title":"Lammi Harkko - Maatalousrakentaminen","description":"Harkot maatalousrakentamisessa \u2013 Harkkojen k\u00e4ytt\u00f6\u00e4 puoltaa k\u00e4sitelt\u00e4vyyden lis\u00e4ksi niiden soveltuvuus monimuotoisiin kohteisiin.","canonical":"https:\/\/www.lammi.fi\/harkko\/kayttokohteet\/maatalous\/","og_locale":"fi_FI","og_type":"article","og_title":"Lammi Harkko - Maatalousrakentaminen","og_description":"Harkot maatalousrakentamisessa \u2013 Harkkojen k\u00e4ytt\u00f6\u00e4 puoltaa k\u00e4sitelt\u00e4vyyden lis\u00e4ksi niiden soveltuvuus monimuotoisiin kohteisiin.","og_url":"https:\/\/www.lammi.fi\/harkko\/kayttokohteet\/maatalous\/","og_site_name":"Lammi Harkko","article_modified_time":"2023-04-04T07:03:04+00:00","og_image":[{"url":"https:\/\/www.lammi.fi\/harkko\/wp-content\/uploads\/sites\/3\/2018\/09\/harkko_alasivu_kayttokohteet_maatalous-1024x562.jpg","type":"","width":"","height":""}],"twitter_card":"summary_large_image","twitter_misc":{"Arvioitu lukuaika":"2 minuuttia"},"schema":{"@context":"https:\/\/schema.org","@graph":[{"@type":"WebPage","@id":"https:\/\/www.lammi.fi\/harkko\/kayttokohteet\/maatalous\/","url":"https:\/\/www.lammi.fi\/harkko\/kayttokohteet\/maatalous\/","name":"Lammi Harkko - Maatalousrakentaminen","isPartOf":{"@id":"https:\/\/www.lammi.fi\/harkko\/#website"},"primaryImageOfPage":{"@id":"https:\/\/www.lammi.fi\/harkko\/kayttokohteet\/maatalous\/#primaryimage"},"image":{"@id":"https:\/\/www.lammi.fi\/harkko\/kayttokohteet\/maatalous\/#primaryimage"},"thumbnailUrl":"https:\/\/www.lammi.fi\/harkko\/wp-content\/uploads\/sites\/3\/2018\/09\/harkko_alasivu_kayttokohteet_maatalous-1024x562.jpg","datePublished":"2018-09-17T10:50:27+00:00","dateModified":"2023-04-04T07:03:04+00:00","description":"Harkot maatalousrakentamisessa \u2013 Harkkojen k\u00e4ytt\u00f6\u00e4 puoltaa k\u00e4sitelt\u00e4vyyden lis\u00e4ksi niiden soveltuvuus monimuotoisiin kohteisiin.","breadcrumb":{"@id":"https:\/\/www.lammi.fi\/harkko\/kayttokohteet\/maatalous\/#breadcrumb"},"inLanguage":"fi","potentialAction":[{"@type":"ReadAction","target":["https:\/\/www.lammi.fi\/harkko\/kayttokohteet\/maatalous\/"]}]},{"@type":"ImageObject","inLanguage":"fi","@id":"https:\/\/www.lammi.fi\/harkko\/kayttokohteet\/maatalous\/#primaryimage","url":"https:\/\/www.lammi.fi\/harkko\/wp-content\/uploads\/sites\/3\/2018\/09\/harkko_alasivu_kayttokohteet_maatalous.jpg","contentUrl":"https:\/\/www.lammi.fi\/harkko\/wp-content\/uploads\/sites\/3\/2018\/09\/harkko_alasivu_kayttokohteet_maatalous.jpg","width":1600,"height":878},{"@type":"BreadcrumbList","@id":"https:\/\/www.lammi.fi\/harkko\/kayttokohteet\/maatalous\/#breadcrumb","itemListElement":[{"@type":"ListItem","position":1,"name":"Lammi.fi","item":"https:\/\/www.lammi.fi"},{"@type":"ListItem","position":2,"name":"Lammi Harkko","item":"https:\/\/www.lammi.fi\/harkko\/"},{"@type":"ListItem","position":3,"name":"K\u00e4ytt\u00f6kohteet","item":"https:\/\/www.lammi.fi\/harkko\/kayttokohteet\/"},{"@type":"ListItem","position":4,"name":"Maatalous"}]},{"@type":"WebSite","@id":"https:\/\/www.lammi.fi\/harkko\/#website","url":"https:\/\/www.lammi.fi\/harkko\/","name":"Lammi Harkko","description":"","publisher":{"@id":"https:\/\/www.lammi.fi\/harkko\/#organization"},"potentialAction":[{"@type":"SearchAction","target":{"@type":"EntryPoint","urlTemplate":"https:\/\/www.lammi.fi\/harkko\/?s={search_term_string}"},"query-input":{"@type":"PropertyValueSpecification","valueRequired":true,"valueName":"search_term_string"}}],"inLanguage":"fi"},{"@type":"Organization","@id":"https:\/\/www.lammi.fi\/harkko\/#organization","name":"Lammi Harkko","url":"https:\/\/www.lammi.fi\/harkko\/","logo":{"@type":"ImageObject","inLanguage":"fi","@id":"https:\/\/www.lammi.fi\/harkko\/#\/schema\/logo\/image\/","url":"https:\/\/www.lammi.fi\/harkko\/wp-content\/uploads\/sites\/3\/2018\/06\/cropped-lammi_logo.png","contentUrl":"https:\/\/www.lammi.fi\/harkko\/wp-content\/uploads\/sites\/3\/2018\/06\/cropped-lammi_logo.png","width":240,"height":122,"caption":"Lammi Harkko"},"image":{"@id":"https:\/\/www.lammi.fi\/harkko\/#\/schema\/logo\/image\/"}}]}},"_links":{"self":[{"href":"https:\/\/www.lammi.fi\/harkko\/wp-json\/wp\/v2\/pages\/575","targetHints":{"allow":["GET"]}}],"collection":[{"href":"https:\/\/www.lammi.fi\/harkko\/wp-json\/wp\/v2\/pages"}],"about":[{"href":"https:\/\/www.lammi.fi\/harkko\/wp-json\/wp\/v2\/types\/page"}],"author":[{"embeddable":true,"href":"https:\/\/www.lammi.fi\/harkko\/wp-json\/wp\/v2\/users\/5"}],"replies":[{"embeddable":true,"href":"https:\/\/www.lammi.fi\/harkko\/wp-json\/wp\/v2\/comments?post=575"}],"version-history":[{"count":7,"href":"https:\/\/www.lammi.fi\/harkko\/wp-json\/wp\/v2\/pages\/575\/revisions"}],"predecessor-version":[{"id":3423,"href":"https:\/\/www.lammi.fi\/harkko\/wp-json\/wp\/v2\/pages\/575\/revisions\/3423"}],"up":[{"embeddable":true,"href":"https:\/\/www.lammi.fi\/harkko\/wp-json\/wp\/v2\/pages\/19"}],"wp:attachment":[{"href":"https:\/\/www.lammi.fi\/harkko\/wp-json\/wp\/v2\/media?parent=575"}],"curies":[{"name":"wp","href":"https:\/\/api.w.org\/{rel}","templated":true}]}}