{"id":573,"date":"2018-09-17T10:49:40","date_gmt":"2018-09-17T10:49:40","guid":{"rendered":"https:\/\/www.lammi.fi\/harkko\/?page_id=573"},"modified":"2023-09-19T15:51:44","modified_gmt":"2023-09-19T12:51:44","slug":"perustus","status":"publish","type":"page","link":"https:\/\/www.lammi.fi\/harkko\/kayttokohteet\/perustukset\/perustus\/","title":{"rendered":"Perustus"},"content":{"rendered":"<h1>Talon perustukset<\/h1>\n<p>Perustus on rakennusten ja rakennelmien maata vasten tuleva osa, jolle rakennelman paino kohdistuu. Perustuksen tarkoitus on est\u00e4\u00e4 rakennuksen painuminen, sill\u00e4 painaumat aiheuttavat halkeamia sek\u00e4 perustuksiin ett\u00e4 my\u00f6s talon lattiaan ja seiniin. K\u00e4yt\u00e4nn\u00f6ss\u00e4 kaikilla paikalleen sijoitetuilla rakennuksilla ja rakennelmilla on perustus. Pientalot perustetaan tavallisesti maanvaraisiksi tai kalliolle. Perustusrakenteiksi luetaan yleens\u00e4 rakennuksen alimman alapohjan tason alapuoliset kantavat rakenteet.<\/p>\n<p>Perustus voidaan toteuttaa monella eri tavalla. Perustamistavat voidaan jakaa matalaperustuksiin, tuulettuviin perustuksiin, syv\u00e4perustuksiin, pilariperustuksiin ja kellarillisiin perustuksiin.\u00a0Perustustavan valinta, suunnittelu ja toteutus ovat teknisesti rakennushankkeen jopa t\u00e4rkein vaihe. Perustuksen on jaettava rakennuksen paino riitt\u00e4v\u00e4n laajalle alalle, jotta maa perustuksen alla ei pet\u00e4.<\/p>\n<h2>Maaper\u00e4n kantavuus ratkaisee perustustyypin valinnan<\/h2>\n<p>Perustuksen on kestett\u00e4v\u00e4 rakennuksen aiheuttama rasitus vuodenajoista ja vuosien kulumisesta riippumatta, sill\u00e4 sen korjaaminen on yleens\u00e4 mahdotonta tai eritt\u00e4in vaikeaa. Siksi rakennelman perustus m\u00e4\u00e4ritt\u00e4\u00e4kin usein rakennuksen elini\u00e4n. Jos\u00a0omakotitalon rakennuspaikka ei olisikaan maaper\u00e4lt\u00e4\u00e4n ihanteellinen, voidaan massanvaihdolla maapohja tehd\u00e4 rakentamiskelpoiseksi. Massanvaihto on yleens\u00e4 rakentamisen kokonaiskustannuksista vain noin 1-3%, joten se on usein kannattavaa toteuttaa maapohjan niin edellytt\u00e4ess\u00e4.<\/p>\n<h3>Pohja-\/maaper\u00e4tutkimus<\/h3>\n<p>Maaper\u00e4tutkimuksella todetaan pohjan kantavuus, jonka perusteella kohteen rakennesuunnittelija p\u00e4\u00e4tt\u00e4\u00e4 tontille parhaiten sopivan perustusratkaisun. My\u00f6s pohjaveden yl\u00e4pinnan korkeusasema ja maaper\u00e4n radonpitoisuus on syyt\u00e4 selvitt\u00e4\u00e4.<\/p>\n<h2>Antura- ja sokkeliperustukset<\/h2>\n<p>Antura- ja sokkeliperustuksessa antura jakaa sokkelille tulevan rakennuksen kuorman laajemmalle alueelle, jotta perustuksen alla olevaan maaper\u00e4\u00e4n kohdistuva paine ei kasvaisi liian suureksi. Anturaperustusta k\u00e4ytet\u00e4\u00e4n matalaperustuksissa, kellariperustuksissa ja tuulettuvissa alapohjissa. Mik\u00e4li perustustyyppin\u00e4 on tuulettuva alapohja, sokkeliin j\u00e4tet\u00e4\u00e4n tuuletusaukkoja, jotta maaper\u00e4st\u00e4 tuleva kosteus ja radioaktiivinen radonkaasu eiv\u00e4t kulkeutuisi talon rakenteisiin. T\u00e4llaista tuulettuvaa alapohjaa kutsutaan my\u00f6s nimell\u00e4 rossipohja. Olipa k\u00e4ytett\u00e4v\u00e4 perustustyyppi mik\u00e4 tahansa, tulee sokkelin ja alapohjalaatan liitoskohtaan asentaa rakennusvaiheessa radonkatko.<\/p>\n<p><strong><a href=\"https:\/\/www.lammi.fi\/tassu\/\" target=\"_blank\" rel=\"noopener\">Lue lis\u00e4\u00e4 anturaperustuksesta\u00a0\u00bb<\/a><\/strong><br \/>\n<strong><a href=\"https:\/\/www.lammi.fi\/harkko\/kayttokohteet\/perustukset\/sokkeli\/\">Lue lis\u00e4\u00e4 sokkeliperustuksista\u00a0\u00bb<\/a><\/strong><\/p>\n<h2>Pilariperustus<\/h2>\n<p>Mik\u00e4li rakennuksen kuormat eiv\u00e4t ole suuria, voidaan perustus toteuttaa my\u00f6s pilariperustuksena. Valetuilla ter\u00e4sbetonipilareilla perustuksesta saadaan painumaton ja vahva. Pilariperustuksella on suuri kantokyky ja kest\u00e4vyys. Pilariperustus on tehokkain tapa tuulettaa pois maaper\u00e4st\u00e4 tuleva kosteus ja radonkaasu \u2013 rakennus tulee sen p\u00e4\u00e4lle, irti maanpinnasta. Usein pilariperustusta k\u00e4ytet\u00e4\u00e4n kes\u00e4m\u00f6kkien, loma-asuntojen, terassien ja parvekkeiden perustuksena.<\/p>\n<p><strong>Tarjoamme pilariperustukseen\u00a0<a href=\"http:\/\/lammi-perustus.fi\/tuotteet\/tassu-pilarimuotti\/#.UzlHSvl_uSp\" target=\"_blank\" rel=\"noopener\">anturamuotit\u00a0\u00bb<\/a>, sek\u00e4 kolme erilaista\u00a0<\/strong><a href=\"https:\/\/www.lammi.fi\/harkko\/tuotteet\/pilariharkot\/pilarit\/\"><strong>pilariharkkotyyppi\u00e4\u00a0\u00bb<\/strong><\/a><\/p>\n<h2>Kellariperustus<\/h2>\n<p>Asuintalojen alle voidaan usein rakentaa my\u00f6s t\u00e4yskorkea kellaritila, joka toimii paitsi perustuksena, my\u00f6s asuin- ja varastotilana.<\/p>\n<p><strong><a href=\"https:\/\/www.lammi.fi\/harkko\/kayttokohteet\/kellarit\/kellari-omakotitaloon\/\">Lue lis\u00e4\u00e4 kellariperustuksesta\u00a0\u00bb<\/a><\/strong><\/p>\n<h2>Reunavahvistettu laatta<\/h2>\n<p>Jos maaper\u00e4n kantavuus on ainoastaan kohtalainen, voidaan my\u00f6s k\u00e4ytt\u00e4\u00e4 reunavahvistettua laattaa. Siin\u00e4 maaper\u00e4\u00e4n kohdistuva rasitus jakautuu koko pohjalaatan alueelle, ja reunat vahvistetaan kantamaan seinist\u00e4 tulevia kuormia sek\u00e4 antamaan laatan reunalle riitt\u00e4v\u00e4 korkeus. Reunavahvistettua laattaa voidaan k\u00e4ytt\u00e4\u00e4 my\u00f6s silloin, kun ei haluta kaivaa kovin syv\u00e4lle, esimerkiksi kovaan maaper\u00e4\u00e4n.<\/p>\n<h2>Perustuksia t\u00e4ydent\u00e4v\u00e4t rakenteet<\/h2>\n<p>Teknisen toimivuuden vuoksi t\u00e4rke\u00e4 osa perustusta on sen routa- ja vesieristys. Perustukset joko ulotetaan maapohjan l\u00e4pi aina roudattomaan syvyyteen asti, tai perustusten alle tehd\u00e4\u00e4n tarkoituksenmukainen routaeristys pit\u00e4m\u00e4\u00e4n est\u00e4m\u00e4\u00e4n roudan p\u00e4\u00e4sy perustusten alle.\u00a0Liika kosteus johdetaan pois rakennuspohjasta k\u00e4ytt\u00e4m\u00e4ll\u00e4 vett\u00e4 l\u00e4p\u00e4isevi\u00e4 maalajeja, johtamalla pintavedet pois rakennuksesta, sek\u00e4 k\u00e4ytt\u00e4m\u00e4ll\u00e4 salaojitusta. N\u00e4iden lis\u00e4ksi perustuksiin tai perustusten ja niiden yl\u00e4puolisten rakenteiden v\u00e4liin tarvitaan yleens\u00e4 ulkopuolinen vesieristys. Sill\u00e4 estet\u00e4\u00e4n maaper\u00e4n kosteuden imeytyminen rakenteisiin ja v\u00e4ltet\u00e4\u00e4n riski kosteus-, home-, laho- ja muiden vaurioiden syntymisest\u00e4.<\/p>\n","protected":false},"excerpt":{"rendered":"<p>Talon perustukset Perustus on rakennusten ja rakennelmien maata vasten tuleva osa, jolle rakennelman paino kohdistuu. Perustuksen tarkoitus on est\u00e4\u00e4 rakennuksen painuminen, sill\u00e4 painaumat aiheuttavat halkeamia sek\u00e4 perustuksiin ett\u00e4 my\u00f6s talon lattiaan ja seiniin. K\u00e4yt\u00e4nn\u00f6ss\u00e4 kaikilla paikalleen sijoitetuilla rakennuksilla ja rakennelmilla on perustus. Pientalot perustetaan tavallisesti maanvaraisiksi tai kalliolle. Perustusrakenteiksi luetaan yleens\u00e4 rakennuksen alimman alapohjan tason &hellip; <a href=\"https:\/\/www.lammi.fi\/harkko\/kayttokohteet\/perustukset\/perustus\/\" class=\"more-link\">Lue lis\u00e4\u00e4<span class=\"screen-reader-text\"> &#8221;Perustus&#8221;<\/span><\/a><\/p>\n","protected":false},"author":5,"featured_media":0,"parent":569,"menu_order":0,"comment_status":"closed","ping_status":"closed","template":"","meta":{"_acf_changed":false,"_improvement_type_select":"improve_an_existing","_thumb_yes_seoaic":false,"_frame_yes_seoaic":false,"seoaic_generate_description":"","seoaic_improve_instructions_prompt":"","seoaic_rollback_content_improvement":"","seoaic_idea_thumbnail_generator":"","thumbnail_generated":false,"thumbnail_generate_prompt":"","seoaic_article_description":"","_glsr_average":0,"_glsr_ranking":0,"_glsr_reviews":0,"footnotes":""},"class_list":["post-573","page","type-page","status-publish","hentry"],"acf":[],"yoast_head":"<!-- This site is optimized with the Yoast SEO plugin v27.4 - https:\/\/yoast.com\/product\/yoast-seo-wordpress\/ -->\n<title>Lammi Harkko - Perustus<\/title>\n<meta name=\"description\" content=\"Perustus on rakennusten ja rakennelmien maata vasten tuleva osa, jolle rakennelman paino kohdistuu. Perustus voidaan toteuttaa monella eri tavalla.\" \/>\n<link rel=\"canonical\" href=\"https:\/\/www.lammi.fi\/harkko\/kayttokohteet\/perustukset\/perustus\/\" \/>\n<meta property=\"og:locale\" content=\"fi_FI\" \/>\n<meta property=\"og:type\" content=\"article\" \/>\n<meta property=\"og:title\" content=\"Lammi Harkko - Perustus\" \/>\n<meta property=\"og:description\" content=\"Perustus on rakennusten ja rakennelmien maata vasten tuleva osa, jolle rakennelman paino kohdistuu. Perustus voidaan toteuttaa monella eri tavalla.\" \/>\n<meta property=\"og:url\" content=\"https:\/\/www.lammi.fi\/harkko\/kayttokohteet\/perustukset\/perustus\/\" \/>\n<meta property=\"og:site_name\" content=\"Lammi Harkko\" \/>\n<meta property=\"article:modified_time\" content=\"2023-09-19T12:51:44+00:00\" \/>\n<meta name=\"twitter:card\" content=\"summary_large_image\" \/>\n<meta name=\"twitter:label1\" content=\"Arvioitu lukuaika\" \/>\n\t<meta name=\"twitter:data1\" content=\"3 minuuttia\" \/>\n<script type=\"application\/ld+json\" class=\"yoast-schema-graph\">{\"@context\":\"https:\\\/\\\/schema.org\",\"@graph\":[{\"@type\":\"WebPage\",\"@id\":\"https:\\\/\\\/www.lammi.fi\\\/harkko\\\/kayttokohteet\\\/perustukset\\\/perustus\\\/\",\"url\":\"https:\\\/\\\/www.lammi.fi\\\/harkko\\\/kayttokohteet\\\/perustukset\\\/perustus\\\/\",\"name\":\"Lammi Harkko - Perustus\",\"isPartOf\":{\"@id\":\"https:\\\/\\\/www.lammi.fi\\\/harkko\\\/#website\"},\"datePublished\":\"2018-09-17T10:49:40+00:00\",\"dateModified\":\"2023-09-19T12:51:44+00:00\",\"description\":\"Perustus on rakennusten ja rakennelmien maata vasten tuleva osa, jolle rakennelman paino kohdistuu. Perustus voidaan toteuttaa monella eri tavalla.\",\"breadcrumb\":{\"@id\":\"https:\\\/\\\/www.lammi.fi\\\/harkko\\\/kayttokohteet\\\/perustukset\\\/perustus\\\/#breadcrumb\"},\"inLanguage\":\"fi\",\"potentialAction\":[{\"@type\":\"ReadAction\",\"target\":[\"https:\\\/\\\/www.lammi.fi\\\/harkko\\\/kayttokohteet\\\/perustukset\\\/perustus\\\/\"]}]},{\"@type\":\"BreadcrumbList\",\"@id\":\"https:\\\/\\\/www.lammi.fi\\\/harkko\\\/kayttokohteet\\\/perustukset\\\/perustus\\\/#breadcrumb\",\"itemListElement\":[{\"@type\":\"ListItem\",\"position\":1,\"name\":\"Lammi.fi\",\"item\":\"https:\\\/\\\/www.lammi.fi\"},{\"@type\":\"ListItem\",\"position\":2,\"name\":\"Lammi Harkko\",\"item\":\"https:\\\/\\\/www.lammi.fi\\\/harkko\\\/\"},{\"@type\":\"ListItem\",\"position\":3,\"name\":\"K\u00e4ytt\u00f6kohteet\",\"item\":\"https:\\\/\\\/www.lammi.fi\\\/harkko\\\/kayttokohteet\\\/\"},{\"@type\":\"ListItem\",\"position\":4,\"name\":\"Perustukset\",\"item\":\"https:\\\/\\\/www.lammi.fi\\\/harkko\\\/kayttokohteet\\\/perustukset\\\/\"},{\"@type\":\"ListItem\",\"position\":5,\"name\":\"Perustus\"}]},{\"@type\":\"WebSite\",\"@id\":\"https:\\\/\\\/www.lammi.fi\\\/harkko\\\/#website\",\"url\":\"https:\\\/\\\/www.lammi.fi\\\/harkko\\\/\",\"name\":\"Lammi Harkko\",\"description\":\"\",\"publisher\":{\"@id\":\"https:\\\/\\\/www.lammi.fi\\\/harkko\\\/#organization\"},\"potentialAction\":[{\"@type\":\"SearchAction\",\"target\":{\"@type\":\"EntryPoint\",\"urlTemplate\":\"https:\\\/\\\/www.lammi.fi\\\/harkko\\\/?s={search_term_string}\"},\"query-input\":{\"@type\":\"PropertyValueSpecification\",\"valueRequired\":true,\"valueName\":\"search_term_string\"}}],\"inLanguage\":\"fi\"},{\"@type\":\"Organization\",\"@id\":\"https:\\\/\\\/www.lammi.fi\\\/harkko\\\/#organization\",\"name\":\"Lammi Harkko\",\"url\":\"https:\\\/\\\/www.lammi.fi\\\/harkko\\\/\",\"logo\":{\"@type\":\"ImageObject\",\"inLanguage\":\"fi\",\"@id\":\"https:\\\/\\\/www.lammi.fi\\\/harkko\\\/#\\\/schema\\\/logo\\\/image\\\/\",\"url\":\"https:\\\/\\\/www.lammi.fi\\\/harkko\\\/wp-content\\\/uploads\\\/sites\\\/3\\\/2018\\\/06\\\/cropped-lammi_logo.png\",\"contentUrl\":\"https:\\\/\\\/www.lammi.fi\\\/harkko\\\/wp-content\\\/uploads\\\/sites\\\/3\\\/2018\\\/06\\\/cropped-lammi_logo.png\",\"width\":240,\"height\":122,\"caption\":\"Lammi Harkko\"},\"image\":{\"@id\":\"https:\\\/\\\/www.lammi.fi\\\/harkko\\\/#\\\/schema\\\/logo\\\/image\\\/\"}}]}<\/script>\n<!-- \/ Yoast SEO plugin. -->","yoast_head_json":{"title":"Lammi Harkko - Perustus","description":"Perustus on rakennusten ja rakennelmien maata vasten tuleva osa, jolle rakennelman paino kohdistuu. Perustus voidaan toteuttaa monella eri tavalla.","canonical":"https:\/\/www.lammi.fi\/harkko\/kayttokohteet\/perustukset\/perustus\/","og_locale":"fi_FI","og_type":"article","og_title":"Lammi Harkko - Perustus","og_description":"Perustus on rakennusten ja rakennelmien maata vasten tuleva osa, jolle rakennelman paino kohdistuu. Perustus voidaan toteuttaa monella eri tavalla.","og_url":"https:\/\/www.lammi.fi\/harkko\/kayttokohteet\/perustukset\/perustus\/","og_site_name":"Lammi Harkko","article_modified_time":"2023-09-19T12:51:44+00:00","twitter_card":"summary_large_image","twitter_misc":{"Arvioitu lukuaika":"3 minuuttia"},"schema":{"@context":"https:\/\/schema.org","@graph":[{"@type":"WebPage","@id":"https:\/\/www.lammi.fi\/harkko\/kayttokohteet\/perustukset\/perustus\/","url":"https:\/\/www.lammi.fi\/harkko\/kayttokohteet\/perustukset\/perustus\/","name":"Lammi Harkko - Perustus","isPartOf":{"@id":"https:\/\/www.lammi.fi\/harkko\/#website"},"datePublished":"2018-09-17T10:49:40+00:00","dateModified":"2023-09-19T12:51:44+00:00","description":"Perustus on rakennusten ja rakennelmien maata vasten tuleva osa, jolle rakennelman paino kohdistuu. Perustus voidaan toteuttaa monella eri tavalla.","breadcrumb":{"@id":"https:\/\/www.lammi.fi\/harkko\/kayttokohteet\/perustukset\/perustus\/#breadcrumb"},"inLanguage":"fi","potentialAction":[{"@type":"ReadAction","target":["https:\/\/www.lammi.fi\/harkko\/kayttokohteet\/perustukset\/perustus\/"]}]},{"@type":"BreadcrumbList","@id":"https:\/\/www.lammi.fi\/harkko\/kayttokohteet\/perustukset\/perustus\/#breadcrumb","itemListElement":[{"@type":"ListItem","position":1,"name":"Lammi.fi","item":"https:\/\/www.lammi.fi"},{"@type":"ListItem","position":2,"name":"Lammi Harkko","item":"https:\/\/www.lammi.fi\/harkko\/"},{"@type":"ListItem","position":3,"name":"K\u00e4ytt\u00f6kohteet","item":"https:\/\/www.lammi.fi\/harkko\/kayttokohteet\/"},{"@type":"ListItem","position":4,"name":"Perustukset","item":"https:\/\/www.lammi.fi\/harkko\/kayttokohteet\/perustukset\/"},{"@type":"ListItem","position":5,"name":"Perustus"}]},{"@type":"WebSite","@id":"https:\/\/www.lammi.fi\/harkko\/#website","url":"https:\/\/www.lammi.fi\/harkko\/","name":"Lammi Harkko","description":"","publisher":{"@id":"https:\/\/www.lammi.fi\/harkko\/#organization"},"potentialAction":[{"@type":"SearchAction","target":{"@type":"EntryPoint","urlTemplate":"https:\/\/www.lammi.fi\/harkko\/?s={search_term_string}"},"query-input":{"@type":"PropertyValueSpecification","valueRequired":true,"valueName":"search_term_string"}}],"inLanguage":"fi"},{"@type":"Organization","@id":"https:\/\/www.lammi.fi\/harkko\/#organization","name":"Lammi Harkko","url":"https:\/\/www.lammi.fi\/harkko\/","logo":{"@type":"ImageObject","inLanguage":"fi","@id":"https:\/\/www.lammi.fi\/harkko\/#\/schema\/logo\/image\/","url":"https:\/\/www.lammi.fi\/harkko\/wp-content\/uploads\/sites\/3\/2018\/06\/cropped-lammi_logo.png","contentUrl":"https:\/\/www.lammi.fi\/harkko\/wp-content\/uploads\/sites\/3\/2018\/06\/cropped-lammi_logo.png","width":240,"height":122,"caption":"Lammi Harkko"},"image":{"@id":"https:\/\/www.lammi.fi\/harkko\/#\/schema\/logo\/image\/"}}]}},"_links":{"self":[{"href":"https:\/\/www.lammi.fi\/harkko\/wp-json\/wp\/v2\/pages\/573","targetHints":{"allow":["GET"]}}],"collection":[{"href":"https:\/\/www.lammi.fi\/harkko\/wp-json\/wp\/v2\/pages"}],"about":[{"href":"https:\/\/www.lammi.fi\/harkko\/wp-json\/wp\/v2\/types\/page"}],"author":[{"embeddable":true,"href":"https:\/\/www.lammi.fi\/harkko\/wp-json\/wp\/v2\/users\/5"}],"replies":[{"embeddable":true,"href":"https:\/\/www.lammi.fi\/harkko\/wp-json\/wp\/v2\/comments?post=573"}],"version-history":[{"count":7,"href":"https:\/\/www.lammi.fi\/harkko\/wp-json\/wp\/v2\/pages\/573\/revisions"}],"predecessor-version":[{"id":3645,"href":"https:\/\/www.lammi.fi\/harkko\/wp-json\/wp\/v2\/pages\/573\/revisions\/3645"}],"up":[{"embeddable":true,"href":"https:\/\/www.lammi.fi\/harkko\/wp-json\/wp\/v2\/pages\/569"}],"wp:attachment":[{"href":"https:\/\/www.lammi.fi\/harkko\/wp-json\/wp\/v2\/media?parent=573"}],"curies":[{"name":"wp","href":"https:\/\/api.w.org\/{rel}","templated":true}]}}