{"id":571,"date":"2018-09-17T10:49:11","date_gmt":"2018-09-17T10:49:11","guid":{"rendered":"https:\/\/www.lammi.fi\/harkko\/?page_id=571"},"modified":"2023-03-30T15:53:04","modified_gmt":"2023-03-30T12:53:04","slug":"sokkeli","status":"publish","type":"page","link":"https:\/\/www.lammi.fi\/harkko\/kayttokohteet\/perustukset\/sokkeli\/","title":{"rendered":"Sokkeli"},"content":{"rendered":"<h1>Sokkeli eli perusmuuri<\/h1>\n<p>Sokkeli on osa rakennuksen perustuksia. Sen teht\u00e4v\u00e4n\u00e4 on siirt\u00e4\u00e4 yl\u00e4puolisten seinien kuormitus edelleen anturalle. Sokkeli voi toimia my\u00f6s maanpainetta v\u00e4litt\u00e4v\u00e4n\u00e4 rakenteena.<\/p>\n<p>Sokkeli tehd\u00e4\u00e4n anturan p\u00e4\u00e4lle ja sen p\u00e4\u00e4lle tulee rakennuksen runko. Sokkeli j\u00e4\u00e4 yleens\u00e4 osittain maan alle ja osittain n\u00e4kyviin.\u00a0Jos maaper\u00e4 rakennuksen alla on riitt\u00e4v\u00e4n kantavaa, ei rakennuksen painoa laajemmalle alalle jakava antura ole v\u00e4ltt\u00e4m\u00e4tt\u00e4 tarpeen. Usein antura kuitenkin vaaditaan.<\/p>\n<h2>Sokkelin valmistus<\/h2>\n<p>Sokkeli tehd\u00e4\u00e4n usein ter\u00e4sbetonista tai harkoista anturan p\u00e4\u00e4lle.\u00a0Sokkeli voidaan joko perustaa jatkuvan anturan varaan, tai k\u00e4ytt\u00e4\u00e4 sokkelipalkkeja jotka voidaan tukea p\u00e4ist\u00e4\u00e4n pilarianturoiden varaan. Sokkelipalkkien ja pilarianturoiden k\u00e4ytt\u00f6 on omakotitaloissa verrattain v\u00e4h\u00e4ist\u00e4.<\/p>\n<p>Sokkeli on valmistettava riitt\u00e4v\u00e4n korkeaksi, jotta se pit\u00e4\u00e4 rakennuksen irti maasta ja kosteudesta. Sokkelin tulee olla my\u00f6s riitt\u00e4v\u00e4n syv\u00e4, jottei routa p\u00e4\u00e4se anturan ja talon alle. Sokkelin ymp\u00e4rill\u00e4 on my\u00f6s huolehdittava pintavesien poisjohtamisesta, ettei vesi p\u00e4\u00e4se valumaan rakenteisiin.\u00a0Huolella valmistetussa sokkelissa ei synny kylm\u00e4siltoja, joista saattaisi aiheutua kosteuden tiivistymist\u00e4 rakenteisiin. My\u00f6s sokkelin ja sen yl\u00e4puolisen sein\u00e4n liitos on oltava ilmatiivis.\u00a0 Kapillaarikatkot sokkelin ja yl\u00e4puolisen sein\u00e4n sek\u00e4 sokkelin ja lattian v\u00e4liss\u00e4 est\u00e4v\u00e4t veden johtumisen rakenteiden v\u00e4lill\u00e4.<\/p>\n<h2>Luja sokkeli valuharkoista<\/h2>\n<p>Kun halutaan yhdist\u00e4\u00e4 ter\u00e4sbetonisokkelin lujuus ja harkkorakentamisen helppous, voidaan sokkeli toteuttaa valuharkoista. T\u00e4ll\u00f6in ontelolliset betoniharkot ladotaan anturan p\u00e4\u00e4lle ilman muurausta. Ladonnan yhteydess\u00e4 rakenne raudoitetaan ja siihen asennetaan tarvittavat tartunnat alaohjauspuuta varten. Lopuksi rakenne valetaan t\u00e4yteen betonia pumppuvalulla. N\u00e4in syntyy luja ja yhten\u00e4inen ter\u00e4sbetonisokkeli, joka kest\u00e4\u00e4 hyvin maanpainetta ja talon kuormia. Valuharkoilla voidaan toteuttaa sek\u00e4 maanvarainen ett\u00e4 tuulettuva sokkeli.<\/p>\n<p>Valuharkkosokkeli voidaan toteuttaa kohteen tarpeista riippuen eristeharkoista tai erist\u00e4m\u00e4tt\u00f6mist\u00e4 muottiharkoista.<\/p>\n<p><strong>Lue lis\u00e4\u00e4\u00a0<a href=\"http:\/\/www.lamminbetoni.fi\/fi\/lampokivet\">eristeharkoista \u00bb<\/a>\u00a0tai\u00a0<a href=\"https:\/\/www.lammi.fi\/harkko\/tuotteet\/muottiharkot\/\">muottiharkoista \u00bb<\/a><\/strong><\/p>\n","protected":false},"excerpt":{"rendered":"<p>Sokkeli eli perusmuuri Sokkeli on osa rakennuksen perustuksia. Sen teht\u00e4v\u00e4n\u00e4 on siirt\u00e4\u00e4 yl\u00e4puolisten seinien kuormitus edelleen anturalle. Sokkeli voi toimia my\u00f6s maanpainetta v\u00e4litt\u00e4v\u00e4n\u00e4 rakenteena. Sokkeli tehd\u00e4\u00e4n anturan p\u00e4\u00e4lle ja sen p\u00e4\u00e4lle tulee rakennuksen runko. Sokkeli j\u00e4\u00e4 yleens\u00e4 osittain maan alle ja osittain n\u00e4kyviin.\u00a0Jos maaper\u00e4 rakennuksen alla on riitt\u00e4v\u00e4n kantavaa, ei rakennuksen painoa laajemmalle alalle jakava &hellip; <a href=\"https:\/\/www.lammi.fi\/harkko\/kayttokohteet\/perustukset\/sokkeli\/\" class=\"more-link\">Lue lis\u00e4\u00e4<span class=\"screen-reader-text\"> &#8221;Sokkeli&#8221;<\/span><\/a><\/p>\n","protected":false},"author":5,"featured_media":0,"parent":569,"menu_order":0,"comment_status":"closed","ping_status":"closed","template":"","meta":{"_acf_changed":false,"_improvement_type_select":"improve_an_existing","_thumb_yes_seoaic":false,"_frame_yes_seoaic":false,"seoaic_generate_description":"","seoaic_improve_instructions_prompt":"","seoaic_rollback_content_improvement":"","seoaic_idea_thumbnail_generator":"","thumbnail_generated":false,"thumbnail_generate_prompt":"","seoaic_article_description":"","_glsr_average":0,"_glsr_ranking":0,"_glsr_reviews":0,"footnotes":""},"class_list":["post-571","page","type-page","status-publish","hentry"],"acf":[],"yoast_head":"<!-- This site is optimized with the Yoast SEO plugin v27.4 - https:\/\/yoast.com\/product\/yoast-seo-wordpress\/ -->\n<title>Lammi Harkko - Sokkeli<\/title>\n<meta name=\"description\" content=\"Sokkeli on osa rakennuksen perustuksia. Sen teht\u00e4v\u00e4n\u00e4 on siirt\u00e4\u00e4 yl\u00e4puolisten seinien kuormitus edelleen anturalle.\" \/>\n<link rel=\"canonical\" href=\"https:\/\/www.lammi.fi\/harkko\/kayttokohteet\/perustukset\/sokkeli\/\" \/>\n<meta property=\"og:locale\" content=\"fi_FI\" \/>\n<meta property=\"og:type\" content=\"article\" \/>\n<meta property=\"og:title\" content=\"Lammi Harkko - Sokkeli\" \/>\n<meta property=\"og:description\" content=\"Sokkeli on osa rakennuksen perustuksia. Sen teht\u00e4v\u00e4n\u00e4 on siirt\u00e4\u00e4 yl\u00e4puolisten seinien kuormitus edelleen anturalle.\" \/>\n<meta property=\"og:url\" content=\"https:\/\/www.lammi.fi\/harkko\/kayttokohteet\/perustukset\/sokkeli\/\" \/>\n<meta property=\"og:site_name\" content=\"Lammi Harkko\" \/>\n<meta property=\"article:modified_time\" content=\"2023-03-30T12:53:04+00:00\" \/>\n<meta name=\"twitter:card\" content=\"summary_large_image\" \/>\n<meta name=\"twitter:label1\" content=\"Arvioitu lukuaika\" \/>\n\t<meta name=\"twitter:data1\" content=\"2 minuuttia\" \/>\n<script type=\"application\/ld+json\" class=\"yoast-schema-graph\">{\"@context\":\"https:\\\/\\\/schema.org\",\"@graph\":[{\"@type\":\"WebPage\",\"@id\":\"https:\\\/\\\/www.lammi.fi\\\/harkko\\\/kayttokohteet\\\/perustukset\\\/sokkeli\\\/\",\"url\":\"https:\\\/\\\/www.lammi.fi\\\/harkko\\\/kayttokohteet\\\/perustukset\\\/sokkeli\\\/\",\"name\":\"Lammi Harkko - Sokkeli\",\"isPartOf\":{\"@id\":\"https:\\\/\\\/www.lammi.fi\\\/harkko\\\/#website\"},\"datePublished\":\"2018-09-17T10:49:11+00:00\",\"dateModified\":\"2023-03-30T12:53:04+00:00\",\"description\":\"Sokkeli on osa rakennuksen perustuksia. Sen teht\u00e4v\u00e4n\u00e4 on siirt\u00e4\u00e4 yl\u00e4puolisten seinien kuormitus edelleen anturalle.\",\"breadcrumb\":{\"@id\":\"https:\\\/\\\/www.lammi.fi\\\/harkko\\\/kayttokohteet\\\/perustukset\\\/sokkeli\\\/#breadcrumb\"},\"inLanguage\":\"fi\",\"potentialAction\":[{\"@type\":\"ReadAction\",\"target\":[\"https:\\\/\\\/www.lammi.fi\\\/harkko\\\/kayttokohteet\\\/perustukset\\\/sokkeli\\\/\"]}]},{\"@type\":\"BreadcrumbList\",\"@id\":\"https:\\\/\\\/www.lammi.fi\\\/harkko\\\/kayttokohteet\\\/perustukset\\\/sokkeli\\\/#breadcrumb\",\"itemListElement\":[{\"@type\":\"ListItem\",\"position\":1,\"name\":\"Lammi.fi\",\"item\":\"https:\\\/\\\/www.lammi.fi\"},{\"@type\":\"ListItem\",\"position\":2,\"name\":\"Lammi Harkko\",\"item\":\"https:\\\/\\\/www.lammi.fi\\\/harkko\\\/\"},{\"@type\":\"ListItem\",\"position\":3,\"name\":\"K\u00e4ytt\u00f6kohteet\",\"item\":\"https:\\\/\\\/www.lammi.fi\\\/harkko\\\/kayttokohteet\\\/\"},{\"@type\":\"ListItem\",\"position\":4,\"name\":\"Perustukset\",\"item\":\"https:\\\/\\\/www.lammi.fi\\\/harkko\\\/kayttokohteet\\\/perustukset\\\/\"},{\"@type\":\"ListItem\",\"position\":5,\"name\":\"Sokkeli\"}]},{\"@type\":\"WebSite\",\"@id\":\"https:\\\/\\\/www.lammi.fi\\\/harkko\\\/#website\",\"url\":\"https:\\\/\\\/www.lammi.fi\\\/harkko\\\/\",\"name\":\"Lammi Harkko\",\"description\":\"\",\"publisher\":{\"@id\":\"https:\\\/\\\/www.lammi.fi\\\/harkko\\\/#organization\"},\"potentialAction\":[{\"@type\":\"SearchAction\",\"target\":{\"@type\":\"EntryPoint\",\"urlTemplate\":\"https:\\\/\\\/www.lammi.fi\\\/harkko\\\/?s={search_term_string}\"},\"query-input\":{\"@type\":\"PropertyValueSpecification\",\"valueRequired\":true,\"valueName\":\"search_term_string\"}}],\"inLanguage\":\"fi\"},{\"@type\":\"Organization\",\"@id\":\"https:\\\/\\\/www.lammi.fi\\\/harkko\\\/#organization\",\"name\":\"Lammi Harkko\",\"url\":\"https:\\\/\\\/www.lammi.fi\\\/harkko\\\/\",\"logo\":{\"@type\":\"ImageObject\",\"inLanguage\":\"fi\",\"@id\":\"https:\\\/\\\/www.lammi.fi\\\/harkko\\\/#\\\/schema\\\/logo\\\/image\\\/\",\"url\":\"https:\\\/\\\/www.lammi.fi\\\/harkko\\\/wp-content\\\/uploads\\\/sites\\\/3\\\/2018\\\/06\\\/cropped-lammi_logo.png\",\"contentUrl\":\"https:\\\/\\\/www.lammi.fi\\\/harkko\\\/wp-content\\\/uploads\\\/sites\\\/3\\\/2018\\\/06\\\/cropped-lammi_logo.png\",\"width\":240,\"height\":122,\"caption\":\"Lammi Harkko\"},\"image\":{\"@id\":\"https:\\\/\\\/www.lammi.fi\\\/harkko\\\/#\\\/schema\\\/logo\\\/image\\\/\"}}]}<\/script>\n<!-- \/ Yoast SEO plugin. -->","yoast_head_json":{"title":"Lammi Harkko - Sokkeli","description":"Sokkeli on osa rakennuksen perustuksia. Sen teht\u00e4v\u00e4n\u00e4 on siirt\u00e4\u00e4 yl\u00e4puolisten seinien kuormitus edelleen anturalle.","canonical":"https:\/\/www.lammi.fi\/harkko\/kayttokohteet\/perustukset\/sokkeli\/","og_locale":"fi_FI","og_type":"article","og_title":"Lammi Harkko - Sokkeli","og_description":"Sokkeli on osa rakennuksen perustuksia. Sen teht\u00e4v\u00e4n\u00e4 on siirt\u00e4\u00e4 yl\u00e4puolisten seinien kuormitus edelleen anturalle.","og_url":"https:\/\/www.lammi.fi\/harkko\/kayttokohteet\/perustukset\/sokkeli\/","og_site_name":"Lammi Harkko","article_modified_time":"2023-03-30T12:53:04+00:00","twitter_card":"summary_large_image","twitter_misc":{"Arvioitu lukuaika":"2 minuuttia"},"schema":{"@context":"https:\/\/schema.org","@graph":[{"@type":"WebPage","@id":"https:\/\/www.lammi.fi\/harkko\/kayttokohteet\/perustukset\/sokkeli\/","url":"https:\/\/www.lammi.fi\/harkko\/kayttokohteet\/perustukset\/sokkeli\/","name":"Lammi Harkko - Sokkeli","isPartOf":{"@id":"https:\/\/www.lammi.fi\/harkko\/#website"},"datePublished":"2018-09-17T10:49:11+00:00","dateModified":"2023-03-30T12:53:04+00:00","description":"Sokkeli on osa rakennuksen perustuksia. Sen teht\u00e4v\u00e4n\u00e4 on siirt\u00e4\u00e4 yl\u00e4puolisten seinien kuormitus edelleen anturalle.","breadcrumb":{"@id":"https:\/\/www.lammi.fi\/harkko\/kayttokohteet\/perustukset\/sokkeli\/#breadcrumb"},"inLanguage":"fi","potentialAction":[{"@type":"ReadAction","target":["https:\/\/www.lammi.fi\/harkko\/kayttokohteet\/perustukset\/sokkeli\/"]}]},{"@type":"BreadcrumbList","@id":"https:\/\/www.lammi.fi\/harkko\/kayttokohteet\/perustukset\/sokkeli\/#breadcrumb","itemListElement":[{"@type":"ListItem","position":1,"name":"Lammi.fi","item":"https:\/\/www.lammi.fi"},{"@type":"ListItem","position":2,"name":"Lammi Harkko","item":"https:\/\/www.lammi.fi\/harkko\/"},{"@type":"ListItem","position":3,"name":"K\u00e4ytt\u00f6kohteet","item":"https:\/\/www.lammi.fi\/harkko\/kayttokohteet\/"},{"@type":"ListItem","position":4,"name":"Perustukset","item":"https:\/\/www.lammi.fi\/harkko\/kayttokohteet\/perustukset\/"},{"@type":"ListItem","position":5,"name":"Sokkeli"}]},{"@type":"WebSite","@id":"https:\/\/www.lammi.fi\/harkko\/#website","url":"https:\/\/www.lammi.fi\/harkko\/","name":"Lammi Harkko","description":"","publisher":{"@id":"https:\/\/www.lammi.fi\/harkko\/#organization"},"potentialAction":[{"@type":"SearchAction","target":{"@type":"EntryPoint","urlTemplate":"https:\/\/www.lammi.fi\/harkko\/?s={search_term_string}"},"query-input":{"@type":"PropertyValueSpecification","valueRequired":true,"valueName":"search_term_string"}}],"inLanguage":"fi"},{"@type":"Organization","@id":"https:\/\/www.lammi.fi\/harkko\/#organization","name":"Lammi Harkko","url":"https:\/\/www.lammi.fi\/harkko\/","logo":{"@type":"ImageObject","inLanguage":"fi","@id":"https:\/\/www.lammi.fi\/harkko\/#\/schema\/logo\/image\/","url":"https:\/\/www.lammi.fi\/harkko\/wp-content\/uploads\/sites\/3\/2018\/06\/cropped-lammi_logo.png","contentUrl":"https:\/\/www.lammi.fi\/harkko\/wp-content\/uploads\/sites\/3\/2018\/06\/cropped-lammi_logo.png","width":240,"height":122,"caption":"Lammi Harkko"},"image":{"@id":"https:\/\/www.lammi.fi\/harkko\/#\/schema\/logo\/image\/"}}]}},"_links":{"self":[{"href":"https:\/\/www.lammi.fi\/harkko\/wp-json\/wp\/v2\/pages\/571","targetHints":{"allow":["GET"]}}],"collection":[{"href":"https:\/\/www.lammi.fi\/harkko\/wp-json\/wp\/v2\/pages"}],"about":[{"href":"https:\/\/www.lammi.fi\/harkko\/wp-json\/wp\/v2\/types\/page"}],"author":[{"embeddable":true,"href":"https:\/\/www.lammi.fi\/harkko\/wp-json\/wp\/v2\/users\/5"}],"replies":[{"embeddable":true,"href":"https:\/\/www.lammi.fi\/harkko\/wp-json\/wp\/v2\/comments?post=571"}],"version-history":[{"count":6,"href":"https:\/\/www.lammi.fi\/harkko\/wp-json\/wp\/v2\/pages\/571\/revisions"}],"predecessor-version":[{"id":2655,"href":"https:\/\/www.lammi.fi\/harkko\/wp-json\/wp\/v2\/pages\/571\/revisions\/2655"}],"up":[{"embeddable":true,"href":"https:\/\/www.lammi.fi\/harkko\/wp-json\/wp\/v2\/pages\/569"}],"wp:attachment":[{"href":"https:\/\/www.lammi.fi\/harkko\/wp-json\/wp\/v2\/media?parent=571"}],"curies":[{"name":"wp","href":"https:\/\/api.w.org\/{rel}","templated":true}]}}