{"id":567,"date":"2018-09-17T10:47:34","date_gmt":"2018-09-17T10:47:34","guid":{"rendered":"https:\/\/www.lammi.fi\/harkko\/?page_id=567"},"modified":"2023-04-04T09:56:56","modified_gmt":"2023-04-04T06:56:56","slug":"kellarin-rakentaminen","status":"publish","type":"page","link":"https:\/\/www.lammi.fi\/harkko\/kayttokohteet\/kellarit\/kellarin-rakentaminen\/","title":{"rendered":"Kellarin rakentaminen"},"content":{"rendered":"<h1>Kosteusturvallinen kellari<\/h1>\n<p>Kellarin lattia eli talon alapohja saattaa huolimattomasti rakennettuna p\u00e4\u00e4st\u00e4\u00e4 kosteutta rakenteisiin. Veden nousu maasta yl\u00f6sp\u00e4in estet\u00e4\u00e4n kapillaarikatkolla, mik\u00e4 voidaan tehd\u00e4 karkealla murskeella tai muulla maa-aineksella, jossa vesi kulkeutuu huonosti.\u00a0Kellarin sein\u00e4t tulee kosteuserist\u00e4\u00e4 ulkoa, jotta estet\u00e4\u00e4n veden kulkeutuminen betonisein\u00e4n l\u00e4pi kellariin.\u00a0Sein\u00e4n ulkopuolelle asennetaan perusmuurilevy, joka muodostaa sein\u00e4n ulkopintaan ilmaraon, jotta sein\u00e4\u00e4n mahdollisesti tuleva kosteus p\u00e4\u00e4see poistumaan. Perusmuurilevyn yl\u00e4reuna sijoitetaan maanpinnan alapuolelle ja suojataan erityisell\u00e4 reunanauhalla. Jos maaper\u00e4n kosteuspitoisuus tai ymp\u00e4r\u00f6iv\u00e4n veden paine ovat korkeita, tulee kellarin sein\u00e4 vesierist\u00e4\u00e4 bitumikermeill\u00e4.<\/p>\n<p>Kellarin sein\u00e4n ymp\u00e4rille tulee valita maa-aines, josta vesi kulkeutuu helposti pois sein\u00e4pinnalta. Pintamaa toteutetaan viett\u00e4m\u00e4\u00e4n pois seinist\u00e4 p\u00e4in.\u00a0My\u00f6s salaojat voivat vaikuttaa siihen mink\u00e4lainen kosteusrasitus kellarin seinille muodostuu. Oikein suunniteltuna ja toteutettuna kapillaarikatko, pintamaan kallistukset, oikeat maa-ainekset sek\u00e4 toimiva salaojaj\u00e4rjestelm\u00e4 johtavat veden pois talon luota ja kellarin sein\u00e4pinnoilta.<\/p>\n<h2>Energiatehokkuutta l\u00e4mm\u00f6neristyksell\u00e4<\/h2>\n<p>Kellarin riitt\u00e4v\u00e4ll\u00e4 l\u00e4mm\u00f6neristyksell\u00e4 v\u00e4hennet\u00e4\u00e4n talon energian kulutusta. Jos kellariin tulee asuintiloja, tehd\u00e4\u00e4n sinne samanlainen l\u00e4mm\u00f6neristys kuin muihinkin talon osiin. Jos kellari j\u00e4tet\u00e4\u00e4n ns. puolil\u00e4mpim\u00e4ksi varastotilaksi, se voidaan erist\u00e4\u00e4 hieman kevyemmin.<\/p>\n<p>Eristemuottiharkoilla saadaan sein\u00e4\u00e4n koko kellarin osalta yhten\u00e4inen, kylm\u00e4sillaton l\u00e4mm\u00f6neristys. Eristemuottiharkoissa, eli l\u00e4mp\u00f6kiviss\u00e4 eriste on sijoitettu harkon keskelle ja sit\u00e4 ymp\u00e4r\u00f6i molemmin puolin symmetriset, valuonteloilla varustetut betonikuoret. Talon kuormat saadaan jaettua tasaisesti molemmille puolille kive\u00e4: v\u00e4lipohjalta tulevat kuormat tulevat valetun sis\u00e4kuoren p\u00e4\u00e4lle ja talon ulkoseinien kuormat ulkokuoren p\u00e4\u00e4lle. Koska eriste sijaitsee keskell\u00e4 harkkoa, eik\u00e4 esimerkiksi harkon ulkopuolella, jatkuu eriste saumattomasti my\u00f6s yl\u00e4puolisiin ulkoseiniin.<\/p>\n<p>Kellarin alapohja eristet\u00e4\u00e4n kuten kaikki muutkin alapohjarakenteet. L\u00e4mm\u00f6neristeen paikka on alapohjalaatan ja kapillaarikatkon v\u00e4liss\u00e4.<\/p>\n<h2>Tutkittu ja turvallinen<\/h2>\n<p>Kun halutaan rakentaa tutkituista materiaaleista turvallinen kellari, voidaan kellarin sein\u00e4rakenteissa k\u00e4ytt\u00e4\u00e4 eristemuottikivi\u00e4 eli eristeharkkoja. N\u00e4ill\u00e4 saadaan aikaan massiivinen, tiivis, yhten\u00e4inen ja luja rakenne, joka on my\u00f6s palamaton ja lahoamaton. Tuotteistamme on tehty kellarikerroksia yli kolme vuosikymment\u00e4.<\/p>\n<p><strong><a href=\"https:\/\/www.lammi.fi\/harkko\/tuotteet\/lampokivet\/\">Lue lis\u00e4\u00e4 l\u00e4mp\u00f6kivist\u00e4\u00a0\u00bb<\/a><\/strong><\/p>\n","protected":false},"excerpt":{"rendered":"<p>Kosteusturvallinen kellari Kellarin lattia eli talon alapohja saattaa huolimattomasti rakennettuna p\u00e4\u00e4st\u00e4\u00e4 kosteutta rakenteisiin. Veden nousu maasta yl\u00f6sp\u00e4in estet\u00e4\u00e4n kapillaarikatkolla, mik\u00e4 voidaan tehd\u00e4 karkealla murskeella tai muulla maa-aineksella, jossa vesi kulkeutuu huonosti.\u00a0Kellarin sein\u00e4t tulee kosteuserist\u00e4\u00e4 ulkoa, jotta estet\u00e4\u00e4n veden kulkeutuminen betonisein\u00e4n l\u00e4pi kellariin.\u00a0Sein\u00e4n ulkopuolelle asennetaan perusmuurilevy, joka muodostaa sein\u00e4n ulkopintaan ilmaraon, jotta sein\u00e4\u00e4n mahdollisesti tuleva kosteus &hellip; <a href=\"https:\/\/www.lammi.fi\/harkko\/kayttokohteet\/kellarit\/kellarin-rakentaminen\/\" class=\"more-link\">Lue lis\u00e4\u00e4<span class=\"screen-reader-text\"> &#8221;Kellarin rakentaminen&#8221;<\/span><\/a><\/p>\n","protected":false},"author":5,"featured_media":0,"parent":563,"menu_order":0,"comment_status":"closed","ping_status":"closed","template":"","meta":{"_acf_changed":false,"_improvement_type_select":"improve_an_existing","_thumb_yes_seoaic":false,"_frame_yes_seoaic":false,"seoaic_generate_description":"","seoaic_improve_instructions_prompt":"","seoaic_rollback_content_improvement":"","seoaic_idea_thumbnail_generator":"","thumbnail_generated":false,"thumbnail_generate_prompt":"","seoaic_article_description":"","_glsr_average":0,"_glsr_ranking":0,"_glsr_reviews":0,"footnotes":""},"class_list":["post-567","page","type-page","status-publish","hentry"],"acf":[],"yoast_head":"<!-- This site is optimized with the Yoast SEO plugin v27.6 - https:\/\/yoast.com\/product\/yoast-seo-wordpress\/ -->\n<title>Lammi Harkko - Kellarin rakentaminen<\/title>\n<meta name=\"description\" content=\"Kun halutaan rakentaa tutkituista materiaaleista turvallinen kellari, voidaan kellarin sein\u00e4rakenteissa k\u00e4ytt\u00e4\u00e4 eristemuottikivi\u00e4 eli eristeharkkoja.\" \/>\n<link rel=\"canonical\" href=\"https:\/\/www.lammi.fi\/harkko\/kayttokohteet\/kellarit\/kellarin-rakentaminen\/\" \/>\n<meta property=\"og:locale\" content=\"fi_FI\" \/>\n<meta property=\"og:type\" content=\"article\" \/>\n<meta property=\"og:title\" content=\"Lammi Harkko - Kellarin rakentaminen\" \/>\n<meta property=\"og:description\" content=\"Kun halutaan rakentaa tutkituista materiaaleista turvallinen kellari, voidaan kellarin sein\u00e4rakenteissa k\u00e4ytt\u00e4\u00e4 eristemuottikivi\u00e4 eli eristeharkkoja.\" \/>\n<meta property=\"og:url\" content=\"https:\/\/www.lammi.fi\/harkko\/kayttokohteet\/kellarit\/kellarin-rakentaminen\/\" \/>\n<meta property=\"og:site_name\" content=\"Lammi Harkko\" \/>\n<meta property=\"article:modified_time\" content=\"2023-04-04T06:56:56+00:00\" \/>\n<meta name=\"twitter:card\" content=\"summary_large_image\" \/>\n<meta name=\"twitter:label1\" content=\"Arvioitu lukuaika\" \/>\n\t<meta name=\"twitter:data1\" content=\"2 minuuttia\" \/>\n<script type=\"application\/ld+json\" class=\"yoast-schema-graph\">{\"@context\":\"https:\\\/\\\/schema.org\",\"@graph\":[{\"@type\":\"WebPage\",\"@id\":\"https:\\\/\\\/www.lammi.fi\\\/harkko\\\/kayttokohteet\\\/kellarit\\\/kellarin-rakentaminen\\\/\",\"url\":\"https:\\\/\\\/www.lammi.fi\\\/harkko\\\/kayttokohteet\\\/kellarit\\\/kellarin-rakentaminen\\\/\",\"name\":\"Lammi Harkko - Kellarin rakentaminen\",\"isPartOf\":{\"@id\":\"https:\\\/\\\/www.lammi.fi\\\/harkko\\\/#website\"},\"datePublished\":\"2018-09-17T10:47:34+00:00\",\"dateModified\":\"2023-04-04T06:56:56+00:00\",\"description\":\"Kun halutaan rakentaa tutkituista materiaaleista turvallinen kellari, voidaan kellarin sein\u00e4rakenteissa k\u00e4ytt\u00e4\u00e4 eristemuottikivi\u00e4 eli eristeharkkoja.\",\"breadcrumb\":{\"@id\":\"https:\\\/\\\/www.lammi.fi\\\/harkko\\\/kayttokohteet\\\/kellarit\\\/kellarin-rakentaminen\\\/#breadcrumb\"},\"inLanguage\":\"fi\",\"potentialAction\":[{\"@type\":\"ReadAction\",\"target\":[\"https:\\\/\\\/www.lammi.fi\\\/harkko\\\/kayttokohteet\\\/kellarit\\\/kellarin-rakentaminen\\\/\"]}]},{\"@type\":\"BreadcrumbList\",\"@id\":\"https:\\\/\\\/www.lammi.fi\\\/harkko\\\/kayttokohteet\\\/kellarit\\\/kellarin-rakentaminen\\\/#breadcrumb\",\"itemListElement\":[{\"@type\":\"ListItem\",\"position\":1,\"name\":\"Lammi.fi\",\"item\":\"https:\\\/\\\/www.lammi.fi\"},{\"@type\":\"ListItem\",\"position\":2,\"name\":\"Lammi Harkko\",\"item\":\"https:\\\/\\\/www.lammi.fi\\\/harkko\\\/\"},{\"@type\":\"ListItem\",\"position\":3,\"name\":\"K\u00e4ytt\u00f6kohteet\",\"item\":\"https:\\\/\\\/www.lammi.fi\\\/harkko\\\/kayttokohteet\\\/\"},{\"@type\":\"ListItem\",\"position\":4,\"name\":\"Kellarit\",\"item\":\"https:\\\/\\\/www.lammi.fi\\\/harkko\\\/kayttokohteet\\\/kellarit\\\/\"},{\"@type\":\"ListItem\",\"position\":5,\"name\":\"Kellarin rakentaminen\"}]},{\"@type\":\"WebSite\",\"@id\":\"https:\\\/\\\/www.lammi.fi\\\/harkko\\\/#website\",\"url\":\"https:\\\/\\\/www.lammi.fi\\\/harkko\\\/\",\"name\":\"Lammi Harkko\",\"description\":\"\",\"publisher\":{\"@id\":\"https:\\\/\\\/www.lammi.fi\\\/harkko\\\/#organization\"},\"potentialAction\":[{\"@type\":\"SearchAction\",\"target\":{\"@type\":\"EntryPoint\",\"urlTemplate\":\"https:\\\/\\\/www.lammi.fi\\\/harkko\\\/?s={search_term_string}\"},\"query-input\":{\"@type\":\"PropertyValueSpecification\",\"valueRequired\":true,\"valueName\":\"search_term_string\"}}],\"inLanguage\":\"fi\"},{\"@type\":\"Organization\",\"@id\":\"https:\\\/\\\/www.lammi.fi\\\/harkko\\\/#organization\",\"name\":\"Lammi Harkko\",\"url\":\"https:\\\/\\\/www.lammi.fi\\\/harkko\\\/\",\"logo\":{\"@type\":\"ImageObject\",\"inLanguage\":\"fi\",\"@id\":\"https:\\\/\\\/www.lammi.fi\\\/harkko\\\/#\\\/schema\\\/logo\\\/image\\\/\",\"url\":\"https:\\\/\\\/www.lammi.fi\\\/harkko\\\/wp-content\\\/uploads\\\/sites\\\/3\\\/2018\\\/06\\\/cropped-lammi_logo.png\",\"contentUrl\":\"https:\\\/\\\/www.lammi.fi\\\/harkko\\\/wp-content\\\/uploads\\\/sites\\\/3\\\/2018\\\/06\\\/cropped-lammi_logo.png\",\"width\":240,\"height\":122,\"caption\":\"Lammi Harkko\"},\"image\":{\"@id\":\"https:\\\/\\\/www.lammi.fi\\\/harkko\\\/#\\\/schema\\\/logo\\\/image\\\/\"}}]}<\/script>\n<!-- \/ Yoast SEO plugin. -->","yoast_head_json":{"title":"Lammi Harkko - Kellarin rakentaminen","description":"Kun halutaan rakentaa tutkituista materiaaleista turvallinen kellari, voidaan kellarin sein\u00e4rakenteissa k\u00e4ytt\u00e4\u00e4 eristemuottikivi\u00e4 eli eristeharkkoja.","canonical":"https:\/\/www.lammi.fi\/harkko\/kayttokohteet\/kellarit\/kellarin-rakentaminen\/","og_locale":"fi_FI","og_type":"article","og_title":"Lammi Harkko - Kellarin rakentaminen","og_description":"Kun halutaan rakentaa tutkituista materiaaleista turvallinen kellari, voidaan kellarin sein\u00e4rakenteissa k\u00e4ytt\u00e4\u00e4 eristemuottikivi\u00e4 eli eristeharkkoja.","og_url":"https:\/\/www.lammi.fi\/harkko\/kayttokohteet\/kellarit\/kellarin-rakentaminen\/","og_site_name":"Lammi Harkko","article_modified_time":"2023-04-04T06:56:56+00:00","twitter_card":"summary_large_image","twitter_misc":{"Arvioitu lukuaika":"2 minuuttia"},"schema":{"@context":"https:\/\/schema.org","@graph":[{"@type":"WebPage","@id":"https:\/\/www.lammi.fi\/harkko\/kayttokohteet\/kellarit\/kellarin-rakentaminen\/","url":"https:\/\/www.lammi.fi\/harkko\/kayttokohteet\/kellarit\/kellarin-rakentaminen\/","name":"Lammi Harkko - Kellarin rakentaminen","isPartOf":{"@id":"https:\/\/www.lammi.fi\/harkko\/#website"},"datePublished":"2018-09-17T10:47:34+00:00","dateModified":"2023-04-04T06:56:56+00:00","description":"Kun halutaan rakentaa tutkituista materiaaleista turvallinen kellari, voidaan kellarin sein\u00e4rakenteissa k\u00e4ytt\u00e4\u00e4 eristemuottikivi\u00e4 eli eristeharkkoja.","breadcrumb":{"@id":"https:\/\/www.lammi.fi\/harkko\/kayttokohteet\/kellarit\/kellarin-rakentaminen\/#breadcrumb"},"inLanguage":"fi","potentialAction":[{"@type":"ReadAction","target":["https:\/\/www.lammi.fi\/harkko\/kayttokohteet\/kellarit\/kellarin-rakentaminen\/"]}]},{"@type":"BreadcrumbList","@id":"https:\/\/www.lammi.fi\/harkko\/kayttokohteet\/kellarit\/kellarin-rakentaminen\/#breadcrumb","itemListElement":[{"@type":"ListItem","position":1,"name":"Lammi.fi","item":"https:\/\/www.lammi.fi"},{"@type":"ListItem","position":2,"name":"Lammi Harkko","item":"https:\/\/www.lammi.fi\/harkko\/"},{"@type":"ListItem","position":3,"name":"K\u00e4ytt\u00f6kohteet","item":"https:\/\/www.lammi.fi\/harkko\/kayttokohteet\/"},{"@type":"ListItem","position":4,"name":"Kellarit","item":"https:\/\/www.lammi.fi\/harkko\/kayttokohteet\/kellarit\/"},{"@type":"ListItem","position":5,"name":"Kellarin rakentaminen"}]},{"@type":"WebSite","@id":"https:\/\/www.lammi.fi\/harkko\/#website","url":"https:\/\/www.lammi.fi\/harkko\/","name":"Lammi Harkko","description":"","publisher":{"@id":"https:\/\/www.lammi.fi\/harkko\/#organization"},"potentialAction":[{"@type":"SearchAction","target":{"@type":"EntryPoint","urlTemplate":"https:\/\/www.lammi.fi\/harkko\/?s={search_term_string}"},"query-input":{"@type":"PropertyValueSpecification","valueRequired":true,"valueName":"search_term_string"}}],"inLanguage":"fi"},{"@type":"Organization","@id":"https:\/\/www.lammi.fi\/harkko\/#organization","name":"Lammi Harkko","url":"https:\/\/www.lammi.fi\/harkko\/","logo":{"@type":"ImageObject","inLanguage":"fi","@id":"https:\/\/www.lammi.fi\/harkko\/#\/schema\/logo\/image\/","url":"https:\/\/www.lammi.fi\/harkko\/wp-content\/uploads\/sites\/3\/2018\/06\/cropped-lammi_logo.png","contentUrl":"https:\/\/www.lammi.fi\/harkko\/wp-content\/uploads\/sites\/3\/2018\/06\/cropped-lammi_logo.png","width":240,"height":122,"caption":"Lammi Harkko"},"image":{"@id":"https:\/\/www.lammi.fi\/harkko\/#\/schema\/logo\/image\/"}}]}},"_links":{"self":[{"href":"https:\/\/www.lammi.fi\/harkko\/wp-json\/wp\/v2\/pages\/567","targetHints":{"allow":["GET"]}}],"collection":[{"href":"https:\/\/www.lammi.fi\/harkko\/wp-json\/wp\/v2\/pages"}],"about":[{"href":"https:\/\/www.lammi.fi\/harkko\/wp-json\/wp\/v2\/types\/page"}],"author":[{"embeddable":true,"href":"https:\/\/www.lammi.fi\/harkko\/wp-json\/wp\/v2\/users\/5"}],"replies":[{"embeddable":true,"href":"https:\/\/www.lammi.fi\/harkko\/wp-json\/wp\/v2\/comments?post=567"}],"version-history":[{"count":5,"href":"https:\/\/www.lammi.fi\/harkko\/wp-json\/wp\/v2\/pages\/567\/revisions"}],"predecessor-version":[{"id":952,"href":"https:\/\/www.lammi.fi\/harkko\/wp-json\/wp\/v2\/pages\/567\/revisions\/952"}],"up":[{"embeddable":true,"href":"https:\/\/www.lammi.fi\/harkko\/wp-json\/wp\/v2\/pages\/563"}],"wp:attachment":[{"href":"https:\/\/www.lammi.fi\/harkko\/wp-json\/wp\/v2\/media?parent=567"}],"curies":[{"name":"wp","href":"https:\/\/api.w.org\/{rel}","templated":true}]}}