{"id":563,"date":"2018-09-17T10:46:03","date_gmt":"2018-09-17T10:46:03","guid":{"rendered":"https:\/\/www.lammi.fi\/harkko\/?page_id=563"},"modified":"2023-04-04T09:34:22","modified_gmt":"2023-04-04T06:34:22","slug":"kellarit","status":"publish","type":"page","link":"https:\/\/www.lammi.fi\/harkko\/kayttokohteet\/kellarit\/","title":{"rendered":"Kellarit"},"content":{"rendered":"<h1>Kellari valuharkoista \u2013 kest\u00e4vyytt\u00e4 ja suunnittelun vapautta<\/h1>\n<p>Kellari on paljon enemm\u00e4n kuin vain puolil\u00e4mmin tai kylm\u00e4 tila.\u00a0Kellarikerroksiin sijoitetaan usein esimerkiksi sauna- ja pesutilat tai jopa kokonainen spa-osasto.\u00a0Saunaosaston jatkeena on usein erillinen takka- tai oleskeluhuone. Mik\u00e4li tonttityyppin\u00e4 on rinnetontti, voidaan maata vasten oleville ulkoseinille sijoittaa varastot, tekniset tilat ja usein my\u00f6s kodinhoitohuone. Kellarikerros voidaan rakentaa niin kivi-, puu- kuin hirsitaloon.<\/p>\n<h2>Muunneltavuutta ja vapautta suunnitteluun<\/h2>\n<p>Maanalaisten harkkoseinien rakentamiseen soveltuvat parhaiten nimenomaan valettavat eristeharkot erinomaisen kest\u00e4vyytens\u00e4 ansiosta. Valuharkot on varustettu reilun kokoisilla pystysuuntaisilla valuonteloilla, jolloin rakenteeseen pystyt\u00e4\u00e4n asentamaan vaakater\u00e4sten lis\u00e4ksi my\u00f6s pystysuuntaiset betoniter\u00e4kset. T\u00e4ll\u00f6in sein\u00e4t voidaan mitoittaa maanpainetta vastaan pystysuunnassa.<\/p>\n<p>T\u00e4m\u00e4 lis\u00e4\u00e4 harkkosein\u00e4n kest\u00e4vyytt\u00e4, eik\u00e4 erillisi\u00e4 ulkosein\u00e4\u00e4 tukevia kantavia v\u00e4liseini\u00e4 \u00a0tarvita. T\u00e4ll\u00f6in tilasuunnittelu valuharkoilla toteutettuun kellariin on vapaampaa &#8211; v\u00e4liseinien paikan m\u00e4\u00e4r\u00e4\u00e4 huonej\u00e4rjestys eik\u00e4 toisinp\u00e4in.<\/p>\n<div><\/div>\n<h2>Toimitussis\u00e4lt\u00f6 niin kuin haluat<\/h2>\n<p>Pystymme tarjoamaan kellarikohteisiin tarvitsemasi toimitussis\u00e4ll\u00f6n pelkist\u00e4 harkoista valmiiseen kokonaisuuteen. Yhteisty\u00f6verkostomme kautta l\u00f6yd\u00e4t tarvittaessa my\u00f6s tekij\u00e4t kellarikerroksen pystytt\u00e4miseen.<\/p>\n<p><strong><a href=\"https:\/\/www.lammi.fi\/harkko\/yhteystiedot\/jata-tarjouspyynto\/\">J\u00e4t\u00e4 meille tarjouspyynt\u00f6.<\/a><\/strong> K\u00e4yd\u00e4\u00e4n yhdess\u00e4 l\u00e4pi kohteeseesi soveltuva toimitussis\u00e4lt\u00f6.<\/p>\n","protected":false},"excerpt":{"rendered":"<p>Kellari valuharkoista \u2013 kest\u00e4vyytt\u00e4 ja suunnittelun vapautta Kellari on paljon enemm\u00e4n kuin vain puolil\u00e4mmin tai kylm\u00e4 tila.\u00a0Kellarikerroksiin sijoitetaan usein esimerkiksi sauna- ja pesutilat tai jopa kokonainen spa-osasto.\u00a0Saunaosaston jatkeena on usein erillinen takka- tai oleskeluhuone. Mik\u00e4li tonttityyppin\u00e4 on rinnetontti, voidaan maata vasten oleville ulkoseinille sijoittaa varastot, tekniset tilat ja usein my\u00f6s kodinhoitohuone. Kellarikerros voidaan rakentaa niin &hellip; <a href=\"https:\/\/www.lammi.fi\/harkko\/kayttokohteet\/kellarit\/\" class=\"more-link\">Lue lis\u00e4\u00e4<span class=\"screen-reader-text\"> &#8221;Kellarit&#8221;<\/span><\/a><\/p>\n","protected":false},"author":5,"featured_media":0,"parent":19,"menu_order":0,"comment_status":"closed","ping_status":"closed","template":"","meta":{"_acf_changed":false,"_improvement_type_select":"improve_an_existing","_thumb_yes_seoaic":false,"_frame_yes_seoaic":false,"seoaic_generate_description":"","seoaic_improve_instructions_prompt":"","seoaic_rollback_content_improvement":"","seoaic_idea_thumbnail_generator":"","thumbnail_generated":false,"thumbnail_generate_prompt":"","seoaic_article_description":"","_glsr_average":0,"_glsr_ranking":0,"_glsr_reviews":0,"footnotes":""},"class_list":["post-563","page","type-page","status-publish","hentry"],"acf":[],"yoast_head":"<!-- This site is optimized with the Yoast SEO plugin v27.4 - https:\/\/yoast.com\/product\/yoast-seo-wordpress\/ -->\n<title>Lammi Harkko - Kellarit<\/title>\n<meta name=\"description\" content=\"Kellari on paljon enemm\u00e4n kuin vain puolil\u00e4mmin tai kylm\u00e4 tila. Kellarikerroksiin sijoitetaan usein esimerkiksi sauna- ja pesutilat.\" \/>\n<link rel=\"canonical\" href=\"https:\/\/www.lammi.fi\/harkko\/kayttokohteet\/kellarit\/\" \/>\n<meta property=\"og:locale\" content=\"fi_FI\" \/>\n<meta property=\"og:type\" content=\"article\" \/>\n<meta property=\"og:title\" content=\"Lammi Harkko - Kellarit\" \/>\n<meta property=\"og:description\" content=\"Kellari on paljon enemm\u00e4n kuin vain puolil\u00e4mmin tai kylm\u00e4 tila. Kellarikerroksiin sijoitetaan usein esimerkiksi sauna- ja pesutilat.\" \/>\n<meta property=\"og:url\" content=\"https:\/\/www.lammi.fi\/harkko\/kayttokohteet\/kellarit\/\" \/>\n<meta property=\"og:site_name\" content=\"Lammi Harkko\" \/>\n<meta property=\"article:modified_time\" content=\"2023-04-04T06:34:22+00:00\" \/>\n<meta name=\"twitter:card\" content=\"summary_large_image\" \/>\n<meta name=\"twitter:label1\" content=\"Arvioitu lukuaika\" \/>\n\t<meta name=\"twitter:data1\" content=\"1 minuutti\" \/>\n<script type=\"application\/ld+json\" class=\"yoast-schema-graph\">{\"@context\":\"https:\\\/\\\/schema.org\",\"@graph\":[{\"@type\":\"WebPage\",\"@id\":\"https:\\\/\\\/www.lammi.fi\\\/harkko\\\/kayttokohteet\\\/kellarit\\\/\",\"url\":\"https:\\\/\\\/www.lammi.fi\\\/harkko\\\/kayttokohteet\\\/kellarit\\\/\",\"name\":\"Lammi Harkko - Kellarit\",\"isPartOf\":{\"@id\":\"https:\\\/\\\/www.lammi.fi\\\/harkko\\\/#website\"},\"datePublished\":\"2018-09-17T10:46:03+00:00\",\"dateModified\":\"2023-04-04T06:34:22+00:00\",\"description\":\"Kellari on paljon enemm\u00e4n kuin vain puolil\u00e4mmin tai kylm\u00e4 tila. Kellarikerroksiin sijoitetaan usein esimerkiksi sauna- ja pesutilat.\",\"breadcrumb\":{\"@id\":\"https:\\\/\\\/www.lammi.fi\\\/harkko\\\/kayttokohteet\\\/kellarit\\\/#breadcrumb\"},\"inLanguage\":\"fi\",\"potentialAction\":[{\"@type\":\"ReadAction\",\"target\":[\"https:\\\/\\\/www.lammi.fi\\\/harkko\\\/kayttokohteet\\\/kellarit\\\/\"]}]},{\"@type\":\"BreadcrumbList\",\"@id\":\"https:\\\/\\\/www.lammi.fi\\\/harkko\\\/kayttokohteet\\\/kellarit\\\/#breadcrumb\",\"itemListElement\":[{\"@type\":\"ListItem\",\"position\":1,\"name\":\"Lammi.fi\",\"item\":\"https:\\\/\\\/www.lammi.fi\"},{\"@type\":\"ListItem\",\"position\":2,\"name\":\"Lammi Harkko\",\"item\":\"https:\\\/\\\/www.lammi.fi\\\/harkko\\\/\"},{\"@type\":\"ListItem\",\"position\":3,\"name\":\"K\u00e4ytt\u00f6kohteet\",\"item\":\"https:\\\/\\\/www.lammi.fi\\\/harkko\\\/kayttokohteet\\\/\"},{\"@type\":\"ListItem\",\"position\":4,\"name\":\"Kellarit\"}]},{\"@type\":\"WebSite\",\"@id\":\"https:\\\/\\\/www.lammi.fi\\\/harkko\\\/#website\",\"url\":\"https:\\\/\\\/www.lammi.fi\\\/harkko\\\/\",\"name\":\"Lammi Harkko\",\"description\":\"\",\"publisher\":{\"@id\":\"https:\\\/\\\/www.lammi.fi\\\/harkko\\\/#organization\"},\"potentialAction\":[{\"@type\":\"SearchAction\",\"target\":{\"@type\":\"EntryPoint\",\"urlTemplate\":\"https:\\\/\\\/www.lammi.fi\\\/harkko\\\/?s={search_term_string}\"},\"query-input\":{\"@type\":\"PropertyValueSpecification\",\"valueRequired\":true,\"valueName\":\"search_term_string\"}}],\"inLanguage\":\"fi\"},{\"@type\":\"Organization\",\"@id\":\"https:\\\/\\\/www.lammi.fi\\\/harkko\\\/#organization\",\"name\":\"Lammi Harkko\",\"url\":\"https:\\\/\\\/www.lammi.fi\\\/harkko\\\/\",\"logo\":{\"@type\":\"ImageObject\",\"inLanguage\":\"fi\",\"@id\":\"https:\\\/\\\/www.lammi.fi\\\/harkko\\\/#\\\/schema\\\/logo\\\/image\\\/\",\"url\":\"https:\\\/\\\/www.lammi.fi\\\/harkko\\\/wp-content\\\/uploads\\\/sites\\\/3\\\/2018\\\/06\\\/cropped-lammi_logo.png\",\"contentUrl\":\"https:\\\/\\\/www.lammi.fi\\\/harkko\\\/wp-content\\\/uploads\\\/sites\\\/3\\\/2018\\\/06\\\/cropped-lammi_logo.png\",\"width\":240,\"height\":122,\"caption\":\"Lammi Harkko\"},\"image\":{\"@id\":\"https:\\\/\\\/www.lammi.fi\\\/harkko\\\/#\\\/schema\\\/logo\\\/image\\\/\"}}]}<\/script>\n<!-- \/ Yoast SEO plugin. -->","yoast_head_json":{"title":"Lammi Harkko - Kellarit","description":"Kellari on paljon enemm\u00e4n kuin vain puolil\u00e4mmin tai kylm\u00e4 tila. Kellarikerroksiin sijoitetaan usein esimerkiksi sauna- ja pesutilat.","canonical":"https:\/\/www.lammi.fi\/harkko\/kayttokohteet\/kellarit\/","og_locale":"fi_FI","og_type":"article","og_title":"Lammi Harkko - Kellarit","og_description":"Kellari on paljon enemm\u00e4n kuin vain puolil\u00e4mmin tai kylm\u00e4 tila. Kellarikerroksiin sijoitetaan usein esimerkiksi sauna- ja pesutilat.","og_url":"https:\/\/www.lammi.fi\/harkko\/kayttokohteet\/kellarit\/","og_site_name":"Lammi Harkko","article_modified_time":"2023-04-04T06:34:22+00:00","twitter_card":"summary_large_image","twitter_misc":{"Arvioitu lukuaika":"1 minuutti"},"schema":{"@context":"https:\/\/schema.org","@graph":[{"@type":"WebPage","@id":"https:\/\/www.lammi.fi\/harkko\/kayttokohteet\/kellarit\/","url":"https:\/\/www.lammi.fi\/harkko\/kayttokohteet\/kellarit\/","name":"Lammi Harkko - Kellarit","isPartOf":{"@id":"https:\/\/www.lammi.fi\/harkko\/#website"},"datePublished":"2018-09-17T10:46:03+00:00","dateModified":"2023-04-04T06:34:22+00:00","description":"Kellari on paljon enemm\u00e4n kuin vain puolil\u00e4mmin tai kylm\u00e4 tila. Kellarikerroksiin sijoitetaan usein esimerkiksi sauna- ja pesutilat.","breadcrumb":{"@id":"https:\/\/www.lammi.fi\/harkko\/kayttokohteet\/kellarit\/#breadcrumb"},"inLanguage":"fi","potentialAction":[{"@type":"ReadAction","target":["https:\/\/www.lammi.fi\/harkko\/kayttokohteet\/kellarit\/"]}]},{"@type":"BreadcrumbList","@id":"https:\/\/www.lammi.fi\/harkko\/kayttokohteet\/kellarit\/#breadcrumb","itemListElement":[{"@type":"ListItem","position":1,"name":"Lammi.fi","item":"https:\/\/www.lammi.fi"},{"@type":"ListItem","position":2,"name":"Lammi Harkko","item":"https:\/\/www.lammi.fi\/harkko\/"},{"@type":"ListItem","position":3,"name":"K\u00e4ytt\u00f6kohteet","item":"https:\/\/www.lammi.fi\/harkko\/kayttokohteet\/"},{"@type":"ListItem","position":4,"name":"Kellarit"}]},{"@type":"WebSite","@id":"https:\/\/www.lammi.fi\/harkko\/#website","url":"https:\/\/www.lammi.fi\/harkko\/","name":"Lammi Harkko","description":"","publisher":{"@id":"https:\/\/www.lammi.fi\/harkko\/#organization"},"potentialAction":[{"@type":"SearchAction","target":{"@type":"EntryPoint","urlTemplate":"https:\/\/www.lammi.fi\/harkko\/?s={search_term_string}"},"query-input":{"@type":"PropertyValueSpecification","valueRequired":true,"valueName":"search_term_string"}}],"inLanguage":"fi"},{"@type":"Organization","@id":"https:\/\/www.lammi.fi\/harkko\/#organization","name":"Lammi Harkko","url":"https:\/\/www.lammi.fi\/harkko\/","logo":{"@type":"ImageObject","inLanguage":"fi","@id":"https:\/\/www.lammi.fi\/harkko\/#\/schema\/logo\/image\/","url":"https:\/\/www.lammi.fi\/harkko\/wp-content\/uploads\/sites\/3\/2018\/06\/cropped-lammi_logo.png","contentUrl":"https:\/\/www.lammi.fi\/harkko\/wp-content\/uploads\/sites\/3\/2018\/06\/cropped-lammi_logo.png","width":240,"height":122,"caption":"Lammi Harkko"},"image":{"@id":"https:\/\/www.lammi.fi\/harkko\/#\/schema\/logo\/image\/"}}]}},"_links":{"self":[{"href":"https:\/\/www.lammi.fi\/harkko\/wp-json\/wp\/v2\/pages\/563","targetHints":{"allow":["GET"]}}],"collection":[{"href":"https:\/\/www.lammi.fi\/harkko\/wp-json\/wp\/v2\/pages"}],"about":[{"href":"https:\/\/www.lammi.fi\/harkko\/wp-json\/wp\/v2\/types\/page"}],"author":[{"embeddable":true,"href":"https:\/\/www.lammi.fi\/harkko\/wp-json\/wp\/v2\/users\/5"}],"replies":[{"embeddable":true,"href":"https:\/\/www.lammi.fi\/harkko\/wp-json\/wp\/v2\/comments?post=563"}],"version-history":[{"count":6,"href":"https:\/\/www.lammi.fi\/harkko\/wp-json\/wp\/v2\/pages\/563\/revisions"}],"predecessor-version":[{"id":2661,"href":"https:\/\/www.lammi.fi\/harkko\/wp-json\/wp\/v2\/pages\/563\/revisions\/2661"}],"up":[{"embeddable":true,"href":"https:\/\/www.lammi.fi\/harkko\/wp-json\/wp\/v2\/pages\/19"}],"wp:attachment":[{"href":"https:\/\/www.lammi.fi\/harkko\/wp-json\/wp\/v2\/media?parent=563"}],"curies":[{"name":"wp","href":"https:\/\/api.w.org\/{rel}","templated":true}]}}