{"id":554,"date":"2018-09-17T10:35:41","date_gmt":"2018-09-17T10:35:41","guid":{"rendered":"https:\/\/www.lammi.fi\/harkko\/?page_id=554"},"modified":"2018-09-18T11:20:37","modified_gmt":"2018-09-18T11:20:37","slug":"harkot","status":"publish","type":"page","link":"https:\/\/www.lammi.fi\/harkko\/lammi-harkko\/tietoa-harkoista\/harkot\/","title":{"rendered":"Harkot"},"content":{"rendered":"<h1>Pitkien perinteiden harkkorakentaminen<\/h1>\n<p>Ensimm\u00e4iset betoniset harkot on valmistettu Suomessa jo 1940-luvulla. Betoniharkkoja k\u00e4ytettiin alkuun erityisesti maatalous- ja pienteollisuusrakentamisessa. Lammilla betoniharkkoja on valmistettu 60-luvulta l\u00e4htien. Lammi onkin yksi ensimm\u00e4isist\u00e4 kotimaisista harkkovalmistajista.<\/p>\n<p>Markkinoilla olevat harkot voidaan jakaa kahdenlaisiin tuotteisiin: valuharkkoihin, joista puhutaan yleisesti my\u00f6s muottiharkkoina, sek\u00e4 muurattaviin harkkoihin. Muurauksessa k\u00e4ytett\u00e4vi\u00e4 kevytsoraharkkoja on valmistettu 1950-luvulta l\u00e4htien ja ne tunnetaan puhekieless\u00e4 lecaharkkona.<\/p>\n<h2>Valettava harkko<\/h2>\n<p>Ladottavat ja valettavat muottiharkot toimivat rakentamisen aikana nimens\u00e4 mukaisesti muotteina. Ontelolliset valubetoniharkot ladotaan p\u00e4\u00e4llekk\u00e4in ilman laastia kuivaladontana. Ladonnan yhteydess\u00e4 rakenteeseen asennetaan betoniter\u00e4kset, jotka toimivat veto- ja kutistumater\u00e4ksin\u00e4 ja joilla lujitetaan rakennetta.\u00a0Ladonnan j\u00e4lkeen harkkojen onteloihin voidaan asentaa tarvittavat s\u00e4hk\u00f6putkitukset ja -rasiat, sek\u00e4 vesiputket ja hanakulmat. My\u00f6s keskusp\u00f6lynimurin putket ja pystysuuntaiset viem\u00e4riputket voidaan asentaa onteloihin. Kun tarvittava talotekniikka asennetaan rakenteeseen ennen valua, v\u00e4ltyt\u00e4\u00e4n sein\u00e4n ty\u00f6l\u00e4\u00e4lt\u00e4 urittamiselta kulmahiomakoneella.<\/p>\n<p>Raudoituksen ja talotekniikan asentamisen j\u00e4lkeen harkkojen ontelot valetaan t\u00e4yteen notkealla valubetonilla. Valu suoritetaan pumppuvaluna suoraan betoniautosta, jolloin itse valutapahtuma on nopea toteuttaa. Muottiharkot ja valettu, hyvin tiivistetty betoni muodostavat yhten\u00e4isen ja saumattoman t\u00e4ysbetonisein\u00e4n.\u00a0Valuharkkoja valmistetaan sek\u00e4 eristettyin\u00e4 ett\u00e4 erist\u00e4m\u00e4tt\u00f6min\u00e4. Eristeharkko koostuu tyypillisesti EPS-eristeest\u00e4, johon on molemmin puolin kiinnitetty ontelolliset harkkokuoret.<\/p>\n<h2>Muurattava harkko<\/h2>\n<p>Muurausharkkoja ei valeta, vaan ne kiinnitet\u00e4\u00e4n toisiinsa muurauslaastin avulla. My\u00f6s muurausharkkoja valmistetaan betonista, mutta usein k\u00e4ytet\u00e4\u00e4n kevytsoraharkkoja eli lecaharkkoja. Muurattavilla ja valettavilla harkoilla on paljon eroja sek\u00e4 k\u00e4yt\u00f6n ett\u00e4 lopputuloksen suhteen. Olemme koonneet muurattavan kevytsoraharkon ja valuharkon eroja omalle sivulleen:<\/p>\n<p><strong>Lue lis\u00e4\u00e4:\u00a0<a href=\"http:\/\/www.lamminbetoni.fi\/fi\/lecaharkko\">kevytsoraharkot ja valuharkot\u00a0\u00bb<\/a><\/strong><\/p>\n<h1>Yksi harkko, monta k\u00e4ytt\u00f6kohdetta<\/h1>\n<p>Harkoista tehd\u00e4\u00e4n erilaisia perustuksia, kellarikerroksia ja kantavia tai ei-kantavia sein\u00e4rakenteita. Harkoista tehd\u00e4\u00e4n my\u00f6s kokonaisia kivitaloja, autotalleja sek\u00e4 maatalouden ja teollisuuden kohteita, kuten halleja, varastoja, ja viljasiiloja.<\/p>\n<p>My\u00f6s v\u00e4lisein\u00e4t tehd\u00e4\u00e4n entist\u00e4 useammin betonisina harkkorakenteina.\u00a0Kivisiss\u00e4 v\u00e4liseiniss\u00e4 hyvin\u00e4 puolina ovat \u00e4\u00e4nenerist\u00e4vyys, palamattomuus ja kosteusturvallisuus. Puurakenteisiin levyseiniin verrattuna harkkosein\u00e4t ovat huomattavasti riskitt\u00f6m\u00e4mpi\u00e4 kosteuden suhteen. Kivisi\u00e4 seini\u00e4 k\u00e4ytet\u00e4\u00e4n usein my\u00f6s puutaloissa kosteiden tilojen sein\u00e4materiaalina.<\/p>\n<p>Kiviseen sein\u00e4\u00e4n helppo tehd\u00e4 my\u00f6s raskaiden kalusteiden kiinnitykset, kuten saunan lauteet, kylpyhuoneiden kalusteet sek\u00e4 keitti\u00f6iden kaapit ja tasot.<\/p>\n<h2>Harkot korjausrakentamisessa<\/h2>\n<p>Uudisrakentamisen rinnalla yksi merkitt\u00e4vimmist\u00e4 harkkojen k\u00e4ytt\u00f6alueista on korjausrakentaminen. Suosioon vaikuttaa harkkojen k\u00e4sitelt\u00e4vyys, koska \u00a0 korjausrakentamiskohteissa ei usein ole tilaa isojen ja raskaiden betonielementtien k\u00e4sittelyyn.<\/p>\n<p>Tyypillisesti korjausrakentamiskohteissa harkkoja k\u00e4ytet\u00e4\u00e4n hissikuiluihin, uusien kantavien tai ei-kantavien seinien rakentamiseen, talotekniikan kanaviin tai kotelointeihin sek\u00e4 rakennuksen ulkopuolisiin laajennusosiin.<\/p>\n<p>\u00c4\u00e4nenerist\u00e4vyyden ja palamattomuuden takia my\u00f6s teknisten tilojen, h\u00e4kkivarastojen sek\u00e4 v\u00e4est\u00f6nsuojien sein\u00e4rakenteet toteutetaan usein valettavina harkkorakenteina.<\/p>\n<p><strong>Lue lis\u00e4\u00e4:\u00a0<a href=\"http:\/\/www.lamminbetoni.fi\/fi\/kohteet\">Esimerkit ja referenssit valuharkkojen k\u00e4ytt\u00f6kohteista\u00a0\u00bb<\/a><\/strong><\/p>\n","protected":false},"excerpt":{"rendered":"<p>Pitkien perinteiden harkkorakentaminen Ensimm\u00e4iset betoniset harkot on valmistettu Suomessa jo 1940-luvulla. Betoniharkkoja k\u00e4ytettiin alkuun erityisesti maatalous- ja pienteollisuusrakentamisessa. Lammilla betoniharkkoja on valmistettu 60-luvulta l\u00e4htien. Lammi onkin yksi ensimm\u00e4isist\u00e4 kotimaisista harkkovalmistajista. Markkinoilla olevat harkot voidaan jakaa kahdenlaisiin tuotteisiin: valuharkkoihin, joista puhutaan yleisesti my\u00f6s muottiharkkoina, sek\u00e4 muurattaviin harkkoihin. Muurauksessa k\u00e4ytett\u00e4vi\u00e4 kevytsoraharkkoja on valmistettu 1950-luvulta l\u00e4htien ja ne &hellip; <a href=\"https:\/\/www.lammi.fi\/harkko\/lammi-harkko\/tietoa-harkoista\/harkot\/\" class=\"more-link\">Lue lis\u00e4\u00e4<span class=\"screen-reader-text\"> &#8221;Harkot&#8221;<\/span><\/a><\/p>\n","protected":false},"author":5,"featured_media":0,"parent":17,"menu_order":0,"comment_status":"closed","ping_status":"closed","template":"","meta":{"_acf_changed":false,"_improvement_type_select":"improve_an_existing","_thumb_yes_seoaic":false,"_frame_yes_seoaic":false,"seoaic_generate_description":"","seoaic_improve_instructions_prompt":"","seoaic_rollback_content_improvement":"","seoaic_idea_thumbnail_generator":"","thumbnail_generated":false,"thumbnail_generate_prompt":"","seoaic_article_description":"","_glsr_average":0,"_glsr_ranking":0,"_glsr_reviews":0,"footnotes":""},"class_list":["post-554","page","type-page","status-publish","hentry"],"acf":[],"yoast_head":"<!-- This site is optimized with the Yoast SEO plugin v27.4 - https:\/\/yoast.com\/product\/yoast-seo-wordpress\/ -->\n<title>Harkot - Lammi Harkko<\/title>\n<link rel=\"canonical\" href=\"https:\/\/www.lammi.fi\/harkko\/lammi-harkko\/tietoa-harkoista\/harkot\/\" \/>\n<meta property=\"og:locale\" content=\"fi_FI\" \/>\n<meta property=\"og:type\" content=\"article\" \/>\n<meta property=\"og:title\" content=\"Harkot - Lammi Harkko\" \/>\n<meta property=\"og:description\" content=\"Pitkien perinteiden harkkorakentaminen Ensimm\u00e4iset betoniset harkot on valmistettu Suomessa jo 1940-luvulla. Betoniharkkoja k\u00e4ytettiin alkuun erityisesti maatalous- ja pienteollisuusrakentamisessa. Lammilla betoniharkkoja on valmistettu 60-luvulta l\u00e4htien. Lammi onkin yksi ensimm\u00e4isist\u00e4 kotimaisista harkkovalmistajista. Markkinoilla olevat harkot voidaan jakaa kahdenlaisiin tuotteisiin: valuharkkoihin, joista puhutaan yleisesti my\u00f6s muottiharkkoina, sek\u00e4 muurattaviin harkkoihin. Muurauksessa k\u00e4ytett\u00e4vi\u00e4 kevytsoraharkkoja on valmistettu 1950-luvulta l\u00e4htien ja ne &hellip; Lue lis\u00e4\u00e4 &quot;Harkot&quot;\" \/>\n<meta property=\"og:url\" content=\"https:\/\/www.lammi.fi\/harkko\/lammi-harkko\/tietoa-harkoista\/harkot\/\" \/>\n<meta property=\"og:site_name\" content=\"Lammi Harkko\" \/>\n<meta property=\"article:modified_time\" content=\"2018-09-18T11:20:37+00:00\" \/>\n<meta name=\"twitter:card\" content=\"summary_large_image\" \/>\n<meta name=\"twitter:label1\" content=\"Arvioitu lukuaika\" \/>\n\t<meta name=\"twitter:data1\" content=\"2 minuuttia\" \/>\n<script type=\"application\/ld+json\" class=\"yoast-schema-graph\">{\"@context\":\"https:\\\/\\\/schema.org\",\"@graph\":[{\"@type\":\"WebPage\",\"@id\":\"https:\\\/\\\/www.lammi.fi\\\/harkko\\\/lammi-harkko\\\/tietoa-harkoista\\\/harkot\\\/\",\"url\":\"https:\\\/\\\/www.lammi.fi\\\/harkko\\\/lammi-harkko\\\/tietoa-harkoista\\\/harkot\\\/\",\"name\":\"Harkot - Lammi Harkko\",\"isPartOf\":{\"@id\":\"https:\\\/\\\/www.lammi.fi\\\/harkko\\\/#website\"},\"datePublished\":\"2018-09-17T10:35:41+00:00\",\"dateModified\":\"2018-09-18T11:20:37+00:00\",\"breadcrumb\":{\"@id\":\"https:\\\/\\\/www.lammi.fi\\\/harkko\\\/lammi-harkko\\\/tietoa-harkoista\\\/harkot\\\/#breadcrumb\"},\"inLanguage\":\"fi\",\"potentialAction\":[{\"@type\":\"ReadAction\",\"target\":[\"https:\\\/\\\/www.lammi.fi\\\/harkko\\\/lammi-harkko\\\/tietoa-harkoista\\\/harkot\\\/\"]}]},{\"@type\":\"BreadcrumbList\",\"@id\":\"https:\\\/\\\/www.lammi.fi\\\/harkko\\\/lammi-harkko\\\/tietoa-harkoista\\\/harkot\\\/#breadcrumb\",\"itemListElement\":[{\"@type\":\"ListItem\",\"position\":1,\"name\":\"Lammi.fi\",\"item\":\"https:\\\/\\\/www.lammi.fi\"},{\"@type\":\"ListItem\",\"position\":2,\"name\":\"Lammi Harkko\",\"item\":\"https:\\\/\\\/www.lammi.fi\\\/harkko\\\/\"},{\"@type\":\"ListItem\",\"position\":3,\"name\":\"Lammi Harkko\",\"item\":\"https:\\\/\\\/www.lammi.fi\\\/harkko\\\/lammi-harkko\\\/\"},{\"@type\":\"ListItem\",\"position\":4,\"name\":\"Tietoa harkoista\",\"item\":\"https:\\\/\\\/www.lammi.fi\\\/harkko\\\/lammi-harkko\\\/tietoa-harkoista\\\/\"},{\"@type\":\"ListItem\",\"position\":5,\"name\":\"Harkot\"}]},{\"@type\":\"WebSite\",\"@id\":\"https:\\\/\\\/www.lammi.fi\\\/harkko\\\/#website\",\"url\":\"https:\\\/\\\/www.lammi.fi\\\/harkko\\\/\",\"name\":\"Lammi Harkko\",\"description\":\"\",\"publisher\":{\"@id\":\"https:\\\/\\\/www.lammi.fi\\\/harkko\\\/#organization\"},\"potentialAction\":[{\"@type\":\"SearchAction\",\"target\":{\"@type\":\"EntryPoint\",\"urlTemplate\":\"https:\\\/\\\/www.lammi.fi\\\/harkko\\\/?s={search_term_string}\"},\"query-input\":{\"@type\":\"PropertyValueSpecification\",\"valueRequired\":true,\"valueName\":\"search_term_string\"}}],\"inLanguage\":\"fi\"},{\"@type\":\"Organization\",\"@id\":\"https:\\\/\\\/www.lammi.fi\\\/harkko\\\/#organization\",\"name\":\"Lammi Harkko\",\"url\":\"https:\\\/\\\/www.lammi.fi\\\/harkko\\\/\",\"logo\":{\"@type\":\"ImageObject\",\"inLanguage\":\"fi\",\"@id\":\"https:\\\/\\\/www.lammi.fi\\\/harkko\\\/#\\\/schema\\\/logo\\\/image\\\/\",\"url\":\"https:\\\/\\\/www.lammi.fi\\\/harkko\\\/wp-content\\\/uploads\\\/sites\\\/3\\\/2018\\\/06\\\/cropped-lammi_logo.png\",\"contentUrl\":\"https:\\\/\\\/www.lammi.fi\\\/harkko\\\/wp-content\\\/uploads\\\/sites\\\/3\\\/2018\\\/06\\\/cropped-lammi_logo.png\",\"width\":240,\"height\":122,\"caption\":\"Lammi Harkko\"},\"image\":{\"@id\":\"https:\\\/\\\/www.lammi.fi\\\/harkko\\\/#\\\/schema\\\/logo\\\/image\\\/\"}}]}<\/script>\n<!-- \/ Yoast SEO plugin. -->","yoast_head_json":{"title":"Harkot - Lammi Harkko","canonical":"https:\/\/www.lammi.fi\/harkko\/lammi-harkko\/tietoa-harkoista\/harkot\/","og_locale":"fi_FI","og_type":"article","og_title":"Harkot - Lammi Harkko","og_description":"Pitkien perinteiden harkkorakentaminen Ensimm\u00e4iset betoniset harkot on valmistettu Suomessa jo 1940-luvulla. Betoniharkkoja k\u00e4ytettiin alkuun erityisesti maatalous- ja pienteollisuusrakentamisessa. Lammilla betoniharkkoja on valmistettu 60-luvulta l\u00e4htien. Lammi onkin yksi ensimm\u00e4isist\u00e4 kotimaisista harkkovalmistajista. Markkinoilla olevat harkot voidaan jakaa kahdenlaisiin tuotteisiin: valuharkkoihin, joista puhutaan yleisesti my\u00f6s muottiharkkoina, sek\u00e4 muurattaviin harkkoihin. Muurauksessa k\u00e4ytett\u00e4vi\u00e4 kevytsoraharkkoja on valmistettu 1950-luvulta l\u00e4htien ja ne &hellip; Lue lis\u00e4\u00e4 \"Harkot\"","og_url":"https:\/\/www.lammi.fi\/harkko\/lammi-harkko\/tietoa-harkoista\/harkot\/","og_site_name":"Lammi Harkko","article_modified_time":"2018-09-18T11:20:37+00:00","twitter_card":"summary_large_image","twitter_misc":{"Arvioitu lukuaika":"2 minuuttia"},"schema":{"@context":"https:\/\/schema.org","@graph":[{"@type":"WebPage","@id":"https:\/\/www.lammi.fi\/harkko\/lammi-harkko\/tietoa-harkoista\/harkot\/","url":"https:\/\/www.lammi.fi\/harkko\/lammi-harkko\/tietoa-harkoista\/harkot\/","name":"Harkot - Lammi Harkko","isPartOf":{"@id":"https:\/\/www.lammi.fi\/harkko\/#website"},"datePublished":"2018-09-17T10:35:41+00:00","dateModified":"2018-09-18T11:20:37+00:00","breadcrumb":{"@id":"https:\/\/www.lammi.fi\/harkko\/lammi-harkko\/tietoa-harkoista\/harkot\/#breadcrumb"},"inLanguage":"fi","potentialAction":[{"@type":"ReadAction","target":["https:\/\/www.lammi.fi\/harkko\/lammi-harkko\/tietoa-harkoista\/harkot\/"]}]},{"@type":"BreadcrumbList","@id":"https:\/\/www.lammi.fi\/harkko\/lammi-harkko\/tietoa-harkoista\/harkot\/#breadcrumb","itemListElement":[{"@type":"ListItem","position":1,"name":"Lammi.fi","item":"https:\/\/www.lammi.fi"},{"@type":"ListItem","position":2,"name":"Lammi Harkko","item":"https:\/\/www.lammi.fi\/harkko\/"},{"@type":"ListItem","position":3,"name":"Lammi Harkko","item":"https:\/\/www.lammi.fi\/harkko\/lammi-harkko\/"},{"@type":"ListItem","position":4,"name":"Tietoa harkoista","item":"https:\/\/www.lammi.fi\/harkko\/lammi-harkko\/tietoa-harkoista\/"},{"@type":"ListItem","position":5,"name":"Harkot"}]},{"@type":"WebSite","@id":"https:\/\/www.lammi.fi\/harkko\/#website","url":"https:\/\/www.lammi.fi\/harkko\/","name":"Lammi Harkko","description":"","publisher":{"@id":"https:\/\/www.lammi.fi\/harkko\/#organization"},"potentialAction":[{"@type":"SearchAction","target":{"@type":"EntryPoint","urlTemplate":"https:\/\/www.lammi.fi\/harkko\/?s={search_term_string}"},"query-input":{"@type":"PropertyValueSpecification","valueRequired":true,"valueName":"search_term_string"}}],"inLanguage":"fi"},{"@type":"Organization","@id":"https:\/\/www.lammi.fi\/harkko\/#organization","name":"Lammi Harkko","url":"https:\/\/www.lammi.fi\/harkko\/","logo":{"@type":"ImageObject","inLanguage":"fi","@id":"https:\/\/www.lammi.fi\/harkko\/#\/schema\/logo\/image\/","url":"https:\/\/www.lammi.fi\/harkko\/wp-content\/uploads\/sites\/3\/2018\/06\/cropped-lammi_logo.png","contentUrl":"https:\/\/www.lammi.fi\/harkko\/wp-content\/uploads\/sites\/3\/2018\/06\/cropped-lammi_logo.png","width":240,"height":122,"caption":"Lammi Harkko"},"image":{"@id":"https:\/\/www.lammi.fi\/harkko\/#\/schema\/logo\/image\/"}}]}},"_links":{"self":[{"href":"https:\/\/www.lammi.fi\/harkko\/wp-json\/wp\/v2\/pages\/554","targetHints":{"allow":["GET"]}}],"collection":[{"href":"https:\/\/www.lammi.fi\/harkko\/wp-json\/wp\/v2\/pages"}],"about":[{"href":"https:\/\/www.lammi.fi\/harkko\/wp-json\/wp\/v2\/types\/page"}],"author":[{"embeddable":true,"href":"https:\/\/www.lammi.fi\/harkko\/wp-json\/wp\/v2\/users\/5"}],"replies":[{"embeddable":true,"href":"https:\/\/www.lammi.fi\/harkko\/wp-json\/wp\/v2\/comments?post=554"}],"version-history":[{"count":4,"href":"https:\/\/www.lammi.fi\/harkko\/wp-json\/wp\/v2\/pages\/554\/revisions"}],"predecessor-version":[{"id":691,"href":"https:\/\/www.lammi.fi\/harkko\/wp-json\/wp\/v2\/pages\/554\/revisions\/691"}],"up":[{"embeddable":true,"href":"https:\/\/www.lammi.fi\/harkko\/wp-json\/wp\/v2\/pages\/17"}],"wp:attachment":[{"href":"https:\/\/www.lammi.fi\/harkko\/wp-json\/wp\/v2\/media?parent=554"}],"curies":[{"name":"wp","href":"https:\/\/api.w.org\/{rel}","templated":true}]}}