{"id":4791,"date":"2025-08-25T10:35:20","date_gmt":"2025-08-25T07:35:20","guid":{"rendered":"https:\/\/www.lammi.fi\/harkko\/?page_id=4791"},"modified":"2025-08-25T10:35:20","modified_gmt":"2025-08-25T07:35:20","slug":"sivustoa-paivitetaan","status":"publish","type":"page","link":"https:\/\/www.lammi.fi\/harkko\/sivustoa-paivitetaan\/","title":{"rendered":"Sivustoa p\u00e4ivitet\u00e4\u00e4n"},"content":{"rendered":"<h1><img decoding=\"async\" class=\"aligncenter size-full wp-image-358\" src=\"https:\/\/lammifi-staging.test.cchosting.fi\/wp-content\/uploads\/2018\/05\/cropped-lammi_logo.png\" alt=\"\" width=\"240\" height=\"122\" \/><\/h1>\n<p>&nbsp;<\/p>\n<h1 style=\"text-align: center;\">Sivustoa p\u00e4ivitet\u00e4\u00e4n<\/h1>\n<p>&nbsp;<\/p>\n<p style=\"text-align: center;\">Kokeilethan hetken kuluttua uudestaan.<\/p>\n","protected":false},"excerpt":{"rendered":"<p>&nbsp; Sivustoa p\u00e4ivitet\u00e4\u00e4n &nbsp; Kokeilethan hetken kuluttua uudestaan.<\/p>\n","protected":false},"author":1,"featured_media":0,"parent":0,"menu_order":0,"comment_status":"closed","ping_status":"closed","template":"templates\/wpmm-page-template.php","meta":{"_acf_changed":false,"_improvement_type_select":"improve_an_existing","_thumb_yes_seoaic":false,"_frame_yes_seoaic":false,"seoaic_generate_description":"","seoaic_improve_instructions_prompt":"","seoaic_rollback_content_improvement":"","seoaic_idea_thumbnail_generator":"","thumbnail_generated":false,"thumbnail_generate_prompt":"","seoaic_article_description":"","_glsr_average":0,"_glsr_ranking":0,"_glsr_reviews":0,"footnotes":""},"class_list":["post-4791","page","type-page","status-publish","hentry"],"acf":[],"yoast_head":"<!-- This site is optimized with the Yoast SEO plugin v27.4 - https:\/\/yoast.com\/product\/yoast-seo-wordpress\/ -->\n<title>Sivustoa p\u00e4ivitet\u00e4\u00e4n - Lammi Harkko<\/title>\n<link rel=\"canonical\" href=\"https:\/\/www.lammi.fi\/harkko\/sivustoa-paivitetaan\/\" \/>\n<meta property=\"og:locale\" content=\"fi_FI\" \/>\n<meta property=\"og:type\" content=\"article\" \/>\n<meta property=\"og:title\" content=\"Sivustoa p\u00e4ivitet\u00e4\u00e4n - Lammi Harkko\" \/>\n<meta property=\"og:description\" content=\"&nbsp; Sivustoa p\u00e4ivitet\u00e4\u00e4n &nbsp; Kokeilethan hetken kuluttua uudestaan.\" \/>\n<meta property=\"og:url\" content=\"https:\/\/www.lammi.fi\/harkko\/sivustoa-paivitetaan\/\" \/>\n<meta property=\"og:site_name\" content=\"Lammi Harkko\" \/>\n<meta name=\"twitter:card\" content=\"summary_large_image\" \/>\n<meta name=\"twitter:label1\" content=\"Arvioitu lukuaika\" \/>\n\t<meta name=\"twitter:data1\" content=\"1 minuutti\" \/>\n<script type=\"application\/ld+json\" class=\"yoast-schema-graph\">{\"@context\":\"https:\\\/\\\/schema.org\",\"@graph\":[{\"@type\":\"WebPage\",\"@id\":\"https:\\\/\\\/www.lammi.fi\\\/harkko\\\/sivustoa-paivitetaan\\\/\",\"url\":\"https:\\\/\\\/www.lammi.fi\\\/harkko\\\/sivustoa-paivitetaan\\\/\",\"name\":\"Sivustoa p\u00e4ivitet\u00e4\u00e4n - Lammi Harkko\",\"isPartOf\":{\"@id\":\"https:\\\/\\\/www.lammi.fi\\\/harkko\\\/#website\"},\"primaryImageOfPage\":{\"@id\":\"https:\\\/\\\/www.lammi.fi\\\/harkko\\\/sivustoa-paivitetaan\\\/#primaryimage\"},\"image\":{\"@id\":\"https:\\\/\\\/www.lammi.fi\\\/harkko\\\/sivustoa-paivitetaan\\\/#primaryimage\"},\"thumbnailUrl\":\"https:\\\/\\\/lammifi-staging.test.cchosting.fi\\\/wp-content\\\/uploads\\\/2018\\\/05\\\/cropped-lammi_logo.png\",\"datePublished\":\"2025-08-25T07:35:20+00:00\",\"breadcrumb\":{\"@id\":\"https:\\\/\\\/www.lammi.fi\\\/harkko\\\/sivustoa-paivitetaan\\\/#breadcrumb\"},\"inLanguage\":\"fi\",\"potentialAction\":[{\"@type\":\"ReadAction\",\"target\":[\"https:\\\/\\\/www.lammi.fi\\\/harkko\\\/sivustoa-paivitetaan\\\/\"]}]},{\"@type\":\"ImageObject\",\"inLanguage\":\"fi\",\"@id\":\"https:\\\/\\\/www.lammi.fi\\\/harkko\\\/sivustoa-paivitetaan\\\/#primaryimage\",\"url\":\"https:\\\/\\\/lammifi-staging.test.cchosting.fi\\\/wp-content\\\/uploads\\\/2018\\\/05\\\/cropped-lammi_logo.png\",\"contentUrl\":\"https:\\\/\\\/lammifi-staging.test.cchosting.fi\\\/wp-content\\\/uploads\\\/2018\\\/05\\\/cropped-lammi_logo.png\"},{\"@type\":\"BreadcrumbList\",\"@id\":\"https:\\\/\\\/www.lammi.fi\\\/harkko\\\/sivustoa-paivitetaan\\\/#breadcrumb\",\"itemListElement\":[{\"@type\":\"ListItem\",\"position\":1,\"name\":\"Lammi.fi\",\"item\":\"https:\\\/\\\/www.lammi.fi\"},{\"@type\":\"ListItem\",\"position\":2,\"name\":\"Lammi Harkko\",\"item\":\"https:\\\/\\\/www.lammi.fi\\\/harkko\\\/\"},{\"@type\":\"ListItem\",\"position\":3,\"name\":\"Sivustoa p\u00e4ivitet\u00e4\u00e4n\"}]},{\"@type\":\"WebSite\",\"@id\":\"https:\\\/\\\/www.lammi.fi\\\/harkko\\\/#website\",\"url\":\"https:\\\/\\\/www.lammi.fi\\\/harkko\\\/\",\"name\":\"Lammi Harkko\",\"description\":\"\",\"publisher\":{\"@id\":\"https:\\\/\\\/www.lammi.fi\\\/harkko\\\/#organization\"},\"potentialAction\":[{\"@type\":\"SearchAction\",\"target\":{\"@type\":\"EntryPoint\",\"urlTemplate\":\"https:\\\/\\\/www.lammi.fi\\\/harkko\\\/?s={search_term_string}\"},\"query-input\":{\"@type\":\"PropertyValueSpecification\",\"valueRequired\":true,\"valueName\":\"search_term_string\"}}],\"inLanguage\":\"fi\"},{\"@type\":\"Organization\",\"@id\":\"https:\\\/\\\/www.lammi.fi\\\/harkko\\\/#organization\",\"name\":\"Lammi Harkko\",\"url\":\"https:\\\/\\\/www.lammi.fi\\\/harkko\\\/\",\"logo\":{\"@type\":\"ImageObject\",\"inLanguage\":\"fi\",\"@id\":\"https:\\\/\\\/www.lammi.fi\\\/harkko\\\/#\\\/schema\\\/logo\\\/image\\\/\",\"url\":\"https:\\\/\\\/www.lammi.fi\\\/harkko\\\/wp-content\\\/uploads\\\/sites\\\/3\\\/2018\\\/06\\\/cropped-lammi_logo.png\",\"contentUrl\":\"https:\\\/\\\/www.lammi.fi\\\/harkko\\\/wp-content\\\/uploads\\\/sites\\\/3\\\/2018\\\/06\\\/cropped-lammi_logo.png\",\"width\":240,\"height\":122,\"caption\":\"Lammi Harkko\"},\"image\":{\"@id\":\"https:\\\/\\\/www.lammi.fi\\\/harkko\\\/#\\\/schema\\\/logo\\\/image\\\/\"}}]}<\/script>\n<!-- \/ Yoast SEO plugin. -->","yoast_head_json":{"title":"Sivustoa p\u00e4ivitet\u00e4\u00e4n - Lammi Harkko","canonical":"https:\/\/www.lammi.fi\/harkko\/sivustoa-paivitetaan\/","og_locale":"fi_FI","og_type":"article","og_title":"Sivustoa p\u00e4ivitet\u00e4\u00e4n - Lammi Harkko","og_description":"&nbsp; Sivustoa p\u00e4ivitet\u00e4\u00e4n &nbsp; Kokeilethan hetken kuluttua uudestaan.","og_url":"https:\/\/www.lammi.fi\/harkko\/sivustoa-paivitetaan\/","og_site_name":"Lammi Harkko","twitter_card":"summary_large_image","twitter_misc":{"Arvioitu lukuaika":"1 minuutti"},"schema":{"@context":"https:\/\/schema.org","@graph":[{"@type":"WebPage","@id":"https:\/\/www.lammi.fi\/harkko\/sivustoa-paivitetaan\/","url":"https:\/\/www.lammi.fi\/harkko\/sivustoa-paivitetaan\/","name":"Sivustoa p\u00e4ivitet\u00e4\u00e4n - Lammi Harkko","isPartOf":{"@id":"https:\/\/www.lammi.fi\/harkko\/#website"},"primaryImageOfPage":{"@id":"https:\/\/www.lammi.fi\/harkko\/sivustoa-paivitetaan\/#primaryimage"},"image":{"@id":"https:\/\/www.lammi.fi\/harkko\/sivustoa-paivitetaan\/#primaryimage"},"thumbnailUrl":"https:\/\/lammifi-staging.test.cchosting.fi\/wp-content\/uploads\/2018\/05\/cropped-lammi_logo.png","datePublished":"2025-08-25T07:35:20+00:00","breadcrumb":{"@id":"https:\/\/www.lammi.fi\/harkko\/sivustoa-paivitetaan\/#breadcrumb"},"inLanguage":"fi","potentialAction":[{"@type":"ReadAction","target":["https:\/\/www.lammi.fi\/harkko\/sivustoa-paivitetaan\/"]}]},{"@type":"ImageObject","inLanguage":"fi","@id":"https:\/\/www.lammi.fi\/harkko\/sivustoa-paivitetaan\/#primaryimage","url":"https:\/\/lammifi-staging.test.cchosting.fi\/wp-content\/uploads\/2018\/05\/cropped-lammi_logo.png","contentUrl":"https:\/\/lammifi-staging.test.cchosting.fi\/wp-content\/uploads\/2018\/05\/cropped-lammi_logo.png"},{"@type":"BreadcrumbList","@id":"https:\/\/www.lammi.fi\/harkko\/sivustoa-paivitetaan\/#breadcrumb","itemListElement":[{"@type":"ListItem","position":1,"name":"Lammi.fi","item":"https:\/\/www.lammi.fi"},{"@type":"ListItem","position":2,"name":"Lammi Harkko","item":"https:\/\/www.lammi.fi\/harkko\/"},{"@type":"ListItem","position":3,"name":"Sivustoa p\u00e4ivitet\u00e4\u00e4n"}]},{"@type":"WebSite","@id":"https:\/\/www.lammi.fi\/harkko\/#website","url":"https:\/\/www.lammi.fi\/harkko\/","name":"Lammi Harkko","description":"","publisher":{"@id":"https:\/\/www.lammi.fi\/harkko\/#organization"},"potentialAction":[{"@type":"SearchAction","target":{"@type":"EntryPoint","urlTemplate":"https:\/\/www.lammi.fi\/harkko\/?s={search_term_string}"},"query-input":{"@type":"PropertyValueSpecification","valueRequired":true,"valueName":"search_term_string"}}],"inLanguage":"fi"},{"@type":"Organization","@id":"https:\/\/www.lammi.fi\/harkko\/#organization","name":"Lammi Harkko","url":"https:\/\/www.lammi.fi\/harkko\/","logo":{"@type":"ImageObject","inLanguage":"fi","@id":"https:\/\/www.lammi.fi\/harkko\/#\/schema\/logo\/image\/","url":"https:\/\/www.lammi.fi\/harkko\/wp-content\/uploads\/sites\/3\/2018\/06\/cropped-lammi_logo.png","contentUrl":"https:\/\/www.lammi.fi\/harkko\/wp-content\/uploads\/sites\/3\/2018\/06\/cropped-lammi_logo.png","width":240,"height":122,"caption":"Lammi Harkko"},"image":{"@id":"https:\/\/www.lammi.fi\/harkko\/#\/schema\/logo\/image\/"}}]}},"_links":{"self":[{"href":"https:\/\/www.lammi.fi\/harkko\/wp-json\/wp\/v2\/pages\/4791","targetHints":{"allow":["GET"]}}],"collection":[{"href":"https:\/\/www.lammi.fi\/harkko\/wp-json\/wp\/v2\/pages"}],"about":[{"href":"https:\/\/www.lammi.fi\/harkko\/wp-json\/wp\/v2\/types\/page"}],"author":[{"embeddable":true,"href":"https:\/\/www.lammi.fi\/harkko\/wp-json\/wp\/v2\/users\/1"}],"replies":[{"embeddable":true,"href":"https:\/\/www.lammi.fi\/harkko\/wp-json\/wp\/v2\/comments?post=4791"}],"version-history":[{"count":1,"href":"https:\/\/www.lammi.fi\/harkko\/wp-json\/wp\/v2\/pages\/4791\/revisions"}],"predecessor-version":[{"id":4792,"href":"https:\/\/www.lammi.fi\/harkko\/wp-json\/wp\/v2\/pages\/4791\/revisions\/4792"}],"wp:attachment":[{"href":"https:\/\/www.lammi.fi\/harkko\/wp-json\/wp\/v2\/media?parent=4791"}],"curies":[{"name":"wp","href":"https:\/\/api.w.org\/{rel}","templated":true}]}}