{"id":445,"date":"2018-09-11T10:50:07","date_gmt":"2018-09-11T10:50:07","guid":{"rendered":"https:\/\/www.lammi.fi\/harkko\/?page_id=445"},"modified":"2025-12-29T19:04:40","modified_gmt":"2025-12-29T16:04:40","slug":"pilarit","status":"publish","type":"page","link":"https:\/\/www.lammi.fi\/harkko\/tuotteet\/pilari-ja-valiseinaharkot\/pilarit\/","title":{"rendered":"Pilarit"},"content":{"rendered":"<h1>Kest\u00e4v\u00e4t ja kantavat pilarirakenteet<\/h1>\n<p><img decoding=\"async\" class=\"alignnone size-large wp-image-1125\" src=\"https:\/\/www.lammi.fi\/harkko\/wp-content\/uploads\/sites\/3\/2019\/01\/harkko_tuoteperhe_pilariharkot-1024x576.jpg\" alt=\"\" width=\"840\" height=\"473\" srcset=\"https:\/\/www.lammi.fi\/harkko\/wp-content\/uploads\/sites\/3\/2019\/01\/harkko_tuoteperhe_pilariharkot-1024x576.jpg 1024w, https:\/\/www.lammi.fi\/harkko\/wp-content\/uploads\/sites\/3\/2019\/01\/harkko_tuoteperhe_pilariharkot-300x169.jpg 300w, https:\/\/www.lammi.fi\/harkko\/wp-content\/uploads\/sites\/3\/2019\/01\/harkko_tuoteperhe_pilariharkot-768x432.jpg 768w, https:\/\/www.lammi.fi\/harkko\/wp-content\/uploads\/sites\/3\/2019\/01\/harkko_tuoteperhe_pilariharkot-1200x675.jpg 1200w, https:\/\/www.lammi.fi\/harkko\/wp-content\/uploads\/sites\/3\/2019\/01\/harkko_tuoteperhe_pilariharkot-280x157.jpg 280w, https:\/\/www.lammi.fi\/harkko\/wp-content\/uploads\/sites\/3\/2019\/01\/harkko_tuoteperhe_pilariharkot-560x314.jpg 560w, https:\/\/www.lammi.fi\/harkko\/wp-content\/uploads\/sites\/3\/2019\/01\/harkko_tuoteperhe_pilariharkot-600x338.jpg 600w, https:\/\/www.lammi.fi\/harkko\/wp-content\/uploads\/sites\/3\/2019\/01\/harkko_tuoteperhe_pilariharkot.jpg 1560w\" sizes=\"(max-width: 709px) 85vw, (max-width: 909px) 67vw, (max-width: 1362px) 62vw, 840px\" \/>Ladottavia ja valettavia pilariharkkoja k\u00e4ytet\u00e4\u00e4n kun tarvitaan runsasta kantokyky\u00e4. Tyypillisimmin tuotteita k\u00e4ytet\u00e4\u00e4n kivitalokohteiden parvekkeiden ja kattorakenteiden kannattamiseen sek\u00e4 erilaisiin perustuskohteisiin. Tarjoamme kolmea eri pilariharkkokokoa.<\/p>\n<h3>Esimerkkej\u00e4 k\u00e4ytt\u00f6kohteista:<\/h3>\n<ul>\n<li>Kattorakenteiden ja parvekkeiden kannatus<\/li>\n<li>Terassien perustukset<\/li>\n<li>Varastojen, kes\u00e4m\u00f6kkien yms. perustukset<\/li>\n<li>Julkisivupilarit<\/li>\n<li>Kantavat pilarit rakennusten sis\u00e4ll\u00e4<\/li>\n<\/ul>\n<h2>J\u00e4t\u00e4 tarjouspyynt\u00f6<\/h2>\n<p>Miten voimme olla avuksi? <a href=\"https:\/\/www.lammi.fi\/harkko\/yhteystiedot\/jata-tarjouspyynto\/\">J\u00e4t\u00e4 tarjouspyynt\u00f6<\/a> ja palaamme pian asiaan!<\/p>\n<div class=\"entry-links\"><\/div>\n<div id=\"column-5\" class=\"portlet-column paragraph-img\">\n<div id=\"layout-column_column-4\" class=\"portlet-dropzone portlet-column-content\">\n<div id=\"p_p_id_56_INSTANCE_IDwXVGt76ak8_\" class=\"portlet-boundary portlet-boundary_56_ portlet-static portlet-static-end portlet-borderless portlet-journal-content \">\n<p>&nbsp;<\/p>\n<div class=\"portlet-body\">\n<div class=\"portlet-borderless-container\">\n<div class=\"portlet-body\">\n<div id=\"article_10202_10228_22602_1.3\" class=\"journal-content-article\"><\/div>\n<\/div>\n<\/div>\n<\/div>\n<\/div>\n<\/div>\n<\/div>\n","protected":false},"excerpt":{"rendered":"<p>Kest\u00e4v\u00e4t ja kantavat pilarirakenteet Ladottavia ja valettavia pilariharkkoja k\u00e4ytet\u00e4\u00e4n kun tarvitaan runsasta kantokyky\u00e4. Tyypillisimmin tuotteita k\u00e4ytet\u00e4\u00e4n kivitalokohteiden parvekkeiden ja kattorakenteiden kannattamiseen sek\u00e4 erilaisiin perustuskohteisiin. Tarjoamme kolmea eri pilariharkkokokoa. Esimerkkej\u00e4 k\u00e4ytt\u00f6kohteista: Kattorakenteiden ja parvekkeiden kannatus Terassien perustukset Varastojen, kes\u00e4m\u00f6kkien yms. perustukset Julkisivupilarit Kantavat pilarit rakennusten sis\u00e4ll\u00e4 J\u00e4t\u00e4 tarjouspyynt\u00f6 Miten voimme olla avuksi? J\u00e4t\u00e4 tarjouspyynt\u00f6 ja palaamme &hellip; <a href=\"https:\/\/www.lammi.fi\/harkko\/tuotteet\/pilari-ja-valiseinaharkot\/pilarit\/\" class=\"more-link\">Lue lis\u00e4\u00e4<span class=\"screen-reader-text\"> &#8221;Pilarit&#8221;<\/span><\/a><\/p>\n","protected":false},"author":5,"featured_media":0,"parent":2022,"menu_order":0,"comment_status":"closed","ping_status":"closed","template":"","meta":{"_acf_changed":false,"_improvement_type_select":"improve_an_existing","_thumb_yes_seoaic":false,"_frame_yes_seoaic":false,"seoaic_generate_description":"","seoaic_improve_instructions_prompt":"","seoaic_rollback_content_improvement":"","seoaic_idea_thumbnail_generator":"","thumbnail_generated":false,"thumbnail_generate_prompt":"","seoaic_article_description":"","_glsr_average":5,"_glsr_ranking":3.6363636363636,"_glsr_reviews":1,"footnotes":""},"class_list":["post-445","page","type-page","status-publish","hentry"],"acf":[],"yoast_head":"<!-- This site is optimized with the Yoast SEO plugin v27.4 - https:\/\/yoast.com\/product\/yoast-seo-wordpress\/ -->\n<title>Lammi Harkko - Pilarit<\/title>\n<meta name=\"description\" content=\"Ladottavia ja valettavia pilariharkkoja k\u00e4ytet\u00e4\u00e4n kun tarvitaan runsasta kantokyky\u00e4. Tarjoamme kolmea eri pilariharkkokokoa.\" \/>\n<link rel=\"canonical\" href=\"https:\/\/www.lammi.fi\/harkko\/tuotteet\/pilari-ja-valiseinaharkot\/pilarit\/\" \/>\n<meta property=\"og:locale\" content=\"fi_FI\" \/>\n<meta property=\"og:type\" content=\"article\" \/>\n<meta property=\"og:title\" content=\"Lammi Harkko - Pilarit\" \/>\n<meta property=\"og:description\" content=\"Ladottavia ja valettavia pilariharkkoja k\u00e4ytet\u00e4\u00e4n kun tarvitaan runsasta kantokyky\u00e4. Tarjoamme kolmea eri pilariharkkokokoa.\" \/>\n<meta property=\"og:url\" content=\"https:\/\/www.lammi.fi\/harkko\/tuotteet\/pilari-ja-valiseinaharkot\/pilarit\/\" \/>\n<meta property=\"og:site_name\" content=\"Lammi Harkko\" \/>\n<meta property=\"article:modified_time\" content=\"2025-12-29T16:04:40+00:00\" \/>\n<meta property=\"og:image\" content=\"https:\/\/www.lammi.fi\/harkko\/wp-content\/uploads\/sites\/3\/2019\/01\/harkko_tuoteperhe_pilariharkot.jpg\" \/>\n\t<meta property=\"og:image:width\" content=\"1560\" \/>\n\t<meta property=\"og:image:height\" content=\"878\" \/>\n\t<meta property=\"og:image:type\" content=\"image\/jpeg\" \/>\n<meta name=\"twitter:card\" content=\"summary_large_image\" \/>\n<meta name=\"twitter:label1\" content=\"Arvioitu lukuaika\" \/>\n\t<meta name=\"twitter:data1\" content=\"1 minuutti\" \/>\n<script type=\"application\/ld+json\" class=\"yoast-schema-graph\">{\"@context\":\"https:\\\/\\\/schema.org\",\"@graph\":[{\"@type\":\"WebPage\",\"@id\":\"https:\\\/\\\/www.lammi.fi\\\/harkko\\\/tuotteet\\\/pilari-ja-valiseinaharkot\\\/pilarit\\\/\",\"url\":\"https:\\\/\\\/www.lammi.fi\\\/harkko\\\/tuotteet\\\/pilari-ja-valiseinaharkot\\\/pilarit\\\/\",\"name\":\"Lammi Harkko - Pilarit\",\"isPartOf\":{\"@id\":\"https:\\\/\\\/www.lammi.fi\\\/harkko\\\/#website\"},\"primaryImageOfPage\":{\"@id\":\"https:\\\/\\\/www.lammi.fi\\\/harkko\\\/tuotteet\\\/pilari-ja-valiseinaharkot\\\/pilarit\\\/#primaryimage\"},\"image\":{\"@id\":\"https:\\\/\\\/www.lammi.fi\\\/harkko\\\/tuotteet\\\/pilari-ja-valiseinaharkot\\\/pilarit\\\/#primaryimage\"},\"thumbnailUrl\":\"https:\\\/\\\/www.lammi.fi\\\/harkko\\\/wp-content\\\/uploads\\\/sites\\\/3\\\/2019\\\/01\\\/harkko_tuoteperhe_pilariharkot-1024x576.jpg\",\"datePublished\":\"2018-09-11T10:50:07+00:00\",\"dateModified\":\"2025-12-29T16:04:40+00:00\",\"description\":\"Ladottavia ja valettavia pilariharkkoja k\u00e4ytet\u00e4\u00e4n kun tarvitaan runsasta kantokyky\u00e4. Tarjoamme kolmea eri pilariharkkokokoa.\",\"breadcrumb\":{\"@id\":\"https:\\\/\\\/www.lammi.fi\\\/harkko\\\/tuotteet\\\/pilari-ja-valiseinaharkot\\\/pilarit\\\/#breadcrumb\"},\"inLanguage\":\"fi\",\"potentialAction\":[{\"@type\":\"ReadAction\",\"target\":[\"https:\\\/\\\/www.lammi.fi\\\/harkko\\\/tuotteet\\\/pilari-ja-valiseinaharkot\\\/pilarit\\\/\"]}]},{\"@type\":\"ImageObject\",\"inLanguage\":\"fi\",\"@id\":\"https:\\\/\\\/www.lammi.fi\\\/harkko\\\/tuotteet\\\/pilari-ja-valiseinaharkot\\\/pilarit\\\/#primaryimage\",\"url\":\"https:\\\/\\\/www.lammi.fi\\\/harkko\\\/wp-content\\\/uploads\\\/sites\\\/3\\\/2019\\\/01\\\/harkko_tuoteperhe_pilariharkot.jpg\",\"contentUrl\":\"https:\\\/\\\/www.lammi.fi\\\/harkko\\\/wp-content\\\/uploads\\\/sites\\\/3\\\/2019\\\/01\\\/harkko_tuoteperhe_pilariharkot.jpg\",\"width\":1560,\"height\":878},{\"@type\":\"BreadcrumbList\",\"@id\":\"https:\\\/\\\/www.lammi.fi\\\/harkko\\\/tuotteet\\\/pilari-ja-valiseinaharkot\\\/pilarit\\\/#breadcrumb\",\"itemListElement\":[{\"@type\":\"ListItem\",\"position\":1,\"name\":\"Lammi.fi\",\"item\":\"https:\\\/\\\/www.lammi.fi\"},{\"@type\":\"ListItem\",\"position\":2,\"name\":\"Lammi Harkko\",\"item\":\"https:\\\/\\\/www.lammi.fi\\\/harkko\\\/\"},{\"@type\":\"ListItem\",\"position\":3,\"name\":\"Tuotteet\",\"item\":\"https:\\\/\\\/www.lammi.fi\\\/harkko\\\/tuotteet\\\/\"},{\"@type\":\"ListItem\",\"position\":4,\"name\":\"Pilari- ja v\u00e4lisein\u00e4harkot\",\"item\":\"https:\\\/\\\/www.lammi.fi\\\/harkko\\\/tuotteet\\\/pilari-ja-valiseinaharkot\\\/\"},{\"@type\":\"ListItem\",\"position\":5,\"name\":\"Pilarit\"}]},{\"@type\":\"WebSite\",\"@id\":\"https:\\\/\\\/www.lammi.fi\\\/harkko\\\/#website\",\"url\":\"https:\\\/\\\/www.lammi.fi\\\/harkko\\\/\",\"name\":\"Lammi Harkko\",\"description\":\"\",\"publisher\":{\"@id\":\"https:\\\/\\\/www.lammi.fi\\\/harkko\\\/#organization\"},\"potentialAction\":[{\"@type\":\"SearchAction\",\"target\":{\"@type\":\"EntryPoint\",\"urlTemplate\":\"https:\\\/\\\/www.lammi.fi\\\/harkko\\\/?s={search_term_string}\"},\"query-input\":{\"@type\":\"PropertyValueSpecification\",\"valueRequired\":true,\"valueName\":\"search_term_string\"}}],\"inLanguage\":\"fi\"},{\"@type\":\"Organization\",\"@id\":\"https:\\\/\\\/www.lammi.fi\\\/harkko\\\/#organization\",\"name\":\"Lammi Harkko\",\"url\":\"https:\\\/\\\/www.lammi.fi\\\/harkko\\\/\",\"logo\":{\"@type\":\"ImageObject\",\"inLanguage\":\"fi\",\"@id\":\"https:\\\/\\\/www.lammi.fi\\\/harkko\\\/#\\\/schema\\\/logo\\\/image\\\/\",\"url\":\"https:\\\/\\\/www.lammi.fi\\\/harkko\\\/wp-content\\\/uploads\\\/sites\\\/3\\\/2018\\\/06\\\/cropped-lammi_logo.png\",\"contentUrl\":\"https:\\\/\\\/www.lammi.fi\\\/harkko\\\/wp-content\\\/uploads\\\/sites\\\/3\\\/2018\\\/06\\\/cropped-lammi_logo.png\",\"width\":240,\"height\":122,\"caption\":\"Lammi Harkko\"},\"image\":{\"@id\":\"https:\\\/\\\/www.lammi.fi\\\/harkko\\\/#\\\/schema\\\/logo\\\/image\\\/\"}}]}<\/script>\n<!-- \/ Yoast SEO plugin. -->","yoast_head_json":{"title":"Lammi Harkko - Pilarit","description":"Ladottavia ja valettavia pilariharkkoja k\u00e4ytet\u00e4\u00e4n kun tarvitaan runsasta kantokyky\u00e4. Tarjoamme kolmea eri pilariharkkokokoa.","canonical":"https:\/\/www.lammi.fi\/harkko\/tuotteet\/pilari-ja-valiseinaharkot\/pilarit\/","og_locale":"fi_FI","og_type":"article","og_title":"Lammi Harkko - Pilarit","og_description":"Ladottavia ja valettavia pilariharkkoja k\u00e4ytet\u00e4\u00e4n kun tarvitaan runsasta kantokyky\u00e4. Tarjoamme kolmea eri pilariharkkokokoa.","og_url":"https:\/\/www.lammi.fi\/harkko\/tuotteet\/pilari-ja-valiseinaharkot\/pilarit\/","og_site_name":"Lammi Harkko","article_modified_time":"2025-12-29T16:04:40+00:00","og_image":[{"width":1560,"height":878,"url":"https:\/\/www.lammi.fi\/harkko\/wp-content\/uploads\/sites\/3\/2019\/01\/harkko_tuoteperhe_pilariharkot.jpg","type":"image\/jpeg"}],"twitter_card":"summary_large_image","twitter_misc":{"Arvioitu lukuaika":"1 minuutti"},"schema":{"@context":"https:\/\/schema.org","@graph":[{"@type":"WebPage","@id":"https:\/\/www.lammi.fi\/harkko\/tuotteet\/pilari-ja-valiseinaharkot\/pilarit\/","url":"https:\/\/www.lammi.fi\/harkko\/tuotteet\/pilari-ja-valiseinaharkot\/pilarit\/","name":"Lammi Harkko - Pilarit","isPartOf":{"@id":"https:\/\/www.lammi.fi\/harkko\/#website"},"primaryImageOfPage":{"@id":"https:\/\/www.lammi.fi\/harkko\/tuotteet\/pilari-ja-valiseinaharkot\/pilarit\/#primaryimage"},"image":{"@id":"https:\/\/www.lammi.fi\/harkko\/tuotteet\/pilari-ja-valiseinaharkot\/pilarit\/#primaryimage"},"thumbnailUrl":"https:\/\/www.lammi.fi\/harkko\/wp-content\/uploads\/sites\/3\/2019\/01\/harkko_tuoteperhe_pilariharkot-1024x576.jpg","datePublished":"2018-09-11T10:50:07+00:00","dateModified":"2025-12-29T16:04:40+00:00","description":"Ladottavia ja valettavia pilariharkkoja k\u00e4ytet\u00e4\u00e4n kun tarvitaan runsasta kantokyky\u00e4. Tarjoamme kolmea eri pilariharkkokokoa.","breadcrumb":{"@id":"https:\/\/www.lammi.fi\/harkko\/tuotteet\/pilari-ja-valiseinaharkot\/pilarit\/#breadcrumb"},"inLanguage":"fi","potentialAction":[{"@type":"ReadAction","target":["https:\/\/www.lammi.fi\/harkko\/tuotteet\/pilari-ja-valiseinaharkot\/pilarit\/"]}]},{"@type":"ImageObject","inLanguage":"fi","@id":"https:\/\/www.lammi.fi\/harkko\/tuotteet\/pilari-ja-valiseinaharkot\/pilarit\/#primaryimage","url":"https:\/\/www.lammi.fi\/harkko\/wp-content\/uploads\/sites\/3\/2019\/01\/harkko_tuoteperhe_pilariharkot.jpg","contentUrl":"https:\/\/www.lammi.fi\/harkko\/wp-content\/uploads\/sites\/3\/2019\/01\/harkko_tuoteperhe_pilariharkot.jpg","width":1560,"height":878},{"@type":"BreadcrumbList","@id":"https:\/\/www.lammi.fi\/harkko\/tuotteet\/pilari-ja-valiseinaharkot\/pilarit\/#breadcrumb","itemListElement":[{"@type":"ListItem","position":1,"name":"Lammi.fi","item":"https:\/\/www.lammi.fi"},{"@type":"ListItem","position":2,"name":"Lammi Harkko","item":"https:\/\/www.lammi.fi\/harkko\/"},{"@type":"ListItem","position":3,"name":"Tuotteet","item":"https:\/\/www.lammi.fi\/harkko\/tuotteet\/"},{"@type":"ListItem","position":4,"name":"Pilari- ja v\u00e4lisein\u00e4harkot","item":"https:\/\/www.lammi.fi\/harkko\/tuotteet\/pilari-ja-valiseinaharkot\/"},{"@type":"ListItem","position":5,"name":"Pilarit"}]},{"@type":"WebSite","@id":"https:\/\/www.lammi.fi\/harkko\/#website","url":"https:\/\/www.lammi.fi\/harkko\/","name":"Lammi Harkko","description":"","publisher":{"@id":"https:\/\/www.lammi.fi\/harkko\/#organization"},"potentialAction":[{"@type":"SearchAction","target":{"@type":"EntryPoint","urlTemplate":"https:\/\/www.lammi.fi\/harkko\/?s={search_term_string}"},"query-input":{"@type":"PropertyValueSpecification","valueRequired":true,"valueName":"search_term_string"}}],"inLanguage":"fi"},{"@type":"Organization","@id":"https:\/\/www.lammi.fi\/harkko\/#organization","name":"Lammi Harkko","url":"https:\/\/www.lammi.fi\/harkko\/","logo":{"@type":"ImageObject","inLanguage":"fi","@id":"https:\/\/www.lammi.fi\/harkko\/#\/schema\/logo\/image\/","url":"https:\/\/www.lammi.fi\/harkko\/wp-content\/uploads\/sites\/3\/2018\/06\/cropped-lammi_logo.png","contentUrl":"https:\/\/www.lammi.fi\/harkko\/wp-content\/uploads\/sites\/3\/2018\/06\/cropped-lammi_logo.png","width":240,"height":122,"caption":"Lammi Harkko"},"image":{"@id":"https:\/\/www.lammi.fi\/harkko\/#\/schema\/logo\/image\/"}}]}},"_links":{"self":[{"href":"https:\/\/www.lammi.fi\/harkko\/wp-json\/wp\/v2\/pages\/445","targetHints":{"allow":["GET"]}}],"collection":[{"href":"https:\/\/www.lammi.fi\/harkko\/wp-json\/wp\/v2\/pages"}],"about":[{"href":"https:\/\/www.lammi.fi\/harkko\/wp-json\/wp\/v2\/types\/page"}],"author":[{"embeddable":true,"href":"https:\/\/www.lammi.fi\/harkko\/wp-json\/wp\/v2\/users\/5"}],"replies":[{"embeddable":true,"href":"https:\/\/www.lammi.fi\/harkko\/wp-json\/wp\/v2\/comments?post=445"}],"version-history":[{"count":15,"href":"https:\/\/www.lammi.fi\/harkko\/wp-json\/wp\/v2\/pages\/445\/revisions"}],"predecessor-version":[{"id":5133,"href":"https:\/\/www.lammi.fi\/harkko\/wp-json\/wp\/v2\/pages\/445\/revisions\/5133"}],"up":[{"embeddable":true,"href":"https:\/\/www.lammi.fi\/harkko\/wp-json\/wp\/v2\/pages\/2022"}],"wp:attachment":[{"href":"https:\/\/www.lammi.fi\/harkko\/wp-json\/wp\/v2\/media?parent=445"}],"curies":[{"name":"wp","href":"https:\/\/api.w.org\/{rel}","templated":true}]}}