{"id":443,"date":"2018-09-11T10:30:46","date_gmt":"2018-09-11T10:30:46","guid":{"rendered":"https:\/\/www.lammi.fi\/harkko\/?page_id=443"},"modified":"2025-12-29T18:53:48","modified_gmt":"2025-12-29T15:53:48","slug":"mh150","status":"publish","type":"page","link":"https:\/\/www.lammi.fi\/harkko\/tuotteet\/muottiharkot\/mh150\/","title":{"rendered":"MH150"},"content":{"rendered":"<h1>Kantavat rakenteet ja perustukset<\/h1>\n<h1><img decoding=\"async\" class=\"alignnone size-large wp-image-593\" style=\"font-size: 18px\" src=\"https:\/\/www.lammi.fi\/harkko\/wp-content\/uploads\/sites\/3\/2018\/09\/harkko_tuoteperhe_muottikivet_mh150-1024x576.jpg\" alt=\"\" width=\"840\" height=\"473\" srcset=\"https:\/\/www.lammi.fi\/harkko\/wp-content\/uploads\/sites\/3\/2018\/09\/harkko_tuoteperhe_muottikivet_mh150-1024x576.jpg 1024w, https:\/\/www.lammi.fi\/harkko\/wp-content\/uploads\/sites\/3\/2018\/09\/harkko_tuoteperhe_muottikivet_mh150-300x169.jpg 300w, https:\/\/www.lammi.fi\/harkko\/wp-content\/uploads\/sites\/3\/2018\/09\/harkko_tuoteperhe_muottikivet_mh150-768x432.jpg 768w, https:\/\/www.lammi.fi\/harkko\/wp-content\/uploads\/sites\/3\/2018\/09\/harkko_tuoteperhe_muottikivet_mh150-1200x675.jpg 1200w, https:\/\/www.lammi.fi\/harkko\/wp-content\/uploads\/sites\/3\/2018\/09\/harkko_tuoteperhe_muottikivet_mh150-280x157.jpg 280w, https:\/\/www.lammi.fi\/harkko\/wp-content\/uploads\/sites\/3\/2018\/09\/harkko_tuoteperhe_muottikivet_mh150-560x314.jpg 560w, https:\/\/www.lammi.fi\/harkko\/wp-content\/uploads\/sites\/3\/2018\/09\/harkko_tuoteperhe_muottikivet_mh150-600x338.jpg 600w, https:\/\/www.lammi.fi\/harkko\/wp-content\/uploads\/sites\/3\/2018\/09\/harkko_tuoteperhe_muottikivet_mh150.jpg 1560w\" sizes=\"(max-width: 709px) 85vw, (max-width: 909px) 67vw, (max-width: 1362px) 62vw, 840px\" \/><\/h1>\n<p>Ladottavan ja valettavan MH150 -tuoteperheen tuotteita k\u00e4ytet\u00e4\u00e4n hyvin erilaisiin kohteisiin. Harkkoja on kevyt k\u00e4sitell\u00e4, valuonteloon mahtuu hyvin tarvittava talotekniikka ja valamalla kivist\u00e4 saadaan todella luja loppurakenne. Tuoteperheeseen kuuluu peruskiven, kulmakiven ja p\u00e4\u00e4tykivien lis\u00e4ksi my\u00f6s kaareva muottiharkko. Kaarevalla harkolla voidaan toteutttaa 3-7 m halkaisijalla olevia kohteita. <strong>Kaareva KMH150<\/strong> -tuote yhdistyy suoraan MH150 -tuotteen kanssa p\u00e4\u00e4typonteista.<\/p>\n<h3>Esimerkkej\u00e4 k\u00e4ytt\u00f6kohteista<\/h3>\n<ul>\n<li>Kantavat sein\u00e4t<\/li>\n<li>P\u00e4\u00e4tykolmiot<\/li>\n<li>Perusmuurit<\/li>\n<li>Perustukset<\/li>\n<li>Saneerauskohteet<\/li>\n<li>Erilaiset uima-altaat yms.<\/li>\n<li>Kaarevat rakenteet<\/li>\n<\/ul>\n<h2>J\u00e4t\u00e4 tarjouspyynt\u00f6<\/h2>\n<p>Miten voimme olla avuksi? <a href=\"https:\/\/www.lammi.fi\/harkko\/yhteystiedot\/jata-tarjouspyynto\/\">J\u00e4t\u00e4 tarjouspyynt\u00f6<\/a> ja palaamme pian asiaan!<\/p>\n","protected":false},"excerpt":{"rendered":"<p>Kantavat rakenteet ja perustukset Ladottavan ja valettavan MH150 -tuoteperheen tuotteita k\u00e4ytet\u00e4\u00e4n hyvin erilaisiin kohteisiin. Harkkoja on kevyt k\u00e4sitell\u00e4, valuonteloon mahtuu hyvin tarvittava talotekniikka ja valamalla kivist\u00e4 saadaan todella luja loppurakenne. Tuoteperheeseen kuuluu peruskiven, kulmakiven ja p\u00e4\u00e4tykivien lis\u00e4ksi my\u00f6s kaareva muottiharkko. Kaarevalla harkolla voidaan toteutttaa 3-7 m halkaisijalla olevia kohteita. Kaareva KMH150 -tuote yhdistyy suoraan MH150 &hellip; <a href=\"https:\/\/www.lammi.fi\/harkko\/tuotteet\/muottiharkot\/mh150\/\" class=\"more-link\">Lue lis\u00e4\u00e4<span class=\"screen-reader-text\"> &#8221;MH150&#8221;<\/span><\/a><\/p>\n","protected":false},"author":5,"featured_media":0,"parent":367,"menu_order":0,"comment_status":"closed","ping_status":"closed","template":"","meta":{"_acf_changed":false,"_improvement_type_select":"improve_an_existing","_thumb_yes_seoaic":false,"_frame_yes_seoaic":false,"seoaic_generate_description":"","seoaic_improve_instructions_prompt":"","seoaic_rollback_content_improvement":"","seoaic_idea_thumbnail_generator":"","thumbnail_generated":false,"thumbnail_generate_prompt":"","seoaic_article_description":"","_glsr_average":4.6,"_glsr_ranking":3.8666666666667,"_glsr_reviews":5,"footnotes":""},"class_list":["post-443","page","type-page","status-publish","hentry"],"acf":[],"yoast_head":"<!-- This site is optimized with the Yoast SEO plugin v27.4 - https:\/\/yoast.com\/product\/yoast-seo-wordpress\/ -->\n<title>Lammi Harkko - MH150<\/title>\n<meta name=\"description\" content=\"Ladottavan ja valettavan MH150-tuoteperheen tuotteita k\u00e4ytet\u00e4\u00e4n hyvin erilaisiin kohteisiin. Tutustu tuoteperheeseen.\" \/>\n<link rel=\"canonical\" href=\"https:\/\/www.lammi.fi\/harkko\/tuotteet\/muottiharkot\/mh150\/\" \/>\n<meta property=\"og:locale\" content=\"fi_FI\" \/>\n<meta property=\"og:type\" content=\"article\" \/>\n<meta property=\"og:title\" content=\"Lammi Harkko - MH150\" \/>\n<meta property=\"og:description\" content=\"Ladottavan ja valettavan MH150-tuoteperheen tuotteita k\u00e4ytet\u00e4\u00e4n hyvin erilaisiin kohteisiin. Tutustu tuoteperheeseen.\" \/>\n<meta property=\"og:url\" content=\"https:\/\/www.lammi.fi\/harkko\/tuotteet\/muottiharkot\/mh150\/\" \/>\n<meta property=\"og:site_name\" content=\"Lammi Harkko\" \/>\n<meta property=\"article:modified_time\" content=\"2025-12-29T15:53:48+00:00\" \/>\n<meta property=\"og:image\" content=\"https:\/\/www.lammi.fi\/harkko\/wp-content\/uploads\/sites\/3\/2018\/09\/harkko_tuoteperhe_muottikivet_mh150.jpg\" \/>\n\t<meta property=\"og:image:width\" content=\"1560\" \/>\n\t<meta property=\"og:image:height\" content=\"878\" \/>\n\t<meta property=\"og:image:type\" content=\"image\/jpeg\" \/>\n<meta name=\"twitter:card\" content=\"summary_large_image\" \/>\n<meta name=\"twitter:label1\" content=\"Arvioitu lukuaika\" \/>\n\t<meta name=\"twitter:data1\" content=\"1 minuutti\" \/>\n<script type=\"application\/ld+json\" class=\"yoast-schema-graph\">{\"@context\":\"https:\\\/\\\/schema.org\",\"@graph\":[{\"@type\":\"WebPage\",\"@id\":\"https:\\\/\\\/www.lammi.fi\\\/harkko\\\/tuotteet\\\/muottiharkot\\\/mh150\\\/\",\"url\":\"https:\\\/\\\/www.lammi.fi\\\/harkko\\\/tuotteet\\\/muottiharkot\\\/mh150\\\/\",\"name\":\"Lammi Harkko - MH150\",\"isPartOf\":{\"@id\":\"https:\\\/\\\/www.lammi.fi\\\/harkko\\\/#website\"},\"primaryImageOfPage\":{\"@id\":\"https:\\\/\\\/www.lammi.fi\\\/harkko\\\/tuotteet\\\/muottiharkot\\\/mh150\\\/#primaryimage\"},\"image\":{\"@id\":\"https:\\\/\\\/www.lammi.fi\\\/harkko\\\/tuotteet\\\/muottiharkot\\\/mh150\\\/#primaryimage\"},\"thumbnailUrl\":\"https:\\\/\\\/www.lammi.fi\\\/harkko\\\/wp-content\\\/uploads\\\/sites\\\/3\\\/2018\\\/09\\\/harkko_tuoteperhe_muottikivet_mh150-1024x576.jpg\",\"datePublished\":\"2018-09-11T10:30:46+00:00\",\"dateModified\":\"2025-12-29T15:53:48+00:00\",\"description\":\"Ladottavan ja valettavan MH150-tuoteperheen tuotteita k\u00e4ytet\u00e4\u00e4n hyvin erilaisiin kohteisiin. Tutustu tuoteperheeseen.\",\"breadcrumb\":{\"@id\":\"https:\\\/\\\/www.lammi.fi\\\/harkko\\\/tuotteet\\\/muottiharkot\\\/mh150\\\/#breadcrumb\"},\"inLanguage\":\"fi\",\"potentialAction\":[{\"@type\":\"ReadAction\",\"target\":[\"https:\\\/\\\/www.lammi.fi\\\/harkko\\\/tuotteet\\\/muottiharkot\\\/mh150\\\/\"]}]},{\"@type\":\"ImageObject\",\"inLanguage\":\"fi\",\"@id\":\"https:\\\/\\\/www.lammi.fi\\\/harkko\\\/tuotteet\\\/muottiharkot\\\/mh150\\\/#primaryimage\",\"url\":\"https:\\\/\\\/www.lammi.fi\\\/harkko\\\/wp-content\\\/uploads\\\/sites\\\/3\\\/2018\\\/09\\\/harkko_tuoteperhe_muottikivet_mh150.jpg\",\"contentUrl\":\"https:\\\/\\\/www.lammi.fi\\\/harkko\\\/wp-content\\\/uploads\\\/sites\\\/3\\\/2018\\\/09\\\/harkko_tuoteperhe_muottikivet_mh150.jpg\",\"width\":1560,\"height\":878},{\"@type\":\"BreadcrumbList\",\"@id\":\"https:\\\/\\\/www.lammi.fi\\\/harkko\\\/tuotteet\\\/muottiharkot\\\/mh150\\\/#breadcrumb\",\"itemListElement\":[{\"@type\":\"ListItem\",\"position\":1,\"name\":\"Lammi.fi\",\"item\":\"https:\\\/\\\/www.lammi.fi\"},{\"@type\":\"ListItem\",\"position\":2,\"name\":\"Lammi Harkko\",\"item\":\"https:\\\/\\\/www.lammi.fi\\\/harkko\\\/\"},{\"@type\":\"ListItem\",\"position\":3,\"name\":\"Tuotteet\",\"item\":\"https:\\\/\\\/www.lammi.fi\\\/harkko\\\/tuotteet\\\/\"},{\"@type\":\"ListItem\",\"position\":4,\"name\":\"Muottiharkot\",\"item\":\"https:\\\/\\\/www.lammi.fi\\\/harkko\\\/tuotteet\\\/muottiharkot\\\/\"},{\"@type\":\"ListItem\",\"position\":5,\"name\":\"MH150\"}]},{\"@type\":\"WebSite\",\"@id\":\"https:\\\/\\\/www.lammi.fi\\\/harkko\\\/#website\",\"url\":\"https:\\\/\\\/www.lammi.fi\\\/harkko\\\/\",\"name\":\"Lammi Harkko\",\"description\":\"\",\"publisher\":{\"@id\":\"https:\\\/\\\/www.lammi.fi\\\/harkko\\\/#organization\"},\"potentialAction\":[{\"@type\":\"SearchAction\",\"target\":{\"@type\":\"EntryPoint\",\"urlTemplate\":\"https:\\\/\\\/www.lammi.fi\\\/harkko\\\/?s={search_term_string}\"},\"query-input\":{\"@type\":\"PropertyValueSpecification\",\"valueRequired\":true,\"valueName\":\"search_term_string\"}}],\"inLanguage\":\"fi\"},{\"@type\":\"Organization\",\"@id\":\"https:\\\/\\\/www.lammi.fi\\\/harkko\\\/#organization\",\"name\":\"Lammi Harkko\",\"url\":\"https:\\\/\\\/www.lammi.fi\\\/harkko\\\/\",\"logo\":{\"@type\":\"ImageObject\",\"inLanguage\":\"fi\",\"@id\":\"https:\\\/\\\/www.lammi.fi\\\/harkko\\\/#\\\/schema\\\/logo\\\/image\\\/\",\"url\":\"https:\\\/\\\/www.lammi.fi\\\/harkko\\\/wp-content\\\/uploads\\\/sites\\\/3\\\/2018\\\/06\\\/cropped-lammi_logo.png\",\"contentUrl\":\"https:\\\/\\\/www.lammi.fi\\\/harkko\\\/wp-content\\\/uploads\\\/sites\\\/3\\\/2018\\\/06\\\/cropped-lammi_logo.png\",\"width\":240,\"height\":122,\"caption\":\"Lammi Harkko\"},\"image\":{\"@id\":\"https:\\\/\\\/www.lammi.fi\\\/harkko\\\/#\\\/schema\\\/logo\\\/image\\\/\"}}]}<\/script>\n<!-- \/ Yoast SEO plugin. -->","yoast_head_json":{"title":"Lammi Harkko - MH150","description":"Ladottavan ja valettavan MH150-tuoteperheen tuotteita k\u00e4ytet\u00e4\u00e4n hyvin erilaisiin kohteisiin. Tutustu tuoteperheeseen.","canonical":"https:\/\/www.lammi.fi\/harkko\/tuotteet\/muottiharkot\/mh150\/","og_locale":"fi_FI","og_type":"article","og_title":"Lammi Harkko - MH150","og_description":"Ladottavan ja valettavan MH150-tuoteperheen tuotteita k\u00e4ytet\u00e4\u00e4n hyvin erilaisiin kohteisiin. Tutustu tuoteperheeseen.","og_url":"https:\/\/www.lammi.fi\/harkko\/tuotteet\/muottiharkot\/mh150\/","og_site_name":"Lammi Harkko","article_modified_time":"2025-12-29T15:53:48+00:00","og_image":[{"width":1560,"height":878,"url":"https:\/\/www.lammi.fi\/harkko\/wp-content\/uploads\/sites\/3\/2018\/09\/harkko_tuoteperhe_muottikivet_mh150.jpg","type":"image\/jpeg"}],"twitter_card":"summary_large_image","twitter_misc":{"Arvioitu lukuaika":"1 minuutti"},"schema":{"@context":"https:\/\/schema.org","@graph":[{"@type":"WebPage","@id":"https:\/\/www.lammi.fi\/harkko\/tuotteet\/muottiharkot\/mh150\/","url":"https:\/\/www.lammi.fi\/harkko\/tuotteet\/muottiharkot\/mh150\/","name":"Lammi Harkko - MH150","isPartOf":{"@id":"https:\/\/www.lammi.fi\/harkko\/#website"},"primaryImageOfPage":{"@id":"https:\/\/www.lammi.fi\/harkko\/tuotteet\/muottiharkot\/mh150\/#primaryimage"},"image":{"@id":"https:\/\/www.lammi.fi\/harkko\/tuotteet\/muottiharkot\/mh150\/#primaryimage"},"thumbnailUrl":"https:\/\/www.lammi.fi\/harkko\/wp-content\/uploads\/sites\/3\/2018\/09\/harkko_tuoteperhe_muottikivet_mh150-1024x576.jpg","datePublished":"2018-09-11T10:30:46+00:00","dateModified":"2025-12-29T15:53:48+00:00","description":"Ladottavan ja valettavan MH150-tuoteperheen tuotteita k\u00e4ytet\u00e4\u00e4n hyvin erilaisiin kohteisiin. Tutustu tuoteperheeseen.","breadcrumb":{"@id":"https:\/\/www.lammi.fi\/harkko\/tuotteet\/muottiharkot\/mh150\/#breadcrumb"},"inLanguage":"fi","potentialAction":[{"@type":"ReadAction","target":["https:\/\/www.lammi.fi\/harkko\/tuotteet\/muottiharkot\/mh150\/"]}]},{"@type":"ImageObject","inLanguage":"fi","@id":"https:\/\/www.lammi.fi\/harkko\/tuotteet\/muottiharkot\/mh150\/#primaryimage","url":"https:\/\/www.lammi.fi\/harkko\/wp-content\/uploads\/sites\/3\/2018\/09\/harkko_tuoteperhe_muottikivet_mh150.jpg","contentUrl":"https:\/\/www.lammi.fi\/harkko\/wp-content\/uploads\/sites\/3\/2018\/09\/harkko_tuoteperhe_muottikivet_mh150.jpg","width":1560,"height":878},{"@type":"BreadcrumbList","@id":"https:\/\/www.lammi.fi\/harkko\/tuotteet\/muottiharkot\/mh150\/#breadcrumb","itemListElement":[{"@type":"ListItem","position":1,"name":"Lammi.fi","item":"https:\/\/www.lammi.fi"},{"@type":"ListItem","position":2,"name":"Lammi Harkko","item":"https:\/\/www.lammi.fi\/harkko\/"},{"@type":"ListItem","position":3,"name":"Tuotteet","item":"https:\/\/www.lammi.fi\/harkko\/tuotteet\/"},{"@type":"ListItem","position":4,"name":"Muottiharkot","item":"https:\/\/www.lammi.fi\/harkko\/tuotteet\/muottiharkot\/"},{"@type":"ListItem","position":5,"name":"MH150"}]},{"@type":"WebSite","@id":"https:\/\/www.lammi.fi\/harkko\/#website","url":"https:\/\/www.lammi.fi\/harkko\/","name":"Lammi Harkko","description":"","publisher":{"@id":"https:\/\/www.lammi.fi\/harkko\/#organization"},"potentialAction":[{"@type":"SearchAction","target":{"@type":"EntryPoint","urlTemplate":"https:\/\/www.lammi.fi\/harkko\/?s={search_term_string}"},"query-input":{"@type":"PropertyValueSpecification","valueRequired":true,"valueName":"search_term_string"}}],"inLanguage":"fi"},{"@type":"Organization","@id":"https:\/\/www.lammi.fi\/harkko\/#organization","name":"Lammi Harkko","url":"https:\/\/www.lammi.fi\/harkko\/","logo":{"@type":"ImageObject","inLanguage":"fi","@id":"https:\/\/www.lammi.fi\/harkko\/#\/schema\/logo\/image\/","url":"https:\/\/www.lammi.fi\/harkko\/wp-content\/uploads\/sites\/3\/2018\/06\/cropped-lammi_logo.png","contentUrl":"https:\/\/www.lammi.fi\/harkko\/wp-content\/uploads\/sites\/3\/2018\/06\/cropped-lammi_logo.png","width":240,"height":122,"caption":"Lammi Harkko"},"image":{"@id":"https:\/\/www.lammi.fi\/harkko\/#\/schema\/logo\/image\/"}}]}},"_links":{"self":[{"href":"https:\/\/www.lammi.fi\/harkko\/wp-json\/wp\/v2\/pages\/443","targetHints":{"allow":["GET"]}}],"collection":[{"href":"https:\/\/www.lammi.fi\/harkko\/wp-json\/wp\/v2\/pages"}],"about":[{"href":"https:\/\/www.lammi.fi\/harkko\/wp-json\/wp\/v2\/types\/page"}],"author":[{"embeddable":true,"href":"https:\/\/www.lammi.fi\/harkko\/wp-json\/wp\/v2\/users\/5"}],"replies":[{"embeddable":true,"href":"https:\/\/www.lammi.fi\/harkko\/wp-json\/wp\/v2\/comments?post=443"}],"version-history":[{"count":15,"href":"https:\/\/www.lammi.fi\/harkko\/wp-json\/wp\/v2\/pages\/443\/revisions"}],"predecessor-version":[{"id":5129,"href":"https:\/\/www.lammi.fi\/harkko\/wp-json\/wp\/v2\/pages\/443\/revisions\/5129"}],"up":[{"embeddable":true,"href":"https:\/\/www.lammi.fi\/harkko\/wp-json\/wp\/v2\/pages\/367"}],"wp:attachment":[{"href":"https:\/\/www.lammi.fi\/harkko\/wp-json\/wp\/v2\/media?parent=443"}],"curies":[{"name":"wp","href":"https:\/\/api.w.org\/{rel}","templated":true}]}}