{"id":4310,"date":"2024-09-23T16:40:57","date_gmt":"2024-09-23T13:40:57","guid":{"rendered":"https:\/\/www.lammi.fi\/harkko\/?page_id=4310"},"modified":"2025-09-23T14:34:58","modified_gmt":"2025-09-23T11:34:58","slug":"toimitilat","status":"publish","type":"page","link":"https:\/\/www.lammi.fi\/harkko\/kayttokohteet\/toimitilat\/","title":{"rendered":"Toimitilat"},"content":{"rendered":"<h1 style=\"font-weight: 400\">Harkoilla rakentuu monimuotoisetkin toimitilaratkaisut<\/h1>\n<p><img decoding=\"async\" class=\"size-full wp-image-4923 aligncenter\" src=\"https:\/\/www.lammi.fi\/harkko\/wp-content\/uploads\/sites\/3\/2025\/09\/IMG_20230522_134708-scaled.jpg\" alt=\"\" width=\"2560\" height=\"1920\" srcset=\"https:\/\/www.lammi.fi\/harkko\/wp-content\/uploads\/sites\/3\/2025\/09\/IMG_20230522_134708-scaled.jpg 2560w, https:\/\/www.lammi.fi\/harkko\/wp-content\/uploads\/sites\/3\/2025\/09\/IMG_20230522_134708-300x225.jpg 300w, https:\/\/www.lammi.fi\/harkko\/wp-content\/uploads\/sites\/3\/2025\/09\/IMG_20230522_134708-1024x768.jpg 1024w, https:\/\/www.lammi.fi\/harkko\/wp-content\/uploads\/sites\/3\/2025\/09\/IMG_20230522_134708-768x576.jpg 768w, https:\/\/www.lammi.fi\/harkko\/wp-content\/uploads\/sites\/3\/2025\/09\/IMG_20230522_134708-1536x1152.jpg 1536w, https:\/\/www.lammi.fi\/harkko\/wp-content\/uploads\/sites\/3\/2025\/09\/IMG_20230522_134708-2048x1536.jpg 2048w, https:\/\/www.lammi.fi\/harkko\/wp-content\/uploads\/sites\/3\/2025\/09\/IMG_20230522_134708-1200x900.jpg 1200w, https:\/\/www.lammi.fi\/harkko\/wp-content\/uploads\/sites\/3\/2025\/09\/IMG_20230522_134708-260x195.jpg 260w, https:\/\/www.lammi.fi\/harkko\/wp-content\/uploads\/sites\/3\/2025\/09\/IMG_20230522_134708-800x600.jpg 800w, https:\/\/www.lammi.fi\/harkko\/wp-content\/uploads\/sites\/3\/2025\/09\/IMG_20230522_134708-1815x1362.jpg 1815w, https:\/\/www.lammi.fi\/harkko\/wp-content\/uploads\/sites\/3\/2025\/09\/IMG_20230522_134708-600x450.jpg 600w\" sizes=\"(max-width: 2560px) 100vw, 2560px\" \/><\/p>\n<p class=\"lead\">Koulut, p\u00e4iv\u00e4kodit, urheiluhallit, seurakuntakeskukset, palvelukodit, liiketilat ja monet muut toimitilat rakentuvat Lammin l\u00e4mp\u00f6harkoilla. Sokkeleihin ja v\u00e4liseiniin soveltuvat Lammin muotti- ja v\u00e4lisein\u00e4harkot. Harkko mahdollistaa yksil\u00f6llisemm\u00e4n suunnittelun ja tehokkaamman rakentamisen.<\/p>\n<p style=\"font-weight: 400\">Nopeasti ladottavat harkot helpottavat ja tehostavat toimitilarakentamista etenkin kaupunkien keskusta-alueiden ahtailla tonteilla. Toisin kuin elementit, harkko ei vaadi ty\u00f6maalle isoa nosturia tai v\u00e4livarastointitilaa. Hyv\u00e4n saatavuuden ansiosta harkkojen toimitus ty\u00f6maalle on nopeaa ja varmaa, mik\u00e4 pit\u00e4\u00e4 osaltaan aikataulut ja kustannukset kurissa.<\/p>\n<h3 style=\"font-weight: 400\">Harkko tuo tehokkuutta rakentamisen prosessiin:<\/h3>\n<ul>\n<li style=\"font-weight: 400\">Harkkojen latominen on helppoa<\/li>\n<li style=\"font-weight: 400\">Kiven rakenteen ansiosta betonointi on helppoa<\/li>\n<li style=\"font-weight: 400\">EPS-eriste kest\u00e4\u00e4 rakennusaikaista kosteutta hyvin<\/li>\n<li style=\"font-weight: 400\">Lammin Kuorikivell\u00e4 rakennus on pinnoitettavissa heti<\/li>\n<\/ul>\n<p style=\"font-weight: 400\">Harkkorakentaminen on my\u00f6s joustavaa, sill\u00e4 ladottavat harkot mahdollistavat suunnitelmien tarkennukset viel\u00e4 rakennusvaiheessakin.<\/p>\n<h2 style=\"font-weight: 400\">Ulkoseiniin ja v\u00e4liseiniin<\/h2>\n<p style=\"font-weight: 400\">Lammin harkkotuotteita voidaan k\u00e4ytt\u00e4\u00e4 paitsi ulkoseiniss\u00e4, my\u00f6s kantavissa tai huoneiston v\u00e4lisiss\u00e4 seiniss\u00e4. Ulkoseinien LL400 ja KK400 -eristeharkot korvaavat perinteiset sandwich- tai sis\u00e4kuorielementit. Kantaviin v\u00e4liseiniin sopivat 150\u2013300 mm:n muottiharkot. Valuharkot ladotaan ja valetaan ty\u00f6maalla. Harkko toimii muottina ja loppurakenne vastaa saumatonta paikallavalurakennetta.<\/p>\n<p style=\"font-weight: 400\"><a href=\"https:\/\/www.lammi.fi\/harkko\/kayttokohteet\/toimitilat\/referenssit\/\">Tutustu toimitilarakentamisen referensseihin \u00bb<\/a><\/p>\n","protected":false},"excerpt":{"rendered":"<p>Harkoilla rakentuu monimuotoisetkin toimitilaratkaisut Koulut, p\u00e4iv\u00e4kodit, urheiluhallit, seurakuntakeskukset, palvelukodit, liiketilat ja monet muut toimitilat rakentuvat Lammin l\u00e4mp\u00f6harkoilla. Sokkeleihin ja v\u00e4liseiniin soveltuvat Lammin muotti- ja v\u00e4lisein\u00e4harkot. Harkko mahdollistaa yksil\u00f6llisemm\u00e4n suunnittelun ja tehokkaamman rakentamisen. Nopeasti ladottavat harkot helpottavat ja tehostavat toimitilarakentamista etenkin kaupunkien keskusta-alueiden ahtailla tonteilla. Toisin kuin elementit, harkko ei vaadi ty\u00f6maalle isoa nosturia tai v\u00e4livarastointitilaa. &hellip; <a href=\"https:\/\/www.lammi.fi\/harkko\/kayttokohteet\/toimitilat\/\" class=\"more-link\">Lue lis\u00e4\u00e4<span class=\"screen-reader-text\"> &#8221;Toimitilat&#8221;<\/span><\/a><\/p>\n","protected":false},"author":15,"featured_media":0,"parent":19,"menu_order":0,"comment_status":"closed","ping_status":"closed","template":"","meta":{"_acf_changed":false,"_improvement_type_select":"improve_an_existing","_thumb_yes_seoaic":false,"_frame_yes_seoaic":false,"seoaic_generate_description":"","seoaic_improve_instructions_prompt":"","seoaic_rollback_content_improvement":"","seoaic_idea_thumbnail_generator":"","thumbnail_generated":false,"thumbnail_generate_prompt":"","seoaic_article_description":"","_glsr_average":0,"_glsr_ranking":0,"_glsr_reviews":0,"footnotes":""},"class_list":["post-4310","page","type-page","status-publish","hentry"],"acf":[],"yoast_head":"<!-- This site is optimized with the Yoast SEO plugin v27.4 - https:\/\/yoast.com\/product\/yoast-seo-wordpress\/ -->\n<title>Toimitilat - Lammi Harkko<\/title>\n<meta name=\"description\" content=\"Harkoilla rakentuu monimuotoisetkin toimitilaratkaisut: koulut, p\u00e4iv\u00e4kodit, urheiluhallit, seurakuntakeskukset, palvelukodit, liiketilat.\" \/>\n<link rel=\"canonical\" href=\"https:\/\/www.lammi.fi\/harkko\/kayttokohteet\/toimitilat\/\" \/>\n<meta property=\"og:locale\" content=\"fi_FI\" \/>\n<meta property=\"og:type\" content=\"article\" \/>\n<meta property=\"og:title\" content=\"Toimitilat - Lammi Harkko\" \/>\n<meta property=\"og:description\" content=\"Harkoilla rakentuu monimuotoisetkin toimitilaratkaisut: koulut, p\u00e4iv\u00e4kodit, urheiluhallit, seurakuntakeskukset, palvelukodit, liiketilat.\" \/>\n<meta property=\"og:url\" content=\"https:\/\/www.lammi.fi\/harkko\/kayttokohteet\/toimitilat\/\" \/>\n<meta property=\"og:site_name\" content=\"Lammi Harkko\" \/>\n<meta property=\"article:modified_time\" content=\"2025-09-23T11:34:58+00:00\" \/>\n<meta property=\"og:image\" content=\"https:\/\/www.lammi.fi\/harkko\/wp-content\/uploads\/sites\/3\/2025\/09\/IMG_20230522_134708-scaled.jpg\" \/>\n\t<meta property=\"og:image:width\" content=\"2560\" \/>\n\t<meta property=\"og:image:height\" content=\"1920\" \/>\n\t<meta property=\"og:image:type\" content=\"image\/jpeg\" \/>\n<meta name=\"twitter:card\" content=\"summary_large_image\" \/>\n<meta name=\"twitter:label1\" content=\"Arvioitu lukuaika\" \/>\n\t<meta name=\"twitter:data1\" content=\"2 minuuttia\" \/>\n<script type=\"application\/ld+json\" class=\"yoast-schema-graph\">{\"@context\":\"https:\\\/\\\/schema.org\",\"@graph\":[{\"@type\":\"WebPage\",\"@id\":\"https:\\\/\\\/www.lammi.fi\\\/harkko\\\/kayttokohteet\\\/toimitilat\\\/\",\"url\":\"https:\\\/\\\/www.lammi.fi\\\/harkko\\\/kayttokohteet\\\/toimitilat\\\/\",\"name\":\"Toimitilat - Lammi Harkko\",\"isPartOf\":{\"@id\":\"https:\\\/\\\/www.lammi.fi\\\/harkko\\\/#website\"},\"primaryImageOfPage\":{\"@id\":\"https:\\\/\\\/www.lammi.fi\\\/harkko\\\/kayttokohteet\\\/toimitilat\\\/#primaryimage\"},\"image\":{\"@id\":\"https:\\\/\\\/www.lammi.fi\\\/harkko\\\/kayttokohteet\\\/toimitilat\\\/#primaryimage\"},\"thumbnailUrl\":\"https:\\\/\\\/www.lammi.fi\\\/harkko\\\/wp-content\\\/uploads\\\/sites\\\/3\\\/2025\\\/09\\\/IMG_20230522_134708-scaled.jpg\",\"datePublished\":\"2024-09-23T13:40:57+00:00\",\"dateModified\":\"2025-09-23T11:34:58+00:00\",\"description\":\"Harkoilla rakentuu monimuotoisetkin toimitilaratkaisut: koulut, p\u00e4iv\u00e4kodit, urheiluhallit, seurakuntakeskukset, palvelukodit, liiketilat.\",\"breadcrumb\":{\"@id\":\"https:\\\/\\\/www.lammi.fi\\\/harkko\\\/kayttokohteet\\\/toimitilat\\\/#breadcrumb\"},\"inLanguage\":\"fi\",\"potentialAction\":[{\"@type\":\"ReadAction\",\"target\":[\"https:\\\/\\\/www.lammi.fi\\\/harkko\\\/kayttokohteet\\\/toimitilat\\\/\"]}]},{\"@type\":\"ImageObject\",\"inLanguage\":\"fi\",\"@id\":\"https:\\\/\\\/www.lammi.fi\\\/harkko\\\/kayttokohteet\\\/toimitilat\\\/#primaryimage\",\"url\":\"https:\\\/\\\/www.lammi.fi\\\/harkko\\\/wp-content\\\/uploads\\\/sites\\\/3\\\/2025\\\/09\\\/IMG_20230522_134708-scaled.jpg\",\"contentUrl\":\"https:\\\/\\\/www.lammi.fi\\\/harkko\\\/wp-content\\\/uploads\\\/sites\\\/3\\\/2025\\\/09\\\/IMG_20230522_134708-scaled.jpg\",\"width\":2560,\"height\":1920},{\"@type\":\"BreadcrumbList\",\"@id\":\"https:\\\/\\\/www.lammi.fi\\\/harkko\\\/kayttokohteet\\\/toimitilat\\\/#breadcrumb\",\"itemListElement\":[{\"@type\":\"ListItem\",\"position\":1,\"name\":\"Lammi.fi\",\"item\":\"https:\\\/\\\/www.lammi.fi\"},{\"@type\":\"ListItem\",\"position\":2,\"name\":\"Lammi Harkko\",\"item\":\"https:\\\/\\\/www.lammi.fi\\\/harkko\\\/\"},{\"@type\":\"ListItem\",\"position\":3,\"name\":\"K\u00e4ytt\u00f6kohteet\",\"item\":\"https:\\\/\\\/www.lammi.fi\\\/harkko\\\/kayttokohteet\\\/\"},{\"@type\":\"ListItem\",\"position\":4,\"name\":\"Toimitilat\"}]},{\"@type\":\"WebSite\",\"@id\":\"https:\\\/\\\/www.lammi.fi\\\/harkko\\\/#website\",\"url\":\"https:\\\/\\\/www.lammi.fi\\\/harkko\\\/\",\"name\":\"Lammi Harkko\",\"description\":\"\",\"publisher\":{\"@id\":\"https:\\\/\\\/www.lammi.fi\\\/harkko\\\/#organization\"},\"potentialAction\":[{\"@type\":\"SearchAction\",\"target\":{\"@type\":\"EntryPoint\",\"urlTemplate\":\"https:\\\/\\\/www.lammi.fi\\\/harkko\\\/?s={search_term_string}\"},\"query-input\":{\"@type\":\"PropertyValueSpecification\",\"valueRequired\":true,\"valueName\":\"search_term_string\"}}],\"inLanguage\":\"fi\"},{\"@type\":\"Organization\",\"@id\":\"https:\\\/\\\/www.lammi.fi\\\/harkko\\\/#organization\",\"name\":\"Lammi Harkko\",\"url\":\"https:\\\/\\\/www.lammi.fi\\\/harkko\\\/\",\"logo\":{\"@type\":\"ImageObject\",\"inLanguage\":\"fi\",\"@id\":\"https:\\\/\\\/www.lammi.fi\\\/harkko\\\/#\\\/schema\\\/logo\\\/image\\\/\",\"url\":\"https:\\\/\\\/www.lammi.fi\\\/harkko\\\/wp-content\\\/uploads\\\/sites\\\/3\\\/2018\\\/06\\\/cropped-lammi_logo.png\",\"contentUrl\":\"https:\\\/\\\/www.lammi.fi\\\/harkko\\\/wp-content\\\/uploads\\\/sites\\\/3\\\/2018\\\/06\\\/cropped-lammi_logo.png\",\"width\":240,\"height\":122,\"caption\":\"Lammi Harkko\"},\"image\":{\"@id\":\"https:\\\/\\\/www.lammi.fi\\\/harkko\\\/#\\\/schema\\\/logo\\\/image\\\/\"}}]}<\/script>\n<!-- \/ Yoast SEO plugin. -->","yoast_head_json":{"title":"Toimitilat - Lammi Harkko","description":"Harkoilla rakentuu monimuotoisetkin toimitilaratkaisut: koulut, p\u00e4iv\u00e4kodit, urheiluhallit, seurakuntakeskukset, palvelukodit, liiketilat.","canonical":"https:\/\/www.lammi.fi\/harkko\/kayttokohteet\/toimitilat\/","og_locale":"fi_FI","og_type":"article","og_title":"Toimitilat - Lammi Harkko","og_description":"Harkoilla rakentuu monimuotoisetkin toimitilaratkaisut: koulut, p\u00e4iv\u00e4kodit, urheiluhallit, seurakuntakeskukset, palvelukodit, liiketilat.","og_url":"https:\/\/www.lammi.fi\/harkko\/kayttokohteet\/toimitilat\/","og_site_name":"Lammi Harkko","article_modified_time":"2025-09-23T11:34:58+00:00","og_image":[{"width":2560,"height":1920,"url":"https:\/\/www.lammi.fi\/harkko\/wp-content\/uploads\/sites\/3\/2025\/09\/IMG_20230522_134708-scaled.jpg","type":"image\/jpeg"}],"twitter_card":"summary_large_image","twitter_misc":{"Arvioitu lukuaika":"2 minuuttia"},"schema":{"@context":"https:\/\/schema.org","@graph":[{"@type":"WebPage","@id":"https:\/\/www.lammi.fi\/harkko\/kayttokohteet\/toimitilat\/","url":"https:\/\/www.lammi.fi\/harkko\/kayttokohteet\/toimitilat\/","name":"Toimitilat - Lammi Harkko","isPartOf":{"@id":"https:\/\/www.lammi.fi\/harkko\/#website"},"primaryImageOfPage":{"@id":"https:\/\/www.lammi.fi\/harkko\/kayttokohteet\/toimitilat\/#primaryimage"},"image":{"@id":"https:\/\/www.lammi.fi\/harkko\/kayttokohteet\/toimitilat\/#primaryimage"},"thumbnailUrl":"https:\/\/www.lammi.fi\/harkko\/wp-content\/uploads\/sites\/3\/2025\/09\/IMG_20230522_134708-scaled.jpg","datePublished":"2024-09-23T13:40:57+00:00","dateModified":"2025-09-23T11:34:58+00:00","description":"Harkoilla rakentuu monimuotoisetkin toimitilaratkaisut: koulut, p\u00e4iv\u00e4kodit, urheiluhallit, seurakuntakeskukset, palvelukodit, liiketilat.","breadcrumb":{"@id":"https:\/\/www.lammi.fi\/harkko\/kayttokohteet\/toimitilat\/#breadcrumb"},"inLanguage":"fi","potentialAction":[{"@type":"ReadAction","target":["https:\/\/www.lammi.fi\/harkko\/kayttokohteet\/toimitilat\/"]}]},{"@type":"ImageObject","inLanguage":"fi","@id":"https:\/\/www.lammi.fi\/harkko\/kayttokohteet\/toimitilat\/#primaryimage","url":"https:\/\/www.lammi.fi\/harkko\/wp-content\/uploads\/sites\/3\/2025\/09\/IMG_20230522_134708-scaled.jpg","contentUrl":"https:\/\/www.lammi.fi\/harkko\/wp-content\/uploads\/sites\/3\/2025\/09\/IMG_20230522_134708-scaled.jpg","width":2560,"height":1920},{"@type":"BreadcrumbList","@id":"https:\/\/www.lammi.fi\/harkko\/kayttokohteet\/toimitilat\/#breadcrumb","itemListElement":[{"@type":"ListItem","position":1,"name":"Lammi.fi","item":"https:\/\/www.lammi.fi"},{"@type":"ListItem","position":2,"name":"Lammi Harkko","item":"https:\/\/www.lammi.fi\/harkko\/"},{"@type":"ListItem","position":3,"name":"K\u00e4ytt\u00f6kohteet","item":"https:\/\/www.lammi.fi\/harkko\/kayttokohteet\/"},{"@type":"ListItem","position":4,"name":"Toimitilat"}]},{"@type":"WebSite","@id":"https:\/\/www.lammi.fi\/harkko\/#website","url":"https:\/\/www.lammi.fi\/harkko\/","name":"Lammi Harkko","description":"","publisher":{"@id":"https:\/\/www.lammi.fi\/harkko\/#organization"},"potentialAction":[{"@type":"SearchAction","target":{"@type":"EntryPoint","urlTemplate":"https:\/\/www.lammi.fi\/harkko\/?s={search_term_string}"},"query-input":{"@type":"PropertyValueSpecification","valueRequired":true,"valueName":"search_term_string"}}],"inLanguage":"fi"},{"@type":"Organization","@id":"https:\/\/www.lammi.fi\/harkko\/#organization","name":"Lammi Harkko","url":"https:\/\/www.lammi.fi\/harkko\/","logo":{"@type":"ImageObject","inLanguage":"fi","@id":"https:\/\/www.lammi.fi\/harkko\/#\/schema\/logo\/image\/","url":"https:\/\/www.lammi.fi\/harkko\/wp-content\/uploads\/sites\/3\/2018\/06\/cropped-lammi_logo.png","contentUrl":"https:\/\/www.lammi.fi\/harkko\/wp-content\/uploads\/sites\/3\/2018\/06\/cropped-lammi_logo.png","width":240,"height":122,"caption":"Lammi Harkko"},"image":{"@id":"https:\/\/www.lammi.fi\/harkko\/#\/schema\/logo\/image\/"}}]}},"_links":{"self":[{"href":"https:\/\/www.lammi.fi\/harkko\/wp-json\/wp\/v2\/pages\/4310","targetHints":{"allow":["GET"]}}],"collection":[{"href":"https:\/\/www.lammi.fi\/harkko\/wp-json\/wp\/v2\/pages"}],"about":[{"href":"https:\/\/www.lammi.fi\/harkko\/wp-json\/wp\/v2\/types\/page"}],"author":[{"embeddable":true,"href":"https:\/\/www.lammi.fi\/harkko\/wp-json\/wp\/v2\/users\/15"}],"replies":[{"embeddable":true,"href":"https:\/\/www.lammi.fi\/harkko\/wp-json\/wp\/v2\/comments?post=4310"}],"version-history":[{"count":4,"href":"https:\/\/www.lammi.fi\/harkko\/wp-json\/wp\/v2\/pages\/4310\/revisions"}],"predecessor-version":[{"id":4922,"href":"https:\/\/www.lammi.fi\/harkko\/wp-json\/wp\/v2\/pages\/4310\/revisions\/4922"}],"up":[{"embeddable":true,"href":"https:\/\/www.lammi.fi\/harkko\/wp-json\/wp\/v2\/pages\/19"}],"wp:attachment":[{"href":"https:\/\/www.lammi.fi\/harkko\/wp-json\/wp\/v2\/media?parent=4310"}],"curies":[{"name":"wp","href":"https:\/\/api.w.org\/{rel}","templated":true}]}}