{"id":4,"date":"2018-06-28T09:20:22","date_gmt":"2018-06-28T09:20:22","guid":{"rendered":"https:\/\/www.lammi.fi\/harkko\/?page_id=4"},"modified":"2024-10-08T14:41:49","modified_gmt":"2024-10-08T11:41:49","slug":"tuotteet","status":"publish","type":"page","link":"https:\/\/www.lammi.fi\/harkko\/tuotteet\/","title":{"rendered":"Tuotteet"},"content":{"rendered":"<h1>Tuotteet<\/h1>\n<h2><img decoding=\"async\" class=\"alignnone wp-image-783 size-large\" src=\"https:\/\/www.lammi.fi\/harkko\/wp-content\/uploads\/sites\/3\/2018\/09\/harkko_alasivu_tuotteet-1024x562.jpg\" alt=\"\" width=\"840\" height=\"461\" srcset=\"https:\/\/www.lammi.fi\/harkko\/wp-content\/uploads\/sites\/3\/2018\/09\/harkko_alasivu_tuotteet-1024x562.jpg 1024w, https:\/\/www.lammi.fi\/harkko\/wp-content\/uploads\/sites\/3\/2018\/09\/harkko_alasivu_tuotteet-300x165.jpg 300w, https:\/\/www.lammi.fi\/harkko\/wp-content\/uploads\/sites\/3\/2018\/09\/harkko_alasivu_tuotteet-768x421.jpg 768w, https:\/\/www.lammi.fi\/harkko\/wp-content\/uploads\/sites\/3\/2018\/09\/harkko_alasivu_tuotteet-1200x659.jpg 1200w, https:\/\/www.lammi.fi\/harkko\/wp-content\/uploads\/sites\/3\/2018\/09\/harkko_alasivu_tuotteet-600x329.jpg 600w, https:\/\/www.lammi.fi\/harkko\/wp-content\/uploads\/sites\/3\/2018\/09\/harkko_alasivu_tuotteet.jpg 1600w\" sizes=\"(max-width: 709px) 85vw, (max-width: 909px) 67vw, (max-width: 1362px) 62vw, 840px\" \/><\/h2>\n<p>Lammin rakennuskivet ovat betonista valmistettuja harkkoja, jotka on kehitetty vuosikymmenten kuluessa yhdess\u00e4 alan ammattilaisten kanssa. Kaikissa tuotteissa yhdistyy tinkim\u00e4t\u00f6n laatu sek\u00e4 rakentamista helpottavat ratkaisut, jotka vain alan edell\u00e4k\u00e4vij\u00e4 voi tarjota.<\/p>\n<h2>Valuharkolla sujuvuutta ty\u00f6vaiheisiin<\/h2>\n<p>Betoniharkkomme ovat k\u00e4ytett\u00e4vyydelt\u00e4\u00e4n ylivoimaisia, mittatarkkoja, paloturvallisia, lahoamattomia sek\u00e4 s\u00e4\u00e4n- ja pakkasenkest\u00e4vi\u00e4. Muottiharkoista on helppo rakentaa, sill\u00e4 esimerkiksi erilaiset putkitukset, kaapeloinnit ja rasiat on kivien valuonteloiden ansiosta vaivatonta upottaa seinien sis\u00e4\u00e4n. Kivisein\u00e4 toimii my\u00f6s erinomaisena pinnoitusalustana sek\u00e4 sis\u00e4- ett\u00e4 ulkoseiniss\u00e4.<\/p>\n<p>Kiinnitysten ja ripustusten asentaminen onnistuu suoraan kivisein\u00e4\u00e4n ilman erillisi\u00e4 tukia, mik\u00e4 helpottaa etenkin kalustus- ja sisustusvaiheita.<\/p>\n","protected":false},"excerpt":{"rendered":"<p>Tuotteet Lammin rakennuskivet ovat betonista valmistettuja harkkoja, jotka on kehitetty vuosikymmenten kuluessa yhdess\u00e4 alan ammattilaisten kanssa. Kaikissa tuotteissa yhdistyy tinkim\u00e4t\u00f6n laatu sek\u00e4 rakentamista helpottavat ratkaisut, jotka vain alan edell\u00e4k\u00e4vij\u00e4 voi tarjota. Valuharkolla sujuvuutta ty\u00f6vaiheisiin Betoniharkkomme ovat k\u00e4ytett\u00e4vyydelt\u00e4\u00e4n ylivoimaisia, mittatarkkoja, paloturvallisia, lahoamattomia sek\u00e4 s\u00e4\u00e4n- ja pakkasenkest\u00e4vi\u00e4. Muottiharkoista on helppo rakentaa, sill\u00e4 esimerkiksi erilaiset putkitukset, kaapeloinnit ja &hellip; <a href=\"https:\/\/www.lammi.fi\/harkko\/tuotteet\/\" class=\"more-link\">Lue lis\u00e4\u00e4<span class=\"screen-reader-text\"> &#8221;Tuotteet&#8221;<\/span><\/a><\/p>\n","protected":false},"author":1,"featured_media":0,"parent":0,"menu_order":0,"comment_status":"closed","ping_status":"closed","template":"","meta":{"_acf_changed":false,"_improvement_type_select":"improve_an_existing","_thumb_yes_seoaic":false,"_frame_yes_seoaic":false,"seoaic_generate_description":"","seoaic_improve_instructions_prompt":"","seoaic_rollback_content_improvement":"","seoaic_idea_thumbnail_generator":"","thumbnail_generated":false,"thumbnail_generate_prompt":"","seoaic_article_description":"","_glsr_average":0,"_glsr_ranking":0,"_glsr_reviews":0,"footnotes":""},"class_list":["post-4","page","type-page","status-publish","hentry"],"acf":[],"yoast_head":"<!-- This site is optimized with the Yoast SEO plugin v27.4 - https:\/\/yoast.com\/product\/yoast-seo-wordpress\/ -->\n<title>Lammi Valuharkot - Harkkotuotteet kaikkeen rakentamiseen<\/title>\n<meta name=\"description\" content=\"Ominaisuuksiltaan mittatarkat, paloturvalliset, lahoamattomat sek\u00e4 s\u00e4\u00e4n- ja pakkasenkest\u00e4v\u00e4t betoniharkot ammattirakentamiseen ja pientalorakentamiseen.\" \/>\n<link rel=\"canonical\" href=\"https:\/\/www.lammi.fi\/harkko\/tuotteet\/\" \/>\n<meta property=\"og:locale\" content=\"fi_FI\" \/>\n<meta property=\"og:type\" content=\"article\" \/>\n<meta property=\"og:title\" content=\"Lammi Valuharkot - Harkkotuotteet kaikkeen rakentamiseen\" \/>\n<meta property=\"og:description\" content=\"Ominaisuuksiltaan mittatarkat, paloturvalliset, lahoamattomat sek\u00e4 s\u00e4\u00e4n- ja pakkasenkest\u00e4v\u00e4t betoniharkot ammattirakentamiseen ja pientalorakentamiseen.\" \/>\n<meta property=\"og:url\" content=\"https:\/\/www.lammi.fi\/harkko\/tuotteet\/\" \/>\n<meta property=\"og:site_name\" content=\"Lammi Harkko\" \/>\n<meta property=\"article:modified_time\" content=\"2024-10-08T11:41:49+00:00\" \/>\n<meta property=\"og:image\" content=\"https:\/\/www.lammi.fi\/harkko\/wp-content\/uploads\/sites\/3\/2018\/09\/harkko_alasivu_tuotteet.jpg\" \/>\n\t<meta property=\"og:image:width\" content=\"1600\" \/>\n\t<meta property=\"og:image:height\" content=\"878\" \/>\n\t<meta property=\"og:image:type\" content=\"image\/jpeg\" \/>\n<meta name=\"twitter:card\" content=\"summary_large_image\" \/>\n<meta name=\"twitter:label1\" content=\"Arvioitu lukuaika\" \/>\n\t<meta name=\"twitter:data1\" content=\"1 minuutti\" \/>\n<script type=\"application\/ld+json\" class=\"yoast-schema-graph\">{\"@context\":\"https:\\\/\\\/schema.org\",\"@graph\":[{\"@type\":\"WebPage\",\"@id\":\"https:\\\/\\\/www.lammi.fi\\\/harkko\\\/tuotteet\\\/\",\"url\":\"https:\\\/\\\/www.lammi.fi\\\/harkko\\\/tuotteet\\\/\",\"name\":\"Lammi Valuharkot - Harkkotuotteet kaikkeen rakentamiseen\",\"isPartOf\":{\"@id\":\"https:\\\/\\\/www.lammi.fi\\\/harkko\\\/#website\"},\"primaryImageOfPage\":{\"@id\":\"https:\\\/\\\/www.lammi.fi\\\/harkko\\\/tuotteet\\\/#primaryimage\"},\"image\":{\"@id\":\"https:\\\/\\\/www.lammi.fi\\\/harkko\\\/tuotteet\\\/#primaryimage\"},\"thumbnailUrl\":\"https:\\\/\\\/www.lammi.fi\\\/harkko\\\/wp-content\\\/uploads\\\/sites\\\/3\\\/2018\\\/09\\\/harkko_alasivu_tuotteet-1024x562.jpg\",\"datePublished\":\"2018-06-28T09:20:22+00:00\",\"dateModified\":\"2024-10-08T11:41:49+00:00\",\"description\":\"Ominaisuuksiltaan mittatarkat, paloturvalliset, lahoamattomat sek\u00e4 s\u00e4\u00e4n- ja pakkasenkest\u00e4v\u00e4t betoniharkot ammattirakentamiseen ja pientalorakentamiseen.\",\"breadcrumb\":{\"@id\":\"https:\\\/\\\/www.lammi.fi\\\/harkko\\\/tuotteet\\\/#breadcrumb\"},\"inLanguage\":\"fi\",\"potentialAction\":[{\"@type\":\"ReadAction\",\"target\":[\"https:\\\/\\\/www.lammi.fi\\\/harkko\\\/tuotteet\\\/\"]}]},{\"@type\":\"ImageObject\",\"inLanguage\":\"fi\",\"@id\":\"https:\\\/\\\/www.lammi.fi\\\/harkko\\\/tuotteet\\\/#primaryimage\",\"url\":\"https:\\\/\\\/www.lammi.fi\\\/harkko\\\/wp-content\\\/uploads\\\/sites\\\/3\\\/2018\\\/09\\\/harkko_alasivu_tuotteet.jpg\",\"contentUrl\":\"https:\\\/\\\/www.lammi.fi\\\/harkko\\\/wp-content\\\/uploads\\\/sites\\\/3\\\/2018\\\/09\\\/harkko_alasivu_tuotteet.jpg\",\"width\":1600,\"height\":878},{\"@type\":\"BreadcrumbList\",\"@id\":\"https:\\\/\\\/www.lammi.fi\\\/harkko\\\/tuotteet\\\/#breadcrumb\",\"itemListElement\":[{\"@type\":\"ListItem\",\"position\":1,\"name\":\"Lammi.fi\",\"item\":\"https:\\\/\\\/www.lammi.fi\"},{\"@type\":\"ListItem\",\"position\":2,\"name\":\"Lammi Harkko\",\"item\":\"https:\\\/\\\/www.lammi.fi\\\/harkko\\\/\"},{\"@type\":\"ListItem\",\"position\":3,\"name\":\"Tuotteet\"}]},{\"@type\":\"WebSite\",\"@id\":\"https:\\\/\\\/www.lammi.fi\\\/harkko\\\/#website\",\"url\":\"https:\\\/\\\/www.lammi.fi\\\/harkko\\\/\",\"name\":\"Lammi Harkko\",\"description\":\"\",\"publisher\":{\"@id\":\"https:\\\/\\\/www.lammi.fi\\\/harkko\\\/#organization\"},\"potentialAction\":[{\"@type\":\"SearchAction\",\"target\":{\"@type\":\"EntryPoint\",\"urlTemplate\":\"https:\\\/\\\/www.lammi.fi\\\/harkko\\\/?s={search_term_string}\"},\"query-input\":{\"@type\":\"PropertyValueSpecification\",\"valueRequired\":true,\"valueName\":\"search_term_string\"}}],\"inLanguage\":\"fi\"},{\"@type\":\"Organization\",\"@id\":\"https:\\\/\\\/www.lammi.fi\\\/harkko\\\/#organization\",\"name\":\"Lammi Harkko\",\"url\":\"https:\\\/\\\/www.lammi.fi\\\/harkko\\\/\",\"logo\":{\"@type\":\"ImageObject\",\"inLanguage\":\"fi\",\"@id\":\"https:\\\/\\\/www.lammi.fi\\\/harkko\\\/#\\\/schema\\\/logo\\\/image\\\/\",\"url\":\"https:\\\/\\\/www.lammi.fi\\\/harkko\\\/wp-content\\\/uploads\\\/sites\\\/3\\\/2018\\\/06\\\/cropped-lammi_logo.png\",\"contentUrl\":\"https:\\\/\\\/www.lammi.fi\\\/harkko\\\/wp-content\\\/uploads\\\/sites\\\/3\\\/2018\\\/06\\\/cropped-lammi_logo.png\",\"width\":240,\"height\":122,\"caption\":\"Lammi Harkko\"},\"image\":{\"@id\":\"https:\\\/\\\/www.lammi.fi\\\/harkko\\\/#\\\/schema\\\/logo\\\/image\\\/\"}}]}<\/script>\n<!-- \/ Yoast SEO plugin. -->","yoast_head_json":{"title":"Lammi Valuharkot - Harkkotuotteet kaikkeen rakentamiseen","description":"Ominaisuuksiltaan mittatarkat, paloturvalliset, lahoamattomat sek\u00e4 s\u00e4\u00e4n- ja pakkasenkest\u00e4v\u00e4t betoniharkot ammattirakentamiseen ja pientalorakentamiseen.","canonical":"https:\/\/www.lammi.fi\/harkko\/tuotteet\/","og_locale":"fi_FI","og_type":"article","og_title":"Lammi Valuharkot - Harkkotuotteet kaikkeen rakentamiseen","og_description":"Ominaisuuksiltaan mittatarkat, paloturvalliset, lahoamattomat sek\u00e4 s\u00e4\u00e4n- ja pakkasenkest\u00e4v\u00e4t betoniharkot ammattirakentamiseen ja pientalorakentamiseen.","og_url":"https:\/\/www.lammi.fi\/harkko\/tuotteet\/","og_site_name":"Lammi Harkko","article_modified_time":"2024-10-08T11:41:49+00:00","og_image":[{"width":1600,"height":878,"url":"https:\/\/www.lammi.fi\/harkko\/wp-content\/uploads\/sites\/3\/2018\/09\/harkko_alasivu_tuotteet.jpg","type":"image\/jpeg"}],"twitter_card":"summary_large_image","twitter_misc":{"Arvioitu lukuaika":"1 minuutti"},"schema":{"@context":"https:\/\/schema.org","@graph":[{"@type":"WebPage","@id":"https:\/\/www.lammi.fi\/harkko\/tuotteet\/","url":"https:\/\/www.lammi.fi\/harkko\/tuotteet\/","name":"Lammi Valuharkot - Harkkotuotteet kaikkeen rakentamiseen","isPartOf":{"@id":"https:\/\/www.lammi.fi\/harkko\/#website"},"primaryImageOfPage":{"@id":"https:\/\/www.lammi.fi\/harkko\/tuotteet\/#primaryimage"},"image":{"@id":"https:\/\/www.lammi.fi\/harkko\/tuotteet\/#primaryimage"},"thumbnailUrl":"https:\/\/www.lammi.fi\/harkko\/wp-content\/uploads\/sites\/3\/2018\/09\/harkko_alasivu_tuotteet-1024x562.jpg","datePublished":"2018-06-28T09:20:22+00:00","dateModified":"2024-10-08T11:41:49+00:00","description":"Ominaisuuksiltaan mittatarkat, paloturvalliset, lahoamattomat sek\u00e4 s\u00e4\u00e4n- ja pakkasenkest\u00e4v\u00e4t betoniharkot ammattirakentamiseen ja pientalorakentamiseen.","breadcrumb":{"@id":"https:\/\/www.lammi.fi\/harkko\/tuotteet\/#breadcrumb"},"inLanguage":"fi","potentialAction":[{"@type":"ReadAction","target":["https:\/\/www.lammi.fi\/harkko\/tuotteet\/"]}]},{"@type":"ImageObject","inLanguage":"fi","@id":"https:\/\/www.lammi.fi\/harkko\/tuotteet\/#primaryimage","url":"https:\/\/www.lammi.fi\/harkko\/wp-content\/uploads\/sites\/3\/2018\/09\/harkko_alasivu_tuotteet.jpg","contentUrl":"https:\/\/www.lammi.fi\/harkko\/wp-content\/uploads\/sites\/3\/2018\/09\/harkko_alasivu_tuotteet.jpg","width":1600,"height":878},{"@type":"BreadcrumbList","@id":"https:\/\/www.lammi.fi\/harkko\/tuotteet\/#breadcrumb","itemListElement":[{"@type":"ListItem","position":1,"name":"Lammi.fi","item":"https:\/\/www.lammi.fi"},{"@type":"ListItem","position":2,"name":"Lammi Harkko","item":"https:\/\/www.lammi.fi\/harkko\/"},{"@type":"ListItem","position":3,"name":"Tuotteet"}]},{"@type":"WebSite","@id":"https:\/\/www.lammi.fi\/harkko\/#website","url":"https:\/\/www.lammi.fi\/harkko\/","name":"Lammi Harkko","description":"","publisher":{"@id":"https:\/\/www.lammi.fi\/harkko\/#organization"},"potentialAction":[{"@type":"SearchAction","target":{"@type":"EntryPoint","urlTemplate":"https:\/\/www.lammi.fi\/harkko\/?s={search_term_string}"},"query-input":{"@type":"PropertyValueSpecification","valueRequired":true,"valueName":"search_term_string"}}],"inLanguage":"fi"},{"@type":"Organization","@id":"https:\/\/www.lammi.fi\/harkko\/#organization","name":"Lammi Harkko","url":"https:\/\/www.lammi.fi\/harkko\/","logo":{"@type":"ImageObject","inLanguage":"fi","@id":"https:\/\/www.lammi.fi\/harkko\/#\/schema\/logo\/image\/","url":"https:\/\/www.lammi.fi\/harkko\/wp-content\/uploads\/sites\/3\/2018\/06\/cropped-lammi_logo.png","contentUrl":"https:\/\/www.lammi.fi\/harkko\/wp-content\/uploads\/sites\/3\/2018\/06\/cropped-lammi_logo.png","width":240,"height":122,"caption":"Lammi Harkko"},"image":{"@id":"https:\/\/www.lammi.fi\/harkko\/#\/schema\/logo\/image\/"}}]}},"_links":{"self":[{"href":"https:\/\/www.lammi.fi\/harkko\/wp-json\/wp\/v2\/pages\/4","targetHints":{"allow":["GET"]}}],"collection":[{"href":"https:\/\/www.lammi.fi\/harkko\/wp-json\/wp\/v2\/pages"}],"about":[{"href":"https:\/\/www.lammi.fi\/harkko\/wp-json\/wp\/v2\/types\/page"}],"author":[{"embeddable":true,"href":"https:\/\/www.lammi.fi\/harkko\/wp-json\/wp\/v2\/users\/1"}],"replies":[{"embeddable":true,"href":"https:\/\/www.lammi.fi\/harkko\/wp-json\/wp\/v2\/comments?post=4"}],"version-history":[{"count":19,"href":"https:\/\/www.lammi.fi\/harkko\/wp-json\/wp\/v2\/pages\/4\/revisions"}],"predecessor-version":[{"id":4659,"href":"https:\/\/www.lammi.fi\/harkko\/wp-json\/wp\/v2\/pages\/4\/revisions\/4659"}],"wp:attachment":[{"href":"https:\/\/www.lammi.fi\/harkko\/wp-json\/wp\/v2\/media?parent=4"}],"curies":[{"name":"wp","href":"https:\/\/api.w.org\/{rel}","templated":true}]}}