{"id":3740,"date":"2024-05-22T14:53:04","date_gmt":"2024-05-22T11:53:04","guid":{"rendered":"https:\/\/www.lammi.fi\/harkko\/?page_id=3740"},"modified":"2024-05-22T15:05:15","modified_gmt":"2024-05-22T12:05:15","slug":"kerrostalot","status":"publish","type":"page","link":"https:\/\/www.lammi.fi\/harkko\/kayttokohteet\/kerrostalot\/","title":{"rendered":"Kerrostalot"},"content":{"rendered":"<h1 style=\"font-weight: 400;\">Yh\u00e4 useampi kerrostalo rakennetaan harkoista<\/h1>\n<p><img decoding=\"async\" class=\"alignnone size-full wp-image-3719\" src=\"https:\/\/www.lammi.fi\/harkko\/wp-content\/uploads\/sites\/3\/2023\/09\/lammi_harkko_kayttokohteet_kerrostalot_hero.jpg\" alt=\"\" width=\"1600\" height=\"878\" srcset=\"https:\/\/www.lammi.fi\/harkko\/wp-content\/uploads\/sites\/3\/2023\/09\/lammi_harkko_kayttokohteet_kerrostalot_hero.jpg 1600w, https:\/\/www.lammi.fi\/harkko\/wp-content\/uploads\/sites\/3\/2023\/09\/lammi_harkko_kayttokohteet_kerrostalot_hero-300x165.jpg 300w, https:\/\/www.lammi.fi\/harkko\/wp-content\/uploads\/sites\/3\/2023\/09\/lammi_harkko_kayttokohteet_kerrostalot_hero-1024x562.jpg 1024w, https:\/\/www.lammi.fi\/harkko\/wp-content\/uploads\/sites\/3\/2023\/09\/lammi_harkko_kayttokohteet_kerrostalot_hero-768x421.jpg 768w, https:\/\/www.lammi.fi\/harkko\/wp-content\/uploads\/sites\/3\/2023\/09\/lammi_harkko_kayttokohteet_kerrostalot_hero-1536x843.jpg 1536w, https:\/\/www.lammi.fi\/harkko\/wp-content\/uploads\/sites\/3\/2023\/09\/lammi_harkko_kayttokohteet_kerrostalot_hero-1200x659.jpg 1200w, https:\/\/www.lammi.fi\/harkko\/wp-content\/uploads\/sites\/3\/2023\/09\/lammi_harkko_kayttokohteet_kerrostalot_hero-260x143.jpg 260w, https:\/\/www.lammi.fi\/harkko\/wp-content\/uploads\/sites\/3\/2023\/09\/lammi_harkko_kayttokohteet_kerrostalot_hero-1093x600.jpg 1093w, https:\/\/www.lammi.fi\/harkko\/wp-content\/uploads\/sites\/3\/2023\/09\/lammi_harkko_kayttokohteet_kerrostalot_hero-600x329.jpg 600w\" sizes=\"(max-width: 1600px) 100vw, 1600px\" \/><\/p>\n<p class=\"lead\">Lammin vuonna 2018 lanseeraama Lammi Kuorikivi<sup>\u00ae<\/sup> kasvattaa suosiotaan jopa 8 kerrosta korkeiden kerrostalorunkojen rakentamisessa. Harkko mahdollistaa yksil\u00f6llisemm\u00e4n suunnittelun ja tehokkaamman rakentamisen.<\/p>\n<p style=\"font-weight: 400;\">Nopeasti ladottavat harkot helpottavat ja tehostavat kerrostalorakentamista etenkin kaupunkien keskusta-alueiden ahtailla tonteilla. Toisin kuin elementit, harkko ei vaadi ty\u00f6maalle isoa nosturia tai v\u00e4livarastointitilaa.<\/p>\n<p style=\"font-weight: 400;\">Hyv\u00e4n saatavuuden ansiosta harkkojen toimitus ty\u00f6maalle on nopeaa ja varmaa, mik\u00e4 pit\u00e4\u00e4 osaltaan aikataulut ja kustannukset kurissa.<\/p>\n<h3 style=\"font-weight: 400;\">Harkko tuo tehokkuutta rakentamisen prosessiin:<\/h3>\n<ul>\n<li style=\"font-weight: 400;\">Harkkojen latominen on helppoa<\/li>\n<li style=\"font-weight: 400;\">Kiven rakenteen ansiosta betonointi on helppoa<\/li>\n<li style=\"font-weight: 400;\">EPS-eriste kest\u00e4\u00e4 rakennusaikaista kosteutta hyvin<\/li>\n<li style=\"font-weight: 400;\">Rakennus on pinnoitettavissa heti<\/li>\n<\/ul>\n<p style=\"font-weight: 400;\">Harkkorakentaminen on my\u00f6s joustavaa, sill\u00e4 ladottavat harkot mahdollistavat suunnitelmien tarkennukset viel\u00e4 rakennusvaiheessakin.<\/p>\n<h2 style=\"font-weight: 400;\">Ulkoseiniin ja v\u00e4liseiniin<\/h2>\n<p style=\"font-weight: 400;\">Lammin harkkotuotteita voidaan k\u00e4ytt\u00e4\u00e4 paitsi ulkoseiniss\u00e4, my\u00f6s kantavissa tai huoneiston v\u00e4lisiss\u00e4 seiniss\u00e4. Ulkoseinien LL400 ja KK400 -eristeharkot korvaavat perinteiset sandwich- tai sis\u00e4kuorielementit. Kantaviin v\u00e4liseiniin sopivat 150\u2013300 mm:n muottiharkot. Valuharkot ladotaan ja valetaan ty\u00f6maalla. Harkko toimii muottina ja loppurakenne vastaa saumatonta paikallavalurakennetta.<\/p>\n<h2 style=\"font-weight: 400;\">Asukkaat arvostavat kiven ominaisuuksia arjessa<\/h2>\n<p style=\"font-weight: 400;\">Asukkailta harkoista rakennettu kerrotalo ker\u00e4\u00e4 kiitosta hyv\u00e4st\u00e4 \u00e4\u00e4nieristyksest\u00e4 sek\u00e4 sis\u00e4l\u00e4mp\u00f6tilan tasaisuudesta. Harkkotalo on talvella l\u00e4mmin ja pysyy kes\u00e4ll\u00e4 kauemmin miellytt\u00e4v\u00e4n viile\u00e4n\u00e4. Lis\u00e4ksi kivisein\u00e4 erist\u00e4\u00e4 ulkotilan \u00e4\u00e4net vaimentaen melutasoa ja mahdollistaa sis\u00e4tiloihin hyv\u00e4n akustiikan.<\/p>\n<p style=\"font-weight: 400;\"><a href=\"https:\/\/www.lammi.fi\/harkko\/kayttokohteet\/kerrostalot\/referenssit\/\">Tutustu kerrostalorakentamisen referensseihin \u00bb<\/a><\/p>\n","protected":false},"excerpt":{"rendered":"<p>Yh\u00e4 useampi kerrostalo rakennetaan harkoista Lammin vuonna 2018 lanseeraama Lammi Kuorikivi\u00ae kasvattaa suosiotaan jopa 8 kerrosta korkeiden kerrostalorunkojen rakentamisessa. Harkko mahdollistaa yksil\u00f6llisemm\u00e4n suunnittelun ja tehokkaamman rakentamisen. Nopeasti ladottavat harkot helpottavat ja tehostavat kerrostalorakentamista etenkin kaupunkien keskusta-alueiden ahtailla tonteilla. Toisin kuin elementit, harkko ei vaadi ty\u00f6maalle isoa nosturia tai v\u00e4livarastointitilaa. Hyv\u00e4n saatavuuden ansiosta harkkojen toimitus ty\u00f6maalle &hellip; <a href=\"https:\/\/www.lammi.fi\/harkko\/kayttokohteet\/kerrostalot\/\" class=\"more-link\">Lue lis\u00e4\u00e4<span class=\"screen-reader-text\"> &#8221;Kerrostalot&#8221;<\/span><\/a><\/p>\n","protected":false},"author":12,"featured_media":0,"parent":19,"menu_order":0,"comment_status":"closed","ping_status":"closed","template":"","meta":{"_acf_changed":false,"_improvement_type_select":"improve_an_existing","_thumb_yes_seoaic":false,"_frame_yes_seoaic":false,"seoaic_generate_description":"","seoaic_improve_instructions_prompt":"","seoaic_rollback_content_improvement":"","seoaic_idea_thumbnail_generator":"","thumbnail_generated":false,"thumbnail_generate_prompt":"","seoaic_article_description":"","_glsr_average":0,"_glsr_ranking":0,"_glsr_reviews":0,"footnotes":""},"class_list":["post-3740","page","type-page","status-publish","hentry"],"acf":[],"yoast_head":"<!-- This site is optimized with the Yoast SEO plugin v27.6 - https:\/\/yoast.com\/product\/yoast-seo-wordpress\/ -->\n<title>Kerrostalot - Lammi Harkko<\/title>\n<link rel=\"canonical\" href=\"https:\/\/www.lammi.fi\/harkko\/kayttokohteet\/kerrostalot\/\" \/>\n<meta property=\"og:locale\" content=\"fi_FI\" \/>\n<meta property=\"og:type\" content=\"article\" \/>\n<meta property=\"og:title\" content=\"Kerrostalot - Lammi Harkko\" \/>\n<meta property=\"og:description\" content=\"Yh\u00e4 useampi kerrostalo rakennetaan harkoista Lammin vuonna 2018 lanseeraama Lammi Kuorikivi\u00ae kasvattaa suosiotaan jopa 8 kerrosta korkeiden kerrostalorunkojen rakentamisessa. Harkko mahdollistaa yksil\u00f6llisemm\u00e4n suunnittelun ja tehokkaamman rakentamisen. Nopeasti ladottavat harkot helpottavat ja tehostavat kerrostalorakentamista etenkin kaupunkien keskusta-alueiden ahtailla tonteilla. Toisin kuin elementit, harkko ei vaadi ty\u00f6maalle isoa nosturia tai v\u00e4livarastointitilaa. Hyv\u00e4n saatavuuden ansiosta harkkojen toimitus ty\u00f6maalle &hellip; Lue lis\u00e4\u00e4 &quot;Kerrostalot&quot;\" \/>\n<meta property=\"og:url\" content=\"https:\/\/www.lammi.fi\/harkko\/kayttokohteet\/kerrostalot\/\" \/>\n<meta property=\"og:site_name\" content=\"Lammi Harkko\" \/>\n<meta property=\"article:modified_time\" content=\"2024-05-22T12:05:15+00:00\" \/>\n<meta property=\"og:image\" content=\"https:\/\/www.lammi.fi\/harkko\/wp-content\/uploads\/sites\/3\/2023\/09\/lammi_harkko_kayttokohteet_kerrostalot_hero.jpg\" \/>\n<meta name=\"twitter:card\" content=\"summary_large_image\" \/>\n<meta name=\"twitter:label1\" content=\"Arvioitu lukuaika\" \/>\n\t<meta name=\"twitter:data1\" content=\"2 minuuttia\" \/>\n<script type=\"application\/ld+json\" class=\"yoast-schema-graph\">{\"@context\":\"https:\\\/\\\/schema.org\",\"@graph\":[{\"@type\":\"WebPage\",\"@id\":\"https:\\\/\\\/www.lammi.fi\\\/harkko\\\/kayttokohteet\\\/kerrostalot\\\/\",\"url\":\"https:\\\/\\\/www.lammi.fi\\\/harkko\\\/kayttokohteet\\\/kerrostalot\\\/\",\"name\":\"Kerrostalot - Lammi Harkko\",\"isPartOf\":{\"@id\":\"https:\\\/\\\/www.lammi.fi\\\/harkko\\\/#website\"},\"primaryImageOfPage\":{\"@id\":\"https:\\\/\\\/www.lammi.fi\\\/harkko\\\/kayttokohteet\\\/kerrostalot\\\/#primaryimage\"},\"image\":{\"@id\":\"https:\\\/\\\/www.lammi.fi\\\/harkko\\\/kayttokohteet\\\/kerrostalot\\\/#primaryimage\"},\"thumbnailUrl\":\"https:\\\/\\\/www.lammi.fi\\\/harkko\\\/wp-content\\\/uploads\\\/sites\\\/3\\\/2023\\\/09\\\/lammi_harkko_kayttokohteet_kerrostalot_hero.jpg\",\"datePublished\":\"2024-05-22T11:53:04+00:00\",\"dateModified\":\"2024-05-22T12:05:15+00:00\",\"breadcrumb\":{\"@id\":\"https:\\\/\\\/www.lammi.fi\\\/harkko\\\/kayttokohteet\\\/kerrostalot\\\/#breadcrumb\"},\"inLanguage\":\"fi\",\"potentialAction\":[{\"@type\":\"ReadAction\",\"target\":[\"https:\\\/\\\/www.lammi.fi\\\/harkko\\\/kayttokohteet\\\/kerrostalot\\\/\"]}]},{\"@type\":\"ImageObject\",\"inLanguage\":\"fi\",\"@id\":\"https:\\\/\\\/www.lammi.fi\\\/harkko\\\/kayttokohteet\\\/kerrostalot\\\/#primaryimage\",\"url\":\"https:\\\/\\\/www.lammi.fi\\\/harkko\\\/wp-content\\\/uploads\\\/sites\\\/3\\\/2023\\\/09\\\/lammi_harkko_kayttokohteet_kerrostalot_hero.jpg\",\"contentUrl\":\"https:\\\/\\\/www.lammi.fi\\\/harkko\\\/wp-content\\\/uploads\\\/sites\\\/3\\\/2023\\\/09\\\/lammi_harkko_kayttokohteet_kerrostalot_hero.jpg\",\"width\":1600,\"height\":878},{\"@type\":\"BreadcrumbList\",\"@id\":\"https:\\\/\\\/www.lammi.fi\\\/harkko\\\/kayttokohteet\\\/kerrostalot\\\/#breadcrumb\",\"itemListElement\":[{\"@type\":\"ListItem\",\"position\":1,\"name\":\"Lammi.fi\",\"item\":\"https:\\\/\\\/www.lammi.fi\"},{\"@type\":\"ListItem\",\"position\":2,\"name\":\"Lammi Harkko\",\"item\":\"https:\\\/\\\/www.lammi.fi\\\/harkko\\\/\"},{\"@type\":\"ListItem\",\"position\":3,\"name\":\"K\u00e4ytt\u00f6kohteet\",\"item\":\"https:\\\/\\\/www.lammi.fi\\\/harkko\\\/kayttokohteet\\\/\"},{\"@type\":\"ListItem\",\"position\":4,\"name\":\"Kerrostalot\"}]},{\"@type\":\"WebSite\",\"@id\":\"https:\\\/\\\/www.lammi.fi\\\/harkko\\\/#website\",\"url\":\"https:\\\/\\\/www.lammi.fi\\\/harkko\\\/\",\"name\":\"Lammi Harkko\",\"description\":\"\",\"publisher\":{\"@id\":\"https:\\\/\\\/www.lammi.fi\\\/harkko\\\/#organization\"},\"potentialAction\":[{\"@type\":\"SearchAction\",\"target\":{\"@type\":\"EntryPoint\",\"urlTemplate\":\"https:\\\/\\\/www.lammi.fi\\\/harkko\\\/?s={search_term_string}\"},\"query-input\":{\"@type\":\"PropertyValueSpecification\",\"valueRequired\":true,\"valueName\":\"search_term_string\"}}],\"inLanguage\":\"fi\"},{\"@type\":\"Organization\",\"@id\":\"https:\\\/\\\/www.lammi.fi\\\/harkko\\\/#organization\",\"name\":\"Lammi Harkko\",\"url\":\"https:\\\/\\\/www.lammi.fi\\\/harkko\\\/\",\"logo\":{\"@type\":\"ImageObject\",\"inLanguage\":\"fi\",\"@id\":\"https:\\\/\\\/www.lammi.fi\\\/harkko\\\/#\\\/schema\\\/logo\\\/image\\\/\",\"url\":\"https:\\\/\\\/www.lammi.fi\\\/harkko\\\/wp-content\\\/uploads\\\/sites\\\/3\\\/2018\\\/06\\\/cropped-lammi_logo.png\",\"contentUrl\":\"https:\\\/\\\/www.lammi.fi\\\/harkko\\\/wp-content\\\/uploads\\\/sites\\\/3\\\/2018\\\/06\\\/cropped-lammi_logo.png\",\"width\":240,\"height\":122,\"caption\":\"Lammi Harkko\"},\"image\":{\"@id\":\"https:\\\/\\\/www.lammi.fi\\\/harkko\\\/#\\\/schema\\\/logo\\\/image\\\/\"}}]}<\/script>\n<!-- \/ Yoast SEO plugin. -->","yoast_head_json":{"title":"Kerrostalot - Lammi Harkko","canonical":"https:\/\/www.lammi.fi\/harkko\/kayttokohteet\/kerrostalot\/","og_locale":"fi_FI","og_type":"article","og_title":"Kerrostalot - Lammi Harkko","og_description":"Yh\u00e4 useampi kerrostalo rakennetaan harkoista Lammin vuonna 2018 lanseeraama Lammi Kuorikivi\u00ae kasvattaa suosiotaan jopa 8 kerrosta korkeiden kerrostalorunkojen rakentamisessa. Harkko mahdollistaa yksil\u00f6llisemm\u00e4n suunnittelun ja tehokkaamman rakentamisen. Nopeasti ladottavat harkot helpottavat ja tehostavat kerrostalorakentamista etenkin kaupunkien keskusta-alueiden ahtailla tonteilla. Toisin kuin elementit, harkko ei vaadi ty\u00f6maalle isoa nosturia tai v\u00e4livarastointitilaa. Hyv\u00e4n saatavuuden ansiosta harkkojen toimitus ty\u00f6maalle &hellip; Lue lis\u00e4\u00e4 \"Kerrostalot\"","og_url":"https:\/\/www.lammi.fi\/harkko\/kayttokohteet\/kerrostalot\/","og_site_name":"Lammi Harkko","article_modified_time":"2024-05-22T12:05:15+00:00","og_image":[{"url":"https:\/\/www.lammi.fi\/harkko\/wp-content\/uploads\/sites\/3\/2023\/09\/lammi_harkko_kayttokohteet_kerrostalot_hero.jpg","type":"","width":"","height":""}],"twitter_card":"summary_large_image","twitter_misc":{"Arvioitu lukuaika":"2 minuuttia"},"schema":{"@context":"https:\/\/schema.org","@graph":[{"@type":"WebPage","@id":"https:\/\/www.lammi.fi\/harkko\/kayttokohteet\/kerrostalot\/","url":"https:\/\/www.lammi.fi\/harkko\/kayttokohteet\/kerrostalot\/","name":"Kerrostalot - Lammi Harkko","isPartOf":{"@id":"https:\/\/www.lammi.fi\/harkko\/#website"},"primaryImageOfPage":{"@id":"https:\/\/www.lammi.fi\/harkko\/kayttokohteet\/kerrostalot\/#primaryimage"},"image":{"@id":"https:\/\/www.lammi.fi\/harkko\/kayttokohteet\/kerrostalot\/#primaryimage"},"thumbnailUrl":"https:\/\/www.lammi.fi\/harkko\/wp-content\/uploads\/sites\/3\/2023\/09\/lammi_harkko_kayttokohteet_kerrostalot_hero.jpg","datePublished":"2024-05-22T11:53:04+00:00","dateModified":"2024-05-22T12:05:15+00:00","breadcrumb":{"@id":"https:\/\/www.lammi.fi\/harkko\/kayttokohteet\/kerrostalot\/#breadcrumb"},"inLanguage":"fi","potentialAction":[{"@type":"ReadAction","target":["https:\/\/www.lammi.fi\/harkko\/kayttokohteet\/kerrostalot\/"]}]},{"@type":"ImageObject","inLanguage":"fi","@id":"https:\/\/www.lammi.fi\/harkko\/kayttokohteet\/kerrostalot\/#primaryimage","url":"https:\/\/www.lammi.fi\/harkko\/wp-content\/uploads\/sites\/3\/2023\/09\/lammi_harkko_kayttokohteet_kerrostalot_hero.jpg","contentUrl":"https:\/\/www.lammi.fi\/harkko\/wp-content\/uploads\/sites\/3\/2023\/09\/lammi_harkko_kayttokohteet_kerrostalot_hero.jpg","width":1600,"height":878},{"@type":"BreadcrumbList","@id":"https:\/\/www.lammi.fi\/harkko\/kayttokohteet\/kerrostalot\/#breadcrumb","itemListElement":[{"@type":"ListItem","position":1,"name":"Lammi.fi","item":"https:\/\/www.lammi.fi"},{"@type":"ListItem","position":2,"name":"Lammi Harkko","item":"https:\/\/www.lammi.fi\/harkko\/"},{"@type":"ListItem","position":3,"name":"K\u00e4ytt\u00f6kohteet","item":"https:\/\/www.lammi.fi\/harkko\/kayttokohteet\/"},{"@type":"ListItem","position":4,"name":"Kerrostalot"}]},{"@type":"WebSite","@id":"https:\/\/www.lammi.fi\/harkko\/#website","url":"https:\/\/www.lammi.fi\/harkko\/","name":"Lammi Harkko","description":"","publisher":{"@id":"https:\/\/www.lammi.fi\/harkko\/#organization"},"potentialAction":[{"@type":"SearchAction","target":{"@type":"EntryPoint","urlTemplate":"https:\/\/www.lammi.fi\/harkko\/?s={search_term_string}"},"query-input":{"@type":"PropertyValueSpecification","valueRequired":true,"valueName":"search_term_string"}}],"inLanguage":"fi"},{"@type":"Organization","@id":"https:\/\/www.lammi.fi\/harkko\/#organization","name":"Lammi Harkko","url":"https:\/\/www.lammi.fi\/harkko\/","logo":{"@type":"ImageObject","inLanguage":"fi","@id":"https:\/\/www.lammi.fi\/harkko\/#\/schema\/logo\/image\/","url":"https:\/\/www.lammi.fi\/harkko\/wp-content\/uploads\/sites\/3\/2018\/06\/cropped-lammi_logo.png","contentUrl":"https:\/\/www.lammi.fi\/harkko\/wp-content\/uploads\/sites\/3\/2018\/06\/cropped-lammi_logo.png","width":240,"height":122,"caption":"Lammi Harkko"},"image":{"@id":"https:\/\/www.lammi.fi\/harkko\/#\/schema\/logo\/image\/"}}]}},"_links":{"self":[{"href":"https:\/\/www.lammi.fi\/harkko\/wp-json\/wp\/v2\/pages\/3740","targetHints":{"allow":["GET"]}}],"collection":[{"href":"https:\/\/www.lammi.fi\/harkko\/wp-json\/wp\/v2\/pages"}],"about":[{"href":"https:\/\/www.lammi.fi\/harkko\/wp-json\/wp\/v2\/types\/page"}],"author":[{"embeddable":true,"href":"https:\/\/www.lammi.fi\/harkko\/wp-json\/wp\/v2\/users\/12"}],"replies":[{"embeddable":true,"href":"https:\/\/www.lammi.fi\/harkko\/wp-json\/wp\/v2\/comments?post=3740"}],"version-history":[{"count":7,"href":"https:\/\/www.lammi.fi\/harkko\/wp-json\/wp\/v2\/pages\/3740\/revisions"}],"predecessor-version":[{"id":4177,"href":"https:\/\/www.lammi.fi\/harkko\/wp-json\/wp\/v2\/pages\/3740\/revisions\/4177"}],"up":[{"embeddable":true,"href":"https:\/\/www.lammi.fi\/harkko\/wp-json\/wp\/v2\/pages\/19"}],"wp:attachment":[{"href":"https:\/\/www.lammi.fi\/harkko\/wp-json\/wp\/v2\/media?parent=3740"}],"curies":[{"name":"wp","href":"https:\/\/api.w.org\/{rel}","templated":true}]}}