{"id":369,"date":"2018-09-06T12:54:39","date_gmt":"2018-09-06T12:54:39","guid":{"rendered":"https:\/\/www.lammi.fi\/harkko\/?page_id=369"},"modified":"2025-12-29T19:09:19","modified_gmt":"2025-12-29T16:09:19","slug":"mh300","status":"publish","type":"page","link":"https:\/\/www.lammi.fi\/harkko\/tuotteet\/muottiharkot\/mh300\/","title":{"rendered":"MH300"},"content":{"rendered":"<h1>Vaativiin rakenteisiin<\/h1>\n<h1><img decoding=\"async\" class=\"alignnone size-large wp-image-599\" style=\"font-size: 16px\" src=\"https:\/\/www.lammi.fi\/harkko\/wp-content\/uploads\/sites\/3\/2018\/09\/harkko_tuoteperhe_muottikivet_mh300-1024x576.jpg\" alt=\"\" width=\"840\" height=\"473\" srcset=\"https:\/\/www.lammi.fi\/harkko\/wp-content\/uploads\/sites\/3\/2018\/09\/harkko_tuoteperhe_muottikivet_mh300-1024x576.jpg 1024w, https:\/\/www.lammi.fi\/harkko\/wp-content\/uploads\/sites\/3\/2018\/09\/harkko_tuoteperhe_muottikivet_mh300-300x169.jpg 300w, https:\/\/www.lammi.fi\/harkko\/wp-content\/uploads\/sites\/3\/2018\/09\/harkko_tuoteperhe_muottikivet_mh300-768x432.jpg 768w, https:\/\/www.lammi.fi\/harkko\/wp-content\/uploads\/sites\/3\/2018\/09\/harkko_tuoteperhe_muottikivet_mh300-1200x675.jpg 1200w, https:\/\/www.lammi.fi\/harkko\/wp-content\/uploads\/sites\/3\/2018\/09\/harkko_tuoteperhe_muottikivet_mh300-280x157.jpg 280w, https:\/\/www.lammi.fi\/harkko\/wp-content\/uploads\/sites\/3\/2018\/09\/harkko_tuoteperhe_muottikivet_mh300-560x314.jpg 560w, https:\/\/www.lammi.fi\/harkko\/wp-content\/uploads\/sites\/3\/2018\/09\/harkko_tuoteperhe_muottikivet_mh300-600x338.jpg 600w, https:\/\/www.lammi.fi\/harkko\/wp-content\/uploads\/sites\/3\/2018\/09\/harkko_tuoteperhe_muottikivet_mh300.jpg 1560w\" sizes=\"(max-width: 709px) 85vw, (max-width: 909px) 67vw, (max-width: 1362px) 62vw, 840px\" \/><\/h1>\n<p>Ladottava ja valettava MH300-tuoteperhe sopii sinne, miss\u00e4 on raskaita kuormia tai miss\u00e4 vaaditaan j\u00e4reit\u00e4 rakenteita. MH300 -tuoteperhe on valmiiksi mietitty kokonaisuus, joka pit\u00e4\u00e4 sis\u00e4ll\u00e4\u00e4n peruskiven lis\u00e4ksi kulma- ja p\u00e4\u00e4tykivet. Kivien mittamaailma noudattaa 2M- (200 mm) moduulirakennetta.<\/p>\n<h3>Esimerkkej\u00e4 k\u00e4ytt\u00f6kohteista:<\/h3>\n<ul>\n<li>Paaluperustukset<\/li>\n<li>V\u00e4est\u00f6nsuojien rakenteet<\/li>\n<li>Korkeat maanpainetukimuurit<\/li>\n<li>Erilaiset teollisuuden ja maatalouden k\u00e4ytt\u00f6kohteet<\/li>\n<\/ul>\n<h2>J\u00e4t\u00e4 tarjouspyynt\u00f6<\/h2>\n<p>Miten voimme olla avuksi? <a href=\"https:\/\/www.lammi.fi\/harkko\/yhteystiedot\/jata-tarjouspyynto\/\">J\u00e4t\u00e4 tarjouspyynt\u00f6<\/a> ja palaamme pian asiaan!<\/p>\n","protected":false},"excerpt":{"rendered":"<p>Vaativiin rakenteisiin Ladottava ja valettava MH300-tuoteperhe sopii sinne, miss\u00e4 on raskaita kuormia tai miss\u00e4 vaaditaan j\u00e4reit\u00e4 rakenteita. MH300 -tuoteperhe on valmiiksi mietitty kokonaisuus, joka pit\u00e4\u00e4 sis\u00e4ll\u00e4\u00e4n peruskiven lis\u00e4ksi kulma- ja p\u00e4\u00e4tykivet. Kivien mittamaailma noudattaa 2M- (200 mm) moduulirakennetta. Esimerkkej\u00e4 k\u00e4ytt\u00f6kohteista: Paaluperustukset V\u00e4est\u00f6nsuojien rakenteet Korkeat maanpainetukimuurit Erilaiset teollisuuden ja maatalouden k\u00e4ytt\u00f6kohteet J\u00e4t\u00e4 tarjouspyynt\u00f6 Miten voimme olla &hellip; <a href=\"https:\/\/www.lammi.fi\/harkko\/tuotteet\/muottiharkot\/mh300\/\" class=\"more-link\">Lue lis\u00e4\u00e4<span class=\"screen-reader-text\"> &#8221;MH300&#8221;<\/span><\/a><\/p>\n","protected":false},"author":5,"featured_media":0,"parent":367,"menu_order":0,"comment_status":"closed","ping_status":"closed","template":"","meta":{"_acf_changed":false,"_improvement_type_select":"improve_an_existing","_thumb_yes_seoaic":false,"_frame_yes_seoaic":false,"seoaic_generate_description":"","seoaic_improve_instructions_prompt":"","seoaic_rollback_content_improvement":"","seoaic_idea_thumbnail_generator":"","thumbnail_generated":false,"thumbnail_generate_prompt":"","seoaic_article_description":"","_glsr_average":5,"_glsr_ranking":3.6363636363636,"_glsr_reviews":1,"footnotes":""},"class_list":["post-369","page","type-page","status-publish","hentry"],"acf":[],"yoast_head":"<!-- This site is optimized with the Yoast SEO plugin v27.4 - https:\/\/yoast.com\/product\/yoast-seo-wordpress\/ -->\n<title>Lammi Harkko - MH300<\/title>\n<meta name=\"description\" content=\"Ladottava ja valettava MH300-tuoteperhe sopii sinne, miss\u00e4 on raskaita kuormia tai miss\u00e4 vaaditaan j\u00e4reit\u00e4 rakenteita. Tutustu tuoteperheeseen.\" \/>\n<link rel=\"canonical\" href=\"https:\/\/www.lammi.fi\/harkko\/tuotteet\/muottiharkot\/mh300\/\" \/>\n<meta property=\"og:locale\" content=\"fi_FI\" \/>\n<meta property=\"og:type\" content=\"article\" \/>\n<meta property=\"og:title\" content=\"Lammi Harkko - MH300\" \/>\n<meta property=\"og:description\" content=\"Ladottava ja valettava MH300-tuoteperhe sopii sinne, miss\u00e4 on raskaita kuormia tai miss\u00e4 vaaditaan j\u00e4reit\u00e4 rakenteita. Tutustu tuoteperheeseen.\" \/>\n<meta property=\"og:url\" content=\"https:\/\/www.lammi.fi\/harkko\/tuotteet\/muottiharkot\/mh300\/\" \/>\n<meta property=\"og:site_name\" content=\"Lammi Harkko\" \/>\n<meta property=\"article:modified_time\" content=\"2025-12-29T16:09:19+00:00\" \/>\n<meta property=\"og:image\" content=\"https:\/\/www.lammi.fi\/harkko\/wp-content\/uploads\/sites\/3\/2018\/09\/harkko_tuoteperhe_muottikivet_mh300.jpg\" \/>\n\t<meta property=\"og:image:width\" content=\"1560\" \/>\n\t<meta property=\"og:image:height\" content=\"878\" \/>\n\t<meta property=\"og:image:type\" content=\"image\/jpeg\" \/>\n<meta name=\"twitter:card\" content=\"summary_large_image\" \/>\n<meta name=\"twitter:label1\" content=\"Arvioitu lukuaika\" \/>\n\t<meta name=\"twitter:data1\" content=\"1 minuutti\" \/>\n<script type=\"application\/ld+json\" class=\"yoast-schema-graph\">{\"@context\":\"https:\\\/\\\/schema.org\",\"@graph\":[{\"@type\":\"WebPage\",\"@id\":\"https:\\\/\\\/www.lammi.fi\\\/harkko\\\/tuotteet\\\/muottiharkot\\\/mh300\\\/\",\"url\":\"https:\\\/\\\/www.lammi.fi\\\/harkko\\\/tuotteet\\\/muottiharkot\\\/mh300\\\/\",\"name\":\"Lammi Harkko - MH300\",\"isPartOf\":{\"@id\":\"https:\\\/\\\/www.lammi.fi\\\/harkko\\\/#website\"},\"primaryImageOfPage\":{\"@id\":\"https:\\\/\\\/www.lammi.fi\\\/harkko\\\/tuotteet\\\/muottiharkot\\\/mh300\\\/#primaryimage\"},\"image\":{\"@id\":\"https:\\\/\\\/www.lammi.fi\\\/harkko\\\/tuotteet\\\/muottiharkot\\\/mh300\\\/#primaryimage\"},\"thumbnailUrl\":\"https:\\\/\\\/www.lammi.fi\\\/harkko\\\/wp-content\\\/uploads\\\/sites\\\/3\\\/2018\\\/09\\\/harkko_tuoteperhe_muottikivet_mh300-1024x576.jpg\",\"datePublished\":\"2018-09-06T12:54:39+00:00\",\"dateModified\":\"2025-12-29T16:09:19+00:00\",\"description\":\"Ladottava ja valettava MH300-tuoteperhe sopii sinne, miss\u00e4 on raskaita kuormia tai miss\u00e4 vaaditaan j\u00e4reit\u00e4 rakenteita. Tutustu tuoteperheeseen.\",\"breadcrumb\":{\"@id\":\"https:\\\/\\\/www.lammi.fi\\\/harkko\\\/tuotteet\\\/muottiharkot\\\/mh300\\\/#breadcrumb\"},\"inLanguage\":\"fi\",\"potentialAction\":[{\"@type\":\"ReadAction\",\"target\":[\"https:\\\/\\\/www.lammi.fi\\\/harkko\\\/tuotteet\\\/muottiharkot\\\/mh300\\\/\"]}]},{\"@type\":\"ImageObject\",\"inLanguage\":\"fi\",\"@id\":\"https:\\\/\\\/www.lammi.fi\\\/harkko\\\/tuotteet\\\/muottiharkot\\\/mh300\\\/#primaryimage\",\"url\":\"https:\\\/\\\/www.lammi.fi\\\/harkko\\\/wp-content\\\/uploads\\\/sites\\\/3\\\/2018\\\/09\\\/harkko_tuoteperhe_muottikivet_mh300.jpg\",\"contentUrl\":\"https:\\\/\\\/www.lammi.fi\\\/harkko\\\/wp-content\\\/uploads\\\/sites\\\/3\\\/2018\\\/09\\\/harkko_tuoteperhe_muottikivet_mh300.jpg\",\"width\":1560,\"height\":878},{\"@type\":\"BreadcrumbList\",\"@id\":\"https:\\\/\\\/www.lammi.fi\\\/harkko\\\/tuotteet\\\/muottiharkot\\\/mh300\\\/#breadcrumb\",\"itemListElement\":[{\"@type\":\"ListItem\",\"position\":1,\"name\":\"Lammi.fi\",\"item\":\"https:\\\/\\\/www.lammi.fi\"},{\"@type\":\"ListItem\",\"position\":2,\"name\":\"Lammi Harkko\",\"item\":\"https:\\\/\\\/www.lammi.fi\\\/harkko\\\/\"},{\"@type\":\"ListItem\",\"position\":3,\"name\":\"Tuotteet\",\"item\":\"https:\\\/\\\/www.lammi.fi\\\/harkko\\\/tuotteet\\\/\"},{\"@type\":\"ListItem\",\"position\":4,\"name\":\"Muottiharkot\",\"item\":\"https:\\\/\\\/www.lammi.fi\\\/harkko\\\/tuotteet\\\/muottiharkot\\\/\"},{\"@type\":\"ListItem\",\"position\":5,\"name\":\"MH300\"}]},{\"@type\":\"WebSite\",\"@id\":\"https:\\\/\\\/www.lammi.fi\\\/harkko\\\/#website\",\"url\":\"https:\\\/\\\/www.lammi.fi\\\/harkko\\\/\",\"name\":\"Lammi Harkko\",\"description\":\"\",\"publisher\":{\"@id\":\"https:\\\/\\\/www.lammi.fi\\\/harkko\\\/#organization\"},\"potentialAction\":[{\"@type\":\"SearchAction\",\"target\":{\"@type\":\"EntryPoint\",\"urlTemplate\":\"https:\\\/\\\/www.lammi.fi\\\/harkko\\\/?s={search_term_string}\"},\"query-input\":{\"@type\":\"PropertyValueSpecification\",\"valueRequired\":true,\"valueName\":\"search_term_string\"}}],\"inLanguage\":\"fi\"},{\"@type\":\"Organization\",\"@id\":\"https:\\\/\\\/www.lammi.fi\\\/harkko\\\/#organization\",\"name\":\"Lammi Harkko\",\"url\":\"https:\\\/\\\/www.lammi.fi\\\/harkko\\\/\",\"logo\":{\"@type\":\"ImageObject\",\"inLanguage\":\"fi\",\"@id\":\"https:\\\/\\\/www.lammi.fi\\\/harkko\\\/#\\\/schema\\\/logo\\\/image\\\/\",\"url\":\"https:\\\/\\\/www.lammi.fi\\\/harkko\\\/wp-content\\\/uploads\\\/sites\\\/3\\\/2018\\\/06\\\/cropped-lammi_logo.png\",\"contentUrl\":\"https:\\\/\\\/www.lammi.fi\\\/harkko\\\/wp-content\\\/uploads\\\/sites\\\/3\\\/2018\\\/06\\\/cropped-lammi_logo.png\",\"width\":240,\"height\":122,\"caption\":\"Lammi Harkko\"},\"image\":{\"@id\":\"https:\\\/\\\/www.lammi.fi\\\/harkko\\\/#\\\/schema\\\/logo\\\/image\\\/\"}}]}<\/script>\n<!-- \/ Yoast SEO plugin. -->","yoast_head_json":{"title":"Lammi Harkko - MH300","description":"Ladottava ja valettava MH300-tuoteperhe sopii sinne, miss\u00e4 on raskaita kuormia tai miss\u00e4 vaaditaan j\u00e4reit\u00e4 rakenteita. Tutustu tuoteperheeseen.","canonical":"https:\/\/www.lammi.fi\/harkko\/tuotteet\/muottiharkot\/mh300\/","og_locale":"fi_FI","og_type":"article","og_title":"Lammi Harkko - MH300","og_description":"Ladottava ja valettava MH300-tuoteperhe sopii sinne, miss\u00e4 on raskaita kuormia tai miss\u00e4 vaaditaan j\u00e4reit\u00e4 rakenteita. Tutustu tuoteperheeseen.","og_url":"https:\/\/www.lammi.fi\/harkko\/tuotteet\/muottiharkot\/mh300\/","og_site_name":"Lammi Harkko","article_modified_time":"2025-12-29T16:09:19+00:00","og_image":[{"width":1560,"height":878,"url":"https:\/\/www.lammi.fi\/harkko\/wp-content\/uploads\/sites\/3\/2018\/09\/harkko_tuoteperhe_muottikivet_mh300.jpg","type":"image\/jpeg"}],"twitter_card":"summary_large_image","twitter_misc":{"Arvioitu lukuaika":"1 minuutti"},"schema":{"@context":"https:\/\/schema.org","@graph":[{"@type":"WebPage","@id":"https:\/\/www.lammi.fi\/harkko\/tuotteet\/muottiharkot\/mh300\/","url":"https:\/\/www.lammi.fi\/harkko\/tuotteet\/muottiharkot\/mh300\/","name":"Lammi Harkko - MH300","isPartOf":{"@id":"https:\/\/www.lammi.fi\/harkko\/#website"},"primaryImageOfPage":{"@id":"https:\/\/www.lammi.fi\/harkko\/tuotteet\/muottiharkot\/mh300\/#primaryimage"},"image":{"@id":"https:\/\/www.lammi.fi\/harkko\/tuotteet\/muottiharkot\/mh300\/#primaryimage"},"thumbnailUrl":"https:\/\/www.lammi.fi\/harkko\/wp-content\/uploads\/sites\/3\/2018\/09\/harkko_tuoteperhe_muottikivet_mh300-1024x576.jpg","datePublished":"2018-09-06T12:54:39+00:00","dateModified":"2025-12-29T16:09:19+00:00","description":"Ladottava ja valettava MH300-tuoteperhe sopii sinne, miss\u00e4 on raskaita kuormia tai miss\u00e4 vaaditaan j\u00e4reit\u00e4 rakenteita. Tutustu tuoteperheeseen.","breadcrumb":{"@id":"https:\/\/www.lammi.fi\/harkko\/tuotteet\/muottiharkot\/mh300\/#breadcrumb"},"inLanguage":"fi","potentialAction":[{"@type":"ReadAction","target":["https:\/\/www.lammi.fi\/harkko\/tuotteet\/muottiharkot\/mh300\/"]}]},{"@type":"ImageObject","inLanguage":"fi","@id":"https:\/\/www.lammi.fi\/harkko\/tuotteet\/muottiharkot\/mh300\/#primaryimage","url":"https:\/\/www.lammi.fi\/harkko\/wp-content\/uploads\/sites\/3\/2018\/09\/harkko_tuoteperhe_muottikivet_mh300.jpg","contentUrl":"https:\/\/www.lammi.fi\/harkko\/wp-content\/uploads\/sites\/3\/2018\/09\/harkko_tuoteperhe_muottikivet_mh300.jpg","width":1560,"height":878},{"@type":"BreadcrumbList","@id":"https:\/\/www.lammi.fi\/harkko\/tuotteet\/muottiharkot\/mh300\/#breadcrumb","itemListElement":[{"@type":"ListItem","position":1,"name":"Lammi.fi","item":"https:\/\/www.lammi.fi"},{"@type":"ListItem","position":2,"name":"Lammi Harkko","item":"https:\/\/www.lammi.fi\/harkko\/"},{"@type":"ListItem","position":3,"name":"Tuotteet","item":"https:\/\/www.lammi.fi\/harkko\/tuotteet\/"},{"@type":"ListItem","position":4,"name":"Muottiharkot","item":"https:\/\/www.lammi.fi\/harkko\/tuotteet\/muottiharkot\/"},{"@type":"ListItem","position":5,"name":"MH300"}]},{"@type":"WebSite","@id":"https:\/\/www.lammi.fi\/harkko\/#website","url":"https:\/\/www.lammi.fi\/harkko\/","name":"Lammi Harkko","description":"","publisher":{"@id":"https:\/\/www.lammi.fi\/harkko\/#organization"},"potentialAction":[{"@type":"SearchAction","target":{"@type":"EntryPoint","urlTemplate":"https:\/\/www.lammi.fi\/harkko\/?s={search_term_string}"},"query-input":{"@type":"PropertyValueSpecification","valueRequired":true,"valueName":"search_term_string"}}],"inLanguage":"fi"},{"@type":"Organization","@id":"https:\/\/www.lammi.fi\/harkko\/#organization","name":"Lammi Harkko","url":"https:\/\/www.lammi.fi\/harkko\/","logo":{"@type":"ImageObject","inLanguage":"fi","@id":"https:\/\/www.lammi.fi\/harkko\/#\/schema\/logo\/image\/","url":"https:\/\/www.lammi.fi\/harkko\/wp-content\/uploads\/sites\/3\/2018\/06\/cropped-lammi_logo.png","contentUrl":"https:\/\/www.lammi.fi\/harkko\/wp-content\/uploads\/sites\/3\/2018\/06\/cropped-lammi_logo.png","width":240,"height":122,"caption":"Lammi Harkko"},"image":{"@id":"https:\/\/www.lammi.fi\/harkko\/#\/schema\/logo\/image\/"}}]}},"_links":{"self":[{"href":"https:\/\/www.lammi.fi\/harkko\/wp-json\/wp\/v2\/pages\/369","targetHints":{"allow":["GET"]}}],"collection":[{"href":"https:\/\/www.lammi.fi\/harkko\/wp-json\/wp\/v2\/pages"}],"about":[{"href":"https:\/\/www.lammi.fi\/harkko\/wp-json\/wp\/v2\/types\/page"}],"author":[{"embeddable":true,"href":"https:\/\/www.lammi.fi\/harkko\/wp-json\/wp\/v2\/users\/5"}],"replies":[{"embeddable":true,"href":"https:\/\/www.lammi.fi\/harkko\/wp-json\/wp\/v2\/comments?post=369"}],"version-history":[{"count":17,"href":"https:\/\/www.lammi.fi\/harkko\/wp-json\/wp\/v2\/pages\/369\/revisions"}],"predecessor-version":[{"id":5136,"href":"https:\/\/www.lammi.fi\/harkko\/wp-json\/wp\/v2\/pages\/369\/revisions\/5136"}],"up":[{"embeddable":true,"href":"https:\/\/www.lammi.fi\/harkko\/wp-json\/wp\/v2\/pages\/367"}],"wp:attachment":[{"href":"https:\/\/www.lammi.fi\/harkko\/wp-json\/wp\/v2\/media?parent=369"}],"curies":[{"name":"wp","href":"https:\/\/api.w.org\/{rel}","templated":true}]}}