{"id":367,"date":"2018-09-06T12:53:56","date_gmt":"2018-09-06T12:53:56","guid":{"rendered":"https:\/\/www.lammi.fi\/harkko\/?page_id=367"},"modified":"2024-10-15T08:16:04","modified_gmt":"2024-10-15T05:16:04","slug":"muottiharkot","status":"publish","type":"page","link":"https:\/\/www.lammi.fi\/harkko\/tuotteet\/muottiharkot\/","title":{"rendered":"Muottiharkot"},"content":{"rendered":"<h1>Ladottavat ja valettavat betonimuottikivet<\/h1>\n<h1><img decoding=\"async\" class=\"alignnone size-large wp-image-607\" style=\"font-size: 16px\" src=\"https:\/\/www.lammi.fi\/harkko\/wp-content\/uploads\/sites\/3\/2018\/09\/harkko_tuoteryhma_muottikivet-1024x576.jpg\" alt=\"\" width=\"840\" height=\"473\" srcset=\"https:\/\/www.lammi.fi\/harkko\/wp-content\/uploads\/sites\/3\/2018\/09\/harkko_tuoteryhma_muottikivet-1024x576.jpg 1024w, https:\/\/www.lammi.fi\/harkko\/wp-content\/uploads\/sites\/3\/2018\/09\/harkko_tuoteryhma_muottikivet-300x169.jpg 300w, https:\/\/www.lammi.fi\/harkko\/wp-content\/uploads\/sites\/3\/2018\/09\/harkko_tuoteryhma_muottikivet-768x432.jpg 768w, https:\/\/www.lammi.fi\/harkko\/wp-content\/uploads\/sites\/3\/2018\/09\/harkko_tuoteryhma_muottikivet-1200x675.jpg 1200w, https:\/\/www.lammi.fi\/harkko\/wp-content\/uploads\/sites\/3\/2018\/09\/harkko_tuoteryhma_muottikivet-280x157.jpg 280w, https:\/\/www.lammi.fi\/harkko\/wp-content\/uploads\/sites\/3\/2018\/09\/harkko_tuoteryhma_muottikivet-560x314.jpg 560w, https:\/\/www.lammi.fi\/harkko\/wp-content\/uploads\/sites\/3\/2018\/09\/harkko_tuoteryhma_muottikivet-600x338.jpg 600w, https:\/\/www.lammi.fi\/harkko\/wp-content\/uploads\/sites\/3\/2018\/09\/harkko_tuoteryhma_muottikivet.jpg 1560w\" sizes=\"(max-width: 709px) 85vw, (max-width: 909px) 67vw, (max-width: 1362px) 62vw, 840px\" \/><\/h1>\n<p>Lammin Betoni Oy toi ensimm\u00e4isen\u00e4 markkinoille valettavan betonikiven 1970-luvun alkupuolella. Vuosikymmenten aikana muottiharkot ovat kehittyneet ja niist\u00e4 on saatu valtava m\u00e4\u00e4r\u00e4 k\u00e4ytt\u00f6kokemusta. Lammin muottikivet ovatkin turvallinen valinta nykyp\u00e4iv\u00e4n vaativalle rakentajalle.<\/p>\n<h2>Tarkasti m\u00e4\u00e4r\u00e4mitassa<\/h2>\n<p>Muottikivien pystymitta on timanttihiottu tarkasti m\u00e4\u00e4r\u00e4mittaan. T\u00e4m\u00e4n ansiosta korkeatkin rakenteet on helppo ja nopea asentaa. My\u00f6s valmiit p\u00e4\u00e4ty- ja kulmakivet helpottavat ty\u00f6skentely\u00e4. Muottikivirakenteissa raudoituksen suojabetonin paksuus saadaan aina riitt\u00e4v\u00e4ksi. Raudoitettuna muottikivill\u00e4 saadaan massiivinen, tiivis ja luja, hyvin \u00e4\u00e4nt\u00e4 erist\u00e4v\u00e4, palamaton ja lahoamaton rakenne. Ennen valua muottikivirakenteen sis\u00e4\u00e4n voidaan asentaa tarvittava tekniikka. N\u00e4in ty\u00f6l\u00e4\u00e4lt\u00e4 sein\u00e4n roilotukselta v\u00e4ltyt\u00e4\u00e4n kokonaan.<\/p>\n<h2>Monipuoliset k\u00e4ytt\u00f6kohteet<\/h2>\n<p>Muottikivi soveltuu yksinkertaisen ty\u00f6tekniikan ansiosta niin ammattilaisen kuin omatoimirakentajankin k\u00e4ytt\u00f6\u00f6n. Kivien k\u00e4ytt\u00f6kohteiksi sopivat erityisesti perustukset, maanpainesein\u00e4t sek\u00e4 kantavat, osastoivat sein\u00e4t. My\u00f6s tukimuurit, maakellarit ja etenkin ahtaissa tiloissa teht\u00e4v\u00e4t rakenteet &#8211; kuten hissikuilut, uima-altaat, siilorakenteet ja saneerauskohteet &#8211; ovat omiaan muottikivill\u00e4 rakentamiseen. P\u00e4\u00e4typonttien avulla kivet tukeutuvat toisiinsa. Luja, tiivis ja saumaton muottiharkkosein\u00e4 tarjoaa optimaalisen pinnoitusalustan kaikille pinnoitteille.<\/p>\n","protected":false},"excerpt":{"rendered":"<p>Ladottavat ja valettavat betonimuottikivet Lammin Betoni Oy toi ensimm\u00e4isen\u00e4 markkinoille valettavan betonikiven 1970-luvun alkupuolella. Vuosikymmenten aikana muottiharkot ovat kehittyneet ja niist\u00e4 on saatu valtava m\u00e4\u00e4r\u00e4 k\u00e4ytt\u00f6kokemusta. Lammin muottikivet ovatkin turvallinen valinta nykyp\u00e4iv\u00e4n vaativalle rakentajalle. Tarkasti m\u00e4\u00e4r\u00e4mitassa Muottikivien pystymitta on timanttihiottu tarkasti m\u00e4\u00e4r\u00e4mittaan. T\u00e4m\u00e4n ansiosta korkeatkin rakenteet on helppo ja nopea asentaa. My\u00f6s valmiit p\u00e4\u00e4ty- ja &hellip; <a href=\"https:\/\/www.lammi.fi\/harkko\/tuotteet\/muottiharkot\/\" class=\"more-link\">Lue lis\u00e4\u00e4<span class=\"screen-reader-text\"> &#8221;Muottiharkot&#8221;<\/span><\/a><\/p>\n","protected":false},"author":5,"featured_media":0,"parent":4,"menu_order":0,"comment_status":"closed","ping_status":"closed","template":"","meta":{"_acf_changed":false,"_improvement_type_select":"improve_an_existing","_thumb_yes_seoaic":false,"_frame_yes_seoaic":false,"seoaic_generate_description":"","seoaic_improve_instructions_prompt":"","seoaic_rollback_content_improvement":"","seoaic_idea_thumbnail_generator":"","thumbnail_generated":false,"thumbnail_generate_prompt":"","seoaic_article_description":"","_glsr_average":0,"_glsr_ranking":0,"_glsr_reviews":0,"footnotes":""},"class_list":["post-367","page","type-page","status-publish","hentry"],"acf":[],"yoast_head":"<!-- This site is optimized with the Yoast SEO plugin v27.4 - https:\/\/yoast.com\/product\/yoast-seo-wordpress\/ -->\n<title>Lammi Harkko - Muottiharkot<\/title>\n<meta name=\"description\" content=\"Muottikivien pystymitta on timanttihiottu tarkasti m\u00e4\u00e4r\u00e4mittaan. T\u00e4m\u00e4n ansiosta korkeatkin rakenteet on helppo ja nopea asentaa.\" \/>\n<link rel=\"canonical\" href=\"https:\/\/www.lammi.fi\/harkko\/tuotteet\/muottiharkot\/\" \/>\n<meta property=\"og:locale\" content=\"fi_FI\" \/>\n<meta property=\"og:type\" content=\"article\" \/>\n<meta property=\"og:title\" content=\"Lammi Harkko - Muottiharkot\" \/>\n<meta property=\"og:description\" content=\"Muottikivien pystymitta on timanttihiottu tarkasti m\u00e4\u00e4r\u00e4mittaan. T\u00e4m\u00e4n ansiosta korkeatkin rakenteet on helppo ja nopea asentaa.\" \/>\n<meta property=\"og:url\" content=\"https:\/\/www.lammi.fi\/harkko\/tuotteet\/muottiharkot\/\" \/>\n<meta property=\"og:site_name\" content=\"Lammi Harkko\" \/>\n<meta property=\"article:modified_time\" content=\"2024-10-15T05:16:04+00:00\" \/>\n<meta property=\"og:image\" content=\"https:\/\/www.lammi.fi\/harkko\/wp-content\/uploads\/sites\/3\/2018\/09\/harkko_tuoteryhma_muottikivet-1024x576.jpg\" \/>\n<meta name=\"twitter:card\" content=\"summary_large_image\" \/>\n<meta name=\"twitter:label1\" content=\"Arvioitu lukuaika\" \/>\n\t<meta name=\"twitter:data1\" content=\"2 minuuttia\" \/>\n<script type=\"application\/ld+json\" class=\"yoast-schema-graph\">{\"@context\":\"https:\\\/\\\/schema.org\",\"@graph\":[{\"@type\":\"WebPage\",\"@id\":\"https:\\\/\\\/www.lammi.fi\\\/harkko\\\/tuotteet\\\/muottiharkot\\\/\",\"url\":\"https:\\\/\\\/www.lammi.fi\\\/harkko\\\/tuotteet\\\/muottiharkot\\\/\",\"name\":\"Lammi Harkko - Muottiharkot\",\"isPartOf\":{\"@id\":\"https:\\\/\\\/www.lammi.fi\\\/harkko\\\/#website\"},\"primaryImageOfPage\":{\"@id\":\"https:\\\/\\\/www.lammi.fi\\\/harkko\\\/tuotteet\\\/muottiharkot\\\/#primaryimage\"},\"image\":{\"@id\":\"https:\\\/\\\/www.lammi.fi\\\/harkko\\\/tuotteet\\\/muottiharkot\\\/#primaryimage\"},\"thumbnailUrl\":\"https:\\\/\\\/www.lammi.fi\\\/harkko\\\/wp-content\\\/uploads\\\/sites\\\/3\\\/2018\\\/09\\\/harkko_tuoteryhma_muottikivet-1024x576.jpg\",\"datePublished\":\"2018-09-06T12:53:56+00:00\",\"dateModified\":\"2024-10-15T05:16:04+00:00\",\"description\":\"Muottikivien pystymitta on timanttihiottu tarkasti m\u00e4\u00e4r\u00e4mittaan. T\u00e4m\u00e4n ansiosta korkeatkin rakenteet on helppo ja nopea asentaa.\",\"breadcrumb\":{\"@id\":\"https:\\\/\\\/www.lammi.fi\\\/harkko\\\/tuotteet\\\/muottiharkot\\\/#breadcrumb\"},\"inLanguage\":\"fi\",\"potentialAction\":[{\"@type\":\"ReadAction\",\"target\":[\"https:\\\/\\\/www.lammi.fi\\\/harkko\\\/tuotteet\\\/muottiharkot\\\/\"]}]},{\"@type\":\"ImageObject\",\"inLanguage\":\"fi\",\"@id\":\"https:\\\/\\\/www.lammi.fi\\\/harkko\\\/tuotteet\\\/muottiharkot\\\/#primaryimage\",\"url\":\"https:\\\/\\\/www.lammi.fi\\\/harkko\\\/wp-content\\\/uploads\\\/sites\\\/3\\\/2018\\\/09\\\/harkko_tuoteryhma_muottikivet.jpg\",\"contentUrl\":\"https:\\\/\\\/www.lammi.fi\\\/harkko\\\/wp-content\\\/uploads\\\/sites\\\/3\\\/2018\\\/09\\\/harkko_tuoteryhma_muottikivet.jpg\",\"width\":1560,\"height\":878},{\"@type\":\"BreadcrumbList\",\"@id\":\"https:\\\/\\\/www.lammi.fi\\\/harkko\\\/tuotteet\\\/muottiharkot\\\/#breadcrumb\",\"itemListElement\":[{\"@type\":\"ListItem\",\"position\":1,\"name\":\"Lammi.fi\",\"item\":\"https:\\\/\\\/www.lammi.fi\"},{\"@type\":\"ListItem\",\"position\":2,\"name\":\"Lammi Harkko\",\"item\":\"https:\\\/\\\/www.lammi.fi\\\/harkko\\\/\"},{\"@type\":\"ListItem\",\"position\":3,\"name\":\"Tuotteet\",\"item\":\"https:\\\/\\\/www.lammi.fi\\\/harkko\\\/tuotteet\\\/\"},{\"@type\":\"ListItem\",\"position\":4,\"name\":\"Muottiharkot\"}]},{\"@type\":\"WebSite\",\"@id\":\"https:\\\/\\\/www.lammi.fi\\\/harkko\\\/#website\",\"url\":\"https:\\\/\\\/www.lammi.fi\\\/harkko\\\/\",\"name\":\"Lammi Harkko\",\"description\":\"\",\"publisher\":{\"@id\":\"https:\\\/\\\/www.lammi.fi\\\/harkko\\\/#organization\"},\"potentialAction\":[{\"@type\":\"SearchAction\",\"target\":{\"@type\":\"EntryPoint\",\"urlTemplate\":\"https:\\\/\\\/www.lammi.fi\\\/harkko\\\/?s={search_term_string}\"},\"query-input\":{\"@type\":\"PropertyValueSpecification\",\"valueRequired\":true,\"valueName\":\"search_term_string\"}}],\"inLanguage\":\"fi\"},{\"@type\":\"Organization\",\"@id\":\"https:\\\/\\\/www.lammi.fi\\\/harkko\\\/#organization\",\"name\":\"Lammi Harkko\",\"url\":\"https:\\\/\\\/www.lammi.fi\\\/harkko\\\/\",\"logo\":{\"@type\":\"ImageObject\",\"inLanguage\":\"fi\",\"@id\":\"https:\\\/\\\/www.lammi.fi\\\/harkko\\\/#\\\/schema\\\/logo\\\/image\\\/\",\"url\":\"https:\\\/\\\/www.lammi.fi\\\/harkko\\\/wp-content\\\/uploads\\\/sites\\\/3\\\/2018\\\/06\\\/cropped-lammi_logo.png\",\"contentUrl\":\"https:\\\/\\\/www.lammi.fi\\\/harkko\\\/wp-content\\\/uploads\\\/sites\\\/3\\\/2018\\\/06\\\/cropped-lammi_logo.png\",\"width\":240,\"height\":122,\"caption\":\"Lammi Harkko\"},\"image\":{\"@id\":\"https:\\\/\\\/www.lammi.fi\\\/harkko\\\/#\\\/schema\\\/logo\\\/image\\\/\"}}]}<\/script>\n<!-- \/ Yoast SEO plugin. -->","yoast_head_json":{"title":"Lammi Harkko - Muottiharkot","description":"Muottikivien pystymitta on timanttihiottu tarkasti m\u00e4\u00e4r\u00e4mittaan. T\u00e4m\u00e4n ansiosta korkeatkin rakenteet on helppo ja nopea asentaa.","canonical":"https:\/\/www.lammi.fi\/harkko\/tuotteet\/muottiharkot\/","og_locale":"fi_FI","og_type":"article","og_title":"Lammi Harkko - Muottiharkot","og_description":"Muottikivien pystymitta on timanttihiottu tarkasti m\u00e4\u00e4r\u00e4mittaan. T\u00e4m\u00e4n ansiosta korkeatkin rakenteet on helppo ja nopea asentaa.","og_url":"https:\/\/www.lammi.fi\/harkko\/tuotteet\/muottiharkot\/","og_site_name":"Lammi Harkko","article_modified_time":"2024-10-15T05:16:04+00:00","og_image":[{"url":"https:\/\/www.lammi.fi\/harkko\/wp-content\/uploads\/sites\/3\/2018\/09\/harkko_tuoteryhma_muottikivet-1024x576.jpg","type":"","width":"","height":""}],"twitter_card":"summary_large_image","twitter_misc":{"Arvioitu lukuaika":"2 minuuttia"},"schema":{"@context":"https:\/\/schema.org","@graph":[{"@type":"WebPage","@id":"https:\/\/www.lammi.fi\/harkko\/tuotteet\/muottiharkot\/","url":"https:\/\/www.lammi.fi\/harkko\/tuotteet\/muottiharkot\/","name":"Lammi Harkko - Muottiharkot","isPartOf":{"@id":"https:\/\/www.lammi.fi\/harkko\/#website"},"primaryImageOfPage":{"@id":"https:\/\/www.lammi.fi\/harkko\/tuotteet\/muottiharkot\/#primaryimage"},"image":{"@id":"https:\/\/www.lammi.fi\/harkko\/tuotteet\/muottiharkot\/#primaryimage"},"thumbnailUrl":"https:\/\/www.lammi.fi\/harkko\/wp-content\/uploads\/sites\/3\/2018\/09\/harkko_tuoteryhma_muottikivet-1024x576.jpg","datePublished":"2018-09-06T12:53:56+00:00","dateModified":"2024-10-15T05:16:04+00:00","description":"Muottikivien pystymitta on timanttihiottu tarkasti m\u00e4\u00e4r\u00e4mittaan. T\u00e4m\u00e4n ansiosta korkeatkin rakenteet on helppo ja nopea asentaa.","breadcrumb":{"@id":"https:\/\/www.lammi.fi\/harkko\/tuotteet\/muottiharkot\/#breadcrumb"},"inLanguage":"fi","potentialAction":[{"@type":"ReadAction","target":["https:\/\/www.lammi.fi\/harkko\/tuotteet\/muottiharkot\/"]}]},{"@type":"ImageObject","inLanguage":"fi","@id":"https:\/\/www.lammi.fi\/harkko\/tuotteet\/muottiharkot\/#primaryimage","url":"https:\/\/www.lammi.fi\/harkko\/wp-content\/uploads\/sites\/3\/2018\/09\/harkko_tuoteryhma_muottikivet.jpg","contentUrl":"https:\/\/www.lammi.fi\/harkko\/wp-content\/uploads\/sites\/3\/2018\/09\/harkko_tuoteryhma_muottikivet.jpg","width":1560,"height":878},{"@type":"BreadcrumbList","@id":"https:\/\/www.lammi.fi\/harkko\/tuotteet\/muottiharkot\/#breadcrumb","itemListElement":[{"@type":"ListItem","position":1,"name":"Lammi.fi","item":"https:\/\/www.lammi.fi"},{"@type":"ListItem","position":2,"name":"Lammi Harkko","item":"https:\/\/www.lammi.fi\/harkko\/"},{"@type":"ListItem","position":3,"name":"Tuotteet","item":"https:\/\/www.lammi.fi\/harkko\/tuotteet\/"},{"@type":"ListItem","position":4,"name":"Muottiharkot"}]},{"@type":"WebSite","@id":"https:\/\/www.lammi.fi\/harkko\/#website","url":"https:\/\/www.lammi.fi\/harkko\/","name":"Lammi Harkko","description":"","publisher":{"@id":"https:\/\/www.lammi.fi\/harkko\/#organization"},"potentialAction":[{"@type":"SearchAction","target":{"@type":"EntryPoint","urlTemplate":"https:\/\/www.lammi.fi\/harkko\/?s={search_term_string}"},"query-input":{"@type":"PropertyValueSpecification","valueRequired":true,"valueName":"search_term_string"}}],"inLanguage":"fi"},{"@type":"Organization","@id":"https:\/\/www.lammi.fi\/harkko\/#organization","name":"Lammi Harkko","url":"https:\/\/www.lammi.fi\/harkko\/","logo":{"@type":"ImageObject","inLanguage":"fi","@id":"https:\/\/www.lammi.fi\/harkko\/#\/schema\/logo\/image\/","url":"https:\/\/www.lammi.fi\/harkko\/wp-content\/uploads\/sites\/3\/2018\/06\/cropped-lammi_logo.png","contentUrl":"https:\/\/www.lammi.fi\/harkko\/wp-content\/uploads\/sites\/3\/2018\/06\/cropped-lammi_logo.png","width":240,"height":122,"caption":"Lammi Harkko"},"image":{"@id":"https:\/\/www.lammi.fi\/harkko\/#\/schema\/logo\/image\/"}}]}},"_links":{"self":[{"href":"https:\/\/www.lammi.fi\/harkko\/wp-json\/wp\/v2\/pages\/367","targetHints":{"allow":["GET"]}}],"collection":[{"href":"https:\/\/www.lammi.fi\/harkko\/wp-json\/wp\/v2\/pages"}],"about":[{"href":"https:\/\/www.lammi.fi\/harkko\/wp-json\/wp\/v2\/types\/page"}],"author":[{"embeddable":true,"href":"https:\/\/www.lammi.fi\/harkko\/wp-json\/wp\/v2\/users\/5"}],"replies":[{"embeddable":true,"href":"https:\/\/www.lammi.fi\/harkko\/wp-json\/wp\/v2\/comments?post=367"}],"version-history":[{"count":15,"href":"https:\/\/www.lammi.fi\/harkko\/wp-json\/wp\/v2\/pages\/367\/revisions"}],"predecessor-version":[{"id":4549,"href":"https:\/\/www.lammi.fi\/harkko\/wp-json\/wp\/v2\/pages\/367\/revisions\/4549"}],"up":[{"embeddable":true,"href":"https:\/\/www.lammi.fi\/harkko\/wp-json\/wp\/v2\/pages\/4"}],"wp:attachment":[{"href":"https:\/\/www.lammi.fi\/harkko\/wp-json\/wp\/v2\/media?parent=367"}],"curies":[{"name":"wp","href":"https:\/\/api.w.org\/{rel}","templated":true}]}}