{"id":336,"date":"2018-09-06T10:18:30","date_gmt":"2018-09-06T10:18:30","guid":{"rendered":"https:\/\/www.lammi.fi\/harkko\/?page_id=336"},"modified":"2025-12-29T17:45:39","modified_gmt":"2025-12-29T14:45:39","slug":"emh350","status":"publish","type":"page","link":"https:\/\/www.lammi.fi\/harkko\/tuotteet\/lampokivet\/emh350\/","title":{"rendered":"EMH350"},"content":{"rendered":"<h1>Puolil\u00e4mpimiin tiloihin ja perustuksiin<\/h1>\n<h1><img decoding=\"async\" class=\"alignnone size-large wp-image-587\" style=\"font-size: 16px\" src=\"https:\/\/www.lammi.fi\/harkko\/wp-content\/uploads\/sites\/3\/2018\/09\/harkko_tuoteperhe_lampokivet_emh350-1024x576.jpg\" alt=\"\" width=\"840\" height=\"473\" srcset=\"https:\/\/www.lammi.fi\/harkko\/wp-content\/uploads\/sites\/3\/2018\/09\/harkko_tuoteperhe_lampokivet_emh350-1024x576.jpg 1024w, https:\/\/www.lammi.fi\/harkko\/wp-content\/uploads\/sites\/3\/2018\/09\/harkko_tuoteperhe_lampokivet_emh350-300x169.jpg 300w, https:\/\/www.lammi.fi\/harkko\/wp-content\/uploads\/sites\/3\/2018\/09\/harkko_tuoteperhe_lampokivet_emh350-768x432.jpg 768w, https:\/\/www.lammi.fi\/harkko\/wp-content\/uploads\/sites\/3\/2018\/09\/harkko_tuoteperhe_lampokivet_emh350-1200x675.jpg 1200w, https:\/\/www.lammi.fi\/harkko\/wp-content\/uploads\/sites\/3\/2018\/09\/harkko_tuoteperhe_lampokivet_emh350-280x157.jpg 280w, https:\/\/www.lammi.fi\/harkko\/wp-content\/uploads\/sites\/3\/2018\/09\/harkko_tuoteperhe_lampokivet_emh350-560x314.jpg 560w, https:\/\/www.lammi.fi\/harkko\/wp-content\/uploads\/sites\/3\/2018\/09\/harkko_tuoteperhe_lampokivet_emh350-600x338.jpg 600w, https:\/\/www.lammi.fi\/harkko\/wp-content\/uploads\/sites\/3\/2018\/09\/harkko_tuoteperhe_lampokivet_emh350.jpg 1560w\" sizes=\"(max-width: 709px) 85vw, (max-width: 909px) 67vw, (max-width: 1362px) 62vw, 840px\" \/><\/h1>\n<p><strong>EM<\/strong><strong>H350 on yksi pisimp\u00e4\u00e4n Suomen markkinoilla olleista eristemuottiharkoista. Se on hyv\u00e4 valinta puolil\u00e4mpiin tiloihin, kuten autotalleihin, varastoihin ja teollisuushalleihin. Kive\u00e4 k\u00e4ytet\u00e4\u00e4n paljon my\u00f6s perustuksissa ja kellarikerroksissa.<\/strong><\/p>\n<h2>Pitk\u00e4ik\u00e4isyytt\u00e4 ja huoltovapautta<\/h2>\n<p>Kivi on kest\u00e4v\u00e4 materiaali. Se ei lahoa eik\u00e4 homehdu, sill\u00e4 siin\u00e4 ei ole orgaanisia ainesosia. T\u00e4st\u00e4 syyst\u00e4 l\u00e4mp\u00f6kivet ovat rakennusmateriaaleista kosteusteknisesti luotettavimpia. Niit\u00e4 suositellaankin k\u00e4ytett\u00e4v\u00e4ksi kivitalojen lis\u00e4ksi my\u00f6s puutalojen kellareihin, perustuksiin ja kosteiden tilojen seiniin.<\/p>\n<p>EMH350 kiven U-arvo on\u00a00,25 W\/m\u00b2K.<\/p>\n<h2>J\u00e4t\u00e4 tarjouspyynt\u00f6<\/h2>\n<p>Miten voimme olla avuksi? <a href=\"https:\/\/www.lammi.fi\/harkko\/yhteystiedot\/jata-tarjouspyynto\/\">J\u00e4t\u00e4 tarjouspyynt\u00f6<\/a> ja palaamme pian asiaan!<\/p>\n","protected":false},"excerpt":{"rendered":"<p>Puolil\u00e4mpimiin tiloihin ja perustuksiin EMH350 on yksi pisimp\u00e4\u00e4n Suomen markkinoilla olleista eristemuottiharkoista. Se on hyv\u00e4 valinta puolil\u00e4mpiin tiloihin, kuten autotalleihin, varastoihin ja teollisuushalleihin. Kive\u00e4 k\u00e4ytet\u00e4\u00e4n paljon my\u00f6s perustuksissa ja kellarikerroksissa. Pitk\u00e4ik\u00e4isyytt\u00e4 ja huoltovapautta Kivi on kest\u00e4v\u00e4 materiaali. Se ei lahoa eik\u00e4 homehdu, sill\u00e4 siin\u00e4 ei ole orgaanisia ainesosia. T\u00e4st\u00e4 syyst\u00e4 l\u00e4mp\u00f6kivet ovat rakennusmateriaaleista kosteusteknisesti luotettavimpia. &hellip; <a href=\"https:\/\/www.lammi.fi\/harkko\/tuotteet\/lampokivet\/emh350\/\" class=\"more-link\">Lue lis\u00e4\u00e4<span class=\"screen-reader-text\"> &#8221;EMH350&#8221;<\/span><\/a><\/p>\n","protected":false},"author":5,"featured_media":0,"parent":12,"menu_order":0,"comment_status":"closed","ping_status":"closed","template":"","meta":{"_acf_changed":false,"_improvement_type_select":"improve_an_existing","_thumb_yes_seoaic":false,"_frame_yes_seoaic":false,"seoaic_generate_description":"","seoaic_improve_instructions_prompt":"","seoaic_rollback_content_improvement":"","seoaic_idea_thumbnail_generator":"","thumbnail_generated":false,"thumbnail_generate_prompt":"","seoaic_article_description":"","_glsr_average":5,"_glsr_ranking":3.75,"_glsr_reviews":2,"footnotes":""},"class_list":["post-336","page","type-page","status-publish","hentry"],"acf":[],"yoast_head":"<!-- This site is optimized with the Yoast SEO plugin v27.4 - https:\/\/yoast.com\/product\/yoast-seo-wordpress\/ -->\n<title>Lammi Harkko - EMH350<\/title>\n<meta name=\"description\" content=\"EMH350 on yksi pisimp\u00e4\u00e4n Suomen markkinoilla olleista eristemuottiharkoista. Se on hyv\u00e4 valinta puolil\u00e4mpimiin tiloihin, kuten autotalleihin ja varastoihin.\" \/>\n<link rel=\"canonical\" href=\"https:\/\/www.lammi.fi\/harkko\/tuotteet\/lampokivet\/emh350\/\" \/>\n<meta property=\"og:locale\" content=\"fi_FI\" \/>\n<meta property=\"og:type\" content=\"article\" \/>\n<meta property=\"og:title\" content=\"Lammi Harkko - EMH350\" \/>\n<meta property=\"og:description\" content=\"EMH350 on yksi pisimp\u00e4\u00e4n Suomen markkinoilla olleista eristemuottiharkoista. Se on hyv\u00e4 valinta puolil\u00e4mpimiin tiloihin, kuten autotalleihin ja varastoihin.\" \/>\n<meta property=\"og:url\" content=\"https:\/\/www.lammi.fi\/harkko\/tuotteet\/lampokivet\/emh350\/\" \/>\n<meta property=\"og:site_name\" content=\"Lammi Harkko\" \/>\n<meta property=\"article:modified_time\" content=\"2025-12-29T14:45:39+00:00\" \/>\n<meta property=\"og:image\" content=\"https:\/\/www.lammi.fi\/harkko\/wp-content\/uploads\/sites\/3\/2018\/09\/harkko_tuoteperhe_lampokivet_emh350.jpg\" \/>\n\t<meta property=\"og:image:width\" content=\"1560\" \/>\n\t<meta property=\"og:image:height\" content=\"878\" \/>\n\t<meta property=\"og:image:type\" content=\"image\/jpeg\" \/>\n<meta name=\"twitter:card\" content=\"summary_large_image\" \/>\n<meta name=\"twitter:label1\" content=\"Arvioitu lukuaika\" \/>\n\t<meta name=\"twitter:data1\" content=\"1 minuutti\" \/>\n<script type=\"application\/ld+json\" class=\"yoast-schema-graph\">{\"@context\":\"https:\\\/\\\/schema.org\",\"@graph\":[{\"@type\":\"WebPage\",\"@id\":\"https:\\\/\\\/www.lammi.fi\\\/harkko\\\/tuotteet\\\/lampokivet\\\/emh350\\\/\",\"url\":\"https:\\\/\\\/www.lammi.fi\\\/harkko\\\/tuotteet\\\/lampokivet\\\/emh350\\\/\",\"name\":\"Lammi Harkko - EMH350\",\"isPartOf\":{\"@id\":\"https:\\\/\\\/www.lammi.fi\\\/harkko\\\/#website\"},\"primaryImageOfPage\":{\"@id\":\"https:\\\/\\\/www.lammi.fi\\\/harkko\\\/tuotteet\\\/lampokivet\\\/emh350\\\/#primaryimage\"},\"image\":{\"@id\":\"https:\\\/\\\/www.lammi.fi\\\/harkko\\\/tuotteet\\\/lampokivet\\\/emh350\\\/#primaryimage\"},\"thumbnailUrl\":\"https:\\\/\\\/www.lammi.fi\\\/harkko\\\/wp-content\\\/uploads\\\/sites\\\/3\\\/2018\\\/09\\\/harkko_tuoteperhe_lampokivet_emh350-1024x576.jpg\",\"datePublished\":\"2018-09-06T10:18:30+00:00\",\"dateModified\":\"2025-12-29T14:45:39+00:00\",\"description\":\"EMH350 on yksi pisimp\u00e4\u00e4n Suomen markkinoilla olleista eristemuottiharkoista. Se on hyv\u00e4 valinta puolil\u00e4mpimiin tiloihin, kuten autotalleihin ja varastoihin.\",\"breadcrumb\":{\"@id\":\"https:\\\/\\\/www.lammi.fi\\\/harkko\\\/tuotteet\\\/lampokivet\\\/emh350\\\/#breadcrumb\"},\"inLanguage\":\"fi\",\"potentialAction\":[{\"@type\":\"ReadAction\",\"target\":[\"https:\\\/\\\/www.lammi.fi\\\/harkko\\\/tuotteet\\\/lampokivet\\\/emh350\\\/\"]}]},{\"@type\":\"ImageObject\",\"inLanguage\":\"fi\",\"@id\":\"https:\\\/\\\/www.lammi.fi\\\/harkko\\\/tuotteet\\\/lampokivet\\\/emh350\\\/#primaryimage\",\"url\":\"https:\\\/\\\/www.lammi.fi\\\/harkko\\\/wp-content\\\/uploads\\\/sites\\\/3\\\/2018\\\/09\\\/harkko_tuoteperhe_lampokivet_emh350.jpg\",\"contentUrl\":\"https:\\\/\\\/www.lammi.fi\\\/harkko\\\/wp-content\\\/uploads\\\/sites\\\/3\\\/2018\\\/09\\\/harkko_tuoteperhe_lampokivet_emh350.jpg\",\"width\":1560,\"height\":878},{\"@type\":\"BreadcrumbList\",\"@id\":\"https:\\\/\\\/www.lammi.fi\\\/harkko\\\/tuotteet\\\/lampokivet\\\/emh350\\\/#breadcrumb\",\"itemListElement\":[{\"@type\":\"ListItem\",\"position\":1,\"name\":\"Lammi.fi\",\"item\":\"https:\\\/\\\/www.lammi.fi\"},{\"@type\":\"ListItem\",\"position\":2,\"name\":\"Lammi Harkko\",\"item\":\"https:\\\/\\\/www.lammi.fi\\\/harkko\\\/\"},{\"@type\":\"ListItem\",\"position\":3,\"name\":\"Tuotteet\",\"item\":\"https:\\\/\\\/www.lammi.fi\\\/harkko\\\/tuotteet\\\/\"},{\"@type\":\"ListItem\",\"position\":4,\"name\":\"L\u00e4mp\u00f6kivet\",\"item\":\"https:\\\/\\\/www.lammi.fi\\\/harkko\\\/tuotteet\\\/lampokivet\\\/\"},{\"@type\":\"ListItem\",\"position\":5,\"name\":\"EMH350\"}]},{\"@type\":\"WebSite\",\"@id\":\"https:\\\/\\\/www.lammi.fi\\\/harkko\\\/#website\",\"url\":\"https:\\\/\\\/www.lammi.fi\\\/harkko\\\/\",\"name\":\"Lammi Harkko\",\"description\":\"\",\"publisher\":{\"@id\":\"https:\\\/\\\/www.lammi.fi\\\/harkko\\\/#organization\"},\"potentialAction\":[{\"@type\":\"SearchAction\",\"target\":{\"@type\":\"EntryPoint\",\"urlTemplate\":\"https:\\\/\\\/www.lammi.fi\\\/harkko\\\/?s={search_term_string}\"},\"query-input\":{\"@type\":\"PropertyValueSpecification\",\"valueRequired\":true,\"valueName\":\"search_term_string\"}}],\"inLanguage\":\"fi\"},{\"@type\":\"Organization\",\"@id\":\"https:\\\/\\\/www.lammi.fi\\\/harkko\\\/#organization\",\"name\":\"Lammi Harkko\",\"url\":\"https:\\\/\\\/www.lammi.fi\\\/harkko\\\/\",\"logo\":{\"@type\":\"ImageObject\",\"inLanguage\":\"fi\",\"@id\":\"https:\\\/\\\/www.lammi.fi\\\/harkko\\\/#\\\/schema\\\/logo\\\/image\\\/\",\"url\":\"https:\\\/\\\/www.lammi.fi\\\/harkko\\\/wp-content\\\/uploads\\\/sites\\\/3\\\/2018\\\/06\\\/cropped-lammi_logo.png\",\"contentUrl\":\"https:\\\/\\\/www.lammi.fi\\\/harkko\\\/wp-content\\\/uploads\\\/sites\\\/3\\\/2018\\\/06\\\/cropped-lammi_logo.png\",\"width\":240,\"height\":122,\"caption\":\"Lammi Harkko\"},\"image\":{\"@id\":\"https:\\\/\\\/www.lammi.fi\\\/harkko\\\/#\\\/schema\\\/logo\\\/image\\\/\"}}]}<\/script>\n<!-- \/ Yoast SEO plugin. -->","yoast_head_json":{"title":"Lammi Harkko - EMH350","description":"EMH350 on yksi pisimp\u00e4\u00e4n Suomen markkinoilla olleista eristemuottiharkoista. Se on hyv\u00e4 valinta puolil\u00e4mpimiin tiloihin, kuten autotalleihin ja varastoihin.","canonical":"https:\/\/www.lammi.fi\/harkko\/tuotteet\/lampokivet\/emh350\/","og_locale":"fi_FI","og_type":"article","og_title":"Lammi Harkko - EMH350","og_description":"EMH350 on yksi pisimp\u00e4\u00e4n Suomen markkinoilla olleista eristemuottiharkoista. Se on hyv\u00e4 valinta puolil\u00e4mpimiin tiloihin, kuten autotalleihin ja varastoihin.","og_url":"https:\/\/www.lammi.fi\/harkko\/tuotteet\/lampokivet\/emh350\/","og_site_name":"Lammi Harkko","article_modified_time":"2025-12-29T14:45:39+00:00","og_image":[{"width":1560,"height":878,"url":"https:\/\/www.lammi.fi\/harkko\/wp-content\/uploads\/sites\/3\/2018\/09\/harkko_tuoteperhe_lampokivet_emh350.jpg","type":"image\/jpeg"}],"twitter_card":"summary_large_image","twitter_misc":{"Arvioitu lukuaika":"1 minuutti"},"schema":{"@context":"https:\/\/schema.org","@graph":[{"@type":"WebPage","@id":"https:\/\/www.lammi.fi\/harkko\/tuotteet\/lampokivet\/emh350\/","url":"https:\/\/www.lammi.fi\/harkko\/tuotteet\/lampokivet\/emh350\/","name":"Lammi Harkko - EMH350","isPartOf":{"@id":"https:\/\/www.lammi.fi\/harkko\/#website"},"primaryImageOfPage":{"@id":"https:\/\/www.lammi.fi\/harkko\/tuotteet\/lampokivet\/emh350\/#primaryimage"},"image":{"@id":"https:\/\/www.lammi.fi\/harkko\/tuotteet\/lampokivet\/emh350\/#primaryimage"},"thumbnailUrl":"https:\/\/www.lammi.fi\/harkko\/wp-content\/uploads\/sites\/3\/2018\/09\/harkko_tuoteperhe_lampokivet_emh350-1024x576.jpg","datePublished":"2018-09-06T10:18:30+00:00","dateModified":"2025-12-29T14:45:39+00:00","description":"EMH350 on yksi pisimp\u00e4\u00e4n Suomen markkinoilla olleista eristemuottiharkoista. Se on hyv\u00e4 valinta puolil\u00e4mpimiin tiloihin, kuten autotalleihin ja varastoihin.","breadcrumb":{"@id":"https:\/\/www.lammi.fi\/harkko\/tuotteet\/lampokivet\/emh350\/#breadcrumb"},"inLanguage":"fi","potentialAction":[{"@type":"ReadAction","target":["https:\/\/www.lammi.fi\/harkko\/tuotteet\/lampokivet\/emh350\/"]}]},{"@type":"ImageObject","inLanguage":"fi","@id":"https:\/\/www.lammi.fi\/harkko\/tuotteet\/lampokivet\/emh350\/#primaryimage","url":"https:\/\/www.lammi.fi\/harkko\/wp-content\/uploads\/sites\/3\/2018\/09\/harkko_tuoteperhe_lampokivet_emh350.jpg","contentUrl":"https:\/\/www.lammi.fi\/harkko\/wp-content\/uploads\/sites\/3\/2018\/09\/harkko_tuoteperhe_lampokivet_emh350.jpg","width":1560,"height":878},{"@type":"BreadcrumbList","@id":"https:\/\/www.lammi.fi\/harkko\/tuotteet\/lampokivet\/emh350\/#breadcrumb","itemListElement":[{"@type":"ListItem","position":1,"name":"Lammi.fi","item":"https:\/\/www.lammi.fi"},{"@type":"ListItem","position":2,"name":"Lammi Harkko","item":"https:\/\/www.lammi.fi\/harkko\/"},{"@type":"ListItem","position":3,"name":"Tuotteet","item":"https:\/\/www.lammi.fi\/harkko\/tuotteet\/"},{"@type":"ListItem","position":4,"name":"L\u00e4mp\u00f6kivet","item":"https:\/\/www.lammi.fi\/harkko\/tuotteet\/lampokivet\/"},{"@type":"ListItem","position":5,"name":"EMH350"}]},{"@type":"WebSite","@id":"https:\/\/www.lammi.fi\/harkko\/#website","url":"https:\/\/www.lammi.fi\/harkko\/","name":"Lammi Harkko","description":"","publisher":{"@id":"https:\/\/www.lammi.fi\/harkko\/#organization"},"potentialAction":[{"@type":"SearchAction","target":{"@type":"EntryPoint","urlTemplate":"https:\/\/www.lammi.fi\/harkko\/?s={search_term_string}"},"query-input":{"@type":"PropertyValueSpecification","valueRequired":true,"valueName":"search_term_string"}}],"inLanguage":"fi"},{"@type":"Organization","@id":"https:\/\/www.lammi.fi\/harkko\/#organization","name":"Lammi Harkko","url":"https:\/\/www.lammi.fi\/harkko\/","logo":{"@type":"ImageObject","inLanguage":"fi","@id":"https:\/\/www.lammi.fi\/harkko\/#\/schema\/logo\/image\/","url":"https:\/\/www.lammi.fi\/harkko\/wp-content\/uploads\/sites\/3\/2018\/06\/cropped-lammi_logo.png","contentUrl":"https:\/\/www.lammi.fi\/harkko\/wp-content\/uploads\/sites\/3\/2018\/06\/cropped-lammi_logo.png","width":240,"height":122,"caption":"Lammi Harkko"},"image":{"@id":"https:\/\/www.lammi.fi\/harkko\/#\/schema\/logo\/image\/"}}]}},"_links":{"self":[{"href":"https:\/\/www.lammi.fi\/harkko\/wp-json\/wp\/v2\/pages\/336","targetHints":{"allow":["GET"]}}],"collection":[{"href":"https:\/\/www.lammi.fi\/harkko\/wp-json\/wp\/v2\/pages"}],"about":[{"href":"https:\/\/www.lammi.fi\/harkko\/wp-json\/wp\/v2\/types\/page"}],"author":[{"embeddable":true,"href":"https:\/\/www.lammi.fi\/harkko\/wp-json\/wp\/v2\/users\/5"}],"replies":[{"embeddable":true,"href":"https:\/\/www.lammi.fi\/harkko\/wp-json\/wp\/v2\/comments?post=336"}],"version-history":[{"count":15,"href":"https:\/\/www.lammi.fi\/harkko\/wp-json\/wp\/v2\/pages\/336\/revisions"}],"predecessor-version":[{"id":5115,"href":"https:\/\/www.lammi.fi\/harkko\/wp-json\/wp\/v2\/pages\/336\/revisions\/5115"}],"up":[{"embeddable":true,"href":"https:\/\/www.lammi.fi\/harkko\/wp-json\/wp\/v2\/pages\/12"}],"wp:attachment":[{"href":"https:\/\/www.lammi.fi\/harkko\/wp-json\/wp\/v2\/media?parent=336"}],"curies":[{"name":"wp","href":"https:\/\/api.w.org\/{rel}","templated":true}]}}