{"id":3106,"date":"2022-09-21T06:58:27","date_gmt":"2022-09-21T06:58:27","guid":{"rendered":"https:\/\/www.lammi.fi\/harkko\/?page_id=3106"},"modified":"2024-10-15T08:19:01","modified_gmt":"2024-10-15T05:19:01","slug":"elementtituotteet","status":"publish","type":"page","link":"https:\/\/www.lammi.fi\/harkko\/tuotteet\/elementtituotteet\/","title":{"rendered":"Elementtituotteet"},"content":{"rendered":"<h1>Lammin elementtituotteet<\/h1>\n<p>Lammi Kuorikivi<sup>\u00ae\u00a0<\/sup>-elementti yhdist\u00e4\u00e4 Lammi Kuorikivi<sup>\u00ae\u00a0<\/sup>-valueristeharkon erinomaiset julkisivuominaisuudet elementtirakentamisen nopeuteen. Olemme kehitt\u00e4neet ja testanneet tuotteen yhdess\u00e4 Parman elementtirakentamisen huippuammattilaisten kanssa. Tuote on ammattirakentamisen kaikki vaatimukset t\u00e4ytt\u00e4v\u00e4 julkisivuratkaisu, eli teknisilt\u00e4 ominaisuuksiltaan huippuluokkaa: iskunkest\u00e4v\u00e4, \u00e4\u00e4nt\u00e4 erist\u00e4v\u00e4, s\u00e4\u00e4nkest\u00e4v\u00e4 ja paloturvallinen.<\/p>\n","protected":false},"excerpt":{"rendered":"<p>Lammin elementtituotteet Lammi Kuorikivi\u00ae\u00a0-elementti yhdist\u00e4\u00e4 Lammi Kuorikivi\u00ae\u00a0-valueristeharkon erinomaiset julkisivuominaisuudet elementtirakentamisen nopeuteen. Olemme kehitt\u00e4neet ja testanneet tuotteen yhdess\u00e4 Parman elementtirakentamisen huippuammattilaisten kanssa. Tuote on ammattirakentamisen kaikki vaatimukset t\u00e4ytt\u00e4v\u00e4 julkisivuratkaisu, eli teknisilt\u00e4 ominaisuuksiltaan huippuluokkaa: iskunkest\u00e4v\u00e4, \u00e4\u00e4nt\u00e4 erist\u00e4v\u00e4, s\u00e4\u00e4nkest\u00e4v\u00e4 ja paloturvallinen.<\/p>\n","protected":false},"author":12,"featured_media":0,"parent":4,"menu_order":0,"comment_status":"closed","ping_status":"closed","template":"","meta":{"_acf_changed":false,"_improvement_type_select":"improve_an_existing","_thumb_yes_seoaic":false,"_frame_yes_seoaic":false,"seoaic_generate_description":"","seoaic_improve_instructions_prompt":"","seoaic_rollback_content_improvement":"","seoaic_idea_thumbnail_generator":"","thumbnail_generated":false,"thumbnail_generate_prompt":"","seoaic_article_description":"","_glsr_average":0,"_glsr_ranking":0,"_glsr_reviews":0,"footnotes":""},"class_list":["post-3106","page","type-page","status-publish","hentry"],"acf":[],"yoast_head":"<!-- This site is optimized with the Yoast SEO plugin v27.4 - https:\/\/yoast.com\/product\/yoast-seo-wordpress\/ -->\n<title>Lammi Harkko - Elementtituotteet<\/title>\n<meta name=\"description\" content=\"Lammi Kuorikivi\u00ae -elementti yhdist\u00e4\u00e4 Lammi Kuorikivi\u00ae -valueristeharkon erinomaiset julkisivuominaisuudet elementtirakentamisen nopeuteen.\" \/>\n<link rel=\"canonical\" href=\"https:\/\/www.lammi.fi\/harkko\/tuotteet\/elementtituotteet\/\" \/>\n<meta property=\"og:locale\" content=\"fi_FI\" \/>\n<meta property=\"og:type\" content=\"article\" \/>\n<meta property=\"og:title\" content=\"Lammi Harkko - Elementtituotteet\" \/>\n<meta property=\"og:description\" content=\"Lammi Kuorikivi\u00ae -elementti yhdist\u00e4\u00e4 Lammi Kuorikivi\u00ae -valueristeharkon erinomaiset julkisivuominaisuudet elementtirakentamisen nopeuteen.\" \/>\n<meta property=\"og:url\" content=\"https:\/\/www.lammi.fi\/harkko\/tuotteet\/elementtituotteet\/\" \/>\n<meta property=\"og:site_name\" content=\"Lammi Harkko\" \/>\n<meta property=\"article:modified_time\" content=\"2024-10-15T05:19:01+00:00\" \/>\n<meta name=\"twitter:card\" content=\"summary_large_image\" \/>\n<meta name=\"twitter:label1\" content=\"Arvioitu lukuaika\" \/>\n\t<meta name=\"twitter:data1\" content=\"1 minuutti\" \/>\n<script type=\"application\/ld+json\" class=\"yoast-schema-graph\">{\"@context\":\"https:\\\/\\\/schema.org\",\"@graph\":[{\"@type\":\"WebPage\",\"@id\":\"https:\\\/\\\/www.lammi.fi\\\/harkko\\\/tuotteet\\\/elementtituotteet\\\/\",\"url\":\"https:\\\/\\\/www.lammi.fi\\\/harkko\\\/tuotteet\\\/elementtituotteet\\\/\",\"name\":\"Lammi Harkko - Elementtituotteet\",\"isPartOf\":{\"@id\":\"https:\\\/\\\/www.lammi.fi\\\/harkko\\\/#website\"},\"datePublished\":\"2022-09-21T06:58:27+00:00\",\"dateModified\":\"2024-10-15T05:19:01+00:00\",\"description\":\"Lammi Kuorikivi\u00ae -elementti yhdist\u00e4\u00e4 Lammi Kuorikivi\u00ae -valueristeharkon erinomaiset julkisivuominaisuudet elementtirakentamisen nopeuteen.\",\"breadcrumb\":{\"@id\":\"https:\\\/\\\/www.lammi.fi\\\/harkko\\\/tuotteet\\\/elementtituotteet\\\/#breadcrumb\"},\"inLanguage\":\"fi\",\"potentialAction\":[{\"@type\":\"ReadAction\",\"target\":[\"https:\\\/\\\/www.lammi.fi\\\/harkko\\\/tuotteet\\\/elementtituotteet\\\/\"]}]},{\"@type\":\"BreadcrumbList\",\"@id\":\"https:\\\/\\\/www.lammi.fi\\\/harkko\\\/tuotteet\\\/elementtituotteet\\\/#breadcrumb\",\"itemListElement\":[{\"@type\":\"ListItem\",\"position\":1,\"name\":\"Lammi.fi\",\"item\":\"https:\\\/\\\/www.lammi.fi\"},{\"@type\":\"ListItem\",\"position\":2,\"name\":\"Lammi Harkko\",\"item\":\"https:\\\/\\\/www.lammi.fi\\\/harkko\\\/\"},{\"@type\":\"ListItem\",\"position\":3,\"name\":\"Tuotteet\",\"item\":\"https:\\\/\\\/www.lammi.fi\\\/harkko\\\/tuotteet\\\/\"},{\"@type\":\"ListItem\",\"position\":4,\"name\":\"Elementtituotteet\"}]},{\"@type\":\"WebSite\",\"@id\":\"https:\\\/\\\/www.lammi.fi\\\/harkko\\\/#website\",\"url\":\"https:\\\/\\\/www.lammi.fi\\\/harkko\\\/\",\"name\":\"Lammi Harkko\",\"description\":\"\",\"publisher\":{\"@id\":\"https:\\\/\\\/www.lammi.fi\\\/harkko\\\/#organization\"},\"potentialAction\":[{\"@type\":\"SearchAction\",\"target\":{\"@type\":\"EntryPoint\",\"urlTemplate\":\"https:\\\/\\\/www.lammi.fi\\\/harkko\\\/?s={search_term_string}\"},\"query-input\":{\"@type\":\"PropertyValueSpecification\",\"valueRequired\":true,\"valueName\":\"search_term_string\"}}],\"inLanguage\":\"fi\"},{\"@type\":\"Organization\",\"@id\":\"https:\\\/\\\/www.lammi.fi\\\/harkko\\\/#organization\",\"name\":\"Lammi Harkko\",\"url\":\"https:\\\/\\\/www.lammi.fi\\\/harkko\\\/\",\"logo\":{\"@type\":\"ImageObject\",\"inLanguage\":\"fi\",\"@id\":\"https:\\\/\\\/www.lammi.fi\\\/harkko\\\/#\\\/schema\\\/logo\\\/image\\\/\",\"url\":\"https:\\\/\\\/www.lammi.fi\\\/harkko\\\/wp-content\\\/uploads\\\/sites\\\/3\\\/2018\\\/06\\\/cropped-lammi_logo.png\",\"contentUrl\":\"https:\\\/\\\/www.lammi.fi\\\/harkko\\\/wp-content\\\/uploads\\\/sites\\\/3\\\/2018\\\/06\\\/cropped-lammi_logo.png\",\"width\":240,\"height\":122,\"caption\":\"Lammi Harkko\"},\"image\":{\"@id\":\"https:\\\/\\\/www.lammi.fi\\\/harkko\\\/#\\\/schema\\\/logo\\\/image\\\/\"}}]}<\/script>\n<!-- \/ Yoast SEO plugin. -->","yoast_head_json":{"title":"Lammi Harkko - Elementtituotteet","description":"Lammi Kuorikivi\u00ae -elementti yhdist\u00e4\u00e4 Lammi Kuorikivi\u00ae -valueristeharkon erinomaiset julkisivuominaisuudet elementtirakentamisen nopeuteen.","canonical":"https:\/\/www.lammi.fi\/harkko\/tuotteet\/elementtituotteet\/","og_locale":"fi_FI","og_type":"article","og_title":"Lammi Harkko - Elementtituotteet","og_description":"Lammi Kuorikivi\u00ae -elementti yhdist\u00e4\u00e4 Lammi Kuorikivi\u00ae -valueristeharkon erinomaiset julkisivuominaisuudet elementtirakentamisen nopeuteen.","og_url":"https:\/\/www.lammi.fi\/harkko\/tuotteet\/elementtituotteet\/","og_site_name":"Lammi Harkko","article_modified_time":"2024-10-15T05:19:01+00:00","twitter_card":"summary_large_image","twitter_misc":{"Arvioitu lukuaika":"1 minuutti"},"schema":{"@context":"https:\/\/schema.org","@graph":[{"@type":"WebPage","@id":"https:\/\/www.lammi.fi\/harkko\/tuotteet\/elementtituotteet\/","url":"https:\/\/www.lammi.fi\/harkko\/tuotteet\/elementtituotteet\/","name":"Lammi Harkko - Elementtituotteet","isPartOf":{"@id":"https:\/\/www.lammi.fi\/harkko\/#website"},"datePublished":"2022-09-21T06:58:27+00:00","dateModified":"2024-10-15T05:19:01+00:00","description":"Lammi Kuorikivi\u00ae -elementti yhdist\u00e4\u00e4 Lammi Kuorikivi\u00ae -valueristeharkon erinomaiset julkisivuominaisuudet elementtirakentamisen nopeuteen.","breadcrumb":{"@id":"https:\/\/www.lammi.fi\/harkko\/tuotteet\/elementtituotteet\/#breadcrumb"},"inLanguage":"fi","potentialAction":[{"@type":"ReadAction","target":["https:\/\/www.lammi.fi\/harkko\/tuotteet\/elementtituotteet\/"]}]},{"@type":"BreadcrumbList","@id":"https:\/\/www.lammi.fi\/harkko\/tuotteet\/elementtituotteet\/#breadcrumb","itemListElement":[{"@type":"ListItem","position":1,"name":"Lammi.fi","item":"https:\/\/www.lammi.fi"},{"@type":"ListItem","position":2,"name":"Lammi Harkko","item":"https:\/\/www.lammi.fi\/harkko\/"},{"@type":"ListItem","position":3,"name":"Tuotteet","item":"https:\/\/www.lammi.fi\/harkko\/tuotteet\/"},{"@type":"ListItem","position":4,"name":"Elementtituotteet"}]},{"@type":"WebSite","@id":"https:\/\/www.lammi.fi\/harkko\/#website","url":"https:\/\/www.lammi.fi\/harkko\/","name":"Lammi Harkko","description":"","publisher":{"@id":"https:\/\/www.lammi.fi\/harkko\/#organization"},"potentialAction":[{"@type":"SearchAction","target":{"@type":"EntryPoint","urlTemplate":"https:\/\/www.lammi.fi\/harkko\/?s={search_term_string}"},"query-input":{"@type":"PropertyValueSpecification","valueRequired":true,"valueName":"search_term_string"}}],"inLanguage":"fi"},{"@type":"Organization","@id":"https:\/\/www.lammi.fi\/harkko\/#organization","name":"Lammi Harkko","url":"https:\/\/www.lammi.fi\/harkko\/","logo":{"@type":"ImageObject","inLanguage":"fi","@id":"https:\/\/www.lammi.fi\/harkko\/#\/schema\/logo\/image\/","url":"https:\/\/www.lammi.fi\/harkko\/wp-content\/uploads\/sites\/3\/2018\/06\/cropped-lammi_logo.png","contentUrl":"https:\/\/www.lammi.fi\/harkko\/wp-content\/uploads\/sites\/3\/2018\/06\/cropped-lammi_logo.png","width":240,"height":122,"caption":"Lammi Harkko"},"image":{"@id":"https:\/\/www.lammi.fi\/harkko\/#\/schema\/logo\/image\/"}}]}},"_links":{"self":[{"href":"https:\/\/www.lammi.fi\/harkko\/wp-json\/wp\/v2\/pages\/3106","targetHints":{"allow":["GET"]}}],"collection":[{"href":"https:\/\/www.lammi.fi\/harkko\/wp-json\/wp\/v2\/pages"}],"about":[{"href":"https:\/\/www.lammi.fi\/harkko\/wp-json\/wp\/v2\/types\/page"}],"author":[{"embeddable":true,"href":"https:\/\/www.lammi.fi\/harkko\/wp-json\/wp\/v2\/users\/12"}],"replies":[{"embeddable":true,"href":"https:\/\/www.lammi.fi\/harkko\/wp-json\/wp\/v2\/comments?post=3106"}],"version-history":[{"count":15,"href":"https:\/\/www.lammi.fi\/harkko\/wp-json\/wp\/v2\/pages\/3106\/revisions"}],"predecessor-version":[{"id":4557,"href":"https:\/\/www.lammi.fi\/harkko\/wp-json\/wp\/v2\/pages\/3106\/revisions\/4557"}],"up":[{"embeddable":true,"href":"https:\/\/www.lammi.fi\/harkko\/wp-json\/wp\/v2\/pages\/4"}],"wp:attachment":[{"href":"https:\/\/www.lammi.fi\/harkko\/wp-json\/wp\/v2\/media?parent=3106"}],"curies":[{"name":"wp","href":"https:\/\/api.w.org\/{rel}","templated":true}]}}