{"id":2991,"date":"2022-04-27T06:23:20","date_gmt":"2022-04-27T06:23:20","guid":{"rendered":"https:\/\/www.lammi.fi\/harkko\/?page_id=2991"},"modified":"2023-08-17T12:05:28","modified_gmt":"2023-08-17T09:05:28","slug":"ymparistoselosteet","status":"publish","type":"page","link":"https:\/\/www.lammi.fi\/harkko\/ohjeet-ja-dokumentit\/tuoteselosteet\/ymparistoselosteet\/","title":{"rendered":"Ymp\u00e4rist\u00f6selosteet"},"content":{"rendered":"<h2>Tuotteiden EPD-ymp\u00e4rist\u00f6selosteet<\/h2>\n<p>Ymp\u00e4rist\u00f6seloste (Environmental Product Declaration, EPD) on riippumattomasti varmennettu ja rekister\u00f6ity asiakirja, joka antaa avoimet ja vertailukelpoiset tiedot tuotteidemme elinkaaren ymp\u00e4rist\u00f6vaikutuksista.<\/p>\n<p>Elinkaariarvioinnin avulla tuotteen ymp\u00e4rist\u00f6tehokkuutta voidaan arvioida koko sen elinkaaren ajan raaka-ainehankinnasta valmiiseen tuotteeseen ja loppusijoitukseen saakka. N\u00e4m\u00e4 ymp\u00e4rist\u00f6vaikutukset ovat t\u00e4rkeit\u00e4 kriteereit\u00e4 rakennusmateriaalien valintoja teht\u00e4ess\u00e4. My\u00f6s rakennusten hiilijalanj\u00e4ljen laskennan apuna k\u00e4ytet\u00e4\u00e4n materiaalien osalta verifioituja ymp\u00e4rist\u00f6selostetietoja.<\/p>\n<p>EPD-ymp\u00e4rist\u00f6selosteet auttavatkin rakennusurakoitsijoita, rakennuttajia ja suunnittelijoita tekem\u00e4\u00e4n kest\u00e4v\u00e4n kehityksen mukaisia valintoja ja my\u00f6s raportoimaan materiaalien ymp\u00e4rist\u00f6vaikutuksista eteenp\u00e4in.<\/p>\n<h3><span class=\"author\" data-authorid=\"PgeWrHAgwNQPN4BzN\">LL400<\/span><\/h3>\n<p><a href=\"https:\/\/www.lammi.fi\/harkko\/wp-content\/uploads\/sites\/3\/2022\/04\/EPD_LL400-Concrete-block-insulated_29-03-2022.pdf\" target=\"_blank\" rel=\"noopener\">EPD_LL400 Concrete block insulated_29-03-2022<\/a><\/p>\n<h3><span class=\"author\" data-authorid=\"PgeWrHAgwNQPN4BzN\">KK400<\/span><\/h3>\n<p><a href=\"https:\/\/www.lammi.fi\/harkko\/wp-content\/uploads\/sites\/3\/2022\/04\/EPD_KK400-Concrete-block-insulated_29-03-2022.pdf\" target=\"_blank\" rel=\"noopener\">EPD_KK400 Concrete block insulated_29-03-2022<\/a><\/p>\n<h3><span class=\"author\" data-authorid=\"PgeWrHAgwNQPN4BzN\">KK400H ja UKK<\/span><\/h3>\n<p><a href=\"https:\/\/www.lammi.fi\/harkko\/wp-content\/uploads\/sites\/3\/2022\/04\/EPD_UKK-KK400-split-Concrete-block-insulated_29-03-2022.pdf\" target=\"_blank\" rel=\"noopener\">EPD_UKK KK400 split Concrete block insulated_29-03-2022<\/a><\/p>\n<h3><span class=\"author\" data-authorid=\"PgeWrHAgwNQPN4BzN\">EMH350<\/span><\/h3>\n<p><a href=\"https:\/\/www.lammi.fi\/harkko\/wp-content\/uploads\/sites\/3\/2022\/04\/EPD_EMH350-Concrete-block-insulated_29-03-2022.pdf\" target=\"_blank\" rel=\"noopener\">EPD_EMH350 Concrete block insulated_29-03-2022<\/a><\/p>\n<h3><span class=\"author\" data-authorid=\"PgeWrHAgwNQPN4BzN\">LL500<\/span><\/h3>\n<p><a href=\"https:\/\/www.lammi.fi\/harkko\/wp-content\/uploads\/sites\/3\/2022\/04\/EPD_LL500-Concrete-block-insulated_29-03-2022.pdf\" target=\"_blank\" rel=\"noopener\">EPD_LL500 Concrete block insulated_29-03-2022<\/a><\/p>\n<h3><span class=\"author\" data-authorid=\"PgeWrHAgwNQPN4BzN\">Muottiharkot*<\/span><\/h3>\n<p>*Muottiharkoilla k\u00e4yt\u00f6ss\u00e4 muuntokerroin. Ks. EPD sivu 3.<\/p>\n<p><a href=\"https:\/\/www.lammi.fi\/harkko\/wp-content\/uploads\/sites\/3\/2022\/04\/EPD_MH200-Concrete-block-uninsulated_29-03-2022.pdf\" target=\"_blank\" rel=\"noopener\">EPD_MH200 Concrete block uninsulated_29-03-2022<\/a><\/p>\n","protected":false},"excerpt":{"rendered":"<p>Tuotteiden EPD-ymp\u00e4rist\u00f6selosteet Ymp\u00e4rist\u00f6seloste (Environmental Product Declaration, EPD) on riippumattomasti varmennettu ja rekister\u00f6ity asiakirja, joka antaa avoimet ja vertailukelpoiset tiedot tuotteidemme elinkaaren ymp\u00e4rist\u00f6vaikutuksista. Elinkaariarvioinnin avulla tuotteen ymp\u00e4rist\u00f6tehokkuutta voidaan arvioida koko sen elinkaaren ajan raaka-ainehankinnasta valmiiseen tuotteeseen ja loppusijoitukseen saakka. N\u00e4m\u00e4 ymp\u00e4rist\u00f6vaikutukset ovat t\u00e4rkeit\u00e4 kriteereit\u00e4 rakennusmateriaalien valintoja teht\u00e4ess\u00e4. My\u00f6s rakennusten hiilijalanj\u00e4ljen laskennan apuna k\u00e4ytet\u00e4\u00e4n materiaalien osalta verifioituja &hellip; <a href=\"https:\/\/www.lammi.fi\/harkko\/ohjeet-ja-dokumentit\/tuoteselosteet\/ymparistoselosteet\/\" class=\"more-link\">Lue lis\u00e4\u00e4<span class=\"screen-reader-text\"> &#8221;Ymp\u00e4rist\u00f6selosteet&#8221;<\/span><\/a><\/p>\n","protected":false},"author":12,"featured_media":0,"parent":890,"menu_order":0,"comment_status":"closed","ping_status":"closed","template":"","meta":{"_acf_changed":false,"_improvement_type_select":"improve_an_existing","_thumb_yes_seoaic":false,"_frame_yes_seoaic":false,"seoaic_generate_description":"","seoaic_improve_instructions_prompt":"","seoaic_rollback_content_improvement":"","seoaic_idea_thumbnail_generator":"","thumbnail_generated":false,"thumbnail_generate_prompt":"","seoaic_article_description":"","_glsr_average":0,"_glsr_ranking":0,"_glsr_reviews":0,"footnotes":""},"class_list":["post-2991","page","type-page","status-publish","hentry"],"acf":[],"yoast_head":"<!-- This site is optimized with the Yoast SEO plugin v27.4 - https:\/\/yoast.com\/product\/yoast-seo-wordpress\/ -->\n<title>Lammi Harkko - Ymp\u00e4rist\u00f6selosteet<\/title>\n<meta name=\"description\" content=\"Ymp\u00e4rist\u00f6seloste on riippumattomasti varmennettu ja rekister\u00f6ity asiakirja, joka antaa tiedot tuotteidemme elinkaaren ymp\u00e4rist\u00f6vaikutuksista.\" \/>\n<link rel=\"canonical\" href=\"https:\/\/www.lammi.fi\/harkko\/ohjeet-ja-dokumentit\/tuoteselosteet\/ymparistoselosteet\/\" \/>\n<meta property=\"og:locale\" content=\"fi_FI\" \/>\n<meta property=\"og:type\" content=\"article\" \/>\n<meta property=\"og:title\" content=\"Lammi Harkko - Ymp\u00e4rist\u00f6selosteet\" \/>\n<meta property=\"og:description\" content=\"Ymp\u00e4rist\u00f6seloste on riippumattomasti varmennettu ja rekister\u00f6ity asiakirja, joka antaa tiedot tuotteidemme elinkaaren ymp\u00e4rist\u00f6vaikutuksista.\" \/>\n<meta property=\"og:url\" content=\"https:\/\/www.lammi.fi\/harkko\/ohjeet-ja-dokumentit\/tuoteselosteet\/ymparistoselosteet\/\" \/>\n<meta property=\"og:site_name\" content=\"Lammi Harkko\" \/>\n<meta property=\"article:modified_time\" content=\"2023-08-17T09:05:28+00:00\" \/>\n<meta name=\"twitter:card\" content=\"summary_large_image\" \/>\n<meta name=\"twitter:label1\" content=\"Arvioitu lukuaika\" \/>\n\t<meta name=\"twitter:data1\" content=\"1 minuutti\" \/>\n<script type=\"application\/ld+json\" class=\"yoast-schema-graph\">{\"@context\":\"https:\\\/\\\/schema.org\",\"@graph\":[{\"@type\":\"WebPage\",\"@id\":\"https:\\\/\\\/www.lammi.fi\\\/harkko\\\/ohjeet-ja-dokumentit\\\/tuoteselosteet\\\/ymparistoselosteet\\\/\",\"url\":\"https:\\\/\\\/www.lammi.fi\\\/harkko\\\/ohjeet-ja-dokumentit\\\/tuoteselosteet\\\/ymparistoselosteet\\\/\",\"name\":\"Lammi Harkko - Ymp\u00e4rist\u00f6selosteet\",\"isPartOf\":{\"@id\":\"https:\\\/\\\/www.lammi.fi\\\/harkko\\\/#website\"},\"datePublished\":\"2022-04-27T06:23:20+00:00\",\"dateModified\":\"2023-08-17T09:05:28+00:00\",\"description\":\"Ymp\u00e4rist\u00f6seloste on riippumattomasti varmennettu ja rekister\u00f6ity asiakirja, joka antaa tiedot tuotteidemme elinkaaren ymp\u00e4rist\u00f6vaikutuksista.\",\"breadcrumb\":{\"@id\":\"https:\\\/\\\/www.lammi.fi\\\/harkko\\\/ohjeet-ja-dokumentit\\\/tuoteselosteet\\\/ymparistoselosteet\\\/#breadcrumb\"},\"inLanguage\":\"fi\",\"potentialAction\":[{\"@type\":\"ReadAction\",\"target\":[\"https:\\\/\\\/www.lammi.fi\\\/harkko\\\/ohjeet-ja-dokumentit\\\/tuoteselosteet\\\/ymparistoselosteet\\\/\"]}]},{\"@type\":\"BreadcrumbList\",\"@id\":\"https:\\\/\\\/www.lammi.fi\\\/harkko\\\/ohjeet-ja-dokumentit\\\/tuoteselosteet\\\/ymparistoselosteet\\\/#breadcrumb\",\"itemListElement\":[{\"@type\":\"ListItem\",\"position\":1,\"name\":\"Lammi.fi\",\"item\":\"https:\\\/\\\/www.lammi.fi\"},{\"@type\":\"ListItem\",\"position\":2,\"name\":\"Lammi Harkko\",\"item\":\"https:\\\/\\\/www.lammi.fi\\\/harkko\\\/\"},{\"@type\":\"ListItem\",\"position\":3,\"name\":\"Ohjeet ja dokumentit\",\"item\":\"https:\\\/\\\/www.lammi.fi\\\/harkko\\\/ohjeet-ja-dokumentit\\\/\"},{\"@type\":\"ListItem\",\"position\":4,\"name\":\"Tuoteselosteet\",\"item\":\"https:\\\/\\\/www.lammi.fi\\\/harkko\\\/ohjeet-ja-dokumentit\\\/tuoteselosteet\\\/\"},{\"@type\":\"ListItem\",\"position\":5,\"name\":\"Ymp\u00e4rist\u00f6selosteet\"}]},{\"@type\":\"WebSite\",\"@id\":\"https:\\\/\\\/www.lammi.fi\\\/harkko\\\/#website\",\"url\":\"https:\\\/\\\/www.lammi.fi\\\/harkko\\\/\",\"name\":\"Lammi Harkko\",\"description\":\"\",\"publisher\":{\"@id\":\"https:\\\/\\\/www.lammi.fi\\\/harkko\\\/#organization\"},\"potentialAction\":[{\"@type\":\"SearchAction\",\"target\":{\"@type\":\"EntryPoint\",\"urlTemplate\":\"https:\\\/\\\/www.lammi.fi\\\/harkko\\\/?s={search_term_string}\"},\"query-input\":{\"@type\":\"PropertyValueSpecification\",\"valueRequired\":true,\"valueName\":\"search_term_string\"}}],\"inLanguage\":\"fi\"},{\"@type\":\"Organization\",\"@id\":\"https:\\\/\\\/www.lammi.fi\\\/harkko\\\/#organization\",\"name\":\"Lammi Harkko\",\"url\":\"https:\\\/\\\/www.lammi.fi\\\/harkko\\\/\",\"logo\":{\"@type\":\"ImageObject\",\"inLanguage\":\"fi\",\"@id\":\"https:\\\/\\\/www.lammi.fi\\\/harkko\\\/#\\\/schema\\\/logo\\\/image\\\/\",\"url\":\"https:\\\/\\\/www.lammi.fi\\\/harkko\\\/wp-content\\\/uploads\\\/sites\\\/3\\\/2018\\\/06\\\/cropped-lammi_logo.png\",\"contentUrl\":\"https:\\\/\\\/www.lammi.fi\\\/harkko\\\/wp-content\\\/uploads\\\/sites\\\/3\\\/2018\\\/06\\\/cropped-lammi_logo.png\",\"width\":240,\"height\":122,\"caption\":\"Lammi Harkko\"},\"image\":{\"@id\":\"https:\\\/\\\/www.lammi.fi\\\/harkko\\\/#\\\/schema\\\/logo\\\/image\\\/\"}}]}<\/script>\n<!-- \/ Yoast SEO plugin. -->","yoast_head_json":{"title":"Lammi Harkko - Ymp\u00e4rist\u00f6selosteet","description":"Ymp\u00e4rist\u00f6seloste on riippumattomasti varmennettu ja rekister\u00f6ity asiakirja, joka antaa tiedot tuotteidemme elinkaaren ymp\u00e4rist\u00f6vaikutuksista.","canonical":"https:\/\/www.lammi.fi\/harkko\/ohjeet-ja-dokumentit\/tuoteselosteet\/ymparistoselosteet\/","og_locale":"fi_FI","og_type":"article","og_title":"Lammi Harkko - Ymp\u00e4rist\u00f6selosteet","og_description":"Ymp\u00e4rist\u00f6seloste on riippumattomasti varmennettu ja rekister\u00f6ity asiakirja, joka antaa tiedot tuotteidemme elinkaaren ymp\u00e4rist\u00f6vaikutuksista.","og_url":"https:\/\/www.lammi.fi\/harkko\/ohjeet-ja-dokumentit\/tuoteselosteet\/ymparistoselosteet\/","og_site_name":"Lammi Harkko","article_modified_time":"2023-08-17T09:05:28+00:00","twitter_card":"summary_large_image","twitter_misc":{"Arvioitu lukuaika":"1 minuutti"},"schema":{"@context":"https:\/\/schema.org","@graph":[{"@type":"WebPage","@id":"https:\/\/www.lammi.fi\/harkko\/ohjeet-ja-dokumentit\/tuoteselosteet\/ymparistoselosteet\/","url":"https:\/\/www.lammi.fi\/harkko\/ohjeet-ja-dokumentit\/tuoteselosteet\/ymparistoselosteet\/","name":"Lammi Harkko - Ymp\u00e4rist\u00f6selosteet","isPartOf":{"@id":"https:\/\/www.lammi.fi\/harkko\/#website"},"datePublished":"2022-04-27T06:23:20+00:00","dateModified":"2023-08-17T09:05:28+00:00","description":"Ymp\u00e4rist\u00f6seloste on riippumattomasti varmennettu ja rekister\u00f6ity asiakirja, joka antaa tiedot tuotteidemme elinkaaren ymp\u00e4rist\u00f6vaikutuksista.","breadcrumb":{"@id":"https:\/\/www.lammi.fi\/harkko\/ohjeet-ja-dokumentit\/tuoteselosteet\/ymparistoselosteet\/#breadcrumb"},"inLanguage":"fi","potentialAction":[{"@type":"ReadAction","target":["https:\/\/www.lammi.fi\/harkko\/ohjeet-ja-dokumentit\/tuoteselosteet\/ymparistoselosteet\/"]}]},{"@type":"BreadcrumbList","@id":"https:\/\/www.lammi.fi\/harkko\/ohjeet-ja-dokumentit\/tuoteselosteet\/ymparistoselosteet\/#breadcrumb","itemListElement":[{"@type":"ListItem","position":1,"name":"Lammi.fi","item":"https:\/\/www.lammi.fi"},{"@type":"ListItem","position":2,"name":"Lammi Harkko","item":"https:\/\/www.lammi.fi\/harkko\/"},{"@type":"ListItem","position":3,"name":"Ohjeet ja dokumentit","item":"https:\/\/www.lammi.fi\/harkko\/ohjeet-ja-dokumentit\/"},{"@type":"ListItem","position":4,"name":"Tuoteselosteet","item":"https:\/\/www.lammi.fi\/harkko\/ohjeet-ja-dokumentit\/tuoteselosteet\/"},{"@type":"ListItem","position":5,"name":"Ymp\u00e4rist\u00f6selosteet"}]},{"@type":"WebSite","@id":"https:\/\/www.lammi.fi\/harkko\/#website","url":"https:\/\/www.lammi.fi\/harkko\/","name":"Lammi Harkko","description":"","publisher":{"@id":"https:\/\/www.lammi.fi\/harkko\/#organization"},"potentialAction":[{"@type":"SearchAction","target":{"@type":"EntryPoint","urlTemplate":"https:\/\/www.lammi.fi\/harkko\/?s={search_term_string}"},"query-input":{"@type":"PropertyValueSpecification","valueRequired":true,"valueName":"search_term_string"}}],"inLanguage":"fi"},{"@type":"Organization","@id":"https:\/\/www.lammi.fi\/harkko\/#organization","name":"Lammi Harkko","url":"https:\/\/www.lammi.fi\/harkko\/","logo":{"@type":"ImageObject","inLanguage":"fi","@id":"https:\/\/www.lammi.fi\/harkko\/#\/schema\/logo\/image\/","url":"https:\/\/www.lammi.fi\/harkko\/wp-content\/uploads\/sites\/3\/2018\/06\/cropped-lammi_logo.png","contentUrl":"https:\/\/www.lammi.fi\/harkko\/wp-content\/uploads\/sites\/3\/2018\/06\/cropped-lammi_logo.png","width":240,"height":122,"caption":"Lammi Harkko"},"image":{"@id":"https:\/\/www.lammi.fi\/harkko\/#\/schema\/logo\/image\/"}}]}},"_links":{"self":[{"href":"https:\/\/www.lammi.fi\/harkko\/wp-json\/wp\/v2\/pages\/2991","targetHints":{"allow":["GET"]}}],"collection":[{"href":"https:\/\/www.lammi.fi\/harkko\/wp-json\/wp\/v2\/pages"}],"about":[{"href":"https:\/\/www.lammi.fi\/harkko\/wp-json\/wp\/v2\/types\/page"}],"author":[{"embeddable":true,"href":"https:\/\/www.lammi.fi\/harkko\/wp-json\/wp\/v2\/users\/12"}],"replies":[{"embeddable":true,"href":"https:\/\/www.lammi.fi\/harkko\/wp-json\/wp\/v2\/comments?post=2991"}],"version-history":[{"count":4,"href":"https:\/\/www.lammi.fi\/harkko\/wp-json\/wp\/v2\/pages\/2991\/revisions"}],"predecessor-version":[{"id":3529,"href":"https:\/\/www.lammi.fi\/harkko\/wp-json\/wp\/v2\/pages\/2991\/revisions\/3529"}],"up":[{"embeddable":true,"href":"https:\/\/www.lammi.fi\/harkko\/wp-json\/wp\/v2\/pages\/890"}],"wp:attachment":[{"href":"https:\/\/www.lammi.fi\/harkko\/wp-json\/wp\/v2\/media?parent=2991"}],"curies":[{"name":"wp","href":"https:\/\/api.w.org\/{rel}","templated":true}]}}