{"id":270,"date":"2018-07-04T08:48:57","date_gmt":"2018-07-04T08:48:57","guid":{"rendered":"https:\/\/www.lammi.fi\/harkko\/?page_id=270"},"modified":"2023-05-23T16:19:58","modified_gmt":"2023-05-23T13:19:58","slug":"muurattava-kevytsoraharkko","status":"publish","type":"page","link":"https:\/\/www.lammi.fi\/harkko\/lammi-harkko\/tietoa-harkoista\/muurattava-kevytsoraharkko\/","title":{"rendered":"Muurattava kevytsoraharkko"},"content":{"rendered":"<h1>Valuharkon edut kevytsoraharkkoon verrattuna<\/h1>\n<p>Lecaharkko soveltuu kohteisiin, miss\u00e4 rakenteisiin kohdistuvat kuormat eiv\u00e4t ole isoja. Esimerkiksi maanpaineseiniss\u00e4\u00a0joudutaan k\u00e4ytt\u00e4m\u00e4\u00e4n umpinaisia, erist\u00e4m\u00e4tt\u00f6mi\u00e4 harkkoja, mik\u00e4 heikent\u00e4\u00e4 loppurakenteen erist\u00e4vyytt\u00e4 ja lis\u00e4\u00e4 kylm\u00e4siltoja.<\/p>\n<h2>Rakenteeltaan kest\u00e4v\u00e4mpi<\/h2>\n<p>Valettavia eristeharkkoja k\u00e4ytett\u00e4ess\u00e4 voidaan maanpainesein\u00e4t toteuttaa pystyraudoituksen ja betonivalun ansiosta anturasta v\u00e4lipohjaan asti samoilla eristeharkoilla. T\u00e4st\u00e4 huolimatta rakenteen kest\u00e4vyys on valettavilla eristeharkoilla huomattavasti muurattavia umpiharkkoja parempi. T\u00e4ll\u00f6in my\u00f6s l\u00e4mm\u00f6neriste jatkuu yhten\u00e4isen\u00e4 koko sein\u00e4ss\u00e4, eik\u00e4 kylm\u00e4siltoja synny.<\/p>\n<h2>Ei vaadi erillist\u00e4 slammausta<\/h2>\n<p>Maanpaineseiniss\u00e4 kevytsoraharkot joudutaan my\u00f6s slammaamaan, jottei perusmuurilevyn tai vedeneristyksen saumoista l\u00e4pi tunkeutuva kosteus p\u00e4\u00e4se huokoiseen materiaaliin. Valuharkoissa erillist\u00e4 slammausta ei tarvita.<\/p>\n<p>Lue lis\u00e4\u00e4\u00a0<a href=\"https:\/\/www.lammi.fi\/harkko\/tietoa-harkoista\/valettava-harkko\/\">valuharkkorakentamisen eduista<\/a>.<\/p>\n<p>Tarkemmat kuvaukset tuotteiden k\u00e4yt\u00f6st\u00e4 l\u00f6yd\u00e4t\u00a0<a href=\"https:\/\/www.lammi.fi\/harkko\/ohjeet-ja-dokumentit\/tyo-ja-suunnitteluohjeet\/\">ty\u00f6ohjeista<\/a>.<\/p>\n","protected":false},"excerpt":{"rendered":"<p>Valuharkon edut kevytsoraharkkoon verrattuna Lecaharkko soveltuu kohteisiin, miss\u00e4 rakenteisiin kohdistuvat kuormat eiv\u00e4t ole isoja. Esimerkiksi maanpaineseiniss\u00e4\u00a0joudutaan k\u00e4ytt\u00e4m\u00e4\u00e4n umpinaisia, erist\u00e4m\u00e4tt\u00f6mi\u00e4 harkkoja, mik\u00e4 heikent\u00e4\u00e4 loppurakenteen erist\u00e4vyytt\u00e4 ja lis\u00e4\u00e4 kylm\u00e4siltoja. Rakenteeltaan kest\u00e4v\u00e4mpi Valettavia eristeharkkoja k\u00e4ytett\u00e4ess\u00e4 voidaan maanpainesein\u00e4t toteuttaa pystyraudoituksen ja betonivalun ansiosta anturasta v\u00e4lipohjaan asti samoilla eristeharkoilla. T\u00e4st\u00e4 huolimatta rakenteen kest\u00e4vyys on valettavilla eristeharkoilla huomattavasti muurattavia umpiharkkoja parempi. &hellip; <a href=\"https:\/\/www.lammi.fi\/harkko\/lammi-harkko\/tietoa-harkoista\/muurattava-kevytsoraharkko\/\" class=\"more-link\">Lue lis\u00e4\u00e4<span class=\"screen-reader-text\"> &#8221;Muurattava kevytsoraharkko&#8221;<\/span><\/a><\/p>\n","protected":false},"author":1,"featured_media":0,"parent":17,"menu_order":0,"comment_status":"closed","ping_status":"closed","template":"","meta":{"_acf_changed":false,"_improvement_type_select":"improve_an_existing","_thumb_yes_seoaic":false,"_frame_yes_seoaic":false,"seoaic_generate_description":"","seoaic_improve_instructions_prompt":"","seoaic_rollback_content_improvement":"","seoaic_idea_thumbnail_generator":"","thumbnail_generated":false,"thumbnail_generate_prompt":"","seoaic_article_description":"","_glsr_average":0,"_glsr_ranking":0,"_glsr_reviews":0,"footnotes":""},"class_list":["post-270","page","type-page","status-publish","hentry"],"acf":[],"yoast_head":"<!-- This site is optimized with the Yoast SEO plugin v27.4 - https:\/\/yoast.com\/product\/yoast-seo-wordpress\/ -->\n<title>Lammi Harkko - Muurattava kevytsoraharkko<\/title>\n<link rel=\"canonical\" href=\"https:\/\/www.lammi.fi\/harkko\/lammi-harkko\/tietoa-harkoista\/muurattava-kevytsoraharkko\/\" \/>\n<meta property=\"og:locale\" content=\"fi_FI\" \/>\n<meta property=\"og:type\" content=\"article\" \/>\n<meta property=\"og:title\" content=\"Lammi Harkko - Muurattava kevytsoraharkko\" \/>\n<meta property=\"og:description\" content=\"Valuharkon edut kevytsoraharkkoon verrattuna Lecaharkko soveltuu kohteisiin, miss\u00e4 rakenteisiin kohdistuvat kuormat eiv\u00e4t ole isoja. Esimerkiksi maanpaineseiniss\u00e4\u00a0joudutaan k\u00e4ytt\u00e4m\u00e4\u00e4n umpinaisia, erist\u00e4m\u00e4tt\u00f6mi\u00e4 harkkoja, mik\u00e4 heikent\u00e4\u00e4 loppurakenteen erist\u00e4vyytt\u00e4 ja lis\u00e4\u00e4 kylm\u00e4siltoja. Rakenteeltaan kest\u00e4v\u00e4mpi Valettavia eristeharkkoja k\u00e4ytett\u00e4ess\u00e4 voidaan maanpainesein\u00e4t toteuttaa pystyraudoituksen ja betonivalun ansiosta anturasta v\u00e4lipohjaan asti samoilla eristeharkoilla. T\u00e4st\u00e4 huolimatta rakenteen kest\u00e4vyys on valettavilla eristeharkoilla huomattavasti muurattavia umpiharkkoja parempi. &hellip; Lue lis\u00e4\u00e4 &quot;Muurattava kevytsoraharkko&quot;\" \/>\n<meta property=\"og:url\" content=\"https:\/\/www.lammi.fi\/harkko\/lammi-harkko\/tietoa-harkoista\/muurattava-kevytsoraharkko\/\" \/>\n<meta property=\"og:site_name\" content=\"Lammi Harkko\" \/>\n<meta property=\"article:modified_time\" content=\"2023-05-23T13:19:58+00:00\" \/>\n<meta name=\"twitter:card\" content=\"summary_large_image\" \/>\n<meta name=\"twitter:label1\" content=\"Arvioitu lukuaika\" \/>\n\t<meta name=\"twitter:data1\" content=\"1 minuutti\" \/>\n<script type=\"application\/ld+json\" class=\"yoast-schema-graph\">{\"@context\":\"https:\\\/\\\/schema.org\",\"@graph\":[{\"@type\":\"WebPage\",\"@id\":\"https:\\\/\\\/www.lammi.fi\\\/harkko\\\/lammi-harkko\\\/tietoa-harkoista\\\/muurattava-kevytsoraharkko\\\/\",\"url\":\"https:\\\/\\\/www.lammi.fi\\\/harkko\\\/lammi-harkko\\\/tietoa-harkoista\\\/muurattava-kevytsoraharkko\\\/\",\"name\":\"Lammi Harkko - Muurattava kevytsoraharkko\",\"isPartOf\":{\"@id\":\"https:\\\/\\\/www.lammi.fi\\\/harkko\\\/#website\"},\"datePublished\":\"2018-07-04T08:48:57+00:00\",\"dateModified\":\"2023-05-23T13:19:58+00:00\",\"breadcrumb\":{\"@id\":\"https:\\\/\\\/www.lammi.fi\\\/harkko\\\/lammi-harkko\\\/tietoa-harkoista\\\/muurattava-kevytsoraharkko\\\/#breadcrumb\"},\"inLanguage\":\"fi\",\"potentialAction\":[{\"@type\":\"ReadAction\",\"target\":[\"https:\\\/\\\/www.lammi.fi\\\/harkko\\\/lammi-harkko\\\/tietoa-harkoista\\\/muurattava-kevytsoraharkko\\\/\"]}]},{\"@type\":\"BreadcrumbList\",\"@id\":\"https:\\\/\\\/www.lammi.fi\\\/harkko\\\/lammi-harkko\\\/tietoa-harkoista\\\/muurattava-kevytsoraharkko\\\/#breadcrumb\",\"itemListElement\":[{\"@type\":\"ListItem\",\"position\":1,\"name\":\"Lammi.fi\",\"item\":\"https:\\\/\\\/www.lammi.fi\"},{\"@type\":\"ListItem\",\"position\":2,\"name\":\"Lammi Harkko\",\"item\":\"https:\\\/\\\/www.lammi.fi\\\/harkko\\\/\"},{\"@type\":\"ListItem\",\"position\":3,\"name\":\"Lammi Harkko\",\"item\":\"https:\\\/\\\/www.lammi.fi\\\/harkko\\\/lammi-harkko\\\/\"},{\"@type\":\"ListItem\",\"position\":4,\"name\":\"Tietoa harkoista\",\"item\":\"https:\\\/\\\/www.lammi.fi\\\/harkko\\\/lammi-harkko\\\/tietoa-harkoista\\\/\"},{\"@type\":\"ListItem\",\"position\":5,\"name\":\"Muurattava kevytsoraharkko\"}]},{\"@type\":\"WebSite\",\"@id\":\"https:\\\/\\\/www.lammi.fi\\\/harkko\\\/#website\",\"url\":\"https:\\\/\\\/www.lammi.fi\\\/harkko\\\/\",\"name\":\"Lammi Harkko\",\"description\":\"\",\"publisher\":{\"@id\":\"https:\\\/\\\/www.lammi.fi\\\/harkko\\\/#organization\"},\"potentialAction\":[{\"@type\":\"SearchAction\",\"target\":{\"@type\":\"EntryPoint\",\"urlTemplate\":\"https:\\\/\\\/www.lammi.fi\\\/harkko\\\/?s={search_term_string}\"},\"query-input\":{\"@type\":\"PropertyValueSpecification\",\"valueRequired\":true,\"valueName\":\"search_term_string\"}}],\"inLanguage\":\"fi\"},{\"@type\":\"Organization\",\"@id\":\"https:\\\/\\\/www.lammi.fi\\\/harkko\\\/#organization\",\"name\":\"Lammi Harkko\",\"url\":\"https:\\\/\\\/www.lammi.fi\\\/harkko\\\/\",\"logo\":{\"@type\":\"ImageObject\",\"inLanguage\":\"fi\",\"@id\":\"https:\\\/\\\/www.lammi.fi\\\/harkko\\\/#\\\/schema\\\/logo\\\/image\\\/\",\"url\":\"https:\\\/\\\/www.lammi.fi\\\/harkko\\\/wp-content\\\/uploads\\\/sites\\\/3\\\/2018\\\/06\\\/cropped-lammi_logo.png\",\"contentUrl\":\"https:\\\/\\\/www.lammi.fi\\\/harkko\\\/wp-content\\\/uploads\\\/sites\\\/3\\\/2018\\\/06\\\/cropped-lammi_logo.png\",\"width\":240,\"height\":122,\"caption\":\"Lammi Harkko\"},\"image\":{\"@id\":\"https:\\\/\\\/www.lammi.fi\\\/harkko\\\/#\\\/schema\\\/logo\\\/image\\\/\"}}]}<\/script>\n<!-- \/ Yoast SEO plugin. -->","yoast_head_json":{"title":"Lammi Harkko - Muurattava kevytsoraharkko","canonical":"https:\/\/www.lammi.fi\/harkko\/lammi-harkko\/tietoa-harkoista\/muurattava-kevytsoraharkko\/","og_locale":"fi_FI","og_type":"article","og_title":"Lammi Harkko - Muurattava kevytsoraharkko","og_description":"Valuharkon edut kevytsoraharkkoon verrattuna Lecaharkko soveltuu kohteisiin, miss\u00e4 rakenteisiin kohdistuvat kuormat eiv\u00e4t ole isoja. Esimerkiksi maanpaineseiniss\u00e4\u00a0joudutaan k\u00e4ytt\u00e4m\u00e4\u00e4n umpinaisia, erist\u00e4m\u00e4tt\u00f6mi\u00e4 harkkoja, mik\u00e4 heikent\u00e4\u00e4 loppurakenteen erist\u00e4vyytt\u00e4 ja lis\u00e4\u00e4 kylm\u00e4siltoja. Rakenteeltaan kest\u00e4v\u00e4mpi Valettavia eristeharkkoja k\u00e4ytett\u00e4ess\u00e4 voidaan maanpainesein\u00e4t toteuttaa pystyraudoituksen ja betonivalun ansiosta anturasta v\u00e4lipohjaan asti samoilla eristeharkoilla. T\u00e4st\u00e4 huolimatta rakenteen kest\u00e4vyys on valettavilla eristeharkoilla huomattavasti muurattavia umpiharkkoja parempi. &hellip; Lue lis\u00e4\u00e4 \"Muurattava kevytsoraharkko\"","og_url":"https:\/\/www.lammi.fi\/harkko\/lammi-harkko\/tietoa-harkoista\/muurattava-kevytsoraharkko\/","og_site_name":"Lammi Harkko","article_modified_time":"2023-05-23T13:19:58+00:00","twitter_card":"summary_large_image","twitter_misc":{"Arvioitu lukuaika":"1 minuutti"},"schema":{"@context":"https:\/\/schema.org","@graph":[{"@type":"WebPage","@id":"https:\/\/www.lammi.fi\/harkko\/lammi-harkko\/tietoa-harkoista\/muurattava-kevytsoraharkko\/","url":"https:\/\/www.lammi.fi\/harkko\/lammi-harkko\/tietoa-harkoista\/muurattava-kevytsoraharkko\/","name":"Lammi Harkko - Muurattava kevytsoraharkko","isPartOf":{"@id":"https:\/\/www.lammi.fi\/harkko\/#website"},"datePublished":"2018-07-04T08:48:57+00:00","dateModified":"2023-05-23T13:19:58+00:00","breadcrumb":{"@id":"https:\/\/www.lammi.fi\/harkko\/lammi-harkko\/tietoa-harkoista\/muurattava-kevytsoraharkko\/#breadcrumb"},"inLanguage":"fi","potentialAction":[{"@type":"ReadAction","target":["https:\/\/www.lammi.fi\/harkko\/lammi-harkko\/tietoa-harkoista\/muurattava-kevytsoraharkko\/"]}]},{"@type":"BreadcrumbList","@id":"https:\/\/www.lammi.fi\/harkko\/lammi-harkko\/tietoa-harkoista\/muurattava-kevytsoraharkko\/#breadcrumb","itemListElement":[{"@type":"ListItem","position":1,"name":"Lammi.fi","item":"https:\/\/www.lammi.fi"},{"@type":"ListItem","position":2,"name":"Lammi Harkko","item":"https:\/\/www.lammi.fi\/harkko\/"},{"@type":"ListItem","position":3,"name":"Lammi Harkko","item":"https:\/\/www.lammi.fi\/harkko\/lammi-harkko\/"},{"@type":"ListItem","position":4,"name":"Tietoa harkoista","item":"https:\/\/www.lammi.fi\/harkko\/lammi-harkko\/tietoa-harkoista\/"},{"@type":"ListItem","position":5,"name":"Muurattava kevytsoraharkko"}]},{"@type":"WebSite","@id":"https:\/\/www.lammi.fi\/harkko\/#website","url":"https:\/\/www.lammi.fi\/harkko\/","name":"Lammi Harkko","description":"","publisher":{"@id":"https:\/\/www.lammi.fi\/harkko\/#organization"},"potentialAction":[{"@type":"SearchAction","target":{"@type":"EntryPoint","urlTemplate":"https:\/\/www.lammi.fi\/harkko\/?s={search_term_string}"},"query-input":{"@type":"PropertyValueSpecification","valueRequired":true,"valueName":"search_term_string"}}],"inLanguage":"fi"},{"@type":"Organization","@id":"https:\/\/www.lammi.fi\/harkko\/#organization","name":"Lammi Harkko","url":"https:\/\/www.lammi.fi\/harkko\/","logo":{"@type":"ImageObject","inLanguage":"fi","@id":"https:\/\/www.lammi.fi\/harkko\/#\/schema\/logo\/image\/","url":"https:\/\/www.lammi.fi\/harkko\/wp-content\/uploads\/sites\/3\/2018\/06\/cropped-lammi_logo.png","contentUrl":"https:\/\/www.lammi.fi\/harkko\/wp-content\/uploads\/sites\/3\/2018\/06\/cropped-lammi_logo.png","width":240,"height":122,"caption":"Lammi Harkko"},"image":{"@id":"https:\/\/www.lammi.fi\/harkko\/#\/schema\/logo\/image\/"}}]}},"_links":{"self":[{"href":"https:\/\/www.lammi.fi\/harkko\/wp-json\/wp\/v2\/pages\/270","targetHints":{"allow":["GET"]}}],"collection":[{"href":"https:\/\/www.lammi.fi\/harkko\/wp-json\/wp\/v2\/pages"}],"about":[{"href":"https:\/\/www.lammi.fi\/harkko\/wp-json\/wp\/v2\/types\/page"}],"author":[{"embeddable":true,"href":"https:\/\/www.lammi.fi\/harkko\/wp-json\/wp\/v2\/users\/1"}],"replies":[{"embeddable":true,"href":"https:\/\/www.lammi.fi\/harkko\/wp-json\/wp\/v2\/comments?post=270"}],"version-history":[{"count":14,"href":"https:\/\/www.lammi.fi\/harkko\/wp-json\/wp\/v2\/pages\/270\/revisions"}],"predecessor-version":[{"id":3455,"href":"https:\/\/www.lammi.fi\/harkko\/wp-json\/wp\/v2\/pages\/270\/revisions\/3455"}],"up":[{"embeddable":true,"href":"https:\/\/www.lammi.fi\/harkko\/wp-json\/wp\/v2\/pages\/17"}],"wp:attachment":[{"href":"https:\/\/www.lammi.fi\/harkko\/wp-json\/wp\/v2\/media?parent=270"}],"curies":[{"name":"wp","href":"https:\/\/api.w.org\/{rel}","templated":true}]}}