{"id":268,"date":"2018-07-04T08:48:23","date_gmt":"2018-07-04T08:48:23","guid":{"rendered":"https:\/\/www.lammi.fi\/harkko\/?page_id=268"},"modified":"2021-06-10T10:24:07","modified_gmt":"2021-06-10T10:24:07","slug":"valettava-harkko","status":"publish","type":"page","link":"https:\/\/www.lammi.fi\/harkko\/lammi-harkko\/tietoa-harkoista\/valettava-harkko\/","title":{"rendered":"Valettava harkko"},"content":{"rendered":"<h1>Valuharkko on nopea ja luja rakennusmateriaali<\/h1>\n<h3><img decoding=\"async\" class=\"alignnone size-large wp-image-836\" src=\"https:\/\/www.lammi.fi\/harkko\/wp-content\/uploads\/sites\/3\/2018\/09\/harkko_alasivu_tietoa_valettava_harkko-1024x562.jpg\" alt=\"\" width=\"840\" height=\"461\" srcset=\"https:\/\/www.lammi.fi\/harkko\/wp-content\/uploads\/sites\/3\/2018\/09\/harkko_alasivu_tietoa_valettava_harkko-1024x562.jpg 1024w, https:\/\/www.lammi.fi\/harkko\/wp-content\/uploads\/sites\/3\/2018\/09\/harkko_alasivu_tietoa_valettava_harkko-300x165.jpg 300w, https:\/\/www.lammi.fi\/harkko\/wp-content\/uploads\/sites\/3\/2018\/09\/harkko_alasivu_tietoa_valettava_harkko-768x421.jpg 768w, https:\/\/www.lammi.fi\/harkko\/wp-content\/uploads\/sites\/3\/2018\/09\/harkko_alasivu_tietoa_valettava_harkko-1200x659.jpg 1200w, https:\/\/www.lammi.fi\/harkko\/wp-content\/uploads\/sites\/3\/2018\/09\/harkko_alasivu_tietoa_valettava_harkko-600x329.jpg 600w, https:\/\/www.lammi.fi\/harkko\/wp-content\/uploads\/sites\/3\/2018\/09\/harkko_alasivu_tietoa_valettava_harkko.jpg 1600w\" sizes=\"(max-width: 709px) 85vw, (max-width: 909px) 67vw, (max-width: 1362px) 62vw, 840px\" \/><\/h3>\n<h3>Nopeus<\/h3>\n<p>Valuharkoilla on nopea rakentaa, koska harkkoja ei muurata, vaan ne ainoastaan ladotaan. Usein s\u00e4hk\u00f6- ja putkitekniikan asentaminen valuharkkoihin miellet\u00e4\u00e4n ylim\u00e4\u00e4r\u00e4isen\u00e4 ja hitaana ty\u00f6vaiheena. Muurattavissa umpiharkoissa tekniikan asentaminen tehd\u00e4\u00e4n kuitenkin vasta j\u00e4lkik\u00e4teen urittamalla valmiit rakenteet kulmahiomakoneella ja urat\/roilot joudutaan tekniikan asentamisen j\u00e4lkeen peitt\u00e4m\u00e4\u00e4n. Muottiharkoissa taas tekniikka asennetaan harkkoihin ennen valua harkkojen valuonteloihin. Kun valuontelot valetaan t\u00e4yteen, saadaan kerralla valmis rakenne, jota ei tarvitse j\u00e4lkik\u00e4teen urittaa.<\/p>\n<h3>Lujuus ja mitoituskest\u00e4vyys<\/h3>\n<p>Rakennustavan lis\u00e4ksi suurimman rakenteellisen eron muodostaa valuharkoissa olevat pystysuuntaiset valuontelot. N\u00e4m\u00e4 valuontelot mahdollistavat betoniter\u00e4sten k\u00e4yt\u00f6n my\u00f6s pystysuunnassa, jolloin valmis rakenne on sek\u00e4 vaaka- ett\u00e4 pystysuuntaan raudoitettu.<\/p>\n<p>Pystysuuntaisen raudoituksen sek\u00e4 harkkojen paremman tiheyden ja puristuskest\u00e4vyyden ansiosta rakenteesta saadaan huomattavasti kest\u00e4v\u00e4mpi muurattuihin rakenteisiin verrattuna. T\u00e4st\u00e4 syyst\u00e4 valuharkot ovat kasvattaneet suosiotaan kaikissa rakenteissa, erityisesti niiss\u00e4, miss\u00e4 kuormitusta kohdistuu enemm\u00e4n. Esimerkiksi kellarikerrosten maanpainesein\u00e4t, maanpainetukimuurit, korkeiden tilojen sein\u00e4t joihin kohdistuu katto- tai v\u00e4lipohjakuormien lis\u00e4ksi tuulikuormat, pitki\u00e4 j\u00e4nnev\u00e4lej\u00e4 aiheuttavat palkit (leve\u00e4t ikkunat, autotallien\/-hallien oviaukot) sek\u00e4 kapeat pilarimaiset rakenteet.<\/p>\n<h3>Pinnoitettavuus<\/h3>\n<p>Hyv\u00e4n ominaistiheyden omaavia muottiharkkorakenteita ei my\u00f6sk\u00e4\u00e4n tarvitse erikseen slammata, vaan pinta on valmis pinnoitettavaksi. Maanalaisissa rakenteissa k\u00e4ytet\u00e4\u00e4n kosteuseristeen\u00e4 joko bitumihuopaa tai patolevy\u00e4. N\u00e4kyviin j\u00e4\u00e4v\u00e4t rakenteet voidaan pinnoittaa k\u00e4yt\u00e4nn\u00f6ss\u00e4 mill\u00e4 tahansa pinnoitteella.<\/p>\n","protected":false},"excerpt":{"rendered":"<p>Valuharkko on nopea ja luja rakennusmateriaali Nopeus Valuharkoilla on nopea rakentaa, koska harkkoja ei muurata, vaan ne ainoastaan ladotaan. Usein s\u00e4hk\u00f6- ja putkitekniikan asentaminen valuharkkoihin miellet\u00e4\u00e4n ylim\u00e4\u00e4r\u00e4isen\u00e4 ja hitaana ty\u00f6vaiheena. Muurattavissa umpiharkoissa tekniikan asentaminen tehd\u00e4\u00e4n kuitenkin vasta j\u00e4lkik\u00e4teen urittamalla valmiit rakenteet kulmahiomakoneella ja urat\/roilot joudutaan tekniikan asentamisen j\u00e4lkeen peitt\u00e4m\u00e4\u00e4n. Muottiharkoissa taas tekniikka asennetaan harkkoihin ennen &hellip; <a href=\"https:\/\/www.lammi.fi\/harkko\/lammi-harkko\/tietoa-harkoista\/valettava-harkko\/\" class=\"more-link\">Lue lis\u00e4\u00e4<span class=\"screen-reader-text\"> &#8221;Valettava harkko&#8221;<\/span><\/a><\/p>\n","protected":false},"author":1,"featured_media":0,"parent":17,"menu_order":0,"comment_status":"closed","ping_status":"closed","template":"","meta":{"_acf_changed":false,"_improvement_type_select":"improve_an_existing","_thumb_yes_seoaic":false,"_frame_yes_seoaic":false,"seoaic_generate_description":"","seoaic_improve_instructions_prompt":"","seoaic_rollback_content_improvement":"","seoaic_idea_thumbnail_generator":"","thumbnail_generated":false,"thumbnail_generate_prompt":"","seoaic_article_description":"","_glsr_average":0,"_glsr_ranking":0,"_glsr_reviews":0,"footnotes":""},"class_list":["post-268","page","type-page","status-publish","hentry"],"acf":[],"yoast_head":"<!-- This site is optimized with the Yoast SEO plugin v27.4 - https:\/\/yoast.com\/product\/yoast-seo-wordpress\/ -->\n<title>Lammi Valuharkot - Nopea ja luja rakennusmateriaali<\/title>\n<meta name=\"description\" content=\"Laadukkaat valuharkot Suomen johtavalta harkkorakentamisen asiantuntijalta. Nopeaa, kest\u00e4v\u00e4\u00e4, heti pinnoitettavissa \u2013 lue lis\u00e4\u00e4 valuharkoilla rakentamisesta.\" \/>\n<link rel=\"canonical\" href=\"https:\/\/www.lammi.fi\/harkko\/lammi-harkko\/tietoa-harkoista\/valettava-harkko\/\" \/>\n<meta property=\"og:locale\" content=\"fi_FI\" \/>\n<meta property=\"og:type\" content=\"article\" \/>\n<meta property=\"og:title\" content=\"Lammi Valuharkot - Nopea ja luja rakennusmateriaali\" \/>\n<meta property=\"og:description\" content=\"Laadukkaat valuharkot Suomen johtavalta harkkorakentamisen asiantuntijalta. Nopeaa, kest\u00e4v\u00e4\u00e4, heti pinnoitettavissa \u2013 lue lis\u00e4\u00e4 valuharkoilla rakentamisesta.\" \/>\n<meta property=\"og:url\" content=\"https:\/\/www.lammi.fi\/harkko\/lammi-harkko\/tietoa-harkoista\/valettava-harkko\/\" \/>\n<meta property=\"og:site_name\" content=\"Lammi Harkko\" \/>\n<meta property=\"article:modified_time\" content=\"2021-06-10T10:24:07+00:00\" \/>\n<meta property=\"og:image\" content=\"https:\/\/www.lammi.fi\/harkko\/wp-content\/uploads\/sites\/3\/2018\/09\/harkko_alasivu_tietoa_valettava_harkko-1024x562.jpg\" \/>\n<meta name=\"twitter:card\" content=\"summary_large_image\" \/>\n<meta name=\"twitter:label1\" content=\"Arvioitu lukuaika\" \/>\n\t<meta name=\"twitter:data1\" content=\"1 minuutti\" \/>\n<script type=\"application\/ld+json\" class=\"yoast-schema-graph\">{\"@context\":\"https:\\\/\\\/schema.org\",\"@graph\":[{\"@type\":\"WebPage\",\"@id\":\"https:\\\/\\\/www.lammi.fi\\\/harkko\\\/lammi-harkko\\\/tietoa-harkoista\\\/valettava-harkko\\\/\",\"url\":\"https:\\\/\\\/www.lammi.fi\\\/harkko\\\/lammi-harkko\\\/tietoa-harkoista\\\/valettava-harkko\\\/\",\"name\":\"Lammi Valuharkot - Nopea ja luja rakennusmateriaali\",\"isPartOf\":{\"@id\":\"https:\\\/\\\/www.lammi.fi\\\/harkko\\\/#website\"},\"primaryImageOfPage\":{\"@id\":\"https:\\\/\\\/www.lammi.fi\\\/harkko\\\/lammi-harkko\\\/tietoa-harkoista\\\/valettava-harkko\\\/#primaryimage\"},\"image\":{\"@id\":\"https:\\\/\\\/www.lammi.fi\\\/harkko\\\/lammi-harkko\\\/tietoa-harkoista\\\/valettava-harkko\\\/#primaryimage\"},\"thumbnailUrl\":\"https:\\\/\\\/www.lammi.fi\\\/harkko\\\/wp-content\\\/uploads\\\/sites\\\/3\\\/2018\\\/09\\\/harkko_alasivu_tietoa_valettava_harkko-1024x562.jpg\",\"datePublished\":\"2018-07-04T08:48:23+00:00\",\"dateModified\":\"2021-06-10T10:24:07+00:00\",\"description\":\"Laadukkaat valuharkot Suomen johtavalta harkkorakentamisen asiantuntijalta. Nopeaa, kest\u00e4v\u00e4\u00e4, heti pinnoitettavissa \u2013 lue lis\u00e4\u00e4 valuharkoilla rakentamisesta.\",\"breadcrumb\":{\"@id\":\"https:\\\/\\\/www.lammi.fi\\\/harkko\\\/lammi-harkko\\\/tietoa-harkoista\\\/valettava-harkko\\\/#breadcrumb\"},\"inLanguage\":\"fi\",\"potentialAction\":[{\"@type\":\"ReadAction\",\"target\":[\"https:\\\/\\\/www.lammi.fi\\\/harkko\\\/lammi-harkko\\\/tietoa-harkoista\\\/valettava-harkko\\\/\"]}]},{\"@type\":\"ImageObject\",\"inLanguage\":\"fi\",\"@id\":\"https:\\\/\\\/www.lammi.fi\\\/harkko\\\/lammi-harkko\\\/tietoa-harkoista\\\/valettava-harkko\\\/#primaryimage\",\"url\":\"https:\\\/\\\/www.lammi.fi\\\/harkko\\\/wp-content\\\/uploads\\\/sites\\\/3\\\/2018\\\/09\\\/harkko_alasivu_tietoa_valettava_harkko.jpg\",\"contentUrl\":\"https:\\\/\\\/www.lammi.fi\\\/harkko\\\/wp-content\\\/uploads\\\/sites\\\/3\\\/2018\\\/09\\\/harkko_alasivu_tietoa_valettava_harkko.jpg\",\"width\":1600,\"height\":878},{\"@type\":\"BreadcrumbList\",\"@id\":\"https:\\\/\\\/www.lammi.fi\\\/harkko\\\/lammi-harkko\\\/tietoa-harkoista\\\/valettava-harkko\\\/#breadcrumb\",\"itemListElement\":[{\"@type\":\"ListItem\",\"position\":1,\"name\":\"Lammi.fi\",\"item\":\"https:\\\/\\\/www.lammi.fi\"},{\"@type\":\"ListItem\",\"position\":2,\"name\":\"Lammi Harkko\",\"item\":\"https:\\\/\\\/www.lammi.fi\\\/harkko\\\/\"},{\"@type\":\"ListItem\",\"position\":3,\"name\":\"Lammi Harkko\",\"item\":\"https:\\\/\\\/www.lammi.fi\\\/harkko\\\/lammi-harkko\\\/\"},{\"@type\":\"ListItem\",\"position\":4,\"name\":\"Tietoa harkoista\",\"item\":\"https:\\\/\\\/www.lammi.fi\\\/harkko\\\/lammi-harkko\\\/tietoa-harkoista\\\/\"},{\"@type\":\"ListItem\",\"position\":5,\"name\":\"Valettava harkko\"}]},{\"@type\":\"WebSite\",\"@id\":\"https:\\\/\\\/www.lammi.fi\\\/harkko\\\/#website\",\"url\":\"https:\\\/\\\/www.lammi.fi\\\/harkko\\\/\",\"name\":\"Lammi Harkko\",\"description\":\"\",\"publisher\":{\"@id\":\"https:\\\/\\\/www.lammi.fi\\\/harkko\\\/#organization\"},\"potentialAction\":[{\"@type\":\"SearchAction\",\"target\":{\"@type\":\"EntryPoint\",\"urlTemplate\":\"https:\\\/\\\/www.lammi.fi\\\/harkko\\\/?s={search_term_string}\"},\"query-input\":{\"@type\":\"PropertyValueSpecification\",\"valueRequired\":true,\"valueName\":\"search_term_string\"}}],\"inLanguage\":\"fi\"},{\"@type\":\"Organization\",\"@id\":\"https:\\\/\\\/www.lammi.fi\\\/harkko\\\/#organization\",\"name\":\"Lammi Harkko\",\"url\":\"https:\\\/\\\/www.lammi.fi\\\/harkko\\\/\",\"logo\":{\"@type\":\"ImageObject\",\"inLanguage\":\"fi\",\"@id\":\"https:\\\/\\\/www.lammi.fi\\\/harkko\\\/#\\\/schema\\\/logo\\\/image\\\/\",\"url\":\"https:\\\/\\\/www.lammi.fi\\\/harkko\\\/wp-content\\\/uploads\\\/sites\\\/3\\\/2018\\\/06\\\/cropped-lammi_logo.png\",\"contentUrl\":\"https:\\\/\\\/www.lammi.fi\\\/harkko\\\/wp-content\\\/uploads\\\/sites\\\/3\\\/2018\\\/06\\\/cropped-lammi_logo.png\",\"width\":240,\"height\":122,\"caption\":\"Lammi Harkko\"},\"image\":{\"@id\":\"https:\\\/\\\/www.lammi.fi\\\/harkko\\\/#\\\/schema\\\/logo\\\/image\\\/\"}}]}<\/script>\n<!-- \/ Yoast SEO plugin. -->","yoast_head_json":{"title":"Lammi Valuharkot - Nopea ja luja rakennusmateriaali","description":"Laadukkaat valuharkot Suomen johtavalta harkkorakentamisen asiantuntijalta. Nopeaa, kest\u00e4v\u00e4\u00e4, heti pinnoitettavissa \u2013 lue lis\u00e4\u00e4 valuharkoilla rakentamisesta.","canonical":"https:\/\/www.lammi.fi\/harkko\/lammi-harkko\/tietoa-harkoista\/valettava-harkko\/","og_locale":"fi_FI","og_type":"article","og_title":"Lammi Valuharkot - Nopea ja luja rakennusmateriaali","og_description":"Laadukkaat valuharkot Suomen johtavalta harkkorakentamisen asiantuntijalta. Nopeaa, kest\u00e4v\u00e4\u00e4, heti pinnoitettavissa \u2013 lue lis\u00e4\u00e4 valuharkoilla rakentamisesta.","og_url":"https:\/\/www.lammi.fi\/harkko\/lammi-harkko\/tietoa-harkoista\/valettava-harkko\/","og_site_name":"Lammi Harkko","article_modified_time":"2021-06-10T10:24:07+00:00","og_image":[{"url":"https:\/\/www.lammi.fi\/harkko\/wp-content\/uploads\/sites\/3\/2018\/09\/harkko_alasivu_tietoa_valettava_harkko-1024x562.jpg","type":"","width":"","height":""}],"twitter_card":"summary_large_image","twitter_misc":{"Arvioitu lukuaika":"1 minuutti"},"schema":{"@context":"https:\/\/schema.org","@graph":[{"@type":"WebPage","@id":"https:\/\/www.lammi.fi\/harkko\/lammi-harkko\/tietoa-harkoista\/valettava-harkko\/","url":"https:\/\/www.lammi.fi\/harkko\/lammi-harkko\/tietoa-harkoista\/valettava-harkko\/","name":"Lammi Valuharkot - Nopea ja luja rakennusmateriaali","isPartOf":{"@id":"https:\/\/www.lammi.fi\/harkko\/#website"},"primaryImageOfPage":{"@id":"https:\/\/www.lammi.fi\/harkko\/lammi-harkko\/tietoa-harkoista\/valettava-harkko\/#primaryimage"},"image":{"@id":"https:\/\/www.lammi.fi\/harkko\/lammi-harkko\/tietoa-harkoista\/valettava-harkko\/#primaryimage"},"thumbnailUrl":"https:\/\/www.lammi.fi\/harkko\/wp-content\/uploads\/sites\/3\/2018\/09\/harkko_alasivu_tietoa_valettava_harkko-1024x562.jpg","datePublished":"2018-07-04T08:48:23+00:00","dateModified":"2021-06-10T10:24:07+00:00","description":"Laadukkaat valuharkot Suomen johtavalta harkkorakentamisen asiantuntijalta. Nopeaa, kest\u00e4v\u00e4\u00e4, heti pinnoitettavissa \u2013 lue lis\u00e4\u00e4 valuharkoilla rakentamisesta.","breadcrumb":{"@id":"https:\/\/www.lammi.fi\/harkko\/lammi-harkko\/tietoa-harkoista\/valettava-harkko\/#breadcrumb"},"inLanguage":"fi","potentialAction":[{"@type":"ReadAction","target":["https:\/\/www.lammi.fi\/harkko\/lammi-harkko\/tietoa-harkoista\/valettava-harkko\/"]}]},{"@type":"ImageObject","inLanguage":"fi","@id":"https:\/\/www.lammi.fi\/harkko\/lammi-harkko\/tietoa-harkoista\/valettava-harkko\/#primaryimage","url":"https:\/\/www.lammi.fi\/harkko\/wp-content\/uploads\/sites\/3\/2018\/09\/harkko_alasivu_tietoa_valettava_harkko.jpg","contentUrl":"https:\/\/www.lammi.fi\/harkko\/wp-content\/uploads\/sites\/3\/2018\/09\/harkko_alasivu_tietoa_valettava_harkko.jpg","width":1600,"height":878},{"@type":"BreadcrumbList","@id":"https:\/\/www.lammi.fi\/harkko\/lammi-harkko\/tietoa-harkoista\/valettava-harkko\/#breadcrumb","itemListElement":[{"@type":"ListItem","position":1,"name":"Lammi.fi","item":"https:\/\/www.lammi.fi"},{"@type":"ListItem","position":2,"name":"Lammi Harkko","item":"https:\/\/www.lammi.fi\/harkko\/"},{"@type":"ListItem","position":3,"name":"Lammi Harkko","item":"https:\/\/www.lammi.fi\/harkko\/lammi-harkko\/"},{"@type":"ListItem","position":4,"name":"Tietoa harkoista","item":"https:\/\/www.lammi.fi\/harkko\/lammi-harkko\/tietoa-harkoista\/"},{"@type":"ListItem","position":5,"name":"Valettava harkko"}]},{"@type":"WebSite","@id":"https:\/\/www.lammi.fi\/harkko\/#website","url":"https:\/\/www.lammi.fi\/harkko\/","name":"Lammi Harkko","description":"","publisher":{"@id":"https:\/\/www.lammi.fi\/harkko\/#organization"},"potentialAction":[{"@type":"SearchAction","target":{"@type":"EntryPoint","urlTemplate":"https:\/\/www.lammi.fi\/harkko\/?s={search_term_string}"},"query-input":{"@type":"PropertyValueSpecification","valueRequired":true,"valueName":"search_term_string"}}],"inLanguage":"fi"},{"@type":"Organization","@id":"https:\/\/www.lammi.fi\/harkko\/#organization","name":"Lammi Harkko","url":"https:\/\/www.lammi.fi\/harkko\/","logo":{"@type":"ImageObject","inLanguage":"fi","@id":"https:\/\/www.lammi.fi\/harkko\/#\/schema\/logo\/image\/","url":"https:\/\/www.lammi.fi\/harkko\/wp-content\/uploads\/sites\/3\/2018\/06\/cropped-lammi_logo.png","contentUrl":"https:\/\/www.lammi.fi\/harkko\/wp-content\/uploads\/sites\/3\/2018\/06\/cropped-lammi_logo.png","width":240,"height":122,"caption":"Lammi Harkko"},"image":{"@id":"https:\/\/www.lammi.fi\/harkko\/#\/schema\/logo\/image\/"}}]}},"_links":{"self":[{"href":"https:\/\/www.lammi.fi\/harkko\/wp-json\/wp\/v2\/pages\/268","targetHints":{"allow":["GET"]}}],"collection":[{"href":"https:\/\/www.lammi.fi\/harkko\/wp-json\/wp\/v2\/pages"}],"about":[{"href":"https:\/\/www.lammi.fi\/harkko\/wp-json\/wp\/v2\/types\/page"}],"author":[{"embeddable":true,"href":"https:\/\/www.lammi.fi\/harkko\/wp-json\/wp\/v2\/users\/1"}],"replies":[{"embeddable":true,"href":"https:\/\/www.lammi.fi\/harkko\/wp-json\/wp\/v2\/comments?post=268"}],"version-history":[{"count":8,"href":"https:\/\/www.lammi.fi\/harkko\/wp-json\/wp\/v2\/pages\/268\/revisions"}],"predecessor-version":[{"id":2631,"href":"https:\/\/www.lammi.fi\/harkko\/wp-json\/wp\/v2\/pages\/268\/revisions\/2631"}],"up":[{"embeddable":true,"href":"https:\/\/www.lammi.fi\/harkko\/wp-json\/wp\/v2\/pages\/17"}],"wp:attachment":[{"href":"https:\/\/www.lammi.fi\/harkko\/wp-json\/wp\/v2\/media?parent=268"}],"curies":[{"name":"wp","href":"https:\/\/api.w.org\/{rel}","templated":true}]}}