{"id":264,"date":"2018-07-04T08:46:28","date_gmt":"2018-07-04T08:46:28","guid":{"rendered":"https:\/\/www.lammi.fi\/harkko\/?page_id=264"},"modified":"2025-10-24T13:04:19","modified_gmt":"2025-10-24T10:04:19","slug":"rakennedetaljit","status":"publish","type":"page","link":"https:\/\/www.lammi.fi\/harkko\/ohjeet-ja-dokumentit\/rakennedetaljit\/","title":{"rendered":"Rakennedetaljit"},"content":{"rendered":"<h1>Rakennedetaljit ProdLib-palvelusta<\/h1>\n<p><img decoding=\"async\" class=\"alignnone size-large wp-image-930\" src=\"https:\/\/www.lammi.fi\/harkko\/wp-content\/uploads\/sites\/3\/2018\/10\/prodlib_kuvitus03-002-1024x576.jpg\" alt=\"\" width=\"840\" height=\"473\" srcset=\"https:\/\/www.lammi.fi\/harkko\/wp-content\/uploads\/sites\/3\/2018\/10\/prodlib_kuvitus03-002-1024x576.jpg 1024w, https:\/\/www.lammi.fi\/harkko\/wp-content\/uploads\/sites\/3\/2018\/10\/prodlib_kuvitus03-002-300x169.jpg 300w, https:\/\/www.lammi.fi\/harkko\/wp-content\/uploads\/sites\/3\/2018\/10\/prodlib_kuvitus03-002-768x432.jpg 768w, https:\/\/www.lammi.fi\/harkko\/wp-content\/uploads\/sites\/3\/2018\/10\/prodlib_kuvitus03-002-1200x675.jpg 1200w, https:\/\/www.lammi.fi\/harkko\/wp-content\/uploads\/sites\/3\/2018\/10\/prodlib_kuvitus03-002-280x157.jpg 280w, https:\/\/www.lammi.fi\/harkko\/wp-content\/uploads\/sites\/3\/2018\/10\/prodlib_kuvitus03-002-560x314.jpg 560w, https:\/\/www.lammi.fi\/harkko\/wp-content\/uploads\/sites\/3\/2018\/10\/prodlib_kuvitus03-002-600x338.jpg 600w, https:\/\/www.lammi.fi\/harkko\/wp-content\/uploads\/sites\/3\/2018\/10\/prodlib_kuvitus03-002.jpg 1920w\" sizes=\"(max-width: 709px) 85vw, (max-width: 909px) 67vw, (max-width: 1362px) 62vw, 840px\" \/><\/p>\n<p>Lammin betonikivien rakennedetaljit l\u00f6ytyv\u00e4t ProdLib-palvelusta, josta suunnittelijat voivat ladata koko tuotevalikoimamme AutoCAD-ohjelmaan. Lammin tuotekirjastoon sis\u00e4ltyy DWG ja PDF -tiedostojen lis\u00e4ksi tarkat tuotetiedot.<\/p>\n<p>ProdLib on arkkitehdeille ja rakennesuunnittelijoille luotu maksuton tuotekirjasto, jonka avulla k\u00e4ytt\u00e4j\u00e4 voi organisoida suunnitteluprojektinsa ja pysy\u00e4 ajan tasalla tuotteista.\u00a0 ProdLib-kirjastoa voi k\u00e4ytt\u00e4\u00e4 erillisen\u00e4 ohjelmana tai integroituna suunnitteluohjelmistoon.<\/p>\n<p>ProdLibin tuotekirjastot kokoavat kattavasti kaikki tarpeelliset suunnitteluaineistot samaan ty\u00f6kaluun. Organisoidut tuotekirjastot takaavat, ett\u00e4 suunnittelijana voit keskitty\u00e4 parhaan ratkaisun suunnitteluun, etsimiseen ja muodostamiseen. Tuotteet ovat selattavissa ja muokattavissa omiin suunnitelmiisi sopiviksi. Tiedostot ovat luotettavia, korkealaatuisia ja saatavilla eri tiedostomuodoissa. Kirjastot p\u00e4ivittyv\u00e4t s\u00e4\u00e4nn\u00f6llisesti, joten k\u00e4ytt\u00e4j\u00e4n\u00e4 voit olla varma siit\u00e4, ett\u00e4 tuotetiedot ovat jatkuvasti ajan tasalla.<\/p>\n<h2>N\u00e4in otat ProdLib-palvelun k\u00e4ytt\u00f6\u00f6si:<\/h2>\n<ol>\n<li><a href=\"https:\/\/www.prodlib.com\/lammin-betoni?lang=fi\" target=\"_blank\" rel=\"noopener\">Lataa Lammin tuotekirjasto<\/a><\/li>\n<li>Selaa tuotekirjastoa ja lis\u00e4\u00e4 tuotteita projektiisi\n<ol>\n<li>Muokkaa tuotteiden ominaisuuksia suunnitelmiisi sopiviksi<\/li>\n<li>Lis\u00e4\u00e4 sinulle sopivat tuotteet suoraan projektiisi<\/li>\n<li>Voit k\u00e4ytt\u00e4\u00e4 ProdLibi\u00e4 omassa suunnitteluohjelmassasi tai erillisen\u00e4 ty\u00f6p\u00f6yt\u00e4sovelluksena<\/li>\n<li>Lue tuotetietoja ja tutustu Lammin tuotteisiin<\/li>\n<\/ol>\n<\/li>\n<\/ol>\n<p>Yksityiskohtaisemmat ohjeet ProdLibin asennukseen ja k\u00e4ytt\u00f6\u00f6n <a href=\"https:\/\/www.prodlib.com\/support?lang=fi\" target=\"_blank\" rel=\"noopener\">voit katsoa t\u00e4\u00e4lt\u00e4.<\/a><\/p>\n","protected":false},"excerpt":{"rendered":"<p>Rakennedetaljit ProdLib-palvelusta Lammin betonikivien rakennedetaljit l\u00f6ytyv\u00e4t ProdLib-palvelusta, josta suunnittelijat voivat ladata koko tuotevalikoimamme AutoCAD-ohjelmaan. Lammin tuotekirjastoon sis\u00e4ltyy DWG ja PDF -tiedostojen lis\u00e4ksi tarkat tuotetiedot. ProdLib on arkkitehdeille ja rakennesuunnittelijoille luotu maksuton tuotekirjasto, jonka avulla k\u00e4ytt\u00e4j\u00e4 voi organisoida suunnitteluprojektinsa ja pysy\u00e4 ajan tasalla tuotteista.\u00a0 ProdLib-kirjastoa voi k\u00e4ytt\u00e4\u00e4 erillisen\u00e4 ohjelmana tai integroituna suunnitteluohjelmistoon. ProdLibin tuotekirjastot kokoavat kattavasti &hellip; <a href=\"https:\/\/www.lammi.fi\/harkko\/ohjeet-ja-dokumentit\/rakennedetaljit\/\" class=\"more-link\">Lue lis\u00e4\u00e4<span class=\"screen-reader-text\"> &#8221;Rakennedetaljit&#8221;<\/span><\/a><\/p>\n","protected":false},"author":1,"featured_media":0,"parent":21,"menu_order":0,"comment_status":"closed","ping_status":"closed","template":"","meta":{"_acf_changed":false,"_improvement_type_select":"improve_an_existing","_thumb_yes_seoaic":false,"_frame_yes_seoaic":false,"seoaic_generate_description":"","seoaic_improve_instructions_prompt":"","seoaic_rollback_content_improvement":"","seoaic_idea_thumbnail_generator":"","thumbnail_generated":false,"thumbnail_generate_prompt":"","seoaic_article_description":"","_glsr_average":0,"_glsr_ranking":0,"_glsr_reviews":0,"footnotes":""},"class_list":["post-264","page","type-page","status-publish","hentry"],"acf":[],"yoast_head":"<!-- This site is optimized with the Yoast SEO plugin v27.4 - https:\/\/yoast.com\/product\/yoast-seo-wordpress\/ -->\n<title>Lammi Harkko - Rakennedetaljit<\/title>\n<meta name=\"description\" content=\"Lammi Harkkojen rakennedetaljit l\u00f6ytyv\u00e4t ProdLib-palvelusta, josta suunnittelijat voivat ladata koko tuotevalikoimamme AutoCAD-ohjelmaan.\" \/>\n<link rel=\"canonical\" href=\"https:\/\/www.lammi.fi\/harkko\/ohjeet-ja-dokumentit\/rakennedetaljit\/\" \/>\n<meta property=\"og:locale\" content=\"fi_FI\" \/>\n<meta property=\"og:type\" content=\"article\" \/>\n<meta property=\"og:title\" content=\"Lammi Harkko - Rakennedetaljit\" \/>\n<meta property=\"og:description\" content=\"Lammi Harkkojen rakennedetaljit l\u00f6ytyv\u00e4t ProdLib-palvelusta, josta suunnittelijat voivat ladata koko tuotevalikoimamme AutoCAD-ohjelmaan.\" \/>\n<meta property=\"og:url\" content=\"https:\/\/www.lammi.fi\/harkko\/ohjeet-ja-dokumentit\/rakennedetaljit\/\" \/>\n<meta property=\"og:site_name\" content=\"Lammi Harkko\" \/>\n<meta property=\"article:modified_time\" content=\"2025-10-24T10:04:19+00:00\" \/>\n<meta property=\"og:image\" content=\"https:\/\/www.lammi.fi\/harkko\/wp-content\/uploads\/sites\/3\/2018\/10\/prodlib_kuvitus03-002.jpg\" \/>\n\t<meta property=\"og:image:width\" content=\"1920\" \/>\n\t<meta property=\"og:image:height\" content=\"1080\" \/>\n\t<meta property=\"og:image:type\" content=\"image\/jpeg\" \/>\n<meta name=\"twitter:card\" content=\"summary_large_image\" \/>\n<meta name=\"twitter:label1\" content=\"Arvioitu lukuaika\" \/>\n\t<meta name=\"twitter:data1\" content=\"2 minuuttia\" \/>\n<script type=\"application\/ld+json\" class=\"yoast-schema-graph\">{\"@context\":\"https:\\\/\\\/schema.org\",\"@graph\":[{\"@type\":\"WebPage\",\"@id\":\"https:\\\/\\\/www.lammi.fi\\\/harkko\\\/ohjeet-ja-dokumentit\\\/rakennedetaljit\\\/\",\"url\":\"https:\\\/\\\/www.lammi.fi\\\/harkko\\\/ohjeet-ja-dokumentit\\\/rakennedetaljit\\\/\",\"name\":\"Lammi Harkko - Rakennedetaljit\",\"isPartOf\":{\"@id\":\"https:\\\/\\\/www.lammi.fi\\\/harkko\\\/#website\"},\"primaryImageOfPage\":{\"@id\":\"https:\\\/\\\/www.lammi.fi\\\/harkko\\\/ohjeet-ja-dokumentit\\\/rakennedetaljit\\\/#primaryimage\"},\"image\":{\"@id\":\"https:\\\/\\\/www.lammi.fi\\\/harkko\\\/ohjeet-ja-dokumentit\\\/rakennedetaljit\\\/#primaryimage\"},\"thumbnailUrl\":\"https:\\\/\\\/www.lammi.fi\\\/harkko\\\/wp-content\\\/uploads\\\/sites\\\/3\\\/2018\\\/10\\\/prodlib_kuvitus03-002-1024x576.jpg\",\"datePublished\":\"2018-07-04T08:46:28+00:00\",\"dateModified\":\"2025-10-24T10:04:19+00:00\",\"description\":\"Lammi Harkkojen rakennedetaljit l\u00f6ytyv\u00e4t ProdLib-palvelusta, josta suunnittelijat voivat ladata koko tuotevalikoimamme AutoCAD-ohjelmaan.\",\"breadcrumb\":{\"@id\":\"https:\\\/\\\/www.lammi.fi\\\/harkko\\\/ohjeet-ja-dokumentit\\\/rakennedetaljit\\\/#breadcrumb\"},\"inLanguage\":\"fi\",\"potentialAction\":[{\"@type\":\"ReadAction\",\"target\":[\"https:\\\/\\\/www.lammi.fi\\\/harkko\\\/ohjeet-ja-dokumentit\\\/rakennedetaljit\\\/\"]}]},{\"@type\":\"ImageObject\",\"inLanguage\":\"fi\",\"@id\":\"https:\\\/\\\/www.lammi.fi\\\/harkko\\\/ohjeet-ja-dokumentit\\\/rakennedetaljit\\\/#primaryimage\",\"url\":\"https:\\\/\\\/www.lammi.fi\\\/harkko\\\/wp-content\\\/uploads\\\/sites\\\/3\\\/2018\\\/10\\\/prodlib_kuvitus03-002.jpg\",\"contentUrl\":\"https:\\\/\\\/www.lammi.fi\\\/harkko\\\/wp-content\\\/uploads\\\/sites\\\/3\\\/2018\\\/10\\\/prodlib_kuvitus03-002.jpg\",\"width\":1920,\"height\":1080},{\"@type\":\"BreadcrumbList\",\"@id\":\"https:\\\/\\\/www.lammi.fi\\\/harkko\\\/ohjeet-ja-dokumentit\\\/rakennedetaljit\\\/#breadcrumb\",\"itemListElement\":[{\"@type\":\"ListItem\",\"position\":1,\"name\":\"Lammi.fi\",\"item\":\"https:\\\/\\\/www.lammi.fi\"},{\"@type\":\"ListItem\",\"position\":2,\"name\":\"Lammi Harkko\",\"item\":\"https:\\\/\\\/www.lammi.fi\\\/harkko\\\/\"},{\"@type\":\"ListItem\",\"position\":3,\"name\":\"Ohjeet ja dokumentit\",\"item\":\"https:\\\/\\\/www.lammi.fi\\\/harkko\\\/ohjeet-ja-dokumentit\\\/\"},{\"@type\":\"ListItem\",\"position\":4,\"name\":\"Rakennedetaljit\"}]},{\"@type\":\"WebSite\",\"@id\":\"https:\\\/\\\/www.lammi.fi\\\/harkko\\\/#website\",\"url\":\"https:\\\/\\\/www.lammi.fi\\\/harkko\\\/\",\"name\":\"Lammi Harkko\",\"description\":\"\",\"publisher\":{\"@id\":\"https:\\\/\\\/www.lammi.fi\\\/harkko\\\/#organization\"},\"potentialAction\":[{\"@type\":\"SearchAction\",\"target\":{\"@type\":\"EntryPoint\",\"urlTemplate\":\"https:\\\/\\\/www.lammi.fi\\\/harkko\\\/?s={search_term_string}\"},\"query-input\":{\"@type\":\"PropertyValueSpecification\",\"valueRequired\":true,\"valueName\":\"search_term_string\"}}],\"inLanguage\":\"fi\"},{\"@type\":\"Organization\",\"@id\":\"https:\\\/\\\/www.lammi.fi\\\/harkko\\\/#organization\",\"name\":\"Lammi Harkko\",\"url\":\"https:\\\/\\\/www.lammi.fi\\\/harkko\\\/\",\"logo\":{\"@type\":\"ImageObject\",\"inLanguage\":\"fi\",\"@id\":\"https:\\\/\\\/www.lammi.fi\\\/harkko\\\/#\\\/schema\\\/logo\\\/image\\\/\",\"url\":\"https:\\\/\\\/www.lammi.fi\\\/harkko\\\/wp-content\\\/uploads\\\/sites\\\/3\\\/2018\\\/06\\\/cropped-lammi_logo.png\",\"contentUrl\":\"https:\\\/\\\/www.lammi.fi\\\/harkko\\\/wp-content\\\/uploads\\\/sites\\\/3\\\/2018\\\/06\\\/cropped-lammi_logo.png\",\"width\":240,\"height\":122,\"caption\":\"Lammi Harkko\"},\"image\":{\"@id\":\"https:\\\/\\\/www.lammi.fi\\\/harkko\\\/#\\\/schema\\\/logo\\\/image\\\/\"}}]}<\/script>\n<!-- \/ Yoast SEO plugin. -->","yoast_head_json":{"title":"Lammi Harkko - Rakennedetaljit","description":"Lammi Harkkojen rakennedetaljit l\u00f6ytyv\u00e4t ProdLib-palvelusta, josta suunnittelijat voivat ladata koko tuotevalikoimamme AutoCAD-ohjelmaan.","canonical":"https:\/\/www.lammi.fi\/harkko\/ohjeet-ja-dokumentit\/rakennedetaljit\/","og_locale":"fi_FI","og_type":"article","og_title":"Lammi Harkko - Rakennedetaljit","og_description":"Lammi Harkkojen rakennedetaljit l\u00f6ytyv\u00e4t ProdLib-palvelusta, josta suunnittelijat voivat ladata koko tuotevalikoimamme AutoCAD-ohjelmaan.","og_url":"https:\/\/www.lammi.fi\/harkko\/ohjeet-ja-dokumentit\/rakennedetaljit\/","og_site_name":"Lammi Harkko","article_modified_time":"2025-10-24T10:04:19+00:00","og_image":[{"width":1920,"height":1080,"url":"https:\/\/www.lammi.fi\/harkko\/wp-content\/uploads\/sites\/3\/2018\/10\/prodlib_kuvitus03-002.jpg","type":"image\/jpeg"}],"twitter_card":"summary_large_image","twitter_misc":{"Arvioitu lukuaika":"2 minuuttia"},"schema":{"@context":"https:\/\/schema.org","@graph":[{"@type":"WebPage","@id":"https:\/\/www.lammi.fi\/harkko\/ohjeet-ja-dokumentit\/rakennedetaljit\/","url":"https:\/\/www.lammi.fi\/harkko\/ohjeet-ja-dokumentit\/rakennedetaljit\/","name":"Lammi Harkko - Rakennedetaljit","isPartOf":{"@id":"https:\/\/www.lammi.fi\/harkko\/#website"},"primaryImageOfPage":{"@id":"https:\/\/www.lammi.fi\/harkko\/ohjeet-ja-dokumentit\/rakennedetaljit\/#primaryimage"},"image":{"@id":"https:\/\/www.lammi.fi\/harkko\/ohjeet-ja-dokumentit\/rakennedetaljit\/#primaryimage"},"thumbnailUrl":"https:\/\/www.lammi.fi\/harkko\/wp-content\/uploads\/sites\/3\/2018\/10\/prodlib_kuvitus03-002-1024x576.jpg","datePublished":"2018-07-04T08:46:28+00:00","dateModified":"2025-10-24T10:04:19+00:00","description":"Lammi Harkkojen rakennedetaljit l\u00f6ytyv\u00e4t ProdLib-palvelusta, josta suunnittelijat voivat ladata koko tuotevalikoimamme AutoCAD-ohjelmaan.","breadcrumb":{"@id":"https:\/\/www.lammi.fi\/harkko\/ohjeet-ja-dokumentit\/rakennedetaljit\/#breadcrumb"},"inLanguage":"fi","potentialAction":[{"@type":"ReadAction","target":["https:\/\/www.lammi.fi\/harkko\/ohjeet-ja-dokumentit\/rakennedetaljit\/"]}]},{"@type":"ImageObject","inLanguage":"fi","@id":"https:\/\/www.lammi.fi\/harkko\/ohjeet-ja-dokumentit\/rakennedetaljit\/#primaryimage","url":"https:\/\/www.lammi.fi\/harkko\/wp-content\/uploads\/sites\/3\/2018\/10\/prodlib_kuvitus03-002.jpg","contentUrl":"https:\/\/www.lammi.fi\/harkko\/wp-content\/uploads\/sites\/3\/2018\/10\/prodlib_kuvitus03-002.jpg","width":1920,"height":1080},{"@type":"BreadcrumbList","@id":"https:\/\/www.lammi.fi\/harkko\/ohjeet-ja-dokumentit\/rakennedetaljit\/#breadcrumb","itemListElement":[{"@type":"ListItem","position":1,"name":"Lammi.fi","item":"https:\/\/www.lammi.fi"},{"@type":"ListItem","position":2,"name":"Lammi Harkko","item":"https:\/\/www.lammi.fi\/harkko\/"},{"@type":"ListItem","position":3,"name":"Ohjeet ja dokumentit","item":"https:\/\/www.lammi.fi\/harkko\/ohjeet-ja-dokumentit\/"},{"@type":"ListItem","position":4,"name":"Rakennedetaljit"}]},{"@type":"WebSite","@id":"https:\/\/www.lammi.fi\/harkko\/#website","url":"https:\/\/www.lammi.fi\/harkko\/","name":"Lammi Harkko","description":"","publisher":{"@id":"https:\/\/www.lammi.fi\/harkko\/#organization"},"potentialAction":[{"@type":"SearchAction","target":{"@type":"EntryPoint","urlTemplate":"https:\/\/www.lammi.fi\/harkko\/?s={search_term_string}"},"query-input":{"@type":"PropertyValueSpecification","valueRequired":true,"valueName":"search_term_string"}}],"inLanguage":"fi"},{"@type":"Organization","@id":"https:\/\/www.lammi.fi\/harkko\/#organization","name":"Lammi Harkko","url":"https:\/\/www.lammi.fi\/harkko\/","logo":{"@type":"ImageObject","inLanguage":"fi","@id":"https:\/\/www.lammi.fi\/harkko\/#\/schema\/logo\/image\/","url":"https:\/\/www.lammi.fi\/harkko\/wp-content\/uploads\/sites\/3\/2018\/06\/cropped-lammi_logo.png","contentUrl":"https:\/\/www.lammi.fi\/harkko\/wp-content\/uploads\/sites\/3\/2018\/06\/cropped-lammi_logo.png","width":240,"height":122,"caption":"Lammi Harkko"},"image":{"@id":"https:\/\/www.lammi.fi\/harkko\/#\/schema\/logo\/image\/"}}]}},"_links":{"self":[{"href":"https:\/\/www.lammi.fi\/harkko\/wp-json\/wp\/v2\/pages\/264","targetHints":{"allow":["GET"]}}],"collection":[{"href":"https:\/\/www.lammi.fi\/harkko\/wp-json\/wp\/v2\/pages"}],"about":[{"href":"https:\/\/www.lammi.fi\/harkko\/wp-json\/wp\/v2\/types\/page"}],"author":[{"embeddable":true,"href":"https:\/\/www.lammi.fi\/harkko\/wp-json\/wp\/v2\/users\/1"}],"replies":[{"embeddable":true,"href":"https:\/\/www.lammi.fi\/harkko\/wp-json\/wp\/v2\/comments?post=264"}],"version-history":[{"count":15,"href":"https:\/\/www.lammi.fi\/harkko\/wp-json\/wp\/v2\/pages\/264\/revisions"}],"predecessor-version":[{"id":5064,"href":"https:\/\/www.lammi.fi\/harkko\/wp-json\/wp\/v2\/pages\/264\/revisions\/5064"}],"up":[{"embeddable":true,"href":"https:\/\/www.lammi.fi\/harkko\/wp-json\/wp\/v2\/pages\/21"}],"wp:attachment":[{"href":"https:\/\/www.lammi.fi\/harkko\/wp-json\/wp\/v2\/media?parent=264"}],"curies":[{"name":"wp","href":"https:\/\/api.w.org\/{rel}","templated":true}]}}