{"id":21,"date":"2018-06-28T09:34:22","date_gmt":"2018-06-28T09:34:22","guid":{"rendered":"https:\/\/www.lammi.fi\/harkko\/?page_id=21"},"modified":"2023-04-04T10:13:12","modified_gmt":"2023-04-04T07:13:12","slug":"ohjeet-ja-dokumentit","status":"publish","type":"page","link":"https:\/\/www.lammi.fi\/harkko\/ohjeet-ja-dokumentit\/","title":{"rendered":"Ohjeet ja dokumentit"},"content":{"rendered":"<h1>Laadukkaan ty\u00f6n tueksi<\/h1>\n<p><img decoding=\"async\" class=\"alignnone size-large wp-image-840\" src=\"https:\/\/www.lammi.fi\/harkko\/wp-content\/uploads\/sites\/3\/2018\/09\/harkko_alasivu_tyoohjeet-1024x562.jpg\" alt=\"\" width=\"840\" height=\"461\" srcset=\"https:\/\/www.lammi.fi\/harkko\/wp-content\/uploads\/sites\/3\/2018\/09\/harkko_alasivu_tyoohjeet-1024x562.jpg 1024w, https:\/\/www.lammi.fi\/harkko\/wp-content\/uploads\/sites\/3\/2018\/09\/harkko_alasivu_tyoohjeet-300x165.jpg 300w, https:\/\/www.lammi.fi\/harkko\/wp-content\/uploads\/sites\/3\/2018\/09\/harkko_alasivu_tyoohjeet-768x421.jpg 768w, https:\/\/www.lammi.fi\/harkko\/wp-content\/uploads\/sites\/3\/2018\/09\/harkko_alasivu_tyoohjeet-1200x659.jpg 1200w, https:\/\/www.lammi.fi\/harkko\/wp-content\/uploads\/sites\/3\/2018\/09\/harkko_alasivu_tyoohjeet-600x329.jpg 600w, https:\/\/www.lammi.fi\/harkko\/wp-content\/uploads\/sites\/3\/2018\/09\/harkko_alasivu_tyoohjeet.jpg 1600w\" sizes=\"(max-width: 709px) 85vw, (max-width: 909px) 67vw, (max-width: 1362px) 62vw, 840px\" \/><\/p>\n<p>Hyv\u00e4 suunnittelu ja oikeat ty\u00f6tavat ovat v\u00e4hint\u00e4\u00e4n yht\u00e4 t\u00e4rkeit\u00e4 kuin ensiluokkaiset tuotteet. Valmistajan ty\u00f6- ja suunnitteluohjeilla varmistetaan oikean k\u00e4ytt\u00f6tavan lis\u00e4ksi my\u00f6s ty\u00f6n sujuvuus ja turvallisuus sek\u00e4 luotettava varmuus rakenteissa. Ty\u00f6- ja suunnitteluohjeet l\u00f6yd\u00e4t kattavasti <a href=\"https:\/\/www.lammi.fi\/harkko\/ohjeet-ja-dokumentit\/tyo-ja-suunnitteluohjeet\/\">t\u00e4\u00e4lt\u00e4<\/a>.<\/p>\n<p>Lammin betonikivien rakennedetaljit l\u00f6ytyv\u00e4t ProdLib-palvelusta, josta suunnittelijat voivat ladata koko tuotevalikoimamme AutoCAD-ohjelmaan. Lue lis\u00e4\u00e4 palvelusta ja sen k\u00e4ytt\u00f6\u00f6notosta <a href=\"https:\/\/www.lammi.fi\/harkko\/ohjeet-ja-dokumentit\/rakennedetaljit\/\">t\u00e4\u00e4lt\u00e4<\/a>.<\/p>\n<p>Valmistamamme betonituotteet ovat turvallisia ja korkealaatuisia. Lue tuotteillemme my\u00f6nnetyist\u00e4 laatumerkeist\u00e4 ja tuotesertifikaateista <a href=\"https:\/\/www.lammi.fi\/harkko\/ohjeet-ja-dokumentit\/tuoteselosteet\/\">t\u00e4\u00e4lt\u00e4<\/a>.<\/p>\n<p>&nbsp;<\/p>\n","protected":false},"excerpt":{"rendered":"<p>Laadukkaan ty\u00f6n tueksi Hyv\u00e4 suunnittelu ja oikeat ty\u00f6tavat ovat v\u00e4hint\u00e4\u00e4n yht\u00e4 t\u00e4rkeit\u00e4 kuin ensiluokkaiset tuotteet. Valmistajan ty\u00f6- ja suunnitteluohjeilla varmistetaan oikean k\u00e4ytt\u00f6tavan lis\u00e4ksi my\u00f6s ty\u00f6n sujuvuus ja turvallisuus sek\u00e4 luotettava varmuus rakenteissa. Ty\u00f6- ja suunnitteluohjeet l\u00f6yd\u00e4t kattavasti t\u00e4\u00e4lt\u00e4. Lammin betonikivien rakennedetaljit l\u00f6ytyv\u00e4t ProdLib-palvelusta, josta suunnittelijat voivat ladata koko tuotevalikoimamme AutoCAD-ohjelmaan. Lue lis\u00e4\u00e4 palvelusta ja sen &hellip; <a href=\"https:\/\/www.lammi.fi\/harkko\/ohjeet-ja-dokumentit\/\" class=\"more-link\">Lue lis\u00e4\u00e4<span class=\"screen-reader-text\"> &#8221;Ohjeet ja dokumentit&#8221;<\/span><\/a><\/p>\n","protected":false},"author":1,"featured_media":0,"parent":0,"menu_order":0,"comment_status":"closed","ping_status":"closed","template":"","meta":{"_acf_changed":false,"_improvement_type_select":"improve_an_existing","_thumb_yes_seoaic":false,"_frame_yes_seoaic":false,"seoaic_generate_description":"","seoaic_improve_instructions_prompt":"","seoaic_rollback_content_improvement":"","seoaic_idea_thumbnail_generator":"","thumbnail_generated":false,"thumbnail_generate_prompt":"","seoaic_article_description":"","_glsr_average":0,"_glsr_ranking":0,"_glsr_reviews":0,"footnotes":""},"class_list":["post-21","page","type-page","status-publish","hentry"],"acf":[],"yoast_head":"<!-- This site is optimized with the Yoast SEO plugin v27.4 - https:\/\/yoast.com\/product\/yoast-seo-wordpress\/ -->\n<title>Lammi Harkko - Ohjeet ja dokumentit<\/title>\n<meta name=\"description\" content=\"Hyv\u00e4 suunnittelu ja oikeat ty\u00f6tavat ovat v\u00e4hint\u00e4\u00e4n yht\u00e4 t\u00e4rkeit\u00e4 kuin ensiluokkaiset tuotteet. L\u00f6yd\u00e4t kattavat ty\u00f6- ja suunnitteluohjeet sivuiltamme.\" \/>\n<link rel=\"canonical\" href=\"https:\/\/www.lammi.fi\/harkko\/ohjeet-ja-dokumentit\/\" \/>\n<meta property=\"og:locale\" content=\"fi_FI\" \/>\n<meta property=\"og:type\" content=\"article\" \/>\n<meta property=\"og:title\" content=\"Lammi Harkko - Ohjeet ja dokumentit\" \/>\n<meta property=\"og:description\" content=\"Hyv\u00e4 suunnittelu ja oikeat ty\u00f6tavat ovat v\u00e4hint\u00e4\u00e4n yht\u00e4 t\u00e4rkeit\u00e4 kuin ensiluokkaiset tuotteet. L\u00f6yd\u00e4t kattavat ty\u00f6- ja suunnitteluohjeet sivuiltamme.\" \/>\n<meta property=\"og:url\" content=\"https:\/\/www.lammi.fi\/harkko\/ohjeet-ja-dokumentit\/\" \/>\n<meta property=\"og:site_name\" content=\"Lammi Harkko\" \/>\n<meta property=\"article:modified_time\" content=\"2023-04-04T07:13:12+00:00\" \/>\n<meta property=\"og:image\" content=\"https:\/\/www.lammi.fi\/harkko\/wp-content\/uploads\/sites\/3\/2018\/09\/harkko_alasivu_tyoohjeet-1024x562.jpg\" \/>\n<meta name=\"twitter:card\" content=\"summary_large_image\" \/>\n<meta name=\"twitter:label1\" content=\"Arvioitu lukuaika\" \/>\n\t<meta name=\"twitter:data1\" content=\"1 minuutti\" \/>\n<script type=\"application\/ld+json\" class=\"yoast-schema-graph\">{\"@context\":\"https:\\\/\\\/schema.org\",\"@graph\":[{\"@type\":\"WebPage\",\"@id\":\"https:\\\/\\\/www.lammi.fi\\\/harkko\\\/ohjeet-ja-dokumentit\\\/\",\"url\":\"https:\\\/\\\/www.lammi.fi\\\/harkko\\\/ohjeet-ja-dokumentit\\\/\",\"name\":\"Lammi Harkko - Ohjeet ja dokumentit\",\"isPartOf\":{\"@id\":\"https:\\\/\\\/www.lammi.fi\\\/harkko\\\/#website\"},\"primaryImageOfPage\":{\"@id\":\"https:\\\/\\\/www.lammi.fi\\\/harkko\\\/ohjeet-ja-dokumentit\\\/#primaryimage\"},\"image\":{\"@id\":\"https:\\\/\\\/www.lammi.fi\\\/harkko\\\/ohjeet-ja-dokumentit\\\/#primaryimage\"},\"thumbnailUrl\":\"https:\\\/\\\/www.lammi.fi\\\/harkko\\\/wp-content\\\/uploads\\\/sites\\\/3\\\/2018\\\/09\\\/harkko_alasivu_tyoohjeet-1024x562.jpg\",\"datePublished\":\"2018-06-28T09:34:22+00:00\",\"dateModified\":\"2023-04-04T07:13:12+00:00\",\"description\":\"Hyv\u00e4 suunnittelu ja oikeat ty\u00f6tavat ovat v\u00e4hint\u00e4\u00e4n yht\u00e4 t\u00e4rkeit\u00e4 kuin ensiluokkaiset tuotteet. L\u00f6yd\u00e4t kattavat ty\u00f6- ja suunnitteluohjeet sivuiltamme.\",\"breadcrumb\":{\"@id\":\"https:\\\/\\\/www.lammi.fi\\\/harkko\\\/ohjeet-ja-dokumentit\\\/#breadcrumb\"},\"inLanguage\":\"fi\",\"potentialAction\":[{\"@type\":\"ReadAction\",\"target\":[\"https:\\\/\\\/www.lammi.fi\\\/harkko\\\/ohjeet-ja-dokumentit\\\/\"]}]},{\"@type\":\"ImageObject\",\"inLanguage\":\"fi\",\"@id\":\"https:\\\/\\\/www.lammi.fi\\\/harkko\\\/ohjeet-ja-dokumentit\\\/#primaryimage\",\"url\":\"https:\\\/\\\/www.lammi.fi\\\/harkko\\\/wp-content\\\/uploads\\\/sites\\\/3\\\/2018\\\/09\\\/harkko_alasivu_tyoohjeet.jpg\",\"contentUrl\":\"https:\\\/\\\/www.lammi.fi\\\/harkko\\\/wp-content\\\/uploads\\\/sites\\\/3\\\/2018\\\/09\\\/harkko_alasivu_tyoohjeet.jpg\",\"width\":1600,\"height\":878},{\"@type\":\"BreadcrumbList\",\"@id\":\"https:\\\/\\\/www.lammi.fi\\\/harkko\\\/ohjeet-ja-dokumentit\\\/#breadcrumb\",\"itemListElement\":[{\"@type\":\"ListItem\",\"position\":1,\"name\":\"Lammi.fi\",\"item\":\"https:\\\/\\\/www.lammi.fi\"},{\"@type\":\"ListItem\",\"position\":2,\"name\":\"Lammi Harkko\",\"item\":\"https:\\\/\\\/www.lammi.fi\\\/harkko\\\/\"},{\"@type\":\"ListItem\",\"position\":3,\"name\":\"Ohjeet ja dokumentit\"}]},{\"@type\":\"WebSite\",\"@id\":\"https:\\\/\\\/www.lammi.fi\\\/harkko\\\/#website\",\"url\":\"https:\\\/\\\/www.lammi.fi\\\/harkko\\\/\",\"name\":\"Lammi Harkko\",\"description\":\"\",\"publisher\":{\"@id\":\"https:\\\/\\\/www.lammi.fi\\\/harkko\\\/#organization\"},\"potentialAction\":[{\"@type\":\"SearchAction\",\"target\":{\"@type\":\"EntryPoint\",\"urlTemplate\":\"https:\\\/\\\/www.lammi.fi\\\/harkko\\\/?s={search_term_string}\"},\"query-input\":{\"@type\":\"PropertyValueSpecification\",\"valueRequired\":true,\"valueName\":\"search_term_string\"}}],\"inLanguage\":\"fi\"},{\"@type\":\"Organization\",\"@id\":\"https:\\\/\\\/www.lammi.fi\\\/harkko\\\/#organization\",\"name\":\"Lammi Harkko\",\"url\":\"https:\\\/\\\/www.lammi.fi\\\/harkko\\\/\",\"logo\":{\"@type\":\"ImageObject\",\"inLanguage\":\"fi\",\"@id\":\"https:\\\/\\\/www.lammi.fi\\\/harkko\\\/#\\\/schema\\\/logo\\\/image\\\/\",\"url\":\"https:\\\/\\\/www.lammi.fi\\\/harkko\\\/wp-content\\\/uploads\\\/sites\\\/3\\\/2018\\\/06\\\/cropped-lammi_logo.png\",\"contentUrl\":\"https:\\\/\\\/www.lammi.fi\\\/harkko\\\/wp-content\\\/uploads\\\/sites\\\/3\\\/2018\\\/06\\\/cropped-lammi_logo.png\",\"width\":240,\"height\":122,\"caption\":\"Lammi Harkko\"},\"image\":{\"@id\":\"https:\\\/\\\/www.lammi.fi\\\/harkko\\\/#\\\/schema\\\/logo\\\/image\\\/\"}}]}<\/script>\n<!-- \/ Yoast SEO plugin. -->","yoast_head_json":{"title":"Lammi Harkko - Ohjeet ja dokumentit","description":"Hyv\u00e4 suunnittelu ja oikeat ty\u00f6tavat ovat v\u00e4hint\u00e4\u00e4n yht\u00e4 t\u00e4rkeit\u00e4 kuin ensiluokkaiset tuotteet. L\u00f6yd\u00e4t kattavat ty\u00f6- ja suunnitteluohjeet sivuiltamme.","canonical":"https:\/\/www.lammi.fi\/harkko\/ohjeet-ja-dokumentit\/","og_locale":"fi_FI","og_type":"article","og_title":"Lammi Harkko - Ohjeet ja dokumentit","og_description":"Hyv\u00e4 suunnittelu ja oikeat ty\u00f6tavat ovat v\u00e4hint\u00e4\u00e4n yht\u00e4 t\u00e4rkeit\u00e4 kuin ensiluokkaiset tuotteet. L\u00f6yd\u00e4t kattavat ty\u00f6- ja suunnitteluohjeet sivuiltamme.","og_url":"https:\/\/www.lammi.fi\/harkko\/ohjeet-ja-dokumentit\/","og_site_name":"Lammi Harkko","article_modified_time":"2023-04-04T07:13:12+00:00","og_image":[{"url":"https:\/\/www.lammi.fi\/harkko\/wp-content\/uploads\/sites\/3\/2018\/09\/harkko_alasivu_tyoohjeet-1024x562.jpg","type":"","width":"","height":""}],"twitter_card":"summary_large_image","twitter_misc":{"Arvioitu lukuaika":"1 minuutti"},"schema":{"@context":"https:\/\/schema.org","@graph":[{"@type":"WebPage","@id":"https:\/\/www.lammi.fi\/harkko\/ohjeet-ja-dokumentit\/","url":"https:\/\/www.lammi.fi\/harkko\/ohjeet-ja-dokumentit\/","name":"Lammi Harkko - Ohjeet ja dokumentit","isPartOf":{"@id":"https:\/\/www.lammi.fi\/harkko\/#website"},"primaryImageOfPage":{"@id":"https:\/\/www.lammi.fi\/harkko\/ohjeet-ja-dokumentit\/#primaryimage"},"image":{"@id":"https:\/\/www.lammi.fi\/harkko\/ohjeet-ja-dokumentit\/#primaryimage"},"thumbnailUrl":"https:\/\/www.lammi.fi\/harkko\/wp-content\/uploads\/sites\/3\/2018\/09\/harkko_alasivu_tyoohjeet-1024x562.jpg","datePublished":"2018-06-28T09:34:22+00:00","dateModified":"2023-04-04T07:13:12+00:00","description":"Hyv\u00e4 suunnittelu ja oikeat ty\u00f6tavat ovat v\u00e4hint\u00e4\u00e4n yht\u00e4 t\u00e4rkeit\u00e4 kuin ensiluokkaiset tuotteet. L\u00f6yd\u00e4t kattavat ty\u00f6- ja suunnitteluohjeet sivuiltamme.","breadcrumb":{"@id":"https:\/\/www.lammi.fi\/harkko\/ohjeet-ja-dokumentit\/#breadcrumb"},"inLanguage":"fi","potentialAction":[{"@type":"ReadAction","target":["https:\/\/www.lammi.fi\/harkko\/ohjeet-ja-dokumentit\/"]}]},{"@type":"ImageObject","inLanguage":"fi","@id":"https:\/\/www.lammi.fi\/harkko\/ohjeet-ja-dokumentit\/#primaryimage","url":"https:\/\/www.lammi.fi\/harkko\/wp-content\/uploads\/sites\/3\/2018\/09\/harkko_alasivu_tyoohjeet.jpg","contentUrl":"https:\/\/www.lammi.fi\/harkko\/wp-content\/uploads\/sites\/3\/2018\/09\/harkko_alasivu_tyoohjeet.jpg","width":1600,"height":878},{"@type":"BreadcrumbList","@id":"https:\/\/www.lammi.fi\/harkko\/ohjeet-ja-dokumentit\/#breadcrumb","itemListElement":[{"@type":"ListItem","position":1,"name":"Lammi.fi","item":"https:\/\/www.lammi.fi"},{"@type":"ListItem","position":2,"name":"Lammi Harkko","item":"https:\/\/www.lammi.fi\/harkko\/"},{"@type":"ListItem","position":3,"name":"Ohjeet ja dokumentit"}]},{"@type":"WebSite","@id":"https:\/\/www.lammi.fi\/harkko\/#website","url":"https:\/\/www.lammi.fi\/harkko\/","name":"Lammi Harkko","description":"","publisher":{"@id":"https:\/\/www.lammi.fi\/harkko\/#organization"},"potentialAction":[{"@type":"SearchAction","target":{"@type":"EntryPoint","urlTemplate":"https:\/\/www.lammi.fi\/harkko\/?s={search_term_string}"},"query-input":{"@type":"PropertyValueSpecification","valueRequired":true,"valueName":"search_term_string"}}],"inLanguage":"fi"},{"@type":"Organization","@id":"https:\/\/www.lammi.fi\/harkko\/#organization","name":"Lammi Harkko","url":"https:\/\/www.lammi.fi\/harkko\/","logo":{"@type":"ImageObject","inLanguage":"fi","@id":"https:\/\/www.lammi.fi\/harkko\/#\/schema\/logo\/image\/","url":"https:\/\/www.lammi.fi\/harkko\/wp-content\/uploads\/sites\/3\/2018\/06\/cropped-lammi_logo.png","contentUrl":"https:\/\/www.lammi.fi\/harkko\/wp-content\/uploads\/sites\/3\/2018\/06\/cropped-lammi_logo.png","width":240,"height":122,"caption":"Lammi Harkko"},"image":{"@id":"https:\/\/www.lammi.fi\/harkko\/#\/schema\/logo\/image\/"}}]}},"_links":{"self":[{"href":"https:\/\/www.lammi.fi\/harkko\/wp-json\/wp\/v2\/pages\/21","targetHints":{"allow":["GET"]}}],"collection":[{"href":"https:\/\/www.lammi.fi\/harkko\/wp-json\/wp\/v2\/pages"}],"about":[{"href":"https:\/\/www.lammi.fi\/harkko\/wp-json\/wp\/v2\/types\/page"}],"author":[{"embeddable":true,"href":"https:\/\/www.lammi.fi\/harkko\/wp-json\/wp\/v2\/users\/1"}],"replies":[{"embeddable":true,"href":"https:\/\/www.lammi.fi\/harkko\/wp-json\/wp\/v2\/comments?post=21"}],"version-history":[{"count":15,"href":"https:\/\/www.lammi.fi\/harkko\/wp-json\/wp\/v2\/pages\/21\/revisions"}],"predecessor-version":[{"id":2629,"href":"https:\/\/www.lammi.fi\/harkko\/wp-json\/wp\/v2\/pages\/21\/revisions\/2629"}],"wp:attachment":[{"href":"https:\/\/www.lammi.fi\/harkko\/wp-json\/wp\/v2\/media?parent=21"}],"curies":[{"name":"wp","href":"https:\/\/api.w.org\/{rel}","templated":true}]}}