{"id":15,"date":"2018-06-28T09:28:58","date_gmt":"2018-06-28T09:28:58","guid":{"rendered":"https:\/\/www.lammi.fi\/harkko\/?page_id=15"},"modified":"2025-12-29T17:43:08","modified_gmt":"2025-12-29T14:43:08","slug":"ll400","status":"publish","type":"page","link":"https:\/\/www.lammi.fi\/harkko\/tuotteet\/lampokivet\/ll400\/","title":{"rendered":"LL400"},"content":{"rendered":"<h1>Suomen suosituin l\u00e4mp\u00f6kivi<\/h1>\n<p><img decoding=\"async\" class=\"alignnone size-large wp-image-1110\" src=\"https:\/\/www.lammi.fi\/harkko\/wp-content\/uploads\/sites\/3\/2019\/01\/harkko_tuoteperhe_lampokivet_ll400-1024x576.jpg\" alt=\"\" width=\"840\" height=\"473\" srcset=\"https:\/\/www.lammi.fi\/harkko\/wp-content\/uploads\/sites\/3\/2019\/01\/harkko_tuoteperhe_lampokivet_ll400-1024x576.jpg 1024w, https:\/\/www.lammi.fi\/harkko\/wp-content\/uploads\/sites\/3\/2019\/01\/harkko_tuoteperhe_lampokivet_ll400-300x169.jpg 300w, https:\/\/www.lammi.fi\/harkko\/wp-content\/uploads\/sites\/3\/2019\/01\/harkko_tuoteperhe_lampokivet_ll400-768x432.jpg 768w, https:\/\/www.lammi.fi\/harkko\/wp-content\/uploads\/sites\/3\/2019\/01\/harkko_tuoteperhe_lampokivet_ll400-1200x675.jpg 1200w, https:\/\/www.lammi.fi\/harkko\/wp-content\/uploads\/sites\/3\/2019\/01\/harkko_tuoteperhe_lampokivet_ll400-280x157.jpg 280w, https:\/\/www.lammi.fi\/harkko\/wp-content\/uploads\/sites\/3\/2019\/01\/harkko_tuoteperhe_lampokivet_ll400-560x314.jpg 560w, https:\/\/www.lammi.fi\/harkko\/wp-content\/uploads\/sites\/3\/2019\/01\/harkko_tuoteperhe_lampokivet_ll400-600x338.jpg 600w, https:\/\/www.lammi.fi\/harkko\/wp-content\/uploads\/sites\/3\/2019\/01\/harkko_tuoteperhe_lampokivet_ll400.jpg 1560w\" sizes=\"(max-width: 709px) 85vw, (max-width: 909px) 67vw, (max-width: 1362px) 62vw, 840px\" \/><\/p>\n<p>400mm leve\u00e4n l\u00e4mp\u00f6kiviperheen tuotteet ovat varma valinta energiatehokkaaseen rakentamiseen. Valetun betonisein\u00e4n energiatehokkuus perustuu erinomaiseen l\u00e4mm\u00f6nerist\u00e4vyyteen, tiiveyteen sek\u00e4 massiivisuuden tuomaan l\u00e4mm\u00f6nvarauskykyyn.<\/p>\n<h2>Kilpailukykyiset ominaisuudet<\/h2>\n<p>Valettavalla rakenteella saavutetaan erinomainen kantavuus ja lujuus. Valuontelot mahdollistavat rakenneter\u00e4sten asentamisen sek\u00e4 vaakaan ett\u00e4 pystyyn. Rakenne mitoitetaan pystyrakenteena, mik\u00e4 takaa erinomaisen kantavuuden.\u00a0Siksi l\u00e4mp\u00f6kivi\u00e4 k\u00e4ytet\u00e4\u00e4n kivitalojen lis\u00e4ksi erityisen paljon maanpainekest\u00e4vyytt\u00e4 vaativissa kellarikerroksissa.<\/p>\n<p>Hyv\u00e4n kantavuuden lis\u00e4ksi my\u00f6s tuoteperheen osien yhteensopivuus tuo vapautta suunnittelulle. Valettu kivisein\u00e4 on massiivisuutensa ansiosta kes\u00e4ll\u00e4 viile\u00e4 ja talvella l\u00e4mmin.\u00a0LL400 -tuoteperheen kivien U-arvo on 0,17 W\/m\u00b2.<\/p>\n<h2>J\u00e4t\u00e4 tarjouspyynt\u00f6<\/h2>\n<p>Miten voimme olla avuksi? <a href=\"https:\/\/www.lammi.fi\/harkko\/yhteystiedot\/jata-tarjouspyynto\/\">J\u00e4t\u00e4 tarjouspyynt\u00f6<\/a> ja palaamme pian asiaan!<\/p>\n","protected":false},"excerpt":{"rendered":"<p>Suomen suosituin l\u00e4mp\u00f6kivi 400mm leve\u00e4n l\u00e4mp\u00f6kiviperheen tuotteet ovat varma valinta energiatehokkaaseen rakentamiseen. Valetun betonisein\u00e4n energiatehokkuus perustuu erinomaiseen l\u00e4mm\u00f6nerist\u00e4vyyteen, tiiveyteen sek\u00e4 massiivisuuden tuomaan l\u00e4mm\u00f6nvarauskykyyn. Kilpailukykyiset ominaisuudet Valettavalla rakenteella saavutetaan erinomainen kantavuus ja lujuus. Valuontelot mahdollistavat rakenneter\u00e4sten asentamisen sek\u00e4 vaakaan ett\u00e4 pystyyn. Rakenne mitoitetaan pystyrakenteena, mik\u00e4 takaa erinomaisen kantavuuden.\u00a0Siksi l\u00e4mp\u00f6kivi\u00e4 k\u00e4ytet\u00e4\u00e4n kivitalojen lis\u00e4ksi erityisen paljon maanpainekest\u00e4vyytt\u00e4 vaativissa &hellip; <a href=\"https:\/\/www.lammi.fi\/harkko\/tuotteet\/lampokivet\/ll400\/\" class=\"more-link\">Lue lis\u00e4\u00e4<span class=\"screen-reader-text\"> &#8221;LL400&#8221;<\/span><\/a><\/p>\n","protected":false},"author":1,"featured_media":0,"parent":12,"menu_order":0,"comment_status":"closed","ping_status":"closed","template":"","meta":{"_acf_changed":false,"_improvement_type_select":"improve_an_existing","_thumb_yes_seoaic":false,"_frame_yes_seoaic":false,"seoaic_generate_description":"","seoaic_improve_instructions_prompt":"","seoaic_rollback_content_improvement":"","seoaic_idea_thumbnail_generator":"","thumbnail_generated":false,"thumbnail_generate_prompt":"","seoaic_article_description":"","_glsr_average":4.6,"_glsr_ranking":4.2206896551724,"_glsr_reviews":19,"footnotes":""},"class_list":["post-15","page","type-page","status-publish","hentry"],"acf":[],"yoast_head":"<!-- This site is optimized with the Yoast SEO plugin v27.4 - https:\/\/yoast.com\/product\/yoast-seo-wordpress\/ -->\n<title>Lammi Harkko - LL400<\/title>\n<meta name=\"description\" content=\"400 mm leve\u00e4n l\u00e4mp\u00f6kiviperheen tuotteet ovat varma valinta energiatehokkaaseen rakentamiseen. Tutustu tuoteperheeseen.\" \/>\n<link rel=\"canonical\" href=\"https:\/\/www.lammi.fi\/harkko\/tuotteet\/lampokivet\/ll400\/\" \/>\n<meta property=\"og:locale\" content=\"fi_FI\" \/>\n<meta property=\"og:type\" content=\"article\" \/>\n<meta property=\"og:title\" content=\"Lammi Harkko - LL400\" \/>\n<meta property=\"og:description\" content=\"400 mm leve\u00e4n l\u00e4mp\u00f6kiviperheen tuotteet ovat varma valinta energiatehokkaaseen rakentamiseen. Tutustu tuoteperheeseen.\" \/>\n<meta property=\"og:url\" content=\"https:\/\/www.lammi.fi\/harkko\/tuotteet\/lampokivet\/ll400\/\" \/>\n<meta property=\"og:site_name\" content=\"Lammi Harkko\" \/>\n<meta property=\"article:modified_time\" content=\"2025-12-29T14:43:08+00:00\" \/>\n<meta property=\"og:image\" content=\"https:\/\/www.lammi.fi\/harkko\/wp-content\/uploads\/sites\/3\/2019\/01\/harkko_tuoteperhe_lampokivet_ll400.jpg\" \/>\n\t<meta property=\"og:image:width\" content=\"1560\" \/>\n\t<meta property=\"og:image:height\" content=\"878\" \/>\n\t<meta property=\"og:image:type\" content=\"image\/jpeg\" \/>\n<meta name=\"twitter:card\" content=\"summary_large_image\" \/>\n<meta name=\"twitter:label1\" content=\"Arvioitu lukuaika\" \/>\n\t<meta name=\"twitter:data1\" content=\"1 minuutti\" \/>\n<script type=\"application\/ld+json\" class=\"yoast-schema-graph\">{\"@context\":\"https:\\\/\\\/schema.org\",\"@graph\":[{\"@type\":\"WebPage\",\"@id\":\"https:\\\/\\\/www.lammi.fi\\\/harkko\\\/tuotteet\\\/lampokivet\\\/ll400\\\/\",\"url\":\"https:\\\/\\\/www.lammi.fi\\\/harkko\\\/tuotteet\\\/lampokivet\\\/ll400\\\/\",\"name\":\"Lammi Harkko - LL400\",\"isPartOf\":{\"@id\":\"https:\\\/\\\/www.lammi.fi\\\/harkko\\\/#website\"},\"primaryImageOfPage\":{\"@id\":\"https:\\\/\\\/www.lammi.fi\\\/harkko\\\/tuotteet\\\/lampokivet\\\/ll400\\\/#primaryimage\"},\"image\":{\"@id\":\"https:\\\/\\\/www.lammi.fi\\\/harkko\\\/tuotteet\\\/lampokivet\\\/ll400\\\/#primaryimage\"},\"thumbnailUrl\":\"https:\\\/\\\/www.lammi.fi\\\/harkko\\\/wp-content\\\/uploads\\\/sites\\\/3\\\/2019\\\/01\\\/harkko_tuoteperhe_lampokivet_ll400-1024x576.jpg\",\"datePublished\":\"2018-06-28T09:28:58+00:00\",\"dateModified\":\"2025-12-29T14:43:08+00:00\",\"description\":\"400 mm leve\u00e4n l\u00e4mp\u00f6kiviperheen tuotteet ovat varma valinta energiatehokkaaseen rakentamiseen. Tutustu tuoteperheeseen.\",\"breadcrumb\":{\"@id\":\"https:\\\/\\\/www.lammi.fi\\\/harkko\\\/tuotteet\\\/lampokivet\\\/ll400\\\/#breadcrumb\"},\"inLanguage\":\"fi\",\"potentialAction\":[{\"@type\":\"ReadAction\",\"target\":[\"https:\\\/\\\/www.lammi.fi\\\/harkko\\\/tuotteet\\\/lampokivet\\\/ll400\\\/\"]}]},{\"@type\":\"ImageObject\",\"inLanguage\":\"fi\",\"@id\":\"https:\\\/\\\/www.lammi.fi\\\/harkko\\\/tuotteet\\\/lampokivet\\\/ll400\\\/#primaryimage\",\"url\":\"https:\\\/\\\/www.lammi.fi\\\/harkko\\\/wp-content\\\/uploads\\\/sites\\\/3\\\/2019\\\/01\\\/harkko_tuoteperhe_lampokivet_ll400.jpg\",\"contentUrl\":\"https:\\\/\\\/www.lammi.fi\\\/harkko\\\/wp-content\\\/uploads\\\/sites\\\/3\\\/2019\\\/01\\\/harkko_tuoteperhe_lampokivet_ll400.jpg\",\"width\":1560,\"height\":878},{\"@type\":\"BreadcrumbList\",\"@id\":\"https:\\\/\\\/www.lammi.fi\\\/harkko\\\/tuotteet\\\/lampokivet\\\/ll400\\\/#breadcrumb\",\"itemListElement\":[{\"@type\":\"ListItem\",\"position\":1,\"name\":\"Lammi.fi\",\"item\":\"https:\\\/\\\/www.lammi.fi\"},{\"@type\":\"ListItem\",\"position\":2,\"name\":\"Lammi Harkko\",\"item\":\"https:\\\/\\\/www.lammi.fi\\\/harkko\\\/\"},{\"@type\":\"ListItem\",\"position\":3,\"name\":\"Tuotteet\",\"item\":\"https:\\\/\\\/www.lammi.fi\\\/harkko\\\/tuotteet\\\/\"},{\"@type\":\"ListItem\",\"position\":4,\"name\":\"L\u00e4mp\u00f6kivet\",\"item\":\"https:\\\/\\\/www.lammi.fi\\\/harkko\\\/tuotteet\\\/lampokivet\\\/\"},{\"@type\":\"ListItem\",\"position\":5,\"name\":\"LL400\"}]},{\"@type\":\"WebSite\",\"@id\":\"https:\\\/\\\/www.lammi.fi\\\/harkko\\\/#website\",\"url\":\"https:\\\/\\\/www.lammi.fi\\\/harkko\\\/\",\"name\":\"Lammi Harkko\",\"description\":\"\",\"publisher\":{\"@id\":\"https:\\\/\\\/www.lammi.fi\\\/harkko\\\/#organization\"},\"potentialAction\":[{\"@type\":\"SearchAction\",\"target\":{\"@type\":\"EntryPoint\",\"urlTemplate\":\"https:\\\/\\\/www.lammi.fi\\\/harkko\\\/?s={search_term_string}\"},\"query-input\":{\"@type\":\"PropertyValueSpecification\",\"valueRequired\":true,\"valueName\":\"search_term_string\"}}],\"inLanguage\":\"fi\"},{\"@type\":\"Organization\",\"@id\":\"https:\\\/\\\/www.lammi.fi\\\/harkko\\\/#organization\",\"name\":\"Lammi Harkko\",\"url\":\"https:\\\/\\\/www.lammi.fi\\\/harkko\\\/\",\"logo\":{\"@type\":\"ImageObject\",\"inLanguage\":\"fi\",\"@id\":\"https:\\\/\\\/www.lammi.fi\\\/harkko\\\/#\\\/schema\\\/logo\\\/image\\\/\",\"url\":\"https:\\\/\\\/www.lammi.fi\\\/harkko\\\/wp-content\\\/uploads\\\/sites\\\/3\\\/2018\\\/06\\\/cropped-lammi_logo.png\",\"contentUrl\":\"https:\\\/\\\/www.lammi.fi\\\/harkko\\\/wp-content\\\/uploads\\\/sites\\\/3\\\/2018\\\/06\\\/cropped-lammi_logo.png\",\"width\":240,\"height\":122,\"caption\":\"Lammi Harkko\"},\"image\":{\"@id\":\"https:\\\/\\\/www.lammi.fi\\\/harkko\\\/#\\\/schema\\\/logo\\\/image\\\/\"}}]}<\/script>\n<!-- \/ Yoast SEO plugin. -->","yoast_head_json":{"title":"Lammi Harkko - LL400","description":"400 mm leve\u00e4n l\u00e4mp\u00f6kiviperheen tuotteet ovat varma valinta energiatehokkaaseen rakentamiseen. Tutustu tuoteperheeseen.","canonical":"https:\/\/www.lammi.fi\/harkko\/tuotteet\/lampokivet\/ll400\/","og_locale":"fi_FI","og_type":"article","og_title":"Lammi Harkko - LL400","og_description":"400 mm leve\u00e4n l\u00e4mp\u00f6kiviperheen tuotteet ovat varma valinta energiatehokkaaseen rakentamiseen. Tutustu tuoteperheeseen.","og_url":"https:\/\/www.lammi.fi\/harkko\/tuotteet\/lampokivet\/ll400\/","og_site_name":"Lammi Harkko","article_modified_time":"2025-12-29T14:43:08+00:00","og_image":[{"width":1560,"height":878,"url":"https:\/\/www.lammi.fi\/harkko\/wp-content\/uploads\/sites\/3\/2019\/01\/harkko_tuoteperhe_lampokivet_ll400.jpg","type":"image\/jpeg"}],"twitter_card":"summary_large_image","twitter_misc":{"Arvioitu lukuaika":"1 minuutti"},"schema":{"@context":"https:\/\/schema.org","@graph":[{"@type":"WebPage","@id":"https:\/\/www.lammi.fi\/harkko\/tuotteet\/lampokivet\/ll400\/","url":"https:\/\/www.lammi.fi\/harkko\/tuotteet\/lampokivet\/ll400\/","name":"Lammi Harkko - LL400","isPartOf":{"@id":"https:\/\/www.lammi.fi\/harkko\/#website"},"primaryImageOfPage":{"@id":"https:\/\/www.lammi.fi\/harkko\/tuotteet\/lampokivet\/ll400\/#primaryimage"},"image":{"@id":"https:\/\/www.lammi.fi\/harkko\/tuotteet\/lampokivet\/ll400\/#primaryimage"},"thumbnailUrl":"https:\/\/www.lammi.fi\/harkko\/wp-content\/uploads\/sites\/3\/2019\/01\/harkko_tuoteperhe_lampokivet_ll400-1024x576.jpg","datePublished":"2018-06-28T09:28:58+00:00","dateModified":"2025-12-29T14:43:08+00:00","description":"400 mm leve\u00e4n l\u00e4mp\u00f6kiviperheen tuotteet ovat varma valinta energiatehokkaaseen rakentamiseen. Tutustu tuoteperheeseen.","breadcrumb":{"@id":"https:\/\/www.lammi.fi\/harkko\/tuotteet\/lampokivet\/ll400\/#breadcrumb"},"inLanguage":"fi","potentialAction":[{"@type":"ReadAction","target":["https:\/\/www.lammi.fi\/harkko\/tuotteet\/lampokivet\/ll400\/"]}]},{"@type":"ImageObject","inLanguage":"fi","@id":"https:\/\/www.lammi.fi\/harkko\/tuotteet\/lampokivet\/ll400\/#primaryimage","url":"https:\/\/www.lammi.fi\/harkko\/wp-content\/uploads\/sites\/3\/2019\/01\/harkko_tuoteperhe_lampokivet_ll400.jpg","contentUrl":"https:\/\/www.lammi.fi\/harkko\/wp-content\/uploads\/sites\/3\/2019\/01\/harkko_tuoteperhe_lampokivet_ll400.jpg","width":1560,"height":878},{"@type":"BreadcrumbList","@id":"https:\/\/www.lammi.fi\/harkko\/tuotteet\/lampokivet\/ll400\/#breadcrumb","itemListElement":[{"@type":"ListItem","position":1,"name":"Lammi.fi","item":"https:\/\/www.lammi.fi"},{"@type":"ListItem","position":2,"name":"Lammi Harkko","item":"https:\/\/www.lammi.fi\/harkko\/"},{"@type":"ListItem","position":3,"name":"Tuotteet","item":"https:\/\/www.lammi.fi\/harkko\/tuotteet\/"},{"@type":"ListItem","position":4,"name":"L\u00e4mp\u00f6kivet","item":"https:\/\/www.lammi.fi\/harkko\/tuotteet\/lampokivet\/"},{"@type":"ListItem","position":5,"name":"LL400"}]},{"@type":"WebSite","@id":"https:\/\/www.lammi.fi\/harkko\/#website","url":"https:\/\/www.lammi.fi\/harkko\/","name":"Lammi Harkko","description":"","publisher":{"@id":"https:\/\/www.lammi.fi\/harkko\/#organization"},"potentialAction":[{"@type":"SearchAction","target":{"@type":"EntryPoint","urlTemplate":"https:\/\/www.lammi.fi\/harkko\/?s={search_term_string}"},"query-input":{"@type":"PropertyValueSpecification","valueRequired":true,"valueName":"search_term_string"}}],"inLanguage":"fi"},{"@type":"Organization","@id":"https:\/\/www.lammi.fi\/harkko\/#organization","name":"Lammi Harkko","url":"https:\/\/www.lammi.fi\/harkko\/","logo":{"@type":"ImageObject","inLanguage":"fi","@id":"https:\/\/www.lammi.fi\/harkko\/#\/schema\/logo\/image\/","url":"https:\/\/www.lammi.fi\/harkko\/wp-content\/uploads\/sites\/3\/2018\/06\/cropped-lammi_logo.png","contentUrl":"https:\/\/www.lammi.fi\/harkko\/wp-content\/uploads\/sites\/3\/2018\/06\/cropped-lammi_logo.png","width":240,"height":122,"caption":"Lammi Harkko"},"image":{"@id":"https:\/\/www.lammi.fi\/harkko\/#\/schema\/logo\/image\/"}}]}},"_links":{"self":[{"href":"https:\/\/www.lammi.fi\/harkko\/wp-json\/wp\/v2\/pages\/15","targetHints":{"allow":["GET"]}}],"collection":[{"href":"https:\/\/www.lammi.fi\/harkko\/wp-json\/wp\/v2\/pages"}],"about":[{"href":"https:\/\/www.lammi.fi\/harkko\/wp-json\/wp\/v2\/types\/page"}],"author":[{"embeddable":true,"href":"https:\/\/www.lammi.fi\/harkko\/wp-json\/wp\/v2\/users\/1"}],"replies":[{"embeddable":true,"href":"https:\/\/www.lammi.fi\/harkko\/wp-json\/wp\/v2\/comments?post=15"}],"version-history":[{"count":16,"href":"https:\/\/www.lammi.fi\/harkko\/wp-json\/wp\/v2\/pages\/15\/revisions"}],"predecessor-version":[{"id":5113,"href":"https:\/\/www.lammi.fi\/harkko\/wp-json\/wp\/v2\/pages\/15\/revisions\/5113"}],"up":[{"embeddable":true,"href":"https:\/\/www.lammi.fi\/harkko\/wp-json\/wp\/v2\/pages\/12"}],"wp:attachment":[{"href":"https:\/\/www.lammi.fi\/harkko\/wp-json\/wp\/v2\/media?parent=15"}],"curies":[{"name":"wp","href":"https:\/\/api.w.org\/{rel}","templated":true}]}}