{"id":12,"date":"2018-06-28T09:27:08","date_gmt":"2018-06-28T09:27:08","guid":{"rendered":"https:\/\/www.lammi.fi\/harkko\/?page_id=12"},"modified":"2024-10-15T08:13:51","modified_gmt":"2024-10-15T05:13:51","slug":"lampokivet","status":"publish","type":"page","link":"https:\/\/www.lammi.fi\/harkko\/tuotteet\/lampokivet\/","title":{"rendered":"L\u00e4mp\u00f6kivet"},"content":{"rendered":"<h1>Lammin l\u00e4mp\u00f6kivet<\/h1>\n<p><img decoding=\"async\" class=\"alignnone wp-image-1555 size-large\" src=\"https:\/\/www.lammi.fi\/harkko\/wp-content\/uploads\/sites\/3\/2019\/06\/harkko-argumentit_kuva_Ida_Lammi-verkkosivuston-uudistus_9027_3-1024x576.jpg\" alt=\"\" width=\"840\" height=\"473\" srcset=\"https:\/\/www.lammi.fi\/harkko\/wp-content\/uploads\/sites\/3\/2019\/06\/harkko-argumentit_kuva_Ida_Lammi-verkkosivuston-uudistus_9027_3-1024x576.jpg 1024w, https:\/\/www.lammi.fi\/harkko\/wp-content\/uploads\/sites\/3\/2019\/06\/harkko-argumentit_kuva_Ida_Lammi-verkkosivuston-uudistus_9027_3-300x169.jpg 300w, https:\/\/www.lammi.fi\/harkko\/wp-content\/uploads\/sites\/3\/2019\/06\/harkko-argumentit_kuva_Ida_Lammi-verkkosivuston-uudistus_9027_3-768x432.jpg 768w, https:\/\/www.lammi.fi\/harkko\/wp-content\/uploads\/sites\/3\/2019\/06\/harkko-argumentit_kuva_Ida_Lammi-verkkosivuston-uudistus_9027_3-1200x675.jpg 1200w, https:\/\/www.lammi.fi\/harkko\/wp-content\/uploads\/sites\/3\/2019\/06\/harkko-argumentit_kuva_Ida_Lammi-verkkosivuston-uudistus_9027_3-280x157.jpg 280w, https:\/\/www.lammi.fi\/harkko\/wp-content\/uploads\/sites\/3\/2019\/06\/harkko-argumentit_kuva_Ida_Lammi-verkkosivuston-uudistus_9027_3-560x314.jpg 560w, https:\/\/www.lammi.fi\/harkko\/wp-content\/uploads\/sites\/3\/2019\/06\/harkko-argumentit_kuva_Ida_Lammi-verkkosivuston-uudistus_9027_3-600x338.jpg 600w, https:\/\/www.lammi.fi\/harkko\/wp-content\/uploads\/sites\/3\/2019\/06\/harkko-argumentit_kuva_Ida_Lammi-verkkosivuston-uudistus_9027_3.jpg 1560w\" sizes=\"(max-width: 709px) 85vw, (max-width: 909px) 67vw, (max-width: 1362px) 62vw, 840px\" \/><\/p>\n<p>Pien-, rivi- ja kerrostalojen ulkoseiniin soveltuvat l\u00e4mp\u00f6kivet ovat paikallaan aina kun halutaan panostaa sein\u00e4n lujuuteen, tiiviyteen, massiivisuuteen ja hyv\u00e4\u00e4n l\u00e4mm\u00f6neristyskykyyn. L\u00e4mp\u00f6kivi soveltuu erinomaisesti my\u00f6s puu- ja hirsitalojen kellarikerroksiin. Samasta tuotteesta k\u00e4ytet\u00e4\u00e4n my\u00f6s nimityst\u00e4 l\u00e4mp\u00f6harkko, eristeharkko, eristekivi tai valueristeharkko.<\/p>\n<h2>L\u00e4mp\u00f6harkot<\/h2>\n<ul>\n<li><a href=\"https:\/\/www.lammi.fi\/harkko\/tuotteet\/lampokivet\/ll-500\/\">LL500<\/a> on l\u00e4mm\u00f6nerist\u00e4vyydelt\u00e4\u00e4n markkinoiden parhaita l\u00e4mp\u00f6harkkoja. Sen avulla on helppo toteuttaa passiivi- ja l\u00e4hes nollaenergiakohteet.<\/li>\n<li><a href=\"https:\/\/www.lammi.fi\/harkko\/tuotteet\/lampokivet\/ll400\/\">LL400<\/a>\u00a0on kautta aikojen Suomen suosituin l\u00e4mp\u00f6harkko. Se t\u00e4ytt\u00e4\u00e4 hyvin t\u00e4m\u00e4n p\u00e4iv\u00e4n energiavaatimukset.<\/li>\n<li><a href=\"https:\/\/www.lammi.fi\/harkko\/tuotteet\/lampokivet\/emh350\/\">EMH350<\/a>\u00a0soveltuu hyvin puolil\u00e4mpimien tilojen sein\u00e4materiaaliksi. T\u00e4llaisia tiloja ovat mm. autotallit, perustukset ja varastotilat. EMH soveltuu my\u00f6s teollisuuskohteisiin (maneesit, myym\u00e4l\u00e4t, hallit jne).<\/li>\n<li><a href=\"https:\/\/www.lammi.fi\/harkko\/tuotteet\/lampokivet\/kk400\/\">KK400<\/a> Lammi Kuorikivi on suunniteltu vastaamaan ammattilaisten tarpeisiin ja toiveisiin.\u00a0Kuoressa on loistava iskunkest\u00e4vyys ja se on valmis rapattavaksi heti valun j\u00e4lkeen.\u00a0\u00a0Lammi Kuorikivi soveltuukin erinomaisesti teknisesti haastaviin rakenteisiin, joissa on suuret lujuusvaatimukset, kuten kerrostaloihin, teollisuusrakennuksiin ja korkeisiin maanalaisiin rakenteisiin.<\/li>\n<\/ul>\n<h2><img decoding=\"async\" class=\"alignnone size-large wp-image-587\" src=\"https:\/\/www.lammi.fi\/harkko\/wp-content\/uploads\/sites\/3\/2018\/09\/harkko_tuoteperhe_lampokivet_emh350-1024x576.jpg\" alt=\"\" width=\"840\" height=\"473\" srcset=\"https:\/\/www.lammi.fi\/harkko\/wp-content\/uploads\/sites\/3\/2018\/09\/harkko_tuoteperhe_lampokivet_emh350-1024x576.jpg 1024w, https:\/\/www.lammi.fi\/harkko\/wp-content\/uploads\/sites\/3\/2018\/09\/harkko_tuoteperhe_lampokivet_emh350-300x169.jpg 300w, https:\/\/www.lammi.fi\/harkko\/wp-content\/uploads\/sites\/3\/2018\/09\/harkko_tuoteperhe_lampokivet_emh350-768x432.jpg 768w, https:\/\/www.lammi.fi\/harkko\/wp-content\/uploads\/sites\/3\/2018\/09\/harkko_tuoteperhe_lampokivet_emh350-1200x675.jpg 1200w, https:\/\/www.lammi.fi\/harkko\/wp-content\/uploads\/sites\/3\/2018\/09\/harkko_tuoteperhe_lampokivet_emh350-280x157.jpg 280w, https:\/\/www.lammi.fi\/harkko\/wp-content\/uploads\/sites\/3\/2018\/09\/harkko_tuoteperhe_lampokivet_emh350-560x314.jpg 560w, https:\/\/www.lammi.fi\/harkko\/wp-content\/uploads\/sites\/3\/2018\/09\/harkko_tuoteperhe_lampokivet_emh350-600x338.jpg 600w, https:\/\/www.lammi.fi\/harkko\/wp-content\/uploads\/sites\/3\/2018\/09\/harkko_tuoteperhe_lampokivet_emh350.jpg 1560w\" sizes=\"(max-width: 709px) 85vw, (max-width: 909px) 67vw, (max-width: 1362px) 62vw, 840px\" \/> \u200bGrafiitti-EPS &#8211; ekotehokas eristemateriaali<\/h2>\n<p>L\u00e4mp\u00f6harkon energiatehokkuus saavutetaan k\u00e4ytt\u00e4m\u00e4ll\u00e4 ekotehokasta grafiitti-EPS -eristett\u00e4. Sen erinomainen eristyskyky perustuu eristeen sis\u00e4lt\u00e4m\u00e4\u00e4n grafiittiin, jonka ansioista suuri osa infrapuna- eli l\u00e4mp\u00f6s\u00e4teilyst\u00e4 heijastuu takaisin eik\u00e4 p\u00e4\u00e4se sein\u00e4n l\u00e4pi.<\/p>\n<p>Grafiitti-EPS:n l\u00e4mm\u00f6nerist\u00e4vyys on 20 % parempi kuin vastaavan EPS:n ilman grafiittihiukkasia. Samaan l\u00e4mm\u00f6nerist\u00e4vyyteen p\u00e4\u00e4semiseksi voidaan eristepaksuutta siis pienent\u00e4\u00e4 perinteiseen EPS:\u00e4\u00e4n verrattuna. K\u00e4ytetyn raaka-aineen m\u00e4\u00e4r\u00e4\u00e4 voidaan v\u00e4hent\u00e4\u00e4 samassa suhteessa ja n\u00e4in pienent\u00e4\u00e4 tuotteen ymp\u00e4rist\u00f6vaikutusta.<\/p>\n<h2>Helppoa ja nopeaa rakentamista<\/h2>\n<p id=\"aui_3_4_0_1_1377\">L\u00e4mp\u00f6harkkoja ei muurata, vaan ainoastaan ladotaan. Samassa yhteydess\u00e4 rakenne raudoitetaan ja l\u00e4mp\u00f6eristeiden saumat tiivistet\u00e4\u00e4n polyuretaanivaahdolla. Ladonnan j\u00e4lkeen rakenteen ontelot valetaan t\u00e4yteen betonimassalla. N\u00e4in syntyy luja rakenne, jonka tiiviys ja massiivisuus ovat omaa luokkaansa.<\/p>\n","protected":false},"excerpt":{"rendered":"<p>Lammin l\u00e4mp\u00f6kivet Pien-, rivi- ja kerrostalojen ulkoseiniin soveltuvat l\u00e4mp\u00f6kivet ovat paikallaan aina kun halutaan panostaa sein\u00e4n lujuuteen, tiiviyteen, massiivisuuteen ja hyv\u00e4\u00e4n l\u00e4mm\u00f6neristyskykyyn. L\u00e4mp\u00f6kivi soveltuu erinomaisesti my\u00f6s puu- ja hirsitalojen kellarikerroksiin. Samasta tuotteesta k\u00e4ytet\u00e4\u00e4n my\u00f6s nimityst\u00e4 l\u00e4mp\u00f6harkko, eristeharkko, eristekivi tai valueristeharkko. L\u00e4mp\u00f6harkot LL500 on l\u00e4mm\u00f6nerist\u00e4vyydelt\u00e4\u00e4n markkinoiden parhaita l\u00e4mp\u00f6harkkoja. Sen avulla on helppo toteuttaa passiivi- ja l\u00e4hes &hellip; <a href=\"https:\/\/www.lammi.fi\/harkko\/tuotteet\/lampokivet\/\" class=\"more-link\">Lue lis\u00e4\u00e4<span class=\"screen-reader-text\"> &#8221;L\u00e4mp\u00f6kivet&#8221;<\/span><\/a><\/p>\n","protected":false},"author":1,"featured_media":0,"parent":4,"menu_order":0,"comment_status":"closed","ping_status":"closed","template":"","meta":{"_acf_changed":false,"_improvement_type_select":"improve_an_existing","_thumb_yes_seoaic":false,"_frame_yes_seoaic":false,"seoaic_generate_description":"","seoaic_improve_instructions_prompt":"","seoaic_rollback_content_improvement":"","seoaic_idea_thumbnail_generator":"","thumbnail_generated":false,"thumbnail_generate_prompt":"","seoaic_article_description":"","_glsr_average":0,"_glsr_ranking":0,"_glsr_reviews":0,"footnotes":""},"class_list":["post-12","page","type-page","status-publish","hentry"],"acf":[],"yoast_head":"<!-- This site is optimized with the Yoast SEO plugin v27.6 - https:\/\/yoast.com\/product\/yoast-seo-wordpress\/ -->\n<title>Lammi Harkko - L\u00e4mp\u00f6kivet<\/title>\n<meta name=\"description\" content=\"Ulkoseiniin soveltuvat l\u00e4mp\u00f6kivet ovat paikallaan aina, kun halutaan panostaa sein\u00e4n lujuuteen, tiiviyteen, massiivisuuteen ja hyv\u00e4\u00e4n l\u00e4mm\u00f6neristyskykyyn.\" \/>\n<link rel=\"canonical\" href=\"https:\/\/www.lammi.fi\/harkko\/tuotteet\/lampokivet\/\" \/>\n<meta property=\"og:locale\" content=\"fi_FI\" \/>\n<meta property=\"og:type\" content=\"article\" \/>\n<meta property=\"og:title\" content=\"Lammi Harkko - L\u00e4mp\u00f6kivet\" \/>\n<meta property=\"og:description\" content=\"Ulkoseiniin soveltuvat l\u00e4mp\u00f6kivet ovat paikallaan aina, kun halutaan panostaa sein\u00e4n lujuuteen, tiiviyteen, massiivisuuteen ja hyv\u00e4\u00e4n l\u00e4mm\u00f6neristyskykyyn.\" \/>\n<meta property=\"og:url\" content=\"https:\/\/www.lammi.fi\/harkko\/tuotteet\/lampokivet\/\" \/>\n<meta property=\"og:site_name\" content=\"Lammi Harkko\" \/>\n<meta property=\"article:modified_time\" content=\"2024-10-15T05:13:51+00:00\" \/>\n<meta property=\"og:image\" content=\"https:\/\/www.lammi.fi\/harkko\/wp-content\/uploads\/sites\/3\/2019\/06\/harkko-argumentit_kuva_Ida_Lammi-verkkosivuston-uudistus_9027_3-1024x576.jpg\" \/>\n<meta name=\"twitter:card\" content=\"summary_large_image\" \/>\n<meta name=\"twitter:label1\" content=\"Arvioitu lukuaika\" \/>\n\t<meta name=\"twitter:data1\" content=\"2 minuuttia\" \/>\n<script type=\"application\/ld+json\" class=\"yoast-schema-graph\">{\"@context\":\"https:\\\/\\\/schema.org\",\"@graph\":[{\"@type\":\"WebPage\",\"@id\":\"https:\\\/\\\/www.lammi.fi\\\/harkko\\\/tuotteet\\\/lampokivet\\\/\",\"url\":\"https:\\\/\\\/www.lammi.fi\\\/harkko\\\/tuotteet\\\/lampokivet\\\/\",\"name\":\"Lammi Harkko - L\u00e4mp\u00f6kivet\",\"isPartOf\":{\"@id\":\"https:\\\/\\\/www.lammi.fi\\\/harkko\\\/#website\"},\"primaryImageOfPage\":{\"@id\":\"https:\\\/\\\/www.lammi.fi\\\/harkko\\\/tuotteet\\\/lampokivet\\\/#primaryimage\"},\"image\":{\"@id\":\"https:\\\/\\\/www.lammi.fi\\\/harkko\\\/tuotteet\\\/lampokivet\\\/#primaryimage\"},\"thumbnailUrl\":\"https:\\\/\\\/www.lammi.fi\\\/harkko\\\/wp-content\\\/uploads\\\/sites\\\/3\\\/2019\\\/06\\\/harkko-argumentit_kuva_Ida_Lammi-verkkosivuston-uudistus_9027_3-1024x576.jpg\",\"datePublished\":\"2018-06-28T09:27:08+00:00\",\"dateModified\":\"2024-10-15T05:13:51+00:00\",\"description\":\"Ulkoseiniin soveltuvat l\u00e4mp\u00f6kivet ovat paikallaan aina, kun halutaan panostaa sein\u00e4n lujuuteen, tiiviyteen, massiivisuuteen ja hyv\u00e4\u00e4n l\u00e4mm\u00f6neristyskykyyn.\",\"breadcrumb\":{\"@id\":\"https:\\\/\\\/www.lammi.fi\\\/harkko\\\/tuotteet\\\/lampokivet\\\/#breadcrumb\"},\"inLanguage\":\"fi\",\"potentialAction\":[{\"@type\":\"ReadAction\",\"target\":[\"https:\\\/\\\/www.lammi.fi\\\/harkko\\\/tuotteet\\\/lampokivet\\\/\"]}]},{\"@type\":\"ImageObject\",\"inLanguage\":\"fi\",\"@id\":\"https:\\\/\\\/www.lammi.fi\\\/harkko\\\/tuotteet\\\/lampokivet\\\/#primaryimage\",\"url\":\"https:\\\/\\\/www.lammi.fi\\\/harkko\\\/wp-content\\\/uploads\\\/sites\\\/3\\\/2019\\\/06\\\/harkko-argumentit_kuva_Ida_Lammi-verkkosivuston-uudistus_9027_3.jpg\",\"contentUrl\":\"https:\\\/\\\/www.lammi.fi\\\/harkko\\\/wp-content\\\/uploads\\\/sites\\\/3\\\/2019\\\/06\\\/harkko-argumentit_kuva_Ida_Lammi-verkkosivuston-uudistus_9027_3.jpg\",\"width\":1560,\"height\":878},{\"@type\":\"BreadcrumbList\",\"@id\":\"https:\\\/\\\/www.lammi.fi\\\/harkko\\\/tuotteet\\\/lampokivet\\\/#breadcrumb\",\"itemListElement\":[{\"@type\":\"ListItem\",\"position\":1,\"name\":\"Lammi.fi\",\"item\":\"https:\\\/\\\/www.lammi.fi\"},{\"@type\":\"ListItem\",\"position\":2,\"name\":\"Lammi Harkko\",\"item\":\"https:\\\/\\\/www.lammi.fi\\\/harkko\\\/\"},{\"@type\":\"ListItem\",\"position\":3,\"name\":\"Tuotteet\",\"item\":\"https:\\\/\\\/www.lammi.fi\\\/harkko\\\/tuotteet\\\/\"},{\"@type\":\"ListItem\",\"position\":4,\"name\":\"L\u00e4mp\u00f6kivet\"}]},{\"@type\":\"WebSite\",\"@id\":\"https:\\\/\\\/www.lammi.fi\\\/harkko\\\/#website\",\"url\":\"https:\\\/\\\/www.lammi.fi\\\/harkko\\\/\",\"name\":\"Lammi Harkko\",\"description\":\"\",\"publisher\":{\"@id\":\"https:\\\/\\\/www.lammi.fi\\\/harkko\\\/#organization\"},\"potentialAction\":[{\"@type\":\"SearchAction\",\"target\":{\"@type\":\"EntryPoint\",\"urlTemplate\":\"https:\\\/\\\/www.lammi.fi\\\/harkko\\\/?s={search_term_string}\"},\"query-input\":{\"@type\":\"PropertyValueSpecification\",\"valueRequired\":true,\"valueName\":\"search_term_string\"}}],\"inLanguage\":\"fi\"},{\"@type\":\"Organization\",\"@id\":\"https:\\\/\\\/www.lammi.fi\\\/harkko\\\/#organization\",\"name\":\"Lammi Harkko\",\"url\":\"https:\\\/\\\/www.lammi.fi\\\/harkko\\\/\",\"logo\":{\"@type\":\"ImageObject\",\"inLanguage\":\"fi\",\"@id\":\"https:\\\/\\\/www.lammi.fi\\\/harkko\\\/#\\\/schema\\\/logo\\\/image\\\/\",\"url\":\"https:\\\/\\\/www.lammi.fi\\\/harkko\\\/wp-content\\\/uploads\\\/sites\\\/3\\\/2018\\\/06\\\/cropped-lammi_logo.png\",\"contentUrl\":\"https:\\\/\\\/www.lammi.fi\\\/harkko\\\/wp-content\\\/uploads\\\/sites\\\/3\\\/2018\\\/06\\\/cropped-lammi_logo.png\",\"width\":240,\"height\":122,\"caption\":\"Lammi Harkko\"},\"image\":{\"@id\":\"https:\\\/\\\/www.lammi.fi\\\/harkko\\\/#\\\/schema\\\/logo\\\/image\\\/\"}}]}<\/script>\n<!-- \/ Yoast SEO plugin. -->","yoast_head_json":{"title":"Lammi Harkko - L\u00e4mp\u00f6kivet","description":"Ulkoseiniin soveltuvat l\u00e4mp\u00f6kivet ovat paikallaan aina, kun halutaan panostaa sein\u00e4n lujuuteen, tiiviyteen, massiivisuuteen ja hyv\u00e4\u00e4n l\u00e4mm\u00f6neristyskykyyn.","canonical":"https:\/\/www.lammi.fi\/harkko\/tuotteet\/lampokivet\/","og_locale":"fi_FI","og_type":"article","og_title":"Lammi Harkko - L\u00e4mp\u00f6kivet","og_description":"Ulkoseiniin soveltuvat l\u00e4mp\u00f6kivet ovat paikallaan aina, kun halutaan panostaa sein\u00e4n lujuuteen, tiiviyteen, massiivisuuteen ja hyv\u00e4\u00e4n l\u00e4mm\u00f6neristyskykyyn.","og_url":"https:\/\/www.lammi.fi\/harkko\/tuotteet\/lampokivet\/","og_site_name":"Lammi Harkko","article_modified_time":"2024-10-15T05:13:51+00:00","og_image":[{"url":"https:\/\/www.lammi.fi\/harkko\/wp-content\/uploads\/sites\/3\/2019\/06\/harkko-argumentit_kuva_Ida_Lammi-verkkosivuston-uudistus_9027_3-1024x576.jpg","type":"","width":"","height":""}],"twitter_card":"summary_large_image","twitter_misc":{"Arvioitu lukuaika":"2 minuuttia"},"schema":{"@context":"https:\/\/schema.org","@graph":[{"@type":"WebPage","@id":"https:\/\/www.lammi.fi\/harkko\/tuotteet\/lampokivet\/","url":"https:\/\/www.lammi.fi\/harkko\/tuotteet\/lampokivet\/","name":"Lammi Harkko - L\u00e4mp\u00f6kivet","isPartOf":{"@id":"https:\/\/www.lammi.fi\/harkko\/#website"},"primaryImageOfPage":{"@id":"https:\/\/www.lammi.fi\/harkko\/tuotteet\/lampokivet\/#primaryimage"},"image":{"@id":"https:\/\/www.lammi.fi\/harkko\/tuotteet\/lampokivet\/#primaryimage"},"thumbnailUrl":"https:\/\/www.lammi.fi\/harkko\/wp-content\/uploads\/sites\/3\/2019\/06\/harkko-argumentit_kuva_Ida_Lammi-verkkosivuston-uudistus_9027_3-1024x576.jpg","datePublished":"2018-06-28T09:27:08+00:00","dateModified":"2024-10-15T05:13:51+00:00","description":"Ulkoseiniin soveltuvat l\u00e4mp\u00f6kivet ovat paikallaan aina, kun halutaan panostaa sein\u00e4n lujuuteen, tiiviyteen, massiivisuuteen ja hyv\u00e4\u00e4n l\u00e4mm\u00f6neristyskykyyn.","breadcrumb":{"@id":"https:\/\/www.lammi.fi\/harkko\/tuotteet\/lampokivet\/#breadcrumb"},"inLanguage":"fi","potentialAction":[{"@type":"ReadAction","target":["https:\/\/www.lammi.fi\/harkko\/tuotteet\/lampokivet\/"]}]},{"@type":"ImageObject","inLanguage":"fi","@id":"https:\/\/www.lammi.fi\/harkko\/tuotteet\/lampokivet\/#primaryimage","url":"https:\/\/www.lammi.fi\/harkko\/wp-content\/uploads\/sites\/3\/2019\/06\/harkko-argumentit_kuva_Ida_Lammi-verkkosivuston-uudistus_9027_3.jpg","contentUrl":"https:\/\/www.lammi.fi\/harkko\/wp-content\/uploads\/sites\/3\/2019\/06\/harkko-argumentit_kuva_Ida_Lammi-verkkosivuston-uudistus_9027_3.jpg","width":1560,"height":878},{"@type":"BreadcrumbList","@id":"https:\/\/www.lammi.fi\/harkko\/tuotteet\/lampokivet\/#breadcrumb","itemListElement":[{"@type":"ListItem","position":1,"name":"Lammi.fi","item":"https:\/\/www.lammi.fi"},{"@type":"ListItem","position":2,"name":"Lammi Harkko","item":"https:\/\/www.lammi.fi\/harkko\/"},{"@type":"ListItem","position":3,"name":"Tuotteet","item":"https:\/\/www.lammi.fi\/harkko\/tuotteet\/"},{"@type":"ListItem","position":4,"name":"L\u00e4mp\u00f6kivet"}]},{"@type":"WebSite","@id":"https:\/\/www.lammi.fi\/harkko\/#website","url":"https:\/\/www.lammi.fi\/harkko\/","name":"Lammi Harkko","description":"","publisher":{"@id":"https:\/\/www.lammi.fi\/harkko\/#organization"},"potentialAction":[{"@type":"SearchAction","target":{"@type":"EntryPoint","urlTemplate":"https:\/\/www.lammi.fi\/harkko\/?s={search_term_string}"},"query-input":{"@type":"PropertyValueSpecification","valueRequired":true,"valueName":"search_term_string"}}],"inLanguage":"fi"},{"@type":"Organization","@id":"https:\/\/www.lammi.fi\/harkko\/#organization","name":"Lammi Harkko","url":"https:\/\/www.lammi.fi\/harkko\/","logo":{"@type":"ImageObject","inLanguage":"fi","@id":"https:\/\/www.lammi.fi\/harkko\/#\/schema\/logo\/image\/","url":"https:\/\/www.lammi.fi\/harkko\/wp-content\/uploads\/sites\/3\/2018\/06\/cropped-lammi_logo.png","contentUrl":"https:\/\/www.lammi.fi\/harkko\/wp-content\/uploads\/sites\/3\/2018\/06\/cropped-lammi_logo.png","width":240,"height":122,"caption":"Lammi Harkko"},"image":{"@id":"https:\/\/www.lammi.fi\/harkko\/#\/schema\/logo\/image\/"}}]}},"_links":{"self":[{"href":"https:\/\/www.lammi.fi\/harkko\/wp-json\/wp\/v2\/pages\/12","targetHints":{"allow":["GET"]}}],"collection":[{"href":"https:\/\/www.lammi.fi\/harkko\/wp-json\/wp\/v2\/pages"}],"about":[{"href":"https:\/\/www.lammi.fi\/harkko\/wp-json\/wp\/v2\/types\/page"}],"author":[{"embeddable":true,"href":"https:\/\/www.lammi.fi\/harkko\/wp-json\/wp\/v2\/users\/1"}],"replies":[{"embeddable":true,"href":"https:\/\/www.lammi.fi\/harkko\/wp-json\/wp\/v2\/comments?post=12"}],"version-history":[{"count":16,"href":"https:\/\/www.lammi.fi\/harkko\/wp-json\/wp\/v2\/pages\/12\/revisions"}],"predecessor-version":[{"id":4540,"href":"https:\/\/www.lammi.fi\/harkko\/wp-json\/wp\/v2\/pages\/12\/revisions\/4540"}],"up":[{"embeddable":true,"href":"https:\/\/www.lammi.fi\/harkko\/wp-json\/wp\/v2\/pages\/4"}],"wp:attachment":[{"href":"https:\/\/www.lammi.fi\/harkko\/wp-json\/wp\/v2\/media?parent=12"}],"curies":[{"name":"wp","href":"https:\/\/api.w.org\/{rel}","templated":true}]}}